{"id":93,"date":"2019-06-30T15:26:11","date_gmt":"2019-06-30T13:26:11","guid":{"rendered":"http:\/\/gyneobs.com\/site\/?page_id=93"},"modified":"2019-07-07T15:46:33","modified_gmt":"2019-07-07T13:46:33","slug":"titres-et-diplomes-parcours-professionnel","status":"publish","type":"page","link":"https:\/\/gyneobs.com\/site\/dr-j-peter\/titres-et-diplomes-parcours-professionnel\/","title":{"rendered":"Docteur Jacques PETER Titres et dipl\u00f4mes-Parcours professionnel"},"content":{"rendered":"\n<p><\/p>\n\n\n\n<p><\/p>\n\n\n\n<h2 class=\"wp-block-heading\">Cursus universitaire<\/h2>\n\n\n\n<p>&nbsp;&nbsp;&nbsp; -Etudes m\u00e9dicales: Facult\u00e9 de M\u00e9decine de Limoges de 1968 \u00e0 1974<\/p>\n\n\n\n<p><strong>&nbsp;&nbsp; -Re\u00e7u aux concours des H\u00f4pitaux Universitaires CHU de Tours, Nancy et Limoges.<\/strong><\/p>\n\n\n\n<p><strong>&nbsp;&nbsp;&nbsp; -Interne des H\u00f4pitaux de Limoges de 1976 \u00e0 1980 (re\u00e7u major de promotion au concours d\u2019internat)<\/strong><\/p>\n\n\n\n<p><strong>\u00a0\u00a0\u00a0 -Chef de Clinique \u00e0 la Facult\u00e9 de M\u00e9decine de Limoges.\u00a0 De Avril 1980 jusqu&rsquo;\u00e0 Avril 1983 (Trois ann\u00e9es de Clinicat) (Service de Gyn\u00e9cologie-Obst\u00e9trique-Pr Jean Henri Baudet)<\/strong><\/p>\n\n\n\n<h2 class=\"wp-block-heading\">Dipl\u00f4mes<\/h2>\n\n\n\n<p>&nbsp;&nbsp;&nbsp; -Docteur en M\u00e9decine.&nbsp; Mars 1979.<\/p>\n\n\n\n<p>&nbsp;&nbsp;&nbsp; -Titulaire du Certificat Pr\u00e9paratoire aux Etudes de Biologie Humaine (CPEBH)-1969<\/p>\n\n\n\n<p>&nbsp;&nbsp;&nbsp;<strong>-Qualifi\u00e9 comme sp\u00e9cialiste Gyn\u00e9cologue-Obst\u00e9tricien en 1980 (= Gyn\u00e9cologie, Obst\u00e9trique et Chirurgie gyn\u00e9cologique)<\/strong><\/p>\n\n\n\n<p><strong>&nbsp;&nbsp;&nbsp; -Qualifi\u00e9 en Chirurgie g\u00e9n\u00e9rale en 1982<\/strong><\/p>\n\n\n\n<p>&nbsp;&nbsp;&nbsp; -Qualifi\u00e9 en m\u00e9decine g\u00e9n\u00e9rale&nbsp; en 1994<\/p>\n\n\n\n<p>&nbsp;&nbsp;&nbsp; -Inscrit au conseil de l\u2019ordre des m\u00e9decins fran\u00e7ais (Identifiant RPPS: 10001693448)<\/p>\n\n\n\n<p>&nbsp;&nbsp;&nbsp; -Agr\u00e9ment&nbsp; pour le d\u00e9pistage int\u00e9gr\u00e9 des anomalies chromosomiques du premier trimestre par mesure de la clart\u00e9 nucale-2013-N\u00b0PACA Corse Monaco: 1348066382801<\/p>\n\n\n\n<h2 class=\"wp-block-heading\">Formations compl\u00e9mentaires<\/h2>\n\n\n\n<p>&nbsp;&nbsp;&nbsp; -Hyst\u00e9roscopie-1994-H\u00f4pital Antoine B\u00e9cl\u00e8re-Clamart-France<\/p>\n\n\n\n<p>&nbsp;&nbsp;&nbsp; -Echographie interventionnelle-1995-Clermond-Ferrand<\/p>\n\n\n\n<p>&nbsp;&nbsp;&nbsp; -F\u00e9condation in Vitro: 1998 \u00e0 2004-CHU de Poitiers<\/p>\n\n\n\n<p>&nbsp;&nbsp;&nbsp; -Chirurgie oncoplastique mammaire: 1997 et 2000-Institut Gustave Roussy-Villejuif-France<\/p>\n\n\n\n<p>&nbsp;&nbsp;&nbsp; -Echographie cardiaque-2001- CHU N\u00eemes<\/p>\n\n\n\n<p>&nbsp;&nbsp;&nbsp; -Echographie Gyn\u00e9cologique et Obst\u00e9tricale-2008-CHU Strasbourg<\/p>\n\n\n\n<p>&nbsp;&nbsp;&nbsp; -Ins\u00e9minations artificielles-2008-Paris<\/p>\n\n\n\n<p>&nbsp;&nbsp;&nbsp; -Certificat europ\u00e9en d\u2019oncoplastic masterclass-Paris-2011<\/p>\n\n\n\n<h2 class=\"wp-block-heading\">Activit\u00e9s Hospitali\u00e8res et nominations <\/h2>\n\n\n\n<p>&nbsp;&nbsp;&nbsp; -Inscription sur la liste d&rsquo;aptitude aux fonctions de chef de service<br>Inscrit le 27 d\u00e9cembre 1982 sur la liste r\u00e9gionale d&rsquo;aptitude aux fonction de chef de service plein temps des \u00e9tablissements d&rsquo;hospitalisation publique autres que les h\u00f4pitaux locaux.<br>&nbsp;&nbsp;&nbsp;&nbsp; -Re\u00e7u au Concours national de Praticien Hospitalier: dans la discipline \u00ab\u00a0chirurgie\u00a0\u00bb (sp\u00e9cialit\u00e9 18: gyn\u00e9cologie et obst\u00e9trique).&nbsp; Re\u00e7u \u00e9galement \u00e0 ce m\u00eame concours en 1992, 2008 et en 2012.<\/p>\n\n\n\n<p>&nbsp;&nbsp;&nbsp; -Chef du service de Gyn\u00e9cologie-Obst\u00e9trique de janvier 1993 \u00e0 janvier 1997 \u00e0 la Polyclinique de Grande Synthe (59) (\u00e9tablissement priv\u00e9 participant au secteur public hospitalier)<\/p>\n\n\n\n<p>&nbsp;&nbsp;&nbsp; -Chef de service adjoint au Centre Hospitalier de Papeete (Polyn\u00e9sie fran\u00e7aise): 2003 et&nbsp; 2004<\/p>\n\n\n\n<p><strong>&nbsp;&nbsp;&nbsp; -Membre correspondant de l\u2019H\u00f4pital Am\u00e9ricain de Paris (Neuilly) depuis 2011<\/strong><\/p>\n\n\n\n<h2 class=\"wp-block-heading\">Activit\u00e9s lib\u00e9rales<\/h2>\n\n\n\n<p><strong>&nbsp;&nbsp;<\/strong>&nbsp; -Gyn\u00e9cologue-Obst\u00e9tricien lib\u00e9ral, Clinique Sainte-Anne \u00e0 Ch\u00e2tellerault (Vienne) du 15\/10\/1982 au 31\/07\/1992<\/p>\n\n\n\n<p>&nbsp;&nbsp;&nbsp; -Gyn\u00e9cologue-Obst\u00e9tricien lib\u00e9ral, Clinique de Champagne (Aube) du 15\/01\/1997 au 21 ao\u00fbt 2002<\/p>\n\n\n\n<p>&nbsp;&nbsp;&nbsp;&nbsp;<strong>-Chef du service de Gyn\u00e9cologie et de Procr\u00e9ation M\u00e9dicalement Assist\u00e9e du European Medical Center de Moscou de&nbsp; 2004 \u00e0 2013<\/strong><\/p>\n\n\n\n<p>&nbsp;&nbsp;&nbsp; -Gyn\u00e9cologue-Obst\u00e9tricien lib\u00e9ral, Clinique d\u2019Occitanie-Muret (Toulouse)-2013 \u00e0 2015<br><\/p>\n","protected":false},"excerpt":{"rendered":"<p>Cursus universitaire &nbsp;&nbsp;&nbsp; -Etudes m\u00e9dicales: Facult\u00e9 de M\u00e9decine de Limoges de 1968 \u00e0 1974 &nbsp;&nbsp; -Re\u00e7u aux concours des H\u00f4pitaux Universitaires CHU de Tours, Nancy et Limoges. &nbsp;&nbsp;&nbsp; -Interne des H\u00f4pitaux de Limoges de 1976 \u00e0 1980 (re\u00e7u major de promotion au concours d\u2019internat) \u00a0\u00a0\u00a0 -Chef de Clinique \u00e0 la Facult\u00e9 de M\u00e9decine de Limoges.\u00a0 [&hellip;]<\/p>\n","protected":false},"author":1,"featured_media":0,"parent":80,"menu_order":0,"comment_status":"closed","ping_status":"closed","template":"","meta":{"_exactmetrics_skip_tracking":false,"_exactmetrics_sitenote_active":false,"_exactmetrics_sitenote_note":"","_exactmetrics_sitenote_category":0,"footnotes":""},"class_list":["post-93","page","type-page","status-publish","hentry","post"],"_links":{"self":[{"href":"https:\/\/gyneobs.com\/site\/wp-json\/wp\/v2\/pages\/93","targetHints":{"allow":["GET"]}}],"collection":[{"href":"https:\/\/gyneobs.com\/site\/wp-json\/wp\/v2\/pages"}],"about":[{"href":"https:\/\/gyneobs.com\/site\/wp-json\/wp\/v2\/types\/page"}],"author":[{"embeddable":true,"href":"https:\/\/gyneobs.com\/site\/wp-json\/wp\/v2\/users\/1"}],"replies":[{"embeddable":true,"href":"https:\/\/gyneobs.com\/site\/wp-json\/wp\/v2\/comments?post=93"}],"version-history":[{"count":5,"href":"https:\/\/gyneobs.com\/site\/wp-json\/wp\/v2\/pages\/93\/revisions"}],"predecessor-version":[{"id":2178,"href":"https:\/\/gyneobs.com\/site\/wp-json\/wp\/v2\/pages\/93\/revisions\/2178"}],"up":[{"embeddable":true,"href":"https:\/\/gyneobs.com\/site\/wp-json\/wp\/v2\/pages\/80"}],"wp:attachment":[{"href":"https:\/\/gyneobs.com\/site\/wp-json\/wp\/v2\/media?parent=93"}],"curies":[{"name":"wp","href":"https:\/\/api.w.org\/{rel}","templated":true}]}}