{"id":774,"date":"2019-07-02T18:13:53","date_gmt":"2019-07-02T16:13:53","guid":{"rendered":"http:\/\/gyneobs.com\/site\/?page_id=774"},"modified":"2019-07-04T11:14:13","modified_gmt":"2019-07-04T09:14:13","slug":"les-cancers-gynecologiques-hors-cancers-du-sein","status":"publish","type":"page","link":"https:\/\/gyneobs.com\/site\/oncologie\/les-cancers-gynecologiques-hors-cancers-du-sein\/","title":{"rendered":"LES CANCERS GYN\u00c9COLOGIQUES (hors cancers du sein)"},"content":{"rendered":"\n<p><\/p>\n\n\n\n<div class=\"wp-block-image\"><figure class=\"alignleft\"><img loading=\"lazy\" decoding=\"async\" width=\"300\" height=\"220\" src=\"http:\/\/gyneobs.com\/site\/wp-content\/uploads\/2019\/07\/image-86.png\" alt=\"\" class=\"wp-image-775\"\/><\/figure><\/div>\n\n\n<p><div id=\"ccchildpages-1\" class=\"ccchildpages  simple ccclearfix\"><ul class=\"ccchildpages_list ccclearfix\"><li class=\"page_item page-item-779\"><a href=\"https:\/\/gyneobs.com\/site\/oncologie\/les-cancers-gynecologiques-hors-cancers-du-sein\/cancers-de-lendometre\/\">Cancers de l&rsquo;endom\u00e8tre<\/a><\/li>\n<li class=\"page_item page-item-792\"><a href=\"https:\/\/gyneobs.com\/site\/oncologie\/les-cancers-gynecologiques-hors-cancers-du-sein\/cancer-du-col-de-luterus\/\">Cancer du col de l&rsquo;ut\u00e9rus<\/a><\/li>\n<li class=\"page_item page-item-805\"><a href=\"https:\/\/gyneobs.com\/site\/oncologie\/les-cancers-gynecologiques-hors-cancers-du-sein\/cancers-de-lovaire\/\">Cancers de l&rsquo;ovaire<\/a><\/li>\n<li class=\"page_item page-item-807\"><a href=\"https:\/\/gyneobs.com\/site\/oncologie\/les-cancers-gynecologiques-hors-cancers-du-sein\/tumeurs-ovariennes-presumees-benignes-topb\/\">Tumeurs ovariennes pr\u00e9sum\u00e9es b\u00e9nignes (TOPB)<\/a><\/li>\n<li class=\"page_item page-item-818\"><a href=\"https:\/\/gyneobs.com\/site\/oncologie\/les-cancers-gynecologiques-hors-cancers-du-sein\/cancer-de-la-vulve\/\">Cancer de la vulve<\/a><\/li>\n<li class=\"page_item page-item-830\"><a href=\"https:\/\/gyneobs.com\/site\/oncologie\/les-cancers-gynecologiques-hors-cancers-du-sein\/bonne-pratiques-communes-a-tous-les-cancers-recommendations-de-la-has\/\">Bonne pratiques communes \u00e0 tous les cancers (recommendations de la HAS)<\/a><\/li><\/ul><\/div><br \/>\n<div id=\"ccchildpages-2\" class=\"ccchildpages threecol simple ccclearfix\"><div class=\"ccchildpage  ccfirst ccodd ccpage-count-1 ccpage-id-779 ccpage-cancers-de-lendometre ccpage-has-parent ccpage-pid-774 ccpage-parent-les-cancers-gynecologiques-hors-cancers-du-sein\"><h3>Cancers de l&rsquo;endom\u00e8tre<\/h3><div class=\"ccpages_excerpt\">L\u2019endom\u00e8tre est la muqueuse qui tapisse l\u2019int\u00e9rieur de la cavit\u00e9 ut\u00e9rine.Le cancer de l\u2019endom\u00e8tre est aussi appel\u00e9 cancer du corps de l\u2019ut\u00e9rus et il ne doit pas \u00eatre confondu avec le cancer du col ut\u00e9rin car les causes et les caract\u00e9ristiques \u00e9pid\u00e9miologiques de ces deux cancers sont diff\u00e9rentes. Le cancer du col est un cancer...<\/div><p class=\"ccpages_more\"><a href=\"https:\/\/gyneobs.com\/site\/oncologie\/les-cancers-gynecologiques-hors-cancers-du-sein\/cancers-de-lendometre\/\"  title=\"Plus ...\">Plus ...<\/a><\/p><\/div><div class=\"ccchildpage  cceven ccpage-count-2 ccpage-id-792 ccpage-cancer-du-col-de-luterus ccpage-has-parent ccpage-pid-774 ccpage-parent-les-cancers-gynecologiques-hors-cancers-du-sein\"><h3>Cancer du col de l&rsquo;ut\u00e9rus<\/h3><div class=\"ccpages_excerpt\">Le cancer du col de l'ut\u00e9rus est le deuxi\u00e8me cancer le plus fr\u00e9quent de la femme au niveau mondial. Cette fr\u00e9quence est en diminution dans les pays d\u00e9velopp\u00e9s en particulier grace aux m\u00e9thodes de d\u00e9pistage comme le frottis cervical. En France environ 3500 nouveaux cas sont diagnostiqu\u00e9s tous les ans. LE COL NORMAL &nbsp; &nbsp;...<\/div><p class=\"ccpages_more\"><a href=\"https:\/\/gyneobs.com\/site\/oncologie\/les-cancers-gynecologiques-hors-cancers-du-sein\/cancer-du-col-de-luterus\/\"  title=\"Plus ...\">Plus ...<\/a><\/p><\/div><div class=\"ccchildpage  cclast ccodd ccpage-count-3 ccpage-id-805 ccpage-cancers-de-lovaire ccpage-has-parent ccpage-pid-774 ccpage-parent-les-cancers-gynecologiques-hors-cancers-du-sein\"><h3>Cancers de l&rsquo;ovaire<\/h3><div class=\"ccpages_excerpt\">Le cancer de l\u2019ovaire&nbsp; est la 7e cause de cancer chez la femme en incidence avec 4 430 nouveaux cas estim\u00e9s en 2008. L\u2019\u00e2ge m\u00e9dian lors du diagnostic est de 65 ans. Le cancer de l\u2019ovaire est la quatri\u00e8me cause de d\u00e9c\u00e8s par cancer chez la femme avec plus de 3 000 d\u00e9c\u00e8s estim\u00e9s en...<\/div><p class=\"ccpages_more\"><a href=\"https:\/\/gyneobs.com\/site\/oncologie\/les-cancers-gynecologiques-hors-cancers-du-sein\/cancers-de-lovaire\/\"  title=\"Plus ...\">Plus ...<\/a><\/p><\/div><div class=\"ccchildpage  ccfirst cceven ccpage-count-4 ccpage-id-807 ccpage-tumeurs-ovariennes-presumees-benignes-topb ccpage-has-parent ccpage-pid-774 ccpage-parent-les-cancers-gynecologiques-hors-cancers-du-sein\"><h3>Tumeurs ovariennes pr\u00e9sum\u00e9es b\u00e9nignes (TOPB)<\/h3><div class=\"ccpages_excerpt\">(d\u2019apr\u00e8s les recommendations du Coll\u00e8ge national des Gyn\u00e9cologues Obst\u00e9triciens Fran\u00e7ais de 2013) L\u2019\u00e9chographie pelvienne par voie vaginale est l\u2019examen d\u2019imagerie de premi\u00e8re intention devant une TOPB chez la femme adulte. En cas de masse uniloculaire liquidienne pure de taille inf\u00e9rieure \u00e0 7 cm, l\u2019\u00e9chographie est suffisante pour caract\u00e9riser la masse. L\u2019IRM est recommand\u00e9e en seconde...<\/div><p class=\"ccpages_more\"><a href=\"https:\/\/gyneobs.com\/site\/oncologie\/les-cancers-gynecologiques-hors-cancers-du-sein\/tumeurs-ovariennes-presumees-benignes-topb\/\"  title=\"Plus ...\">Plus ...<\/a><\/p><\/div><div class=\"ccchildpage  ccodd ccpage-count-5 ccpage-id-818 ccpage-cancer-de-la-vulve ccpage-has-parent ccpage-pid-774 ccpage-parent-les-cancers-gynecologiques-hors-cancers-du-sein\"><h3>Cancer de la vulve<\/h3><div class=\"ccpages_excerpt\">Le cancer de la vulve est le quatri\u00e8me cancer gyn\u00e9cologique en fr\u00e9quence repr\u00e9sentant 5 \u00e0 10% des cancers gyn\u00e9cologiques. C\u2019est un cancer de la femme \u00e2g\u00e9e avec un pic de fr\u00e9quence vers 65-70 ans, mais il est de plus en plus observ\u00e9 chez des femmes plus jeunes en relation avec l'augmentation de l'incidence des pathologies...<\/div><p class=\"ccpages_more\"><a href=\"https:\/\/gyneobs.com\/site\/oncologie\/les-cancers-gynecologiques-hors-cancers-du-sein\/cancer-de-la-vulve\/\"  title=\"Plus ...\">Plus ...<\/a><\/p><\/div><div class=\"ccchildpage  cclast cceven ccpage-count-6 ccpage-id-830 ccpage-bonne-pratiques-communes-a-tous-les-cancers-recommendations-de-la-has ccpage-has-parent ccpage-pid-774 ccpage-parent-les-cancers-gynecologiques-hors-cancers-du-sein\"><h3>Bonne pratiques communes \u00e0 tous les cancers (recommendations de la HAS)<\/h3><div class=\"ccpages_excerpt\">Dispositif d\u2019annonce et pluridisciplinarit\u00e9\u00a0 L\u2019annonce d\u2019un cancer doit s\u2019inscrire dans le cadre du dispositif d\u2019annonce d\u00e9fini dans la circulaire n\u00b0 DHOS\/SDO\/2005\/101 du 22 f\u00e9vrier 2005 relative \u00e0 l\u2019organisation des soins en canc\u00e9rologie et explicit\u00e9 dans les recommandations nationales pour la mise en \u0153uvre du dispositif d\u2019annonce du cancer dans les \u00e9tablissements de sant\u00e9 (INCa et...<\/div><p class=\"ccpages_more\"><a href=\"https:\/\/gyneobs.com\/site\/oncologie\/les-cancers-gynecologiques-hors-cancers-du-sein\/bonne-pratiques-communes-a-tous-les-cancers-recommendations-de-la-has\/\"  title=\"Plus ...\">Plus ...<\/a><\/p><\/div><\/div><\/p>\n","protected":false},"excerpt":{"rendered":"","protected":false},"author":1,"featured_media":0,"parent":1322,"menu_order":1,"comment_status":"closed","ping_status":"closed","template":"","meta":{"_exactmetrics_skip_tracking":false,"_exactmetrics_sitenote_active":false,"_exactmetrics_sitenote_note":"","_exactmetrics_sitenote_category":0,"footnotes":""},"class_list":["post-774","page","type-page","status-publish","hentry","post"],"_links":{"self":[{"href":"https:\/\/gyneobs.com\/site\/wp-json\/wp\/v2\/pages\/774","targetHints":{"allow":["GET"]}}],"collection":[{"href":"https:\/\/gyneobs.com\/site\/wp-json\/wp\/v2\/pages"}],"about":[{"href":"https:\/\/gyneobs.com\/site\/wp-json\/wp\/v2\/types\/page"}],"author":[{"embeddable":true,"href":"https:\/\/gyneobs.com\/site\/wp-json\/wp\/v2\/users\/1"}],"replies":[{"embeddable":true,"href":"https:\/\/gyneobs.com\/site\/wp-json\/wp\/v2\/comments?post=774"}],"version-history":[{"count":5,"href":"https:\/\/gyneobs.com\/site\/wp-json\/wp\/v2\/pages\/774\/revisions"}],"predecessor-version":[{"id":1331,"href":"https:\/\/gyneobs.com\/site\/wp-json\/wp\/v2\/pages\/774\/revisions\/1331"}],"up":[{"embeddable":true,"href":"https:\/\/gyneobs.com\/site\/wp-json\/wp\/v2\/pages\/1322"}],"wp:attachment":[{"href":"https:\/\/gyneobs.com\/site\/wp-json\/wp\/v2\/media?parent=774"}],"curies":[{"name":"wp","href":"https:\/\/api.w.org\/{rel}","templated":true}]}}