{"id":730,"date":"2019-07-02T17:37:55","date_gmt":"2019-07-02T15:37:55","guid":{"rendered":"http:\/\/gyneobs.com\/site\/?page_id=730"},"modified":"2019-07-03T22:18:38","modified_gmt":"2019-07-03T20:18:38","slug":"les-poses-mammaires","status":"publish","type":"page","link":"https:\/\/gyneobs.com\/site\/chirurgie-esthetique\/les-poses-mammaires\/","title":{"rendered":"Les ptoses mammaires"},"content":{"rendered":"\n<p class=\"has-drop-cap\">La ptose mammaire est d\u00e9finie comme la chute et le d\u00e9roulement des seins. Ce glissement des seins est d\u00fb \u00e0 un affaissement de la glande et une distension exag\u00e9r\u00e9e de la peau qui les enveloppe.<\/p>\n\n\n\n<p>La ptose mammaire peut \u00eatre d\u2019origine naturelle ou appara\u00eetre suite \u00e0 une perte importante de poids. Il est possible \u00e9galement que la ptose survienne \u00e0 la suite d\u2019une grossesse avec allaitement, lorsque le volume des seins diminue de mani\u00e8re importante.<\/p>\n\n\n\n<p>La ptose mammaire se traduit alors donc par une poitrine tr\u00e8s basse avec surtout une orientation du mamelon vers le bas. Il arrive qu\u2019elle soit accompagn\u00e9e d\u2019une hypertrophie ou une hypoplasie mammaire.<\/p>\n\n\n\n<p>Pour corriger une ptose mammaire, muscler le thorax n\u2019a pas d\u2019effets r\u00e9els. Le seul recours possible reste la chirurgie. Le but de l\u2019intervention chirurgicale est de corriger cet effet de ptose en remodelant le sein. <strong>Cette intervention est formellement contre-indiqu\u00e9e chez les femmes fumeuses <\/strong>(risques de n\u00e9croses cutan\u00e9es).<\/p>\n\n\n\n<h2 class=\"wp-block-heading\"><strong>Principes de l\u2019intervention pour ptose mammaire<\/strong><\/h2>\n\n\n\n<p>Il faut d\u00e9placer l\u2019ar\u00e9ole et la replacer plus haut. Il faut remodeler la glande et r\u00e9s\u00e9quer l\u2019exc\u00e8s de peau. Comme pour les r\u00e9ductions mammaires, il faut pr\u00e9server la vascularisation de l\u2019ar\u00e9ole et l\u2019on utilise essentiellement des techniques soit \u00e0 p\u00e9dicule sup\u00e9rieur, soit \u00e0 p\u00e9dicule inf\u00e9rieur. La cicatrice cutan\u00e9e est g\u00e9n\u00e9ralement p\u00e9ri-ar\u00e9olaire et verticale (verticale seule ou en ancre de marine selon le volume de peau \u00e0 retirer). Comme on le verra sur les photos plus bas, la ptose est souvent associ\u00e9e \u00e0 un certain degr\u00e9 d\u2019hypertrophie qui n\u00e9cessite en plus une r\u00e9duction du volume glandulo-graisseux.&nbsp; Enfin, si la ptose est minime, seule une incision autour de l\u2019ar\u00e9ole est envisageable.<\/p>\n\n\n\n<p>Lorsque la ptose est associ\u00e9e \u00e0 une hypoplasie mammaire (des seins tr\u00e8s aplatis), l\u2019intervention peut \u00eatre associ\u00e9e \u00e0 la mise en place d\u2019une proth\u00e8se. La pose d\u2019une proth\u00e8se seule n\u2019est en aucun cas le traitement de la ptose.<\/p>\n\n\n\n<h2 class=\"wp-block-heading\"><strong>Exemples de cures de ptoses<\/strong>:<\/h2>\n\n\n\n<figure class=\"wp-block-image\"><img loading=\"lazy\" decoding=\"async\" width=\"453\" height=\"534\" src=\"http:\/\/gyneobs.com\/site\/wp-content\/uploads\/2019\/07\/Capture-d\u2019\u00e9cran-2019-07-02-\u00e0-17.34.44.png\" alt=\"\" class=\"wp-image-731\" srcset=\"https:\/\/gyneobs.com\/site\/wp-content\/uploads\/2019\/07\/Capture-d\u2019\u00e9cran-2019-07-02-\u00e0-17.34.44.png 453w, https:\/\/gyneobs.com\/site\/wp-content\/uploads\/2019\/07\/Capture-d\u2019\u00e9cran-2019-07-02-\u00e0-17.34.44-254x300.png 254w\" sizes=\"auto, (max-width: 453px) 100vw, 453px\" \/><\/figure>\n\n\n\n<figure class=\"wp-block-image\"><img loading=\"lazy\" decoding=\"async\" width=\"452\" height=\"699\" src=\"http:\/\/gyneobs.com\/site\/wp-content\/uploads\/2019\/07\/Capture-d\u2019\u00e9cran-2019-07-02-\u00e0-17.35.14.png\" alt=\"\" class=\"wp-image-732\" srcset=\"https:\/\/gyneobs.com\/site\/wp-content\/uploads\/2019\/07\/Capture-d\u2019\u00e9cran-2019-07-02-\u00e0-17.35.14.png 452w, https:\/\/gyneobs.com\/site\/wp-content\/uploads\/2019\/07\/Capture-d\u2019\u00e9cran-2019-07-02-\u00e0-17.35.14-194x300.png 194w\" sizes=\"auto, (max-width: 452px) 100vw, 452px\" \/><\/figure>\n\n\n\n<figure class=\"wp-block-image\"><img loading=\"lazy\" decoding=\"async\" width=\"455\" height=\"678\" src=\"http:\/\/gyneobs.com\/site\/wp-content\/uploads\/2019\/07\/Capture-d\u2019\u00e9cran-2019-07-02-\u00e0-17.35.27.png\" alt=\"\" class=\"wp-image-733\" srcset=\"https:\/\/gyneobs.com\/site\/wp-content\/uploads\/2019\/07\/Capture-d\u2019\u00e9cran-2019-07-02-\u00e0-17.35.27.png 455w, https:\/\/gyneobs.com\/site\/wp-content\/uploads\/2019\/07\/Capture-d\u2019\u00e9cran-2019-07-02-\u00e0-17.35.27-201x300.png 201w\" sizes=\"auto, (max-width: 455px) 100vw, 455px\" \/><\/figure>\n\n\n\n<figure class=\"wp-block-image\"><img loading=\"lazy\" decoding=\"async\" width=\"452\" height=\"166\" src=\"http:\/\/gyneobs.com\/site\/wp-content\/uploads\/2019\/07\/Capture-d\u2019\u00e9cran-2019-07-02-\u00e0-17.35.37.png\" alt=\"\" class=\"wp-image-734\" srcset=\"https:\/\/gyneobs.com\/site\/wp-content\/uploads\/2019\/07\/Capture-d\u2019\u00e9cran-2019-07-02-\u00e0-17.35.37.png 452w, https:\/\/gyneobs.com\/site\/wp-content\/uploads\/2019\/07\/Capture-d\u2019\u00e9cran-2019-07-02-\u00e0-17.35.37-300x110.png 300w\" sizes=\"auto, (max-width: 452px) 100vw, 452px\" \/><\/figure>\n\n\n\n<p><\/p>\n","protected":false},"excerpt":{"rendered":"<p>La ptose mammaire est d\u00e9finie comme la chute et le d\u00e9roulement des seins. Ce glissement des seins est d\u00fb \u00e0 un affaissement de la glande et une distension exag\u00e9r\u00e9e de la peau qui les enveloppe. La ptose mammaire peut \u00eatre d\u2019origine naturelle ou appara\u00eetre suite \u00e0 une perte importante de poids. Il est possible \u00e9galement [&hellip;]<\/p>\n","protected":false},"author":1,"featured_media":0,"parent":696,"menu_order":3,"comment_status":"closed","ping_status":"closed","template":"","meta":{"_exactmetrics_skip_tracking":false,"_exactmetrics_sitenote_active":false,"_exactmetrics_sitenote_note":"","_exactmetrics_sitenote_category":0,"footnotes":""},"class_list":["post-730","page","type-page","status-publish","hentry","post"],"_links":{"self":[{"href":"https:\/\/gyneobs.com\/site\/wp-json\/wp\/v2\/pages\/730","targetHints":{"allow":["GET"]}}],"collection":[{"href":"https:\/\/gyneobs.com\/site\/wp-json\/wp\/v2\/pages"}],"about":[{"href":"https:\/\/gyneobs.com\/site\/wp-json\/wp\/v2\/types\/page"}],"author":[{"embeddable":true,"href":"https:\/\/gyneobs.com\/site\/wp-json\/wp\/v2\/users\/1"}],"replies":[{"embeddable":true,"href":"https:\/\/gyneobs.com\/site\/wp-json\/wp\/v2\/comments?post=730"}],"version-history":[{"count":2,"href":"https:\/\/gyneobs.com\/site\/wp-json\/wp\/v2\/pages\/730\/revisions"}],"predecessor-version":[{"id":1062,"href":"https:\/\/gyneobs.com\/site\/wp-json\/wp\/v2\/pages\/730\/revisions\/1062"}],"up":[{"embeddable":true,"href":"https:\/\/gyneobs.com\/site\/wp-json\/wp\/v2\/pages\/696"}],"wp:attachment":[{"href":"https:\/\/gyneobs.com\/site\/wp-json\/wp\/v2\/media?parent=730"}],"curies":[{"name":"wp","href":"https:\/\/api.w.org\/{rel}","templated":true}]}}