{"id":688,"date":"2019-07-02T16:48:21","date_gmt":"2019-07-02T14:48:21","guid":{"rendered":"http:\/\/gyneobs.com\/site\/?page_id=688"},"modified":"2019-07-02T16:48:21","modified_gmt":"2019-07-02T14:48:21","slug":"les-seins-douloureux-mastodynies","status":"publish","type":"page","link":"https:\/\/gyneobs.com\/site\/oncologie\/cancer-du-sein-et-mammologie\/pathologies-benignes\/les-seins-douloureux-mastodynies\/","title":{"rendered":"Les seins douloureux (Mastodynies)"},"content":{"rendered":"\n<p class=\"has-drop-cap\">Les seins douloureux ou mastodynies sont un motif de consultation fr\u00e9quents. Il s\u2019agit de douleurs mammaires bilat\u00e9rales, pr\u00e9dominant dans les quadrants externes, d\u2019une dur\u00e9e de plus de 4 jours en p\u00e9riode pr\u00e9menstruelle, rythm\u00e9es par le cycle menstruel, et se r\u00e9p\u00e9tant de cycle en cycle sur plusieurs mois.&nbsp;<\/p>\n\n\n\n<p>L\u2019examen clinique ne montre aucune anomalie.<\/p>\n\n\n\n<h2 class=\"wp-block-heading\"><strong>Examens compl\u00e9mentaires<\/strong><\/h2>\n\n\n\n<p>La mammographie n\u2019est pas indiqu\u00e9e, sauf si l\u2019on se trouve dans la tranche d\u2019\u00e2ge correspondant au d\u00e9pistage syst\u00e9matique. Tout au plus une \u00e9chographie, examen anodin et indolore, peut \u00eatre pratiqu\u00e9e avec surtout pour but de rassurer la patiente. Il n\u2019y a pas d\u2019indication d\u2019IRM ni de biopsie en l\u2019absence d\u2019anomalie \u00e9chographique ou radiologique visible. Chez les patientes ayant des douleurs isol\u00e9es du sein sans anomalie \u00e0 l\u2019examen physique mammaire, l\u2019imagerie du sein est rassurante dans 95 % des cas.<\/p>\n\n\n\n<h2 class=\"wp-block-heading\"><strong>Conduite \u00e0 tenir<\/strong><\/h2>\n\n\n\n<p>Il est important de rassurer la patiente, ce qui suffit souvent; et il faut savoir que des mastodynies ne constituent pas un facteur de risque de cancer du sein.<\/p>\n\n\n\n<p>Le port d\u2019un soutien-gorge de sport peut \u00eatre recommand\u00e9.<\/p>\n\n\n\n<p>Concernant les m\u00e9dicaments, la prescription de progest\u00e9rone locale n\u2019a aucune efficacit\u00e9 et les progestatifs de synth\u00e8se ont un niveau de preuve d\u2019efficacit\u00e9 assez faible. En cas de douleurs importantes associ\u00e9es \u00e0 des ph\u00e9nom\u00e8nes de gonflements mammaires, l\u2019association d\u2019un progestatif avec l\u2019Aldactone\u00ae (qui est soit dit en passant un progestatif \u00e0 fort effet diur\u00e9tique anti-aldost\u00e9rone) peut \u00eatre efficace. Mais en premi\u00e8re intention, le plus efficace serait de prescrire\u00a0 des Anti-Inflammatoires non St\u00e9ro\u00efdiens en gel.\u00a0<br><\/p>\n","protected":false},"excerpt":{"rendered":"<p>Les seins douloureux ou mastodynies sont un motif de consultation fr\u00e9quents. Il s\u2019agit de douleurs mammaires bilat\u00e9rales, pr\u00e9dominant dans les quadrants externes, d\u2019une dur\u00e9e de plus de 4 jours en p\u00e9riode pr\u00e9menstruelle, rythm\u00e9es par le cycle menstruel, et se r\u00e9p\u00e9tant de cycle en cycle sur plusieurs mois.&nbsp; L\u2019examen clinique ne montre aucune anomalie. Examens compl\u00e9mentaires [&hellip;]<\/p>\n","protected":false},"author":1,"featured_media":0,"parent":1340,"menu_order":0,"comment_status":"closed","ping_status":"closed","template":"","meta":{"_exactmetrics_skip_tracking":false,"_exactmetrics_sitenote_active":false,"_exactmetrics_sitenote_note":"","_exactmetrics_sitenote_category":0,"footnotes":""},"class_list":["post-688","page","type-page","status-publish","hentry","post"],"_links":{"self":[{"href":"https:\/\/gyneobs.com\/site\/wp-json\/wp\/v2\/pages\/688","targetHints":{"allow":["GET"]}}],"collection":[{"href":"https:\/\/gyneobs.com\/site\/wp-json\/wp\/v2\/pages"}],"about":[{"href":"https:\/\/gyneobs.com\/site\/wp-json\/wp\/v2\/types\/page"}],"author":[{"embeddable":true,"href":"https:\/\/gyneobs.com\/site\/wp-json\/wp\/v2\/users\/1"}],"replies":[{"embeddable":true,"href":"https:\/\/gyneobs.com\/site\/wp-json\/wp\/v2\/comments?post=688"}],"version-history":[{"count":1,"href":"https:\/\/gyneobs.com\/site\/wp-json\/wp\/v2\/pages\/688\/revisions"}],"predecessor-version":[{"id":689,"href":"https:\/\/gyneobs.com\/site\/wp-json\/wp\/v2\/pages\/688\/revisions\/689"}],"up":[{"embeddable":true,"href":"https:\/\/gyneobs.com\/site\/wp-json\/wp\/v2\/pages\/1340"}],"wp:attachment":[{"href":"https:\/\/gyneobs.com\/site\/wp-json\/wp\/v2\/media?parent=688"}],"curies":[{"name":"wp","href":"https:\/\/api.w.org\/{rel}","templated":true}]}}