{"id":449,"date":"2019-06-30T22:24:09","date_gmt":"2019-06-30T20:24:09","guid":{"rendered":"http:\/\/gyneobs.com\/site\/?page_id=449"},"modified":"2019-07-02T15:16:46","modified_gmt":"2019-07-02T13:16:46","slug":"les-antalgiques","status":"publish","type":"page","link":"https:\/\/gyneobs.com\/site\/articles\/divers\/les-antalgiques\/","title":{"rendered":"Les antalgiques"},"content":{"rendered":"\n<p>Les antalgiques sont les m\u00e9dicaments utilis\u00e9s dans la lutte contre la douleur. Ils sont class\u00e9s par l\u2019OMS en trois paliers de puissance croissante, \u00e0 adapter \u00e0 l\u2019intensit\u00e9 de la douleur.<\/p>\n\n\n\n<p>&nbsp; Palier I : Antalgiques p\u00e9riph\u00e9riques (pour les douleurs l\u00e9g\u00e8res \u00e0 moyennes)<\/p>\n\n\n\n<p>&nbsp; Palier II : Antalgiques centraux faibles (pour les douleurs moyennes \u00e0 intenses)<\/p>\n\n\n\n<p>&nbsp; Palier III : Antalgiques centraux forts ( pour les douleurs tr\u00e8s intenses voire rebelles)<\/p>\n\n\n\n<p>Certains traitements adjuvants peuvent \u00eatre associ\u00e9s potentialisant ainsi les effets antalgiques.<\/p>\n\n\n\n<figure class=\"wp-block-image is-resized\"><img loading=\"lazy\" decoding=\"async\" src=\"http:\/\/gyneobs.com\/site\/wp-content\/uploads\/2019\/06\/Capture-d\u2019\u00e9cran-2019-06-30-\u00e0-22.23.52.png\" alt=\"\" class=\"wp-image-450\" width=\"626\" height=\"452\" srcset=\"https:\/\/gyneobs.com\/site\/wp-content\/uploads\/2019\/06\/Capture-d\u2019\u00e9cran-2019-06-30-\u00e0-22.23.52.png 659w, https:\/\/gyneobs.com\/site\/wp-content\/uploads\/2019\/06\/Capture-d\u2019\u00e9cran-2019-06-30-\u00e0-22.23.52-300x217.png 300w, https:\/\/gyneobs.com\/site\/wp-content\/uploads\/2019\/06\/Capture-d\u2019\u00e9cran-2019-06-30-\u00e0-22.23.52-373x270.png 373w\" sizes=\"auto, (max-width: 626px) 100vw, 626px\" \/><\/figure>\n","protected":false},"excerpt":{"rendered":"<p>Les antalgiques sont les m\u00e9dicaments utilis\u00e9s dans la lutte contre la douleur. Ils sont class\u00e9s par l\u2019OMS en trois paliers de puissance croissante, \u00e0 adapter \u00e0 l\u2019intensit\u00e9 de la douleur. &nbsp; Palier I : Antalgiques p\u00e9riph\u00e9riques (pour les douleurs l\u00e9g\u00e8res \u00e0 moyennes) &nbsp; Palier II : Antalgiques centraux faibles (pour les douleurs moyennes \u00e0 intenses) [&hellip;]<\/p>\n","protected":false},"author":1,"featured_media":0,"parent":1320,"menu_order":0,"comment_status":"closed","ping_status":"closed","template":"","meta":{"_exactmetrics_skip_tracking":false,"_exactmetrics_sitenote_active":false,"_exactmetrics_sitenote_note":"","_exactmetrics_sitenote_category":0,"footnotes":""},"class_list":["post-449","page","type-page","status-publish","hentry","post"],"_links":{"self":[{"href":"https:\/\/gyneobs.com\/site\/wp-json\/wp\/v2\/pages\/449","targetHints":{"allow":["GET"]}}],"collection":[{"href":"https:\/\/gyneobs.com\/site\/wp-json\/wp\/v2\/pages"}],"about":[{"href":"https:\/\/gyneobs.com\/site\/wp-json\/wp\/v2\/types\/page"}],"author":[{"embeddable":true,"href":"https:\/\/gyneobs.com\/site\/wp-json\/wp\/v2\/users\/1"}],"replies":[{"embeddable":true,"href":"https:\/\/gyneobs.com\/site\/wp-json\/wp\/v2\/comments?post=449"}],"version-history":[{"count":2,"href":"https:\/\/gyneobs.com\/site\/wp-json\/wp\/v2\/pages\/449\/revisions"}],"predecessor-version":[{"id":624,"href":"https:\/\/gyneobs.com\/site\/wp-json\/wp\/v2\/pages\/449\/revisions\/624"}],"up":[{"embeddable":true,"href":"https:\/\/gyneobs.com\/site\/wp-json\/wp\/v2\/pages\/1320"}],"wp:attachment":[{"href":"https:\/\/gyneobs.com\/site\/wp-json\/wp\/v2\/media?parent=449"}],"curies":[{"name":"wp","href":"https:\/\/api.w.org\/{rel}","templated":true}]}}