{"id":370,"date":"2019-06-30T21:42:26","date_gmt":"2019-06-30T19:42:26","guid":{"rendered":"http:\/\/gyneobs.com\/site\/?page_id=370"},"modified":"2022-01-11T11:44:15","modified_gmt":"2022-01-11T10:44:15","slug":"les-fibromes-uterins","status":"publish","type":"page","link":"https:\/\/gyneobs.com\/site\/articles\/uterus\/les-fibromes-uterins\/","title":{"rendered":"Les fibromes ut\u00e9rins"},"content":{"rendered":"\n<p class=\"has-drop-cap\">Les<strong> fibromes ut\u00e9rins<\/strong> sont des masses b\u00e9nignes se d\u00e9veloppant au niveau de la paroi de l\u2019ut\u00e9rus. Il peut survenir&nbsp; un ou plusieurs fibromes simultan\u00e9ment. La survenue de fibromes au cours de la vie est un \u00e9v\u00e9nement tr\u00e8s fr\u00e9quent qui affecte pr\u00e8s d&rsquo;une femme sur deux apr\u00e8s 30 ans. Ils ne pr\u00e9sentent, dans la majorit\u00e9 des cas, aucun sympt\u00f4mes particuliers et ne justifient alors aucun traitements. Dans certains cas cependant, les fibromes peuvent entra\u00eener des saignements anormaux, une g\u00eane digestive, une sensation de lourdeur et parfois des douleurs pelviennes intenses. Seuls les fibromes provoquant l&rsquo;apparition de sympt\u00f4mes g\u00eanants justifient une prise en charge m\u00e9dicale.<\/p>\n\n\n\n<figure class=\"wp-block-image is-resized\"><img loading=\"lazy\" decoding=\"async\" src=\"http:\/\/gyneobs.com\/site\/wp-content\/uploads\/2019\/06\/image-121.png\" alt=\"\" class=\"wp-image-371\" width=\"547\" height=\"382\" srcset=\"https:\/\/gyneobs.com\/site\/wp-content\/uploads\/2019\/06\/image-121.png 311w, https:\/\/gyneobs.com\/site\/wp-content\/uploads\/2019\/06\/image-121-300x209.png 300w\" sizes=\"auto, (max-width: 547px) 100vw, 547px\" \/><\/figure>\n\n\n\n<h2 class=\"wp-block-heading\"><strong>Les diff\u00e9rents types de fibromes &nbsp;<\/strong><\/h2>\n\n\n\n<p>On d\u00e9crit classiquement 3 types principaux de fibromes ut\u00e9rins. On les distingue selon leur localisation:&nbsp;<\/p>\n\n\n\n<p>-Fibromes interstitiels ou intramuraux: il s&rsquo;agit de fibromes qui se d\u00e9veloppent au niveau de la couche musculaire qui entoure l\u2019ut\u00e9rus. Il s&rsquo;agit du type le plus fr\u00e9quent ( plus de deux cas sur 3) . Les fibromes intramuraux vont d\u00e9former la paroi de l&rsquo;ut\u00e9rus.<\/p>\n\n\n\n<p>-Fibromes sous-s\u00e9reux: il s&rsquo;agit des fibromes qui se d\u00e9veloppent vers l&rsquo;abdomen.&nbsp;<\/p>\n\n\n\n<p>-Fibromes sous-muqueux: Il s&rsquo;agit des fibromes qui se d\u00e9veloppent \u00e0 l&rsquo;int\u00e9rieur de l\u2019ut\u00e9rus. Il s&rsquo;agit d&rsquo;un type de fibrome peu fr\u00e9quent qui se signale par des saignements abondants.<\/p>\n\n\n\n<p>Mais une nouvelle <strong>classification des myomes<\/strong> \u00e0 l\u2019usage des chirurgiens gyn\u00e9cologues a \u00e9t\u00e9 red\u00e9finie par la FIGO et publi\u00e9e dans la revue Fertil Steril 2011.<\/p>\n\n\n\n<figure class=\"wp-block-image\"><img loading=\"lazy\" decoding=\"async\" width=\"609\" height=\"457\" src=\"http:\/\/gyneobs.com\/site\/wp-content\/uploads\/2019\/06\/image-122.png\" alt=\"\" class=\"wp-image-372\" srcset=\"https:\/\/gyneobs.com\/site\/wp-content\/uploads\/2019\/06\/image-122.png 609w, https:\/\/gyneobs.com\/site\/wp-content\/uploads\/2019\/06\/image-122-300x225.png 300w, https:\/\/gyneobs.com\/site\/wp-content\/uploads\/2019\/06\/image-122-360x270.png 360w\" sizes=\"auto, (max-width: 609px) 100vw, 609px\" \/><\/figure>\n\n\n\n<figure class=\"wp-block-image is-resized\"><img loading=\"lazy\" decoding=\"async\" src=\"http:\/\/gyneobs.com\/site\/wp-content\/uploads\/2019\/06\/image-123.png\" alt=\"\" class=\"wp-image-373\" width=\"585\" height=\"350\"\/><\/figure>\n\n\n\n<figure class=\"wp-block-image is-resized\"><img loading=\"lazy\" decoding=\"async\" src=\"http:\/\/gyneobs.com\/site\/wp-content\/uploads\/2019\/06\/image-124.png\" alt=\"\" class=\"wp-image-374\" width=\"551\" height=\"507\"\/><\/figure>\n\n\n\n<div class=\"wp-block-image\"><figure class=\"aligncenter size-large is-resized\"><img loading=\"lazy\" decoding=\"async\" src=\"https:\/\/gyneobs.com\/site\/wp-content\/uploads\/2020\/01\/Capture-d\u2019\u00e9cran-2020-01-11-\u00e0-18.18.46.png\" alt=\"\" class=\"wp-image-2611\" width=\"535\" height=\"395\" srcset=\"https:\/\/gyneobs.com\/site\/wp-content\/uploads\/2020\/01\/Capture-d\u2019\u00e9cran-2020-01-11-\u00e0-18.18.46.png 385w, https:\/\/gyneobs.com\/site\/wp-content\/uploads\/2020\/01\/Capture-d\u2019\u00e9cran-2020-01-11-\u00e0-18.18.46-300x221.png 300w\" sizes=\"auto, (max-width: 535px) 100vw, 535px\" \/><figcaption><strong><em>Vue coelioscopique d&rsquo;un fibrome sous-s\u00e9reux. Ce type de fibrome ne peut pas provoquer d&rsquo;h\u00e9morragies.<\/em><\/strong><\/figcaption><\/figure><\/div>\n\n\n\n<div class=\"wp-block-image\"><figure class=\"aligncenter size-large is-resized\"><img loading=\"lazy\" decoding=\"async\" src=\"https:\/\/gyneobs.com\/site\/wp-content\/uploads\/2020\/01\/Capture-d\u2019\u00e9cran-2020-01-11-\u00e0-18.20.33.png\" alt=\"\" class=\"wp-image-2612\" width=\"347\" height=\"562\"\/><figcaption><strong><em>Vue hyst\u00e9roscopique d&rsquo;un fibrome endocavitaire. Ce type de fibrome est pourvoyeur d&rsquo;h\u00e9morragies.<\/em><\/strong><\/figcaption><\/figure><\/div>\n\n\n\n<h2 class=\"wp-block-heading\"><strong>Symptomatologie des fibromes<\/strong><\/h2>\n\n\n\n<p>La plupart des fibromes sont asymptomatiques. Les complications qui peuvent appara\u00eetre sont surtout li\u00e9es \u00e0 leur position par rapport \u00e0 la paroi et \u00e0 la cavit\u00e9 ut\u00e9rine, plus que&nbsp; leur volume.<\/p>\n\n\n\n<p>Le symptome le plus fr\u00e9quent&nbsp; est repr\u00e9sent\u00e9 par des saignement g\u00e9nitaux: soit r\u00e8gles h\u00e9morragiques (m\u00e9norragies), soit saignements entre les r\u00e8gles (m\u00e9trorragies), soit les deux. Ces saignement sont le fait de myomes \u00e0 d\u00e9veloppement sous-muqueux. leur importance et appr\u00e9ci\u00e9e sur la baisse du taux d\u2019h\u00e9moglobine dans le sang.<\/p>\n\n\n\n<p>Du fait de leur volume peuvent appara\u00eetre des troubles de compression des organes de voisinage, surtout \u00e0 type de troubles urinaires.&nbsp;<\/p>\n\n\n\n<p>Les douleurs sont surtout le fait de fibromes en n\u00e9crobiose (sorte de mort du fibrome qui se ramolli ).<\/p>\n\n\n\n<p>Enfin certain fibromes peuvent \u00eatre en cause dans certains cas d\u2019infertilit\u00e9.<\/p>\n\n\n\n<h2 class=\"wp-block-heading\">Diagnostic<\/h2>\n\n\n\n<p>L&rsquo;\u00e9chograpie coupl\u00e9e au Doppler  est g\u00e9n\u00e9ralement suffisante pour faire le diagnostic. Dans certains cas une IRM peut \u00eatre utile.<\/p>\n\n\n\n<h2 class=\"wp-block-heading\"><strong>Traitement des fibromes<\/strong><\/h2>\n\n\n\n<p><strong>1-La prescription d\u2019un traitement progestatif<\/strong> vise \u00e0 r\u00e9duire les m\u00e9no- m\u00e9trorragies en diminuant l\u2019hyperplasie endom\u00e9triale associ\u00e9e aux myomes . Le traitement par progestatif administr\u00e9 par voie endo-ut\u00e9rine (DIU au levonorgestrel) des m\u00e9nom\u00e9trorragies li\u00e9es au fibrome est valid\u00e9 et peut \u00eatre recommand\u00e9 .<br> <\/p>\n\n\n\n<p><strong>2-Les antifibrinolytiques<\/strong><\/p>\n\n\n\n<p>Les m\u00e9norragies li\u00e9es aux myomes ut\u00e9rins sont entretenues par une fibrinolyse locale. L\u2019acide tranexamique est efficace dans le traitement des m\u00e9norragies li\u00e9es aux myomes <br>\n<\/p>\n\n\n\n<p><strong>3-Les analogues du GnRH<\/strong><\/p>\n\n\n\n<p>Leur utilisation se fait dans un cadre pr\u00e9op\u00e9ratoire et ne peut \u00eatre que ponctuelle du fait de leurs effets secondaires. Ils permettent une r\u00e9duction des saignements accompagn\u00e9e d\u2019une restauration d\u2019un taux d\u2019h\u00e9moglobine proche de la normale en pr\u00e9op\u00e9ratoire. La dur\u00e9e de prescription de 2-3 mois correspondant \u00e0 l\u2019AMM para\u00eet suffisante .<\/p>\n\n\n\n<p><strong>3-Les antagonistes du GnRH <\/strong>ont \u00e9galement \u00e9t\u00e9 propos\u00e9s dans le but de provoquer un r\u00e9duction de volume des myomes, essentiellement \u00e0 vis\u00e9e pr\u00e9-op\u00e9ratoire.<\/p>\n\n\n\n<p><strong>4-L\u2019Ulipristal ac\u00e9tate (Esmya\u00ae)<\/strong><\/p>\n\n\n\n<p>ESMYA\u00ae 5 mg comprim\u00e9 est un nouveau m\u00e9dicament indiqu\u00e9 dans le <strong>traitement pr\u00e9-op\u00e9ratoire des sympt\u00f4mes mod\u00e9r\u00e9s \u00e0 s\u00e9v\u00e8res des fibromes ut\u00e9rins chez la femme adulte en \u00e2ge de procr\u00e9er<\/strong>. Ce principe actif exerce une <strong>action directe sur les fibromes, en r\u00e9duisant leur taille<\/strong> par le biais de l&rsquo;inhibition de la prolif\u00e9ration cellulaire et l&rsquo;induction de l&rsquo;apoptose. La dur\u00e9e du traitement est limit\u00e9e \u00e0 3 mois. Sa commercialisation a \u00e9t\u00e9 arr\u00e9t\u00e9e en France en raison d&rsquo;une balance risques\/avantages d\u00e9favorable.<\/p>\n\n\n\n<p><strong>5- La myomectomie<\/strong><\/p>\n\n\n\n<p>C\u2019est l\u2019ablation chirurgicale du ou des fibromes; ablation s\u00e9lective n\u2019enlevant pas l\u2019ut\u00e9rus.<br>Elle peut se faire soit par hyst\u00e9roscopie op\u00e9ratoire (sous r\u00e9serve que le myome&nbsp; soit accessible par la cavit\u00e9 ut\u00e9rine et reste distant de 1cm de la s\u00e9reuse ut\u00e9rine), soit par laparotomie, soit par coelioscopie.<\/p>\n\n\n\n<p><strong>6-l\u2019hyst\u00e9rectomie<\/strong><\/p>\n\n\n\n<p>Elle consiste en l\u2019ablation de l\u2019ut\u00e9rus (en g\u00e9n\u00e9ral pas des ovaires) et devrait id\u00e9alement se faire par voie vaginale. Sinon, par laparotomie ou coelioscopie.<\/p>\n\n\n\n<p><strong>7-L&#8217;embolisation<\/strong><\/p>\n\n\n\n<p>L&#8217;embolisation des art\u00e8res ut\u00e9rines est une intervention mini-invasive pour le traitement des fibromes ut\u00e9rins, elle peut permettre dans certains cas d&rsquo;\u00e9viter\u00a0l&rsquo;hyst\u00e9rectomie (retrait de l&rsquo;ut\u00e9rus)\u00a0 ou les myomectomie multiples (chirurgie du myome)\u00a0\u00a0qui finissent par fragiliser\u00a0l &lsquo;ut\u00e9rus. L\u2019embolisation ut\u00e9rine consiste \u00e0 injecter des microbilles dans les art\u00e8res ut\u00e9rines irriguant les fibromes. L\u2019objectif est de bloquer ces art\u00e8res et de causer ainsi la n\u00e9crose des fibromes.<\/p>\n\n\n\n<p>L&#8217;embolisation doit \u00eatre pratiqu\u00e9e pr\u00e9f\u00e9rentiellement en cas de fibromes multiples, en particulier de si\u00e8ge interstitiel de moins de 7 centim\u00e8tres. Le fibrome sous-s\u00e9reux p\u00e9dicul\u00e9 constitue la seule contre-indication en raison d&rsquo;un risque major\u00e9 de complications. L&#8217;embolisation est efficace sur les m\u00e9norragies, mais \u00e9galement sur les douleurs et les sympt\u00f4mes li\u00e9s au volume ut\u00e9rin. L&rsquo;ad\u00e9nomyose associ\u00e9e aux fibromes para\u00eet responsable d&rsquo;un risque de r\u00e9cidive clinique plus \u00e9lev\u00e9.\u00a0<\/p>\n\n\n\n<p>L\u2019embolisation ut\u00e9rine est pratiqu\u00e9e au sein d&rsquo;une unit\u00e9 de radiologie interventionnelle, sous anesth\u00e9sie locale. La proc\u00e9dure ne n\u00e9cessite qu\u2019une ponction art\u00e9rielle au pli de l\u2019aine,\u00a0La dur\u00e9e de l\u2019intervention est d\u2019environ une heure. On observe 80% de r\u00e9sultats favorables sur les m\u00e9trorragies et les douleurs li\u00e9es au fibrome. La plupart des femmes ressentent des douleurs pendant les premi\u00e8res heures.\u00a0 <\/p>\n\n\n\n<p>Des complications sont possibles, comme pour la chirurgie: infection, m\u00e9nopause pr\u00e9coce, persistance des sympt\u00f4mes initiaux ou r\u00e9cidive.<\/p>\n\n\n\n<p>L&#8217;embolisation est \u00e9galement indiqu\u00e9e  en post partum en cas d&rsquo;h\u00e9morragie grave par atonie ut\u00e9rine ou placenta accreta.<\/p>\n\n\n\n<figure class=\"wp-block-image size-large\"><img loading=\"lazy\" decoding=\"async\" width=\"517\" height=\"253\" src=\"https:\/\/gyneobs.com\/site\/wp-content\/uploads\/2022\/01\/Capture-d\u2019\u00e9cran-2022-01-11-\u00e0-11.33.03.png\" alt=\"\" class=\"wp-image-2763\" srcset=\"https:\/\/gyneobs.com\/site\/wp-content\/uploads\/2022\/01\/Capture-d\u2019\u00e9cran-2022-01-11-\u00e0-11.33.03.png 517w, https:\/\/gyneobs.com\/site\/wp-content\/uploads\/2022\/01\/Capture-d\u2019\u00e9cran-2022-01-11-\u00e0-11.33.03-300x147.png 300w\" sizes=\"auto, (max-width: 517px) 100vw, 517px\" \/><figcaption><strong><em>Principe de l&#8217;embolisation des fibromes<\/em><\/strong><\/figcaption><\/figure>\n\n\n\n<p><strong>8-Destruction des fibromes par ultrasons<\/strong>. Il s\u2019agit de d\u00e9livrer des ultrasons focalis\u00e9s au sein du fibrome, de haute intensit\u00e9 (100W\/cm2) , sous contr\u00f4le IRM anatomique et de temp\u00e9rature.\u00a0 Ils\u00a0 induisent une n\u00e9crose par thermocoagulation et provoque une certaine r\u00e9duction de volume.\u00a0 Il faut plus de trois heures de temps pour traiter un fibrome de 8-10cm. Ce traitement s\u2019adresse \u00e0 des fibromes bien s\u00e9lectionn\u00e9s:\u00a0 fibromes symptomatiques, uniques, interstitiels ou sous-s\u00e9reux mais non p\u00e9dicul\u00e9s, non intracavitaires, non sous-s\u00e9reux pr\u00e9dominants,\u00a0 dont la taille est comprise entre 4 et 10cm de diam\u00e8tre et en position ant\u00e9rieure. Il s\u2019agit d\u2019une m\u00e9thode bien tol\u00e9r\u00e9e mais encore en devenir. Voir: <em>Thermodestruction des fibromes ut\u00e9rins par ultrasons focalis\u00e9s: une alternative? H. Marret et col. Mises \u00e0 jour en Gyn\u00e9cologie m\u00e9dicale. CNGOF. 2010.<\/em><br><\/p>\n","protected":false},"excerpt":{"rendered":"<p>Les fibromes ut\u00e9rins sont des masses b\u00e9nignes se d\u00e9veloppant au niveau de la paroi de l\u2019ut\u00e9rus. Il peut survenir&nbsp; un ou plusieurs fibromes simultan\u00e9ment. La survenue de fibromes au cours de la vie est un \u00e9v\u00e9nement tr\u00e8s fr\u00e9quent qui affecte pr\u00e8s d&rsquo;une femme sur deux apr\u00e8s 30 ans. Ils ne pr\u00e9sentent, dans la majorit\u00e9 des [&hellip;]<\/p>\n","protected":false},"author":1,"featured_media":0,"parent":1305,"menu_order":3,"comment_status":"closed","ping_status":"closed","template":"","meta":{"_exactmetrics_skip_tracking":false,"_exactmetrics_sitenote_active":false,"_exactmetrics_sitenote_note":"","_exactmetrics_sitenote_category":0,"footnotes":""},"class_list":["post-370","page","type-page","status-publish","hentry","post"],"_links":{"self":[{"href":"https:\/\/gyneobs.com\/site\/wp-json\/wp\/v2\/pages\/370","targetHints":{"allow":["GET"]}}],"collection":[{"href":"https:\/\/gyneobs.com\/site\/wp-json\/wp\/v2\/pages"}],"about":[{"href":"https:\/\/gyneobs.com\/site\/wp-json\/wp\/v2\/types\/page"}],"author":[{"embeddable":true,"href":"https:\/\/gyneobs.com\/site\/wp-json\/wp\/v2\/users\/1"}],"replies":[{"embeddable":true,"href":"https:\/\/gyneobs.com\/site\/wp-json\/wp\/v2\/comments?post=370"}],"version-history":[{"count":6,"href":"https:\/\/gyneobs.com\/site\/wp-json\/wp\/v2\/pages\/370\/revisions"}],"predecessor-version":[{"id":2765,"href":"https:\/\/gyneobs.com\/site\/wp-json\/wp\/v2\/pages\/370\/revisions\/2765"}],"up":[{"embeddable":true,"href":"https:\/\/gyneobs.com\/site\/wp-json\/wp\/v2\/pages\/1305"}],"wp:attachment":[{"href":"https:\/\/gyneobs.com\/site\/wp-json\/wp\/v2\/media?parent=370"}],"curies":[{"name":"wp","href":"https:\/\/api.w.org\/{rel}","templated":true}]}}