{"id":341,"date":"2019-06-30T19:50:11","date_gmt":"2019-06-30T17:50:11","guid":{"rendered":"http:\/\/gyneobs.com\/site\/?page_id=341"},"modified":"2019-07-01T18:56:45","modified_gmt":"2019-07-01T16:56:45","slug":"lhysteroscopie-diagnostique-en-consultation","status":"publish","type":"page","link":"https:\/\/gyneobs.com\/site\/articles\/uterus\/lhysteroscopie-diagnostique-en-consultation\/","title":{"rendered":"l\u2019hyst\u00e9roscopie diagnostique en consultation"},"content":{"rendered":"\n<p class=\"has-drop-cap\">L\u2019hyst\u00e9roscopie diagnostique consiste \u00e0 visualiser l\u2019int\u00e9rieur de la cavit\u00e9 ut\u00e9rine \u00e0 l\u2019aide d\u2019une optique tr\u00e8s fine. Cet examen se fait normalement sans anesth\u00e9sie car il est pratiquement indolore et peut \u00eatre fait en consultation au cabinet du gyn\u00e9cologue.<br><\/p>\n\n\n\n<figure class=\"wp-block-image\"><img loading=\"lazy\" decoding=\"async\" width=\"629\" height=\"888\" src=\"http:\/\/gyneobs.com\/site\/wp-content\/uploads\/2019\/06\/image-105.png\" alt=\"\" class=\"wp-image-342\" srcset=\"https:\/\/gyneobs.com\/site\/wp-content\/uploads\/2019\/06\/image-105.png 629w, https:\/\/gyneobs.com\/site\/wp-content\/uploads\/2019\/06\/image-105-213x300.png 213w, https:\/\/gyneobs.com\/site\/wp-content\/uploads\/2019\/06\/image-105-191x270.png 191w\" sizes=\"auto, (max-width: 629px) 100vw, 629px\" \/><\/figure>\n\n\n\n<h2 class=\"wp-block-heading\"><strong>Dans quelles situations l\u2019hyst\u00e9roscopie diagnostique est-elle utile\u00a0?<\/strong><\/h2>\n\n\n\n<p>L\u2019hyst\u00e9roscopie est particuli\u00e8rement&nbsp; indiqu\u00e9e pour \u00e9lucider de nombreux probl\u00e8mes gyn\u00e9cologiques. L\u2019indication la plus fr\u00e9quente est le&nbsp; diagnostic des saignements anormaux ou m\u00e9troragies, voire des r\u00e8gles trop abondantes que l\u2019on appelle m\u00e9norragies.<\/p>\n\n\n\n<p>Chez les&nbsp; femmes jeunes, il s\u2019agit surtout des m\u00e9trorragies. L\u2019examen peut montrer la pr\u00e9sence d\u2019un fibrome, l\u2019existence de polypes,&nbsp; ou parfois d\u2019un \u00e9paississement anormal de la muqueuse ut\u00e9rine pouvant former ce que l\u2019on appelle une&nbsp; hyperplasie de l\u2019endom\u00e8tre, voire d\u2019autres anomalies plus rares.&nbsp;<\/p>\n\n\n\n<p>Chez les femmes plus \u00e2g\u00e9es, en particulier apr\u00e8s la m\u00e9nopause, on va volontiers retrouver des polypes ou une atrophie de la muqueuse&nbsp; et parfois un cancer de l\u2019endom\u00e8tre.<\/p>\n\n\n\n<p>On aura \u00e9galement recours \u00e0 cet examen \u00e0 l\u2019occasion de certains probl\u00e8mes li\u00e9s \u00e0 la contraception par st\u00e9rilet. Ce sont par exemple&nbsp;: st\u00e9rilets perdus, saignements sous st\u00e9rilet, douleurs pelviennes, grossesse au d\u00e9but&#8230; sous st\u00e9rilet, avec la possibilit\u00e9 d\u2019enlever l\u2019appareil sous contr\u00f4le visuel, sans interrompre la grossesse, avec l\u2019accord de la patiente.<\/p>\n\n\n\n<p>Il en est de m\u00eame pour l\u2019exploration de certaines st\u00e9rilit\u00e9s, notamment avant toute procr\u00e9ation m\u00e9dicalement assist\u00e9e (PMA), dans le cas d\u2019avortements \u00e0 r\u00e9p\u00e9tition ou en cas de st\u00e9rilit\u00e9 inexpliqu\u00e9e.<\/p>\n\n\n\n<p>Avant toute chirurgie endo-ut\u00e9rine projet\u00e9e, il est souhaitable de passer par l\u2019hyst\u00e9roscopie diagnostique, l\u2019hyst\u00e9roscopie op\u00e9ratoire ne devant pas \u00eatre utilis\u00e9e comme un examen diagnostique.&nbsp;<\/p>\n\n\n\n<p>Apr\u00e8s une intervention chirurgicale, l\u2019hyst\u00e9roscopie diagnostique peut contr\u00f4ler la r\u00e9section de fibromes, l\u2019ablation de polypes, la section de syn\u00e9chies ou la suppression&nbsp; d\u2019une malformation ut\u00e9rine (cloison).<\/p>\n\n\n\n<p>Et citons encore&nbsp;:<\/p>\n\n\n\n<p>avant l\u2019ablation d\u2019un polype accouch\u00e9 par le col&nbsp;;<\/p>\n\n\n\n<p>dans certains cas avant la prescription d\u2019un traitement hormonal substitutif de la m\u00e9nopause (une fois sur quatre on d\u00e9couvrira une l\u00e9sion inconnue)&nbsp;;<\/p>\n\n\n\n<p>et surtout chaque fois que l\u2019on a la moindre raison de suspecter un cancer de l\u2019endom\u00e8tre, quel que soit le sympt\u00f4me d\u2019appel.<\/p>\n\n\n\n<h2 class=\"wp-block-heading\"><strong>Comment se d\u00e9roule l\u2019examen?<\/strong><\/h2>\n\n\n\n<p>La pratique de l\u2019hyst\u00e9roscopie au cabinet de consultation n\u00e9cessite que le praticien poss\u00e8de une bonne exp\u00e9rience de cet examen et qu\u2019il dispose d\u2019un mat\u00e9riel adapt\u00e9.&nbsp;<\/p>\n\n\n\n<p>Le but est donc&nbsp;: de p\u00e9n\u00e9trer dans la cavit\u00e9 ut\u00e9rine (hyst\u00e9roscope), d\u2019y voir clair (lumi\u00e8re), de distendre la cavit\u00e9 afin d\u2019am\u00e9liorer la visibilit\u00e9 (distension), de prendre des photos et d\u2019enregistrer l\u2019examen (vid\u00e9o), d\u2019effectuer \u00e9ventuellement des pr\u00e9l\u00e8vement pour analyse et enfin de disposer d\u2019un mat\u00e9riel parfaitement st\u00e9rile selon les normes actuelles (st\u00e9rilisation).<\/p>\n\n\n\n<p><strong>&nbsp; &nbsp; 1-L\u2019hyst\u00e9roscope<\/strong><\/p>\n\n\n\n<p>Id\u00e9alement, on utilise aujourd\u2019hui&nbsp;:<\/p>\n\n\n\n<p>\t-soit des hyst\u00e9roscopes rigides qui donnent la meilleure visibilit\u00e9, dans leurs plus faibles diam\u00e8tres de 3,5 et 2mm&nbsp;;<\/p>\n\n\n\n<p>\t-soit des hyst\u00e9roscopes souples, de 4mm et de 3,6mm.<\/p>\n\n\n\n<p><strong>&nbsp; &nbsp; 2-La lumi\u00e8re<\/strong><\/p>\n\n\n\n<p>Les sources de lumi\u00e8re froide de l\u2019ordre de 200 watts, si elles permettent de \u00ab&nbsp;voir&nbsp;\u00bb, paraissent bien insuffisantes pour la r\u00e9alisation d\u2019enregistrements vid\u00e9os. Les sources plus puissantes au x\u00e9non, offrent en revanche un excellent confort visuel.<\/p>\n\n\n\n<p><strong>&nbsp; &nbsp; 3-Le milieu de distension<\/strong><\/p>\n\n\n\n<p>La distension, c\u2019est-\u00e0-dire l\u2019\u00e9cartement des parois de la cavit\u00e9 ut\u00e9rine, se fait habituellement \u00e0 l\u2019aide de gaz carbonique si l\u2019on utilise un hyst\u00e9roscope rigide, ou \u00e0 l\u2019aide de s\u00e9rum physiologique si l\u2019on utilise un hyst\u00e9roscope souple. Pour insuffler le gaz, il faut disposer d\u2019un hyst\u00e9ro-insufflateur appropri\u00e9 car les d\u00e9bits et les pressions sont totalement diff\u00e9rents de ceux qui sont utilis\u00e9s en coelioscopie. Pour des raisons de s\u00e9curit\u00e9, la pression ne doit pas d\u00e9passer 100mm de mercure. De plus le d\u00e9bit et la pression doivent \u00eatre autor\u00e9gul\u00e9s l\u2019un par rapport \u00e0 l\u2019autre. malgr\u00e9 de plus belle images l\u2019emploi du gaz est de plus en plus rempla\u00e7\u00e9 par le s\u00e9rum m\u00eame avec des optiques rigides.<\/p>\n\n\n\n<div class=\"wp-block-image\"><figure class=\"alignright is-resized\"><img loading=\"lazy\" decoding=\"async\" src=\"http:\/\/gyneobs.com\/site\/wp-content\/uploads\/2019\/06\/image-106.png\" alt=\"\" class=\"wp-image-343\" width=\"271\" height=\"361\" srcset=\"https:\/\/gyneobs.com\/site\/wp-content\/uploads\/2019\/06\/image-106.png 273w, https:\/\/gyneobs.com\/site\/wp-content\/uploads\/2019\/06\/image-106-226x300.png 226w, https:\/\/gyneobs.com\/site\/wp-content\/uploads\/2019\/06\/image-106-203x270.png 203w\" sizes=\"auto, (max-width: 271px) 100vw, 271px\" \/><figcaption><strong>Colonne vid\u00e9o pour hyst\u00e9roscopie<\/strong><\/figcaption><\/figure><\/div>\n\n\n\n<p><strong>&nbsp; &nbsp; 3-La vid\u00e9o<\/strong><\/p>\n\n\n\n<p>Le syst\u00e8me vid\u00e9o comporte une cam\u00e9ra qui se fixe sur l\u2019optique et est reli\u00e9e \u00e0 un moniteur TV. L\u2019enregistrement de l\u2019examen sur cassette vid\u00e9o est fortement conseill\u00e9. Enfin une impression couleur sur papier doit permettre d\u2019int\u00e9grer quelques clich\u00e9s au compte-rendu d\u2019examen.<\/p>\n\n\n\n<p><strong>&nbsp; &nbsp; 4-La st\u00e9rilisation<\/strong><\/p>\n\n\n\n<p>La st\u00e9rilisation impose les temps suivants&nbsp;: d\u00e9contamination, rin\u00e7age, s\u00e9chage, st\u00e9rilisation. Les optiques sont tr\u00e8s fragiles et doivent \u00eatre entretenues avec la plus grande pr\u00e9caution. Un minimum d\u2019une heure est n\u00e9cessaire entre deux examens (sauf \u00e0 disposer de plusieurs instruments).<\/p>\n\n\n\n<p>&nbsp; &nbsp;<strong> 5-En pratique<\/strong>, l\u2019examen se d\u00e9roule sur rendez-vous, au cabinet du gyn\u00e9cologue, sans aucune anesth\u00e9sie car il doit \u00eatre, comme on l\u2019a vu, parfaitement indolore. Il doit \u00eatre r\u00e9alis\u00e9 dans un cadre rassurant, \u00e9voquant le moins possible un bloc op\u00e9ratoire, o\u00f9 le mat\u00e9riel purement m\u00e9dical se montre le plus discret possible. Il comporte les temps suivants<\/p>\n\n\n\n<p>D\u00e9sinfection du col en proscrivant les produits moussants pour \u00e9viter la formation de bulles.<\/p>\n\n\n\n<p>Mise en place d\u2019une pince pour tirer l\u00e9g\u00e8rement sur le col.<\/p>\n\n\n\n<p>Le passage du col est indolore si l\u2019on prend soin de ne pas \u00ab&nbsp;forcer le passage&nbsp;\u00bb. En r\u00e9alit\u00e9, l\u2019optique doit cheminer doucement derri\u00e8re la bulle de gaz qui dilate le col progressivement. On ne franchit l\u2019orifice interne du col que lorsqu\u2019il est dilat\u00e9.<\/p>\n\n\n\n<p>L\u2019hyst\u00e9roscopie&nbsp; se d\u00e9roule ensuite \u00ab&nbsp;en direct&nbsp;\u00bb sous le regard int\u00e9ress\u00e9 de la patiente qui regarde l\u2019\u00e9cran. Bien qu\u2019encore inqui\u00e8te, elle se rassurera tr\u00e8s vite constatant l\u2019indolence de la manoeuvre&#8230; et la curiosit\u00e9 f\u00e9minine fera le reste&nbsp;!<\/p>\n\n\n\n<p>On observe successivement l\u2019isthme ut\u00e9rin, les bords, les faces, le fond, les orifices tubaires. En retirant l\u2019optique, on appr\u00e9cie par une pression l\u2019\u00e9paisseur&nbsp; de la muqueuse et enfin l\u2019endocol.<\/p>\n\n\n\n<p>Si l\u2019on souhaite r\u00e9aliser un pr\u00e9l\u00e8vement biopsique on renoncera aux minipinces endoscopiques au profit d\u2019une canule sp\u00e9ciale&nbsp; (type canule de Novak) orient\u00e9e d\u2019apr\u00e8s les donn\u00e9es de l\u2019examen.<\/p>\n\n\n\n<p>L\u2019examen proprement dit va ainsi durer entre une et trois minutes et aura permis une exploration parfaite et compl\u00e8te de la cavit\u00e9 ut\u00e9rine. Gr\u00e2ce \u00e0 l\u2019enregistrement vid\u00e9o, il pourra \u00eatre \u00e0 nouveau visionn\u00e9, \u00ab&nbsp;\u00e0 t\u00eate repos\u00e9e&nbsp;\u00bb en pr\u00e9sence d\u2019une patiente parfaitement rassur\u00e9e au vu du d\u00e9roulement d\u2019un examen qui avait \u00e9t\u00e9 abord\u00e9 non sans une certaine appr\u00e9hension.<\/p>\n\n\n\n<p>Gr\u00e2ce \u00e0 sa fiabilit\u00e9, sa r\u00e9alisation sans anesth\u00e9sie et sans hospitalisation, l\u2019hyst\u00e9roscopie diagnostique de consultation est ainsi consid\u00e9r\u00e9e aujourd\u2019hui comme l\u2019examen de r\u00e9f\u00e9rence&nbsp; (on dit le \u00ab&nbsp;gold standard&nbsp;\u00bb), pour l\u2019exploration de la cavit\u00e9 ut\u00e9rine, d\u00e9tr\u00f4nant dans la plupart des indications la traditionnelle hyst\u00e9rographie ou radiographie de l\u2019ut\u00e9rus. Elle ne doit cependant pas \u00eatre consid\u00e9r\u00e9e comme une concurrente de l\u2019\u00e9chographie dont elle constitue le compl\u00e9ment naturel.<\/p>\n\n\n\n<h2 class=\"wp-block-heading\"><strong>Atlas d\u2019images d\u2019hyst\u00e9roscopie de consultation<\/strong><\/h2>\n\n\n\n<figure class=\"wp-block-image is-resized\"><img loading=\"lazy\" decoding=\"async\" src=\"http:\/\/gyneobs.com\/site\/wp-content\/uploads\/2019\/06\/image-107.png\" alt=\"\" class=\"wp-image-344\" width=\"289\" height=\"906\" srcset=\"https:\/\/gyneobs.com\/site\/wp-content\/uploads\/2019\/06\/image-107.png 255w, https:\/\/gyneobs.com\/site\/wp-content\/uploads\/2019\/06\/image-107-96x300.png 96w, https:\/\/gyneobs.com\/site\/wp-content\/uploads\/2019\/06\/image-107-86x270.png 86w\" sizes=\"auto, (max-width: 289px) 100vw, 289px\" \/><\/figure>\n\n\n\n<figure class=\"wp-block-image is-resized\"><img loading=\"lazy\" decoding=\"async\" src=\"http:\/\/gyneobs.com\/site\/wp-content\/uploads\/2019\/06\/image-108.png\" alt=\"\" class=\"wp-image-345\" width=\"315\" height=\"905\" srcset=\"https:\/\/gyneobs.com\/site\/wp-content\/uploads\/2019\/06\/image-108.png 278w, https:\/\/gyneobs.com\/site\/wp-content\/uploads\/2019\/06\/image-108-104x300.png 104w, https:\/\/gyneobs.com\/site\/wp-content\/uploads\/2019\/06\/image-108-94x270.png 94w\" sizes=\"auto, (max-width: 315px) 100vw, 315px\" \/><\/figure>\n\n\n\n<figure class=\"wp-block-image is-resized\"><img loading=\"lazy\" decoding=\"async\" src=\"http:\/\/gyneobs.com\/site\/wp-content\/uploads\/2019\/06\/image-109.png\" alt=\"\" class=\"wp-image-346\" width=\"316\" height=\"889\" srcset=\"https:\/\/gyneobs.com\/site\/wp-content\/uploads\/2019\/06\/image-109.png 257w, https:\/\/gyneobs.com\/site\/wp-content\/uploads\/2019\/06\/image-109-107x300.png 107w, https:\/\/gyneobs.com\/site\/wp-content\/uploads\/2019\/06\/image-109-96x270.png 96w\" sizes=\"auto, (max-width: 316px) 100vw, 316px\" \/><\/figure>\n\n\n\n<figure class=\"wp-block-image is-resized\"><img loading=\"lazy\" decoding=\"async\" src=\"http:\/\/gyneobs.com\/site\/wp-content\/uploads\/2019\/06\/image-110.png\" alt=\"\" class=\"wp-image-347\" width=\"318\" height=\"965\" srcset=\"https:\/\/gyneobs.com\/site\/wp-content\/uploads\/2019\/06\/image-110.png 240w, https:\/\/gyneobs.com\/site\/wp-content\/uploads\/2019\/06\/image-110-99x300.png 99w, https:\/\/gyneobs.com\/site\/wp-content\/uploads\/2019\/06\/image-110-89x270.png 89w\" sizes=\"auto, (max-width: 318px) 100vw, 318px\" \/><\/figure>\n\n\n\n<figure class=\"wp-block-image is-resized\"><img loading=\"lazy\" decoding=\"async\" src=\"http:\/\/gyneobs.com\/site\/wp-content\/uploads\/2019\/06\/image-111.png\" alt=\"\" class=\"wp-image-348\" width=\"339\" height=\"971\" srcset=\"https:\/\/gyneobs.com\/site\/wp-content\/uploads\/2019\/06\/image-111.png 259w, https:\/\/gyneobs.com\/site\/wp-content\/uploads\/2019\/06\/image-111-105x300.png 105w, https:\/\/gyneobs.com\/site\/wp-content\/uploads\/2019\/06\/image-111-94x270.png 94w\" sizes=\"auto, (max-width: 339px) 100vw, 339px\" \/><\/figure>\n\n\n\n<figure class=\"wp-block-image is-resized\"><img loading=\"lazy\" decoding=\"async\" src=\"http:\/\/gyneobs.com\/site\/wp-content\/uploads\/2019\/06\/image-112.png\" alt=\"\" class=\"wp-image-349\" width=\"327\" height=\"892\" srcset=\"https:\/\/gyneobs.com\/site\/wp-content\/uploads\/2019\/06\/image-112.png 270w, https:\/\/gyneobs.com\/site\/wp-content\/uploads\/2019\/06\/image-112-110x300.png 110w, https:\/\/gyneobs.com\/site\/wp-content\/uploads\/2019\/06\/image-112-99x270.png 99w\" sizes=\"auto, (max-width: 327px) 100vw, 327px\" \/><\/figure>\n\n\n\n<figure class=\"wp-block-image is-resized\"><img loading=\"lazy\" decoding=\"async\" src=\"http:\/\/gyneobs.com\/site\/wp-content\/uploads\/2019\/06\/image-113.png\" alt=\"\" class=\"wp-image-350\" width=\"318\" height=\"986\" srcset=\"https:\/\/gyneobs.com\/site\/wp-content\/uploads\/2019\/06\/image-113.png 257w, https:\/\/gyneobs.com\/site\/wp-content\/uploads\/2019\/06\/image-113-97x300.png 97w, https:\/\/gyneobs.com\/site\/wp-content\/uploads\/2019\/06\/image-113-87x270.png 87w\" sizes=\"auto, (max-width: 318px) 100vw, 318px\" \/><\/figure>\n\n\n\n<figure class=\"wp-block-image is-resized\"><img loading=\"lazy\" decoding=\"async\" src=\"http:\/\/gyneobs.com\/site\/wp-content\/uploads\/2019\/06\/image-114.png\" alt=\"\" class=\"wp-image-351\" width=\"348\" height=\"962\" srcset=\"https:\/\/gyneobs.com\/site\/wp-content\/uploads\/2019\/06\/image-114.png 287w, https:\/\/gyneobs.com\/site\/wp-content\/uploads\/2019\/06\/image-114-109x300.png 109w, https:\/\/gyneobs.com\/site\/wp-content\/uploads\/2019\/06\/image-114-98x270.png 98w\" sizes=\"auto, (max-width: 348px) 100vw, 348px\" \/><\/figure>\n\n\n\n<figure class=\"wp-block-image is-resized\"><img loading=\"lazy\" decoding=\"async\" src=\"http:\/\/gyneobs.com\/site\/wp-content\/uploads\/2019\/06\/image-115.png\" alt=\"\" class=\"wp-image-352\" width=\"311\" height=\"785\" srcset=\"https:\/\/gyneobs.com\/site\/wp-content\/uploads\/2019\/06\/image-115.png 258w, https:\/\/gyneobs.com\/site\/wp-content\/uploads\/2019\/06\/image-115-119x300.png 119w, https:\/\/gyneobs.com\/site\/wp-content\/uploads\/2019\/06\/image-115-107x270.png 107w\" sizes=\"auto, (max-width: 311px) 100vw, 311px\" \/><\/figure>\n\n\n\n<figure class=\"wp-block-image is-resized\"><img loading=\"lazy\" decoding=\"async\" src=\"http:\/\/gyneobs.com\/site\/wp-content\/uploads\/2019\/06\/image-116.png\" alt=\"\" class=\"wp-image-353\" width=\"330\" height=\"854\" srcset=\"https:\/\/gyneobs.com\/site\/wp-content\/uploads\/2019\/06\/image-116.png 254w, https:\/\/gyneobs.com\/site\/wp-content\/uploads\/2019\/06\/image-116-116x300.png 116w, https:\/\/gyneobs.com\/site\/wp-content\/uploads\/2019\/06\/image-116-104x270.png 104w\" sizes=\"auto, (max-width: 330px) 100vw, 330px\" \/><\/figure>\n","protected":false},"excerpt":{"rendered":"<p>L\u2019hyst\u00e9roscopie diagnostique consiste \u00e0 visualiser l\u2019int\u00e9rieur de la cavit\u00e9 ut\u00e9rine \u00e0 l\u2019aide d\u2019une optique tr\u00e8s fine. Cet examen se fait normalement sans anesth\u00e9sie car il est pratiquement indolore et peut \u00eatre fait en consultation au cabinet du gyn\u00e9cologue. Dans quelles situations l\u2019hyst\u00e9roscopie diagnostique est-elle utile\u00a0? L\u2019hyst\u00e9roscopie est particuli\u00e8rement&nbsp; indiqu\u00e9e pour \u00e9lucider de nombreux probl\u00e8mes gyn\u00e9cologiques. [&hellip;]<\/p>\n","protected":false},"author":1,"featured_media":0,"parent":1305,"menu_order":1,"comment_status":"closed","ping_status":"closed","template":"","meta":{"_exactmetrics_skip_tracking":false,"_exactmetrics_sitenote_active":false,"_exactmetrics_sitenote_note":"","_exactmetrics_sitenote_category":0,"footnotes":""},"class_list":["post-341","page","type-page","status-publish","hentry","post"],"_links":{"self":[{"href":"https:\/\/gyneobs.com\/site\/wp-json\/wp\/v2\/pages\/341","targetHints":{"allow":["GET"]}}],"collection":[{"href":"https:\/\/gyneobs.com\/site\/wp-json\/wp\/v2\/pages"}],"about":[{"href":"https:\/\/gyneobs.com\/site\/wp-json\/wp\/v2\/types\/page"}],"author":[{"embeddable":true,"href":"https:\/\/gyneobs.com\/site\/wp-json\/wp\/v2\/users\/1"}],"replies":[{"embeddable":true,"href":"https:\/\/gyneobs.com\/site\/wp-json\/wp\/v2\/comments?post=341"}],"version-history":[{"count":1,"href":"https:\/\/gyneobs.com\/site\/wp-json\/wp\/v2\/pages\/341\/revisions"}],"predecessor-version":[{"id":354,"href":"https:\/\/gyneobs.com\/site\/wp-json\/wp\/v2\/pages\/341\/revisions\/354"}],"up":[{"embeddable":true,"href":"https:\/\/gyneobs.com\/site\/wp-json\/wp\/v2\/pages\/1305"}],"wp:attachment":[{"href":"https:\/\/gyneobs.com\/site\/wp-json\/wp\/v2\/media?parent=341"}],"curies":[{"name":"wp","href":"https:\/\/api.w.org\/{rel}","templated":true}]}}