{"id":310,"date":"2019-06-30T19:15:45","date_gmt":"2019-06-30T17:15:45","guid":{"rendered":"http:\/\/gyneobs.com\/site\/?page_id=310"},"modified":"2022-05-20T16:40:00","modified_gmt":"2022-05-20T14:40:00","slug":"vaginites-et-infections-vaginales","status":"publish","type":"page","link":"https:\/\/gyneobs.com\/site\/articles\/vulve-vagin-perinee\/vaginites-et-infections-vaginales\/","title":{"rendered":"Vaginites et infections vaginales"},"content":{"rendered":"\n<p class=\"has-drop-cap\">La vaginite est l&rsquo;inflammation du vagin, souvent associ\u00e9e \u00e0 l&rsquo;inflammation de la vulve, (vulvite), essentiellement d&rsquo;origine sexuellement transmissible. Elle ne doit pas \u00eatre confondue avec la vaginose qui, elle, n\u2019est pas sexuellement transmissible, et qui n\u2019est due qu\u2019\u00e0 un d\u00e9s\u00e9quilibre de la flore vaginale, m\u00eame si certaines vaginoses entra\u00eenent un certaine inflammation de la muqueuse vaginale.&nbsp; Car la vraie question est de ne pas confondre vaginose, c\u2019et-\u00e0-dire d\u00e9s\u00e9quilibre de la flore vaginale et infection pathog\u00e8ne du vagin, le plus souvent sexuellement transmissible.&nbsp;<\/p>\n\n\n\n<p>Le signe principal de la vaginite est la leucorrh\u00e9e (s\u00e9cr\u00e9tion blanch\u00e2tre dans le vagin). Celle-ci peut s&rsquo;accompagner de douleurs \u00e0 type de br\u00fblures locales, de prurit et de douleurs pendant les rapports (dyspareunie). Le partenaire doit \u00e9galement consulter le m\u00e9decin pour \u00eatre examin\u00e9 et \u00e9ventuellement trait\u00e9.<br>Les germes responsables des vaginites sont:<br>&nbsp;&nbsp;&nbsp; -Les Chlamydiae;<br>&nbsp;&nbsp;&nbsp; -Le Trichomonas;<br>&nbsp;&nbsp;&nbsp; -Le Gonocoque&nbsp;;<br>&nbsp;&nbsp;&nbsp; -Mycoplasma Genitalium.<br>Enfin il existe des vaginites non infectieuses.<\/p>\n\n\n\n<p><strong>Vaginites \u00e0 Chlamydiae<\/strong><br>Chlamydia Trachomatis est un micro-organismes qui vit dans les cellules et qui repr\u00e9sente la plus fr\u00e9quente des infections sexuellement transmissibles. Il est surtout fr\u00e9quent lors des premi\u00e8res ann\u00e9es de la vie sexuelle. Le probl\u00e8me est que sa pr\u00e9sence passe totalement inaper\u00e7ue car il est asymptomatique dans les \u00be des cas. Ce point est tr\u00e8s important et justifie des politiques de d\u00e9pistage syst\u00e9matique chez les sujets jeunes.<\/p>\n\n\n\n<p>De nouvelles recommandations de l&rsquo;ANAES en 2018 ont pr\u00e9cis\u00e9 les indications de d\u00e9pistage du Chlamydia:<\/p>\n\n\n\n<figure class=\"wp-block-image is-resized\"><img loading=\"lazy\" decoding=\"async\" src=\"http:\/\/gyneobs.com\/site\/wp-content\/uploads\/2019\/07\/Capture-d\u2019\u00e9cran-2019-07-08-\u00e0-16.19.31-2.png\" alt=\"\" class=\"wp-image-2230\" width=\"636\" height=\"647\" srcset=\"https:\/\/gyneobs.com\/site\/wp-content\/uploads\/2019\/07\/Capture-d\u2019\u00e9cran-2019-07-08-\u00e0-16.19.31-2.png 679w, https:\/\/gyneobs.com\/site\/wp-content\/uploads\/2019\/07\/Capture-d\u2019\u00e9cran-2019-07-08-\u00e0-16.19.31-2-295x300.png 295w\" sizes=\"auto, (max-width: 636px) 100vw, 636px\" \/><\/figure>\n\n\n\n<p><br>Lorsqu\u2019ils existent, les sympt\u00f4mes chez la femme peuvent \u00eatre ceux d\u2019une ur\u00e9trite discr\u00e8te faite de brulures mictionnelles. La localisation sur le col peut donner des leucorrh\u00e9es\u00a0 ou des saignements provoqu\u00e9s. Parfois, mais pas toujours, la localisation cervicale peut \u00eatre le point de d\u00e9part d\u2019une infection g\u00e9nitale haute c\u2019est-\u00e0-dire d\u2019une salpingitesalpingite, dans environ 20% des cas.<br>Le diagnostic repose sur le pr\u00e9l\u00e8vement par PCR (Polymerase Chain Reaction) au niveau du col, mais tout aussi bien au niveau du vagin ou sur un premier jet d\u2019urines.<br>En l\u2019absence de salpingite, le traitement des inf\u00e9ctions g\u00e9nitales basses a Chlamydiae consiste en une prise orale unique d\u2019un gramme d\u2019Azytromycine. <\/p>\n\n\n\n<ul class=\"wp-block-list\"><li>les infections&nbsp;\u00e0 Clamydia, qu&rsquo;elles&nbsp;se manifestent par&nbsp;des sympt\u00f4mes ou non,&nbsp;sont trait\u00e9es en premi\u00e8re intention par l\u2019azithromycine en dose unique d\u20191 gramme ou par la doxycycline 100 mg, deux fois par jour pendant 7 jours&nbsp;;<\/li><li>l&rsquo;infection \u00e0 Clamydia chez la femme enceinte&nbsp;est trait\u00e9e par l\u2019azithromycine en dose unique d\u20191 gramme ou par l&rsquo;\u00e9rythromycine 500 mg, deux fois par jour pendant 14 jours&nbsp;;<\/li><li>un autre antibiotique (une injection intramusculaire de 500 mg de ceftriaxone)&nbsp;est ajout\u00e9 en cas d&rsquo;infection simultan\u00e9e par le gonocoque ;<\/li><li>le traitement&nbsp;de la lymphogranulomatose v\u00e9n\u00e9rienne (LGV) est plus long et n\u00e9cessite un traitement antibiotique de 3 \u00e0 4 semaines.<\/li><\/ul>\n\n\n\n<p><strong>Vaginites \u00e0 Trichomonas<\/strong><br>Transmis uniquement par voie sexuelle, Trichomonas vaginalis donne une vaginite tr\u00e8s prurigineuse avec des leucorrhees verd\u00e2tres et bulleuses. Il est a noter que les hommes qui en sont porteurs sont totalement asymptomatiques.<br>Le diagnostic se fait en examinant un pr\u00e9l\u00e8vement frais au microscope au faible grossissement qui montre le protozoaire.<br>Le traitement repose sur le m\u00e9tronidazole a la dose de 2 grammes par os en dose unique. Il est alors conseille de ne pas consommer de boissons alcooliques durant le traitement au m\u00e9tronidazole ni dans les 48 heures qui suivent. Il faut eviter les rapports sexuels sans pr\u00e9servatif jusqu&rsquo;\u00e0 la gu\u00e9rison (clinique ou parasitologique) Le traitement par m\u00e9tronidazole n&rsquo;est pas contre-indiqu\u00e9 pendant la grossesse, \u00e0 tous les stades, ni pendant l&rsquo;allaitement.<\/p>\n\n\n\n<p><strong>Vaginite Gonococcique<\/strong><br>La blennorragie est due au gonocoque. Il s&rsquo;agit de la plus ancienne des maladies v\u00e9n\u00e9riennes connues se transmettant lors des rapports sexuels g\u00e9nitaux et buccaux. Les sympt\u00f4mes apparaissent deux a cinq jours apr\u00e8s un rapport sexuel. La m\u00e8re peut \u00e9galement infecter son enfant lors de l&rsquo;accouchement. La blennorragie ou infection \u00e0 gonocoques ou encore \u00abchaude-pisse\u00bb, est une maladie sexuellement transmissible tr\u00e8s contagieuse. Elle se manifeste essentiellement par une ur\u00e9trite chez l&rsquo;homme et une infection g\u00e9nitale (vaginite, cervicite, endom\u00e9trite) chez la femme. L&rsquo;existence fr\u00e9quente de formes asymptomatiques (sans signe clinique) chez la femme favorise la diss\u00e9mination de l&rsquo;infection.<br>La leucorrh\u00e9e est abondante, purulente, verd\u00e2tre. Cependant, la femme est asymptomatique dans 50 % \u00e0 80 % des cas. En l&rsquo;absence de traitement, le portage peut durer plusieurs mois. Ces infections peuvent \u00eatre \u00e0 l&rsquo;origine de grossesses extra-ut\u00e9rines ou d&rsquo;infertilit\u00e9 tubaire. Le diagnostic est fait par le pr\u00e9l\u00e8vement bact\u00e9riologique.<br>Le traitement se fait par l&rsquo;administration d&rsquo;antibiotiques, soit par voie orale (comprim\u00e9s), soit par injection intramusculaire. Il existe un traitement \u00abminute\u00bb qui consiste \u00e0 prendre la dose n\u00e9cessaire en une seule fois.<br>Il est indispensable de d\u00e9pister et de traiter simultan\u00e9ment tous les partenaires, s&rsquo;ils sont infect\u00e9s.<br>La seule pr\u00e9vention possible est aujourd&rsquo;hui repr\u00e9sent\u00e9e par le pr\u00e9servatif.<br><\/p>\n\n\n\n<p><br><strong>Vaginite \u00e0 Mycoplasma Genitalium<\/strong><br>Contrairement \u00e0 Mycoplasma Hominis et Ureaplasma Urealyticum, Mycoplasma Genitalium semble posseder un pouvoir pathog\u00e8ne indiscutable. Il serait le seul vrai Mycoplasme pathog\u00e8ne. Il est actuellement mis en \u00e9vidence par des methodes PCR. Il est transmis par voie sexuelle. L\u2019infection est souvent asymptomatique ou sinon se manifeste par une uretrite ou une cervicite, donc sans rien de vraiment sp\u00e9cifique.<br>Le traitement de Mycoplasma&nbsp; genitalium repose sur les cyclines pendant quinze jours.<br><\/p>\n\n\n\n<p><strong>Vaginites non infectieuses<\/strong><\/p>\n\n\n\n<p><strong>On peut citer:<\/strong><br>&nbsp;&nbsp;&nbsp; -Les infections opportunistes. Ce peut \u00eatre une mycose (champignon) qui fait souvent suite \u00e0 un ou des traitements antibiotiques. Parfois la contamination peut \u00eatre de proximit\u00e9 : les bact\u00e9ries normalement contenues dans le tube digestif, un pantalon trop serr\u00e9 peut faciliter une migration du rectum vers le vagin, idem pour des rapports ano-rectaux. Une cystite peut aussi \u00eatre en cause dans une vaginite, et r\u00e9ciproquement. Nous avons vu ailleurs sur ce site qu\u2019il est pr\u00e9f\u00e9rable de qualifier ces inflammations du vagin de vaginoses pour bien les diff\u00e9rencier des vaginites sexuellement transmissibles.<\/p>\n\n\n\n<p>&nbsp;&nbsp;&nbsp; -Les atrophies de la muqueuse li\u00e9es \u00e0 des carences hormonales. L&rsquo;atrophie de la muqueuse vaginale la fragilise et favorise la greffe de bact\u00e9ries, de virus ou de mycose. La muqueuse \u00e9tant stimul\u00e9e par l&rsquo;impr\u00e9gnation hormonale, on voit ce probl\u00e8me chez les femmes m\u00e9nopaus\u00e9es.&nbsp;<\/p>\n\n\n\n<p>&nbsp;&nbsp;&nbsp; -Les l\u00e9sions toxiques li\u00e9es \u00e0 des agents lavant irritants. La muqueuse vaginale est une muqueuse plus fragile que la peau. Les s\u00e9cr\u00e9tions muqueuses normales la prot\u00e8gent. L&rsquo;usage de produits tr\u00e8s d\u00e9capants (savon, gels douche) ou parfum\u00e9s peuvent l&rsquo;irriter. Les risques sont l&rsquo;irritation simple, l&rsquo;ecz\u00e9matisation (allergie aux produits), l&rsquo;infection par fragilisation de la barri\u00e8re muqueuse.<\/p>\n\n\n\n<p>&nbsp;&nbsp;&nbsp; -Les corps \u00e9trangers intra-vaginaux. Il faut toujours penser \u00e0 cette possibilit\u00e9, en particulier chez les jeunes enfants.<\/p>\n\n\n\n<p>&nbsp;&nbsp;&nbsp; -Les oxyures (petits vers) chez les enfants.<\/p>\n\n\n\n<p><\/p>\n","protected":false},"excerpt":{"rendered":"<p>La vaginite est l&rsquo;inflammation du vagin, souvent associ\u00e9e \u00e0 l&rsquo;inflammation de la vulve, (vulvite), essentiellement d&rsquo;origine sexuellement transmissible. Elle ne doit pas \u00eatre confondue avec la vaginose qui, elle, n\u2019est pas sexuellement transmissible, et qui n\u2019est due qu\u2019\u00e0 un d\u00e9s\u00e9quilibre de la flore vaginale, m\u00eame si certaines vaginoses entra\u00eenent un certaine inflammation de la muqueuse [&hellip;]<\/p>\n","protected":false},"author":1,"featured_media":0,"parent":1301,"menu_order":2,"comment_status":"closed","ping_status":"closed","template":"","meta":{"_exactmetrics_skip_tracking":false,"_exactmetrics_sitenote_active":false,"_exactmetrics_sitenote_note":"","_exactmetrics_sitenote_category":0,"footnotes":""},"class_list":["post-310","page","type-page","status-publish","hentry","post"],"_links":{"self":[{"href":"https:\/\/gyneobs.com\/site\/wp-json\/wp\/v2\/pages\/310","targetHints":{"allow":["GET"]}}],"collection":[{"href":"https:\/\/gyneobs.com\/site\/wp-json\/wp\/v2\/pages"}],"about":[{"href":"https:\/\/gyneobs.com\/site\/wp-json\/wp\/v2\/types\/page"}],"author":[{"embeddable":true,"href":"https:\/\/gyneobs.com\/site\/wp-json\/wp\/v2\/users\/1"}],"replies":[{"embeddable":true,"href":"https:\/\/gyneobs.com\/site\/wp-json\/wp\/v2\/comments?post=310"}],"version-history":[{"count":5,"href":"https:\/\/gyneobs.com\/site\/wp-json\/wp\/v2\/pages\/310\/revisions"}],"predecessor-version":[{"id":2787,"href":"https:\/\/gyneobs.com\/site\/wp-json\/wp\/v2\/pages\/310\/revisions\/2787"}],"up":[{"embeddable":true,"href":"https:\/\/gyneobs.com\/site\/wp-json\/wp\/v2\/pages\/1301"}],"wp:attachment":[{"href":"https:\/\/gyneobs.com\/site\/wp-json\/wp\/v2\/media?parent=310"}],"curies":[{"name":"wp","href":"https:\/\/api.w.org\/{rel}","templated":true}]}}