{"id":2524,"date":"2019-12-12T15:51:55","date_gmt":"2019-12-12T14:51:55","guid":{"rendered":"http:\/\/gyneobs.com\/site\/?page_id=2524"},"modified":"2019-12-12T15:51:55","modified_gmt":"2019-12-12T14:51:55","slug":"lechographie-perineale","status":"publish","type":"page","link":"https:\/\/gyneobs.com\/site\/articles\/vulve-vagin-perinee\/lechographie-perineale\/","title":{"rendered":"L&rsquo;\u00e9chographie p\u00e9rin\u00e9ale"},"content":{"rendered":"\n<p>Examen simple trop souvent m\u00e9connu, permettant d\u2019appr\u00e9cier la qualit\u00e9 du p\u00e9rin\u00e9e (releveurs et sphincter anal) ainsi que le contr\u00f4le des bandelettes sous-ur\u00e9trales (TOT).<\/p>\n\n\n\n<figure class=\"wp-block-image size-large is-resized\"><img loading=\"lazy\" decoding=\"async\" src=\"https:\/\/gyneobs.com\/site\/wp-content\/uploads\/2019\/12\/Capture-d\u2019\u00e9cran-2019-12-12-\u00e0-15.49.52.png\" alt=\"\" class=\"wp-image-2525\" width=\"585\" height=\"278\" srcset=\"https:\/\/gyneobs.com\/site\/wp-content\/uploads\/2019\/12\/Capture-d\u2019\u00e9cran-2019-12-12-\u00e0-15.49.52.png 800w, https:\/\/gyneobs.com\/site\/wp-content\/uploads\/2019\/12\/Capture-d\u2019\u00e9cran-2019-12-12-\u00e0-15.49.52-300x143.png 300w, https:\/\/gyneobs.com\/site\/wp-content\/uploads\/2019\/12\/Capture-d\u2019\u00e9cran-2019-12-12-\u00e0-15.49.52-768x366.png 768w\" sizes=\"auto, (max-width: 585px) 100vw, 585px\" \/><\/figure>\n\n\n\n<p>Le p\u00e9rin\u00e9e peut \u00eatre reconstruit en 3D pour analyser la sym\u00e9trie et l\u2019\u00e9paisseur des releveurs et l\u2019angle p\u00e9rin\u00e9al.<\/p>\n\n\n\n<figure class=\"wp-block-image size-large\"><img loading=\"lazy\" decoding=\"async\" width=\"870\" height=\"663\" src=\"https:\/\/gyneobs.com\/site\/wp-content\/uploads\/2019\/12\/Capture-d\u2019\u00e9cran-2019-12-12-\u00e0-15.50.53.png\" alt=\"\" class=\"wp-image-2526\" srcset=\"https:\/\/gyneobs.com\/site\/wp-content\/uploads\/2019\/12\/Capture-d\u2019\u00e9cran-2019-12-12-\u00e0-15.50.53.png 870w, https:\/\/gyneobs.com\/site\/wp-content\/uploads\/2019\/12\/Capture-d\u2019\u00e9cran-2019-12-12-\u00e0-15.50.53-300x229.png 300w, https:\/\/gyneobs.com\/site\/wp-content\/uploads\/2019\/12\/Capture-d\u2019\u00e9cran-2019-12-12-\u00e0-15.50.53-768x585.png 768w\" sizes=\"auto, (max-width: 870px) 100vw, 870px\" \/><\/figure>\n\n\n\n<p>Apr\u00e8s cure d\u2019incontinence urinaire d\u2019effort par pose de bandelette sous-ur\u00e9trale, en \u00e9chographie 2D, l\u2019extr\u00e9mit\u00e9 de la bandelette sous-ur\u00e9trale est situ\u00e9e dans le tiers moyen de la longueur de l\u2019ur\u00e8tre.<br>En reconstruction 3D, la bandelette appara\u00eet bien \u00e9tal\u00e9e, sans twist, ni asym\u00e9trie d\u2019insertion. Elle doit se situer id\u00e9alement dans le tiers moyen entre l\u2019orifice proximal et l\u2019orifice distal de l\u2019ur\u00e8tre.<\/p>\n\n\n\n<figure class=\"wp-block-image size-large\"><img loading=\"lazy\" decoding=\"async\" width=\"512\" height=\"474\" src=\"https:\/\/gyneobs.com\/site\/wp-content\/uploads\/2019\/12\/Capture-d\u2019\u00e9cran-2019-12-12-\u00e0-15.51.32.png\" alt=\"\" class=\"wp-image-2527\" srcset=\"https:\/\/gyneobs.com\/site\/wp-content\/uploads\/2019\/12\/Capture-d\u2019\u00e9cran-2019-12-12-\u00e0-15.51.32.png 512w, https:\/\/gyneobs.com\/site\/wp-content\/uploads\/2019\/12\/Capture-d\u2019\u00e9cran-2019-12-12-\u00e0-15.51.32-300x278.png 300w\" sizes=\"auto, (max-width: 512px) 100vw, 512px\" \/><\/figure>\n","protected":false},"excerpt":{"rendered":"<p>Examen simple trop souvent m\u00e9connu, permettant d\u2019appr\u00e9cier la qualit\u00e9 du p\u00e9rin\u00e9e (releveurs et sphincter anal) ainsi que le contr\u00f4le des bandelettes sous-ur\u00e9trales (TOT). Le p\u00e9rin\u00e9e peut \u00eatre reconstruit en 3D pour analyser la sym\u00e9trie et l\u2019\u00e9paisseur des releveurs et l\u2019angle p\u00e9rin\u00e9al. Apr\u00e8s cure d\u2019incontinence urinaire d\u2019effort par pose de bandelette sous-ur\u00e9trale, en \u00e9chographie 2D, l\u2019extr\u00e9mit\u00e9 [&hellip;]<\/p>\n","protected":false},"author":1,"featured_media":0,"parent":1301,"menu_order":7,"comment_status":"closed","ping_status":"closed","template":"","meta":{"_exactmetrics_skip_tracking":false,"_exactmetrics_sitenote_active":false,"_exactmetrics_sitenote_note":"","_exactmetrics_sitenote_category":0,"footnotes":""},"class_list":["post-2524","page","type-page","status-publish","hentry","post"],"_links":{"self":[{"href":"https:\/\/gyneobs.com\/site\/wp-json\/wp\/v2\/pages\/2524","targetHints":{"allow":["GET"]}}],"collection":[{"href":"https:\/\/gyneobs.com\/site\/wp-json\/wp\/v2\/pages"}],"about":[{"href":"https:\/\/gyneobs.com\/site\/wp-json\/wp\/v2\/types\/page"}],"author":[{"embeddable":true,"href":"https:\/\/gyneobs.com\/site\/wp-json\/wp\/v2\/users\/1"}],"replies":[{"embeddable":true,"href":"https:\/\/gyneobs.com\/site\/wp-json\/wp\/v2\/comments?post=2524"}],"version-history":[{"count":1,"href":"https:\/\/gyneobs.com\/site\/wp-json\/wp\/v2\/pages\/2524\/revisions"}],"predecessor-version":[{"id":2528,"href":"https:\/\/gyneobs.com\/site\/wp-json\/wp\/v2\/pages\/2524\/revisions\/2528"}],"up":[{"embeddable":true,"href":"https:\/\/gyneobs.com\/site\/wp-json\/wp\/v2\/pages\/1301"}],"wp:attachment":[{"href":"https:\/\/gyneobs.com\/site\/wp-json\/wp\/v2\/media?parent=2524"}],"curies":[{"name":"wp","href":"https:\/\/api.w.org\/{rel}","templated":true}]}}