{"id":20,"date":"2019-06-23T21:13:04","date_gmt":"2019-06-23T19:13:04","guid":{"rendered":"http:\/\/gyneobs.com\/site\/?page_id=20"},"modified":"2019-07-02T15:08:08","modified_gmt":"2019-07-02T13:08:08","slug":"cancer-du-sein-et-mammologie","status":"publish","type":"page","link":"https:\/\/gyneobs.com\/site\/oncologie\/cancer-du-sein-et-mammologie\/","title":{"rendered":"CANCER DU SEIN ET MAMMOLOGIE"},"content":{"rendered":"\n<div class=\"wp-block-image\"><figure class=\"alignleft\"><img loading=\"lazy\" decoding=\"async\" width=\"105\" height=\"122\" src=\"http:\/\/gyneobs.com\/site\/wp-content\/uploads\/2019\/06\/image-1.png\" alt=\"\" class=\"wp-image-21\"\/><\/figure><\/div>\n\n\n\n<p><em>Le cancer du sein est le plus fr\u00e9quent des cancers de la femme&nbsp; (on admet qu\u2019il touche une femme sur 9 ). Son d\u00e9pistage, son<\/em> <em>diagnostic et son traitement n\u00e9cessitent une organisation et une prise en charge sp\u00e9cifique et multidisciplinaire gr\u00e2ce \u00e0 laquelle on parvient aujourd\u2019hui \u00e0 gu\u00e9rir plus de 80% des cancers du sein tout en \u00e9vitant des s\u00e9quelles esth\u00e9tiques disgracieuses. Les progr\u00e8s actuels portent sur la biologie mol\u00e9culaire, sur la g\u00e9nomique, sur l\u2019oncoplastie, le lipofilling&nbsp; et sur la possibilit\u00e9&nbsp; de traitements en un temps avec reconstruction imm\u00e9diate. la g\u00e9nomique permet de mieux d\u00e9finir les indications de chimioth\u00e9rapies et d\u2019\u00e9viter bon nombre de chimios inutiles; la reconstruction imm\u00e9diate pour la plupart des cancers exige des interventions beaucoup plus longues. Ces deux derni\u00e8res avanc\u00e9es ne sont malhereusement pas encore accessibles partout.<\/em><\/p>\n\n\n\n<p><em>Ce gros chapitre traite ensuite des pathologies b\u00e9nignes du sein.<\/em><\/p>\n\n\n<p><div id=\"ccchildpages-1\" class=\"ccchildpages  simple ccclearfix\"><ul class=\"ccchildpages_list ccclearfix\"><li class=\"page_item page-item-1335 page_item_has_children\"><a href=\"https:\/\/gyneobs.com\/site\/oncologie\/cancer-du-sein-et-mammologie\/diagnostic\/\">DIAGNOSTIC<\/a><\/li>\n<li class=\"page_item page-item-1338 page_item_has_children\"><a href=\"https:\/\/gyneobs.com\/site\/oncologie\/cancer-du-sein-et-mammologie\/traitements\/\">TRAITEMENTS<\/a><\/li>\n<li class=\"page_item page-item-1340 page_item_has_children\"><a href=\"https:\/\/gyneobs.com\/site\/oncologie\/cancer-du-sein-et-mammologie\/pathologies-benignes\/\">PATHOLOGIES B\u00c9NIGNES<\/a><\/li><\/ul><\/div><br \/>\n<div id=\"ccchildpages-2\" class=\"ccchildpages threecol simple ccclearfix\"><div class=\"ccchildpage  ccfirst ccodd ccpage-count-1 ccpage-id-1335 ccpage-diagnostic ccpage-has-parent ccpage-pid-20 ccpage-parent-cancer-du-sein-et-mammologie\"><h3>DIAGNOSTIC<\/h3><div class=\"ccpages_excerpt\"><\/div><p class=\"ccpages_more\"><a href=\"https:\/\/gyneobs.com\/site\/oncologie\/cancer-du-sein-et-mammologie\/diagnostic\/\"  title=\"Plus ...\">Plus ...<\/a><\/p><\/div><div class=\"ccchildpage  cceven ccpage-count-2 ccpage-id-1338 ccpage-traitements ccpage-has-parent ccpage-pid-20 ccpage-parent-cancer-du-sein-et-mammologie\"><h3>TRAITEMENTS<\/h3><div class=\"ccpages_excerpt\"><\/div><p class=\"ccpages_more\"><a href=\"https:\/\/gyneobs.com\/site\/oncologie\/cancer-du-sein-et-mammologie\/traitements\/\"  title=\"Plus ...\">Plus ...<\/a><\/p><\/div><div class=\"ccchildpage  cclast ccodd ccpage-count-3 ccpage-id-1340 ccpage-pathologies-benignes ccpage-has-parent ccpage-pid-20 ccpage-parent-cancer-du-sein-et-mammologie\"><h3>PATHOLOGIES B\u00c9NIGNES<\/h3><div class=\"ccpages_excerpt\"><\/div><p class=\"ccpages_more\"><a href=\"https:\/\/gyneobs.com\/site\/oncologie\/cancer-du-sein-et-mammologie\/pathologies-benignes\/\"  title=\"Plus ...\">Plus ...<\/a><\/p><\/div><\/div><\/p>\n","protected":false},"excerpt":{"rendered":"<p>Le cancer du sein est le plus fr\u00e9quent des cancers de la femme&nbsp; (on admet qu\u2019il touche une femme sur 9 ). Son d\u00e9pistage, son diagnostic et son traitement n\u00e9cessitent une organisation et une prise en charge sp\u00e9cifique et multidisciplinaire gr\u00e2ce \u00e0 laquelle on parvient aujourd\u2019hui \u00e0 gu\u00e9rir plus de 80% des cancers du sein [&hellip;]<\/p>\n","protected":false},"author":1,"featured_media":0,"parent":1322,"menu_order":0,"comment_status":"closed","ping_status":"closed","template":"","meta":{"_exactmetrics_skip_tracking":false,"_exactmetrics_sitenote_active":false,"_exactmetrics_sitenote_note":"","_exactmetrics_sitenote_category":0,"footnotes":""},"class_list":["post-20","page","type-page","status-publish","hentry","post"],"_links":{"self":[{"href":"https:\/\/gyneobs.com\/site\/wp-json\/wp\/v2\/pages\/20","targetHints":{"allow":["GET"]}}],"collection":[{"href":"https:\/\/gyneobs.com\/site\/wp-json\/wp\/v2\/pages"}],"about":[{"href":"https:\/\/gyneobs.com\/site\/wp-json\/wp\/v2\/types\/page"}],"author":[{"embeddable":true,"href":"https:\/\/gyneobs.com\/site\/wp-json\/wp\/v2\/users\/1"}],"replies":[{"embeddable":true,"href":"https:\/\/gyneobs.com\/site\/wp-json\/wp\/v2\/comments?post=20"}],"version-history":[{"count":4,"href":"https:\/\/gyneobs.com\/site\/wp-json\/wp\/v2\/pages\/20\/revisions"}],"predecessor-version":[{"id":580,"href":"https:\/\/gyneobs.com\/site\/wp-json\/wp\/v2\/pages\/20\/revisions\/580"}],"up":[{"embeddable":true,"href":"https:\/\/gyneobs.com\/site\/wp-json\/wp\/v2\/pages\/1322"}],"wp:attachment":[{"href":"https:\/\/gyneobs.com\/site\/wp-json\/wp\/v2\/media?parent=20"}],"curies":[{"name":"wp","href":"https:\/\/api.w.org\/{rel}","templated":true}]}}