{"id":2,"date":"2019-06-23T17:30:51","date_gmt":"2019-06-23T15:30:51","guid":{"rendered":"http:\/\/gyneobs.com\/site\/?page_id=2"},"modified":"2019-07-01T18:56:46","modified_gmt":"2019-07-01T16:56:46","slug":"page-d-exemple","status":"publish","type":"page","link":"https:\/\/gyneobs.com\/site\/","title":{"rendered":"www.gyneobs.com"},"content":{"rendered":"\n<div class=\"wp-block-image\"><figure class=\"alignleft\"><img loading=\"lazy\" decoding=\"async\" width=\"129\" height=\"145\" src=\"http:\/\/gyneobs.com\/site\/wp-content\/uploads\/2019\/06\/image.png\" alt=\"\" class=\"wp-image-10\"\/><figcaption>Docteur Jacques PETER<br>Chirurgien et Gyn\u00e9cologue-Obst\u00e9tricien\u00a0<\/figcaption><\/figure><\/div>\n\n\n\n<p>Bienvenue sur\u00a0gyneobs.com, le site du docteur Jacques PETER, gyn\u00e9cologue-obst\u00e9tricien fran\u00e7ais.<\/p>\n\n\n\n<p>Vous \u00eates sur un site m\u00e9dical qui s&rsquo;adresse en premier lieu au grand public mais il contient parfois des informations assez compl\u00e8tes et forc\u00e9ment parfois tr\u00e8s techniques qui le font s&rsquo;adresser \u00e9galement aux membres de professions de sant\u00e9. Il a pour but de donner \u00e0 tous ceux qui s\u2019y int\u00e9ressent, des informations sur la gyn\u00e9cologie, le suivi de grossesse, la chirurgie gyn\u00e9cologique, la mammologie et la st\u00e9rilit\u00e9.<\/p>\n\n\n\n<p>Les donn\u00e9es qu&rsquo;il contient sont le fruit de la longue exp\u00e9rience professionnelle et de la mise \u00e0 jour permanente des connaissances de son auteur.<\/p>\n\n\n\n<p class=\"has-text-color has-vivid-red-color\">Mais attention,\u00a0ce site ne remplace en aucun cas\u00a0une consultation m\u00e9dicale\u00a0et\u00a0les informations fournies n&rsquo;ont pour but que de compl\u00e9ter\u00a0ou de pr\u00e9ciser\u00a0certaines informations \u00e9chang\u00e9es lors de consultations.\u00a0<\/p>\n\n\n\n<p>Ce site ne re\u00e7oit aucun fond publicitaire et il est&nbsp;totalement libre de toute influence commerciale. Le contenu est enti\u00e8rement r\u00e9dig\u00e9 et r\u00e9guli\u00e8rement mis \u00e0 jour par le docteur Peter.<\/p>\n","protected":false},"excerpt":{"rendered":"<p>Bienvenue sur\u00a0gyneobs.com, le site du docteur Jacques PETER, gyn\u00e9cologue-obst\u00e9tricien fran\u00e7ais. Vous \u00eates sur un site m\u00e9dical qui s&rsquo;adresse en premier lieu au grand public mais il contient parfois des informations assez compl\u00e8tes et forc\u00e9ment parfois tr\u00e8s techniques qui le font s&rsquo;adresser \u00e9galement aux membres de professions de sant\u00e9. Il a pour but de donner \u00e0 [&hellip;]<\/p>\n","protected":false},"author":1,"featured_media":0,"parent":0,"menu_order":0,"comment_status":"closed","ping_status":"open","template":"","meta":{"_exactmetrics_skip_tracking":false,"_exactmetrics_sitenote_active":false,"_exactmetrics_sitenote_note":"","_exactmetrics_sitenote_category":0,"footnotes":""},"class_list":["post-2","page","type-page","status-publish","hentry","post"],"_links":{"self":[{"href":"https:\/\/gyneobs.com\/site\/wp-json\/wp\/v2\/pages\/2","targetHints":{"allow":["GET"]}}],"collection":[{"href":"https:\/\/gyneobs.com\/site\/wp-json\/wp\/v2\/pages"}],"about":[{"href":"https:\/\/gyneobs.com\/site\/wp-json\/wp\/v2\/types\/page"}],"author":[{"embeddable":true,"href":"https:\/\/gyneobs.com\/site\/wp-json\/wp\/v2\/users\/1"}],"replies":[{"embeddable":true,"href":"https:\/\/gyneobs.com\/site\/wp-json\/wp\/v2\/comments?post=2"}],"version-history":[{"count":2,"href":"https:\/\/gyneobs.com\/site\/wp-json\/wp\/v2\/pages\/2\/revisions"}],"predecessor-version":[{"id":11,"href":"https:\/\/gyneobs.com\/site\/wp-json\/wp\/v2\/pages\/2\/revisions\/11"}],"wp:attachment":[{"href":"https:\/\/gyneobs.com\/site\/wp-json\/wp\/v2\/media?parent=2"}],"curies":[{"name":"wp","href":"https:\/\/api.w.org\/{rel}","templated":true}]}}