{"id":1667,"date":"2019-07-06T15:34:03","date_gmt":"2019-07-06T13:34:03","guid":{"rendered":"http:\/\/gyneobs.com\/site\/?page_id=1667"},"modified":"2019-07-06T15:34:04","modified_gmt":"2019-07-06T13:34:04","slug":"la-chirurgie-ambulatoire","status":"publish","type":"page","link":"https:\/\/gyneobs.com\/site\/articles\/chirurgie-gynecologique\/la-chirurgie-ambulatoire\/","title":{"rendered":"La chirurgie ambulatoire"},"content":{"rendered":"\n<p class=\"has-drop-cap\">La chirurgie ambulatoire concerne des op\u00e9rations, en principe sous anesth\u00e9sie g\u00e9n\u00e9rale, pour lesquelles le patient ne reste hospitalis\u00e9 que quelques heures sans passer la nuit dans l\u2019\u00e9tablissement de soins.<\/p>\n\n\n\n<p>RECOMMANDATIONS AU PATIENT<\/p>\n\n\n\n<p>Avant l\u2019intervention&nbsp;:<\/p>\n\n\n\n<p>Pr\u00e9venir le m\u00e9decin de toute modification de l\u2019\u00e9tat de sant\u00e9, notamment d\u2019une grossesse \u00e9ventuelle.<\/p>\n\n\n\n<p>Le jour de l\u2019intervention&nbsp;:<\/p>\n\n\n\n<p>Etre \u00e0 jeun six heures avant l\u2019admission.<\/p>\n\n\n\n<p>Ne pas absorber d\u2019alcool, ne pas fumer douze heures avant votre admission.<\/p>\n\n\n\n<p>Les m\u00e9dicaments habituellement prescrits et autoris\u00e9s par l\u2019anesth\u00e9siste, peuvent \u00eatre pris avec une seule gorg\u00e9e d\u2019eau.<\/p>\n\n\n\n<p>Prendre une douche avant de vous rendre \u00e0 la clinique.<\/p>\n\n\n\n<p>Ne pas mettre de rouge \u00e0 l\u00e8vres, vernis \u00e0 ongles, verres de contact.<\/p>\n\n\n\n<p>Ne pas emporter de bijou ou objet de valeur.<\/p>\n\n\n\n<p>Respectez avec pr\u00e9cision l\u2019heure d\u2019entr\u00e9e qui vous a \u00e9t\u00e9 fix\u00e9e.<\/p>\n\n\n\n<p>Apr\u00e8s l\u2019intervention&nbsp;:<\/p>\n\n\n\n<p>La sortie n\u2019est possible que si elle est autoris\u00e9e par l\u2019anesth\u00e9siste et\/ou votre chirurgien.<\/p>\n\n\n\n<p>Pr\u00e9voir une \u00e9ventuelle hospitalisation.<\/p>\n\n\n\n<p>il est interdit de&nbsp;:<\/p>\n\n\n\n<p>-quitter la clinique seul le soir de l\u2019intervention (pour un enfant, l\u2019accompagnateur ne doit pas \u00eatre celui qui conduit)&nbsp;;<\/p>\n\n\n\n<p>-conduire un v\u00e9hicule ou utiliser un appareil potentiellement dangereux durant 24 heures&nbsp;;<\/p>\n\n\n\n<p>-consommer de l\u2019alcool, manger en exc\u00e8s le soir de l\u2019intervention, absorber des somnif\u00e8res ou des tranquillisants, prendre des m\u00e9dicaments autres que ceux prescrits.<\/p>\n\n\n\n<p>Eviter de regarder la t\u00e9l\u00e9vision le premier soir, de prendre des d\u00e9cisions importantes pendant quelques jours (signature de ch\u00e8que d\u2019un montant \u00e9lev\u00e9, achats de grande valeur).<\/p>\n\n\n\n<p>EN CAS DE PROBLEME, JOINDRE VOTRE CHIRURGIEN AU NUMERO&nbsp;QUI VOUS SERA COMMUNIQU\u00c9. &nbsp;<br><\/p>\n","protected":false},"excerpt":{"rendered":"<p>La chirurgie ambulatoire concerne des op\u00e9rations, en principe sous anesth\u00e9sie g\u00e9n\u00e9rale, pour lesquelles le patient ne reste hospitalis\u00e9 que quelques heures sans passer la nuit dans l\u2019\u00e9tablissement de soins. RECOMMANDATIONS AU PATIENT Avant l\u2019intervention&nbsp;: Pr\u00e9venir le m\u00e9decin de toute modification de l\u2019\u00e9tat de sant\u00e9, notamment d\u2019une grossesse \u00e9ventuelle. Le jour de l\u2019intervention&nbsp;: Etre \u00e0 jeun [&hellip;]<\/p>\n","protected":false},"author":1,"featured_media":0,"parent":1665,"menu_order":0,"comment_status":"closed","ping_status":"closed","template":"","meta":{"_exactmetrics_skip_tracking":false,"_exactmetrics_sitenote_active":false,"_exactmetrics_sitenote_note":"","_exactmetrics_sitenote_category":0,"footnotes":""},"class_list":["post-1667","page","type-page","status-publish","hentry","post"],"_links":{"self":[{"href":"https:\/\/gyneobs.com\/site\/wp-json\/wp\/v2\/pages\/1667","targetHints":{"allow":["GET"]}}],"collection":[{"href":"https:\/\/gyneobs.com\/site\/wp-json\/wp\/v2\/pages"}],"about":[{"href":"https:\/\/gyneobs.com\/site\/wp-json\/wp\/v2\/types\/page"}],"author":[{"embeddable":true,"href":"https:\/\/gyneobs.com\/site\/wp-json\/wp\/v2\/users\/1"}],"replies":[{"embeddable":true,"href":"https:\/\/gyneobs.com\/site\/wp-json\/wp\/v2\/comments?post=1667"}],"version-history":[{"count":1,"href":"https:\/\/gyneobs.com\/site\/wp-json\/wp\/v2\/pages\/1667\/revisions"}],"predecessor-version":[{"id":1668,"href":"https:\/\/gyneobs.com\/site\/wp-json\/wp\/v2\/pages\/1667\/revisions\/1668"}],"up":[{"embeddable":true,"href":"https:\/\/gyneobs.com\/site\/wp-json\/wp\/v2\/pages\/1665"}],"wp:attachment":[{"href":"https:\/\/gyneobs.com\/site\/wp-json\/wp\/v2\/media?parent=1667"}],"curies":[{"name":"wp","href":"https:\/\/api.w.org\/{rel}","templated":true}]}}