{"id":1520,"date":"2019-07-05T21:41:24","date_gmt":"2019-07-05T19:41:24","guid":{"rendered":"http:\/\/gyneobs.com\/site\/?page_id=1520"},"modified":"2019-07-05T21:41:24","modified_gmt":"2019-07-05T19:41:24","slug":"le-sexe-foetal","status":"publish","type":"page","link":"https:\/\/gyneobs.com\/site\/obstetrique\/echographies-du-foetus-normal\/le-sexe-foetal\/","title":{"rendered":"Le sexe foetal"},"content":{"rendered":"\n<p>La reconnaissance du sexe foetal est bien souvent la premi\u00e8re question pos\u00e9e \u00e0 l\u2019\u00e9chographiste. Il faut bien s\u00fbr y r\u00e9pondre lorsque cela est possible. Mais il faut attendre la question car toutes les femmes ne souhaitent pas conna\u00eetre le sexe \u00e0 l\u2019avance et il faut \u00e9viter les gaffes.<\/p>\n\n\n\n<p>Il est prudent d\u2019attendre le deuxi\u00e8me trimestre pour se prononcer. Cependant dans certains cas le diagnostic de sexe peut \u00eatre faisable vers 11-13&nbsp;SA, l\u2019orientation du tubercule g\u00e9nital pouvant donner une orientation diagnostique: proche de la verticale chez le gar\u00e7on et proche de l\u2019horizontale chez la fille, le plan rachidien d\u00e9finissant l\u2019horizontale.<\/p>\n\n\n\n<p><strong>Le sexe f\u00e9minin<\/strong><\/p>\n\n\n\n<div class=\"wp-block-image\"><figure class=\"alignright is-resized\"><img loading=\"lazy\" decoding=\"async\" src=\"https:\/\/gyneobs.com\/site\/wp-content\/uploads\/2019\/07\/Capture-d\u2019\u00e9cran-2019-07-05-\u00e0-21.40.33.png\" alt=\"\" class=\"wp-image-1522\" width=\"277\" height=\"258\" srcset=\"https:\/\/gyneobs.com\/site\/wp-content\/uploads\/2019\/07\/Capture-d\u2019\u00e9cran-2019-07-05-\u00e0-21.40.33.png 358w, https:\/\/gyneobs.com\/site\/wp-content\/uploads\/2019\/07\/Capture-d\u2019\u00e9cran-2019-07-05-\u00e0-21.40.33-300x279.png 300w\" sizes=\"auto, (max-width: 277px) 100vw, 277px\" \/><figcaption>Sexe f\u00e9minin<\/figcaption><\/figure><\/div>\n\n\n\n<p>L\u2019identification du sexe repose sur la mise en \u00e9vidence d\u2019une vulve et sur l\u2019absence de p\u00e9nis. Sur une coupe du si\u00e8ge, perpendiculaire \u00e0 l\u2019axe des cuisses, la vulve dessine un relief en \u00ab&nbsp;m&nbsp;\u00bb, form\u00e9 des petites et grandes l\u00e8vres, encadr\u00e9es par le relief des fesses. La coupe tangentielle aux cuisses identifie la fente g\u00e9nitale entour\u00e9e des deux bandes hypo\u00e9chog\u00e8nes des petites l\u00e8vres puis des bourrelets hyper\u00e9chog\u00e8nes (pr\u00e9sence de tissu graisseux) des grandes l\u00e8vres, l\u2019ensemble formant l\u2019image ovalaire typique en \u00ab&nbsp;grain de caf\u00e9&nbsp;\u00bb. Enfin, sur une coupe sagittale ant\u00e9rieure passant entre les cuisses, la vulve forme une simple saillie arrondie, avec surtout l\u2019absence \u00e9vidente de p\u00e9nis.<\/p>\n\n\n\n<p>Le diagnostic de sexe peut \u00eatre rendu difficile par la position f\u0153tale, la pr\u00e9sence du cordon, l\u2019oligo-amnios. Il est prudent de se prononcer sur au moins deux plans de coupe, ou de ne pas se prononcer &nbsp; du tout. Le mode 3D-4D n\u2019apporte pas une sensibilit\u00e9 sup\u00e9rieure pour le diagnostic.<\/p>\n\n\n\n<p><strong>Le sexe masculin<\/strong><\/p>\n\n\n\n<div class=\"wp-block-image\"><figure class=\"alignright\"><img loading=\"lazy\" decoding=\"async\" width=\"272\" height=\"226\" src=\"https:\/\/gyneobs.com\/site\/wp-content\/uploads\/2019\/07\/image-254.png\" alt=\"\" class=\"wp-image-1521\"\/><figcaption>Sexe masculin<\/figcaption><\/figure><\/div>\n\n\n\n<p>Le diagnostic de sexe masculin repose sur l\u2019identification des bourses et du p\u00e9nis. Vers 11-12&nbsp;SA, le p\u00e9nis est souvent rep\u00e9rable chez le f\u0153tus m\u00e2le. Les coupes transversales ou tangentielles d\u00e9gagent habituellement bien le relief des bourses avec un cloisonnement plus ou moins net. Les testicules forment un renforcement \u00e9chog\u00e8ne ovo\u00efde, parfois entour\u00e9 et soulign\u00e9 par une lame liquidienne&nbsp; Cette lame liquidienne peut \u00eatre importante, sym\u00e9trique ou non, uni- ou bilat\u00e9rale, mais elle correspond toujours \u00e0 une hydroc\u00e8le physiologique (en l\u2019absence d\u2019ascite).<\/p>\n\n\n\n<p>Les testicules commencent \u00e0 appara\u00eetre dans les bourses (un seul ou les deux) \u00e0 partir de 25&nbsp;SA et ils sont pratiquement toujours pr\u00e9sents apr\u00e8s sept mois.<\/p>\n","protected":false},"excerpt":{"rendered":"<p>La reconnaissance du sexe foetal est bien souvent la premi\u00e8re question pos\u00e9e \u00e0 l\u2019\u00e9chographiste. Il faut bien s\u00fbr y r\u00e9pondre lorsque cela est possible. Mais il faut attendre la question car toutes les femmes ne souhaitent pas conna\u00eetre le sexe \u00e0 l\u2019avance et il faut \u00e9viter les gaffes. Il est prudent d\u2019attendre le deuxi\u00e8me trimestre [&hellip;]<\/p>\n","protected":false},"author":1,"featured_media":0,"parent":1227,"menu_order":7,"comment_status":"closed","ping_status":"closed","template":"","meta":{"_exactmetrics_skip_tracking":false,"_exactmetrics_sitenote_active":false,"_exactmetrics_sitenote_note":"","_exactmetrics_sitenote_category":0,"footnotes":""},"class_list":["post-1520","page","type-page","status-publish","hentry","post"],"_links":{"self":[{"href":"https:\/\/gyneobs.com\/site\/wp-json\/wp\/v2\/pages\/1520","targetHints":{"allow":["GET"]}}],"collection":[{"href":"https:\/\/gyneobs.com\/site\/wp-json\/wp\/v2\/pages"}],"about":[{"href":"https:\/\/gyneobs.com\/site\/wp-json\/wp\/v2\/types\/page"}],"author":[{"embeddable":true,"href":"https:\/\/gyneobs.com\/site\/wp-json\/wp\/v2\/users\/1"}],"replies":[{"embeddable":true,"href":"https:\/\/gyneobs.com\/site\/wp-json\/wp\/v2\/comments?post=1520"}],"version-history":[{"count":1,"href":"https:\/\/gyneobs.com\/site\/wp-json\/wp\/v2\/pages\/1520\/revisions"}],"predecessor-version":[{"id":1523,"href":"https:\/\/gyneobs.com\/site\/wp-json\/wp\/v2\/pages\/1520\/revisions\/1523"}],"up":[{"embeddable":true,"href":"https:\/\/gyneobs.com\/site\/wp-json\/wp\/v2\/pages\/1227"}],"wp:attachment":[{"href":"https:\/\/gyneobs.com\/site\/wp-json\/wp\/v2\/media?parent=1520"}],"curies":[{"name":"wp","href":"https:\/\/api.w.org\/{rel}","templated":true}]}}