{"id":1444,"date":"2019-07-05T21:13:35","date_gmt":"2019-07-05T19:13:35","guid":{"rendered":"http:\/\/gyneobs.com\/site\/?page_id=1444"},"modified":"2019-07-05T21:13:36","modified_gmt":"2019-07-05T19:13:36","slug":"la-biometrie-foetale","status":"publish","type":"page","link":"https:\/\/gyneobs.com\/site\/obstetrique\/echographies-du-foetus-normal\/la-biometrie-foetale\/","title":{"rendered":"La biom\u00e9trie foetale"},"content":{"rendered":"\n<p class=\"has-drop-cap\">La biom\u00e9trie foetale est la mesure des dimensions du foetus \u00e0 l\u2019aide de l\u2019\u00e9chographie.<\/p>\n\n\n\n<h2 class=\"wp-block-heading\"><strong>La biom\u00e9trie du premier trimestre \u00a0<\/strong><\/h2>\n\n\n\n<div class=\"wp-block-image\"><figure class=\"alignright is-resized\"><img loading=\"lazy\" decoding=\"async\" src=\"https:\/\/gyneobs.com\/site\/wp-content\/uploads\/2019\/07\/image-200.png\" alt=\"\" class=\"wp-image-1445\" width=\"248\" height=\"193\"\/><figcaption><em>Embryon \u00e0 5 semaines. L&#8217;embryon est entre les deux croix. La structure arrondie au-dessus de l&#8217;embryon est la v\u00e9sicule ombilicale ou vitelline<\/em><\/figcaption><\/figure><\/div>\n\n\n\n<p>Les mesures du foetus au premier trimestre sont tr\u00e8s importantes pour la d\u00e9termination de l\u2019\u00e2ge de la grossesse et donc de la date du d\u00e9but de grossesse. En effet, plus les mesures sont faites t\u00f4t dans la grossesse, plus elle sont pr\u00e9cises. Dans les premi\u00e8res semaines on peut atteindre une pr\u00e9cision de +\/- 2 jours, alors qu\u2019au troisi\u00e8me trimestre cette pr\u00e9cision est de&nbsp; +\/- 3 semaines.<\/p>\n\n\n\n<p>Au premier trimestre, la principale mesure est la longueur cranio-caudale de l\u2019embryon (LCC), c\u2019est-\u00e0-dire entre le haut du crane et l\u2019extr\u00e9mit\u00e9 caudale (fesses), sans les jambes. Au tout d\u00e9but, avant que l\u2019embryon soit visible et mesurable, on mesure le sac ovulaire et la v\u00e9sicule ombilicale (petite membrane sph\u00e9rique qui disparait ensuite). Peu \u00e0 peu on peut \u00e9galement mesurer le diam\u00e8tre bipari\u00e9tal du cr\u00e2ne (BIP) et le f\u00e9mur.<\/p>\n\n\n\n<figure class=\"wp-block-image is-resized\"><img loading=\"lazy\" decoding=\"async\" src=\"https:\/\/gyneobs.com\/site\/wp-content\/uploads\/2019\/07\/image-201.png\" alt=\"\" class=\"wp-image-1446\" width=\"582\" height=\"313\" srcset=\"https:\/\/gyneobs.com\/site\/wp-content\/uploads\/2019\/07\/image-201.png 471w, https:\/\/gyneobs.com\/site\/wp-content\/uploads\/2019\/07\/image-201-300x161.png 300w\" sizes=\"auto, (max-width: 582px) 100vw, 582px\" \/><\/figure>\n\n\n\n<div class=\"wp-block-image\"><figure class=\"alignright\"><img loading=\"lazy\" decoding=\"async\" width=\"238\" height=\"770\" src=\"https:\/\/gyneobs.com\/site\/wp-content\/uploads\/2019\/07\/image-202.png\" alt=\"\" class=\"wp-image-1447\" srcset=\"https:\/\/gyneobs.com\/site\/wp-content\/uploads\/2019\/07\/image-202.png 238w, https:\/\/gyneobs.com\/site\/wp-content\/uploads\/2019\/07\/image-202-93x300.png 93w\" sizes=\"auto, (max-width: 238px) 100vw, 238px\" \/><\/figure><\/div>\n\n\n\n<figure class=\"wp-block-image is-resized\"><img loading=\"lazy\" decoding=\"async\" src=\"https:\/\/gyneobs.com\/site\/wp-content\/uploads\/2019\/07\/image-203.png\" alt=\"\" class=\"wp-image-1448\" width=\"260\" height=\"315\" srcset=\"https:\/\/gyneobs.com\/site\/wp-content\/uploads\/2019\/07\/image-203.png 250w, https:\/\/gyneobs.com\/site\/wp-content\/uploads\/2019\/07\/image-203-248x300.png 248w\" sizes=\"auto, (max-width: 260px) 100vw, 260px\" \/><\/figure>\n\n\n\n<p><strong>La&nbsp; LCC permet une estimation \u00e0 + ou \u2013 3,6 j. entre 7 et 10 sem<\/strong><\/p>\n\n\n\n<p>Autres mesures:<\/p>\n\n\n\n<p>&nbsp; &nbsp; -Le BIP ou diam\u00e8tre biparietal est moins performant que la LCC: estimation de l\u2019\u00e2ge gestationnel \u00e0 + ou &#8211; 8 j entre 10 et 24 sem<\/p>\n\n\n\n<p>&nbsp; &nbsp; -Le PA ou p\u00e9rim\u00e8tre abdominal estimation de + ou \u2013 5 j entre 10et 13 sem.<\/p>\n\n\n\n<p>\u00a0 \u00a0 -Le f\u00e9mur peu fiable en param\u00e8tre de datation.\u00a0<\/p>\n\n\n\n<figure class=\"wp-block-image\"><img loading=\"lazy\" decoding=\"async\" width=\"674\" height=\"143\" src=\"https:\/\/gyneobs.com\/site\/wp-content\/uploads\/2019\/07\/image-205.png\" alt=\"\" class=\"wp-image-1450\" srcset=\"https:\/\/gyneobs.com\/site\/wp-content\/uploads\/2019\/07\/image-205.png 674w, https:\/\/gyneobs.com\/site\/wp-content\/uploads\/2019\/07\/image-205-300x64.png 300w\" sizes=\"auto, (max-width: 674px) 100vw, 674px\" \/><\/figure>\n\n\n\n<figure class=\"wp-block-image\"><img loading=\"lazy\" decoding=\"async\" width=\"674\" height=\"464\" src=\"https:\/\/gyneobs.com\/site\/wp-content\/uploads\/2019\/07\/image-204.png\" alt=\"\" class=\"wp-image-1449\" srcset=\"https:\/\/gyneobs.com\/site\/wp-content\/uploads\/2019\/07\/image-204.png 674w, https:\/\/gyneobs.com\/site\/wp-content\/uploads\/2019\/07\/image-204-300x207.png 300w\" sizes=\"auto, (max-width: 674px) 100vw, 674px\" \/><\/figure>\n\n\n\n<h2 class=\"wp-block-heading\"><strong>La mesure de la clart\u00e9 nucale<\/strong><\/h2>\n\n\n\n<figure class=\"wp-block-image\"><img loading=\"lazy\" decoding=\"async\" width=\"611\" height=\"636\" src=\"https:\/\/gyneobs.com\/site\/wp-content\/uploads\/2019\/07\/image-206.png\" alt=\"\" class=\"wp-image-1451\" srcset=\"https:\/\/gyneobs.com\/site\/wp-content\/uploads\/2019\/07\/image-206.png 611w, https:\/\/gyneobs.com\/site\/wp-content\/uploads\/2019\/07\/image-206-288x300.png 288w\" sizes=\"auto, (max-width: 611px) 100vw, 611px\" \/><\/figure>\n\n\n\n<p><strong>II-Biom\u00e9trie c\u00e9phalique<\/strong><\/p>\n\n\n\n<p>Au niveau c\u00e9phalique les deux principales mesures sont le diam\u00e8tre bipari\u00e9tal (BIP) et le p\u00e9rim\u00e8tre c\u00e9phalique. Les calipers sont plac\u00e9s au niveau des \u00e9chos d\u2019entr\u00e9e pour le BIP et sur les tables externe pour le p\u00e9rim\u00e8tre. On peut aussi mesurer le diam\u00e8tre fronto-occipital et celui du cervelet&nbsp; et de la grande citerne.<\/p>\n\n\n\n<figure class=\"wp-block-image\"><img loading=\"lazy\" decoding=\"async\" width=\"614\" height=\"1002\" src=\"https:\/\/gyneobs.com\/site\/wp-content\/uploads\/2019\/07\/image-207.png\" alt=\"\" class=\"wp-image-1452\" srcset=\"https:\/\/gyneobs.com\/site\/wp-content\/uploads\/2019\/07\/image-207.png 614w, https:\/\/gyneobs.com\/site\/wp-content\/uploads\/2019\/07\/image-207-184x300.png 184w\" sizes=\"auto, (max-width: 614px) 100vw, 614px\" \/><\/figure>\n\n\n\n<figure class=\"wp-block-image\"><img loading=\"lazy\" decoding=\"async\" width=\"625\" height=\"435\" src=\"https:\/\/gyneobs.com\/site\/wp-content\/uploads\/2019\/07\/image-208.png\" alt=\"\" class=\"wp-image-1453\" srcset=\"https:\/\/gyneobs.com\/site\/wp-content\/uploads\/2019\/07\/image-208.png 625w, https:\/\/gyneobs.com\/site\/wp-content\/uploads\/2019\/07\/image-208-300x209.png 300w\" sizes=\"auto, (max-width: 625px) 100vw, 625px\" \/><\/figure>\n\n\n\n<div class=\"wp-block-image\"><figure class=\"aligncenter\"><img loading=\"lazy\" decoding=\"async\" width=\"514\" height=\"809\" src=\"https:\/\/gyneobs.com\/site\/wp-content\/uploads\/2019\/07\/image-209.png\" alt=\"\" class=\"wp-image-1454\" srcset=\"https:\/\/gyneobs.com\/site\/wp-content\/uploads\/2019\/07\/image-209.png 514w, https:\/\/gyneobs.com\/site\/wp-content\/uploads\/2019\/07\/image-209-191x300.png 191w\" sizes=\"auto, (max-width: 514px) 100vw, 514px\" \/><\/figure><\/div>\n\n\n\n<figure class=\"wp-block-image\"><img loading=\"lazy\" decoding=\"async\" width=\"623\" height=\"684\" src=\"https:\/\/gyneobs.com\/site\/wp-content\/uploads\/2019\/07\/image-210.png\" alt=\"\" class=\"wp-image-1455\" srcset=\"https:\/\/gyneobs.com\/site\/wp-content\/uploads\/2019\/07\/image-210.png 623w, https:\/\/gyneobs.com\/site\/wp-content\/uploads\/2019\/07\/image-210-273x300.png 273w\" sizes=\"auto, (max-width: 623px) 100vw, 623px\" \/><\/figure>\n\n\n\n<figure class=\"wp-block-image\"><img loading=\"lazy\" decoding=\"async\" width=\"470\" height=\"652\" src=\"https:\/\/gyneobs.com\/site\/wp-content\/uploads\/2019\/07\/image-211.png\" alt=\"\" class=\"wp-image-1456\" srcset=\"https:\/\/gyneobs.com\/site\/wp-content\/uploads\/2019\/07\/image-211.png 470w, https:\/\/gyneobs.com\/site\/wp-content\/uploads\/2019\/07\/image-211-216x300.png 216w\" sizes=\"auto, (max-width: 470px) 100vw, 470px\" \/><\/figure>\n\n\n\n<h2 class=\"wp-block-heading\"><strong>Biom\u00e9trie de l\u2019abdomen<\/strong><\/h2>\n\n\n\n<p>On peut mesurer le diam\u00e8tre abdominal transverse et surtout le p\u00e9rim\u00e8tre abdominal. Pour ce dernier, les rep\u00e8res du plan de coupe sont les suivants:&nbsp;<\/p>\n\n\n\n<p>&nbsp; &nbsp; a= estomac<\/p>\n\n\n\n<p>&nbsp; &nbsp; b= vert\u00e8bre<\/p>\n\n\n\n<p>&nbsp; &nbsp; 1= le sinus Porte<\/p>\n\n\n\n<p>&nbsp; &nbsp; 2= la surr\u00e9nale<\/p>\n\n\n\n<figure class=\"wp-block-image is-resized\"><img loading=\"lazy\" decoding=\"async\" src=\"https:\/\/gyneobs.com\/site\/wp-content\/uploads\/2019\/07\/Capture-d\u2019\u00e9cran-2019-07-05-\u00e0-21.04.47.png\" alt=\"\" class=\"wp-image-1457\" width=\"496\" height=\"404\"\/><\/figure>\n\n\n\n<div class=\"wp-block-image\"><figure class=\"aligncenter is-resized\"><img loading=\"lazy\" decoding=\"async\" src=\"https:\/\/gyneobs.com\/site\/wp-content\/uploads\/2019\/07\/image-213.png\" alt=\"\" class=\"wp-image-1459\" width=\"485\" height=\"766\" srcset=\"https:\/\/gyneobs.com\/site\/wp-content\/uploads\/2019\/07\/image-213.png 367w, https:\/\/gyneobs.com\/site\/wp-content\/uploads\/2019\/07\/image-213-190x300.png 190w\" sizes=\"auto, (max-width: 485px) 100vw, 485px\" \/><\/figure><\/div>\n\n\n\n<h2 class=\"wp-block-heading\"><strong>La longueur du f\u00e9mur<\/strong><\/h2>\n\n\n\n<div class=\"wp-block-image\"><figure class=\"aligncenter is-resized\"><img loading=\"lazy\" decoding=\"async\" src=\"https:\/\/gyneobs.com\/site\/wp-content\/uploads\/2019\/07\/image-214.png\" alt=\"\" class=\"wp-image-1460\" width=\"536\" height=\"344\"\/><figcaption>Coupe longitudinale de la cuisse passant par le plus grand axe de la diaphyse f\u00e9morale (d), bord\u00e9e \u00e0 ses extr\u00e9mit\u00e9s par les cartilages \u00e9piphysaires (e).\u00a0<br><br>Les marqueurs de mesure sont plac\u00e9s au niveau de la jonction diaphyso-\u00e9piphysaire, \u00e0 l\u2019endroit pr\u00e9cis de l\u2019interruption de la brillance de la diaphyse.\u00a0<br><br>Lorsque les extr\u00e9mit\u00e9s ne paraissent pas nettes malgr\u00e9 un r\u00e9glage adapt\u00e9 de l\u2019appareil, le lieu exact de la naissance de l\u2019ombre port\u00e9e peut \u00eatre mis \u00e0 profit pour les rep\u00e9rer.\u00a0<\/figcaption><\/figure><\/div>\n\n\n\n<div class=\"wp-block-image\"><figure class=\"aligncenter is-resized\"><img loading=\"lazy\" decoding=\"async\" src=\"https:\/\/gyneobs.com\/site\/wp-content\/uploads\/2019\/07\/image-215.png\" alt=\"\" class=\"wp-image-1461\" width=\"434\" height=\"496\" srcset=\"https:\/\/gyneobs.com\/site\/wp-content\/uploads\/2019\/07\/image-215.png 294w, https:\/\/gyneobs.com\/site\/wp-content\/uploads\/2019\/07\/image-215-263x300.png 263w\" sizes=\"auto, (max-width: 434px) 100vw, 434px\" \/><figcaption>On notera que  l\u2019extr\u00e9mit\u00e9 sup\u00e9ro-externe de la diaphyse est arrondie (a), alors que son extr\u00e9mit\u00e9 ant\u00e9rieur pr\u00e9sente un angle droit avec le front osseux m\u00e9taphysaire (b).\u00a0<br><br>Lorsque le f\u00e9mur est abord\u00e9 par voie externe (A) , l\u2019extr\u00e9mit\u00e9 arrondie n\u2019est pas totalement expos\u00e9e aux ultrasons, ce qui concourt \u00e0 minorer la longueur observ\u00e9e. En revanche, un abord ant\u00e9rieur expose l\u2019int\u00e9gralit\u00e9 de la longueur de la diaphyse (B).\u00a0<br><br>On sait que la diaphyse est abord\u00e9e par voie ant\u00e9rieure quand elle apparait rectiligne. Toutes les autres faces apparaissent concaves.<\/figcaption><\/figure><\/div>\n\n\n\n<p>Les marqueurs de mesure sont plac\u00e9s au niveau de la jonction diaphyso-\u00e9piphysaire, \u00e0 l\u2019endroit pr\u00e9cis de l\u2019interruption de la brillance de la diaphyse.&nbsp;<\/p>\n\n\n\n<p>Lorsque les extr\u00e9mit\u00e9s ne paraissent pas nettes malgr\u00e9 un r\u00e9glage adapt\u00e9 de l\u2019appareil, le lieu exact de la naissance de l\u2019ombre port\u00e9e peut \u00eatre mis \u00e0 profit pour les rep\u00e9rer.&nbsp;<\/p>\n\n\n\n<div class=\"wp-block-image\"><figure class=\"aligncenter\"><img loading=\"lazy\" decoding=\"async\" width=\"465\" height=\"735\" src=\"https:\/\/gyneobs.com\/site\/wp-content\/uploads\/2019\/07\/image-216.png\" alt=\"\" class=\"wp-image-1462\" srcset=\"https:\/\/gyneobs.com\/site\/wp-content\/uploads\/2019\/07\/image-216.png 465w, https:\/\/gyneobs.com\/site\/wp-content\/uploads\/2019\/07\/image-216-190x300.png 190w\" sizes=\"auto, (max-width: 465px) 100vw, 465px\" \/><\/figure><\/div>\n\n\n\n<h2 class=\"wp-block-heading\"><strong>Estimation du poids foetal<\/strong> <\/h2>\n\n\n\n<p>La M\u00e9thode de Hadlock est la plus utilis\u00e9e:<\/p>\n\n\n\n<figure class=\"wp-block-image\"><img loading=\"lazy\" decoding=\"async\" width=\"674\" height=\"28\" src=\"https:\/\/gyneobs.com\/site\/wp-content\/uploads\/2019\/07\/image-217.png\" alt=\"\" class=\"wp-image-1463\" srcset=\"https:\/\/gyneobs.com\/site\/wp-content\/uploads\/2019\/07\/image-217.png 674w, https:\/\/gyneobs.com\/site\/wp-content\/uploads\/2019\/07\/image-217-300x12.png 300w\" sizes=\"auto, (max-width: 674px) 100vw, 674px\" \/><\/figure>\n\n\n\n<h2 class=\"wp-block-heading\">Rapports de mesures<\/h2>\n\n\n\n<figure class=\"wp-block-image\"><img loading=\"lazy\" decoding=\"async\" width=\"463\" height=\"633\" src=\"https:\/\/gyneobs.com\/site\/wp-content\/uploads\/2019\/07\/image-218.png\" alt=\"\" class=\"wp-image-1464\" srcset=\"https:\/\/gyneobs.com\/site\/wp-content\/uploads\/2019\/07\/image-218.png 463w, https:\/\/gyneobs.com\/site\/wp-content\/uploads\/2019\/07\/image-218-219x300.png 219w\" sizes=\"auto, (max-width: 463px) 100vw, 463px\" \/><\/figure>\n\n\n\n<figure class=\"wp-block-image\"><img loading=\"lazy\" decoding=\"async\" width=\"470\" height=\"610\" src=\"https:\/\/gyneobs.com\/site\/wp-content\/uploads\/2019\/07\/image-219.png\" alt=\"\" class=\"wp-image-1465\" srcset=\"https:\/\/gyneobs.com\/site\/wp-content\/uploads\/2019\/07\/image-219.png 470w, https:\/\/gyneobs.com\/site\/wp-content\/uploads\/2019\/07\/image-219-231x300.png 231w\" sizes=\"auto, (max-width: 470px) 100vw, 470px\" \/><\/figure>\n\n\n\n<figure class=\"wp-block-image\"><img loading=\"lazy\" decoding=\"async\" width=\"478\" height=\"655\" src=\"https:\/\/gyneobs.com\/site\/wp-content\/uploads\/2019\/07\/image-220.png\" alt=\"\" class=\"wp-image-1466\" srcset=\"https:\/\/gyneobs.com\/site\/wp-content\/uploads\/2019\/07\/image-220.png 478w, https:\/\/gyneobs.com\/site\/wp-content\/uploads\/2019\/07\/image-220-219x300.png 219w\" sizes=\"auto, (max-width: 478px) 100vw, 478px\" \/><\/figure>\n\n\n\n<h2 class=\"wp-block-heading\">Autres mesures<\/h2>\n\n\n\n<figure class=\"wp-block-image\"><img loading=\"lazy\" decoding=\"async\" width=\"477\" height=\"637\" src=\"https:\/\/gyneobs.com\/site\/wp-content\/uploads\/2019\/07\/image-221.png\" alt=\"\" class=\"wp-image-1467\" srcset=\"https:\/\/gyneobs.com\/site\/wp-content\/uploads\/2019\/07\/image-221.png 477w, https:\/\/gyneobs.com\/site\/wp-content\/uploads\/2019\/07\/image-221-225x300.png 225w\" sizes=\"auto, (max-width: 477px) 100vw, 477px\" \/><\/figure>\n\n\n\n<figure class=\"wp-block-image\"><img loading=\"lazy\" decoding=\"async\" width=\"483\" height=\"688\" src=\"https:\/\/gyneobs.com\/site\/wp-content\/uploads\/2019\/07\/image-222.png\" alt=\"\" class=\"wp-image-1468\" srcset=\"https:\/\/gyneobs.com\/site\/wp-content\/uploads\/2019\/07\/image-222.png 483w, https:\/\/gyneobs.com\/site\/wp-content\/uploads\/2019\/07\/image-222-211x300.png 211w\" sizes=\"auto, (max-width: 483px) 100vw, 483px\" \/><\/figure>\n\n\n\n<div class=\"wp-block-image\"><figure class=\"aligncenter is-resized\"><img loading=\"lazy\" decoding=\"async\" src=\"https:\/\/gyneobs.com\/site\/wp-content\/uploads\/2019\/07\/image-223.png\" alt=\"\" class=\"wp-image-1469\" width=\"386\" height=\"261\"\/><\/figure><\/div>\n\n\n\n<div class=\"wp-block-image\"><figure class=\"aligncenter is-resized\"><img loading=\"lazy\" decoding=\"async\" src=\"https:\/\/gyneobs.com\/site\/wp-content\/uploads\/2019\/07\/image-224.png\" alt=\"\" class=\"wp-image-1470\" width=\"494\" height=\"248\" srcset=\"https:\/\/gyneobs.com\/site\/wp-content\/uploads\/2019\/07\/image-224.png 315w, https:\/\/gyneobs.com\/site\/wp-content\/uploads\/2019\/07\/image-224-300x150.png 300w\" sizes=\"auto, (max-width: 494px) 100vw, 494px\" \/><\/figure><\/div>\n\n\n\n<div class=\"wp-block-image\"><figure class=\"aligncenter\"><img loading=\"lazy\" decoding=\"async\" width=\"499\" height=\"693\" src=\"https:\/\/gyneobs.com\/site\/wp-content\/uploads\/2019\/07\/image-225.png\" alt=\"\" class=\"wp-image-1471\" srcset=\"https:\/\/gyneobs.com\/site\/wp-content\/uploads\/2019\/07\/image-225.png 499w, https:\/\/gyneobs.com\/site\/wp-content\/uploads\/2019\/07\/image-225-216x300.png 216w\" sizes=\"auto, (max-width: 499px) 100vw, 499px\" \/><\/figure><\/div>\n\n\n\n<p><\/p>\n","protected":false},"excerpt":{"rendered":"<p>La biom\u00e9trie foetale est la mesure des dimensions du foetus \u00e0 l\u2019aide de l\u2019\u00e9chographie. La biom\u00e9trie du premier trimestre \u00a0 Les mesures du foetus au premier trimestre sont tr\u00e8s importantes pour la d\u00e9termination de l\u2019\u00e2ge de la grossesse et donc de la date du d\u00e9but de grossesse. En effet, plus les mesures sont faites t\u00f4t [&hellip;]<\/p>\n","protected":false},"author":1,"featured_media":0,"parent":1227,"menu_order":1,"comment_status":"closed","ping_status":"closed","template":"","meta":{"_exactmetrics_skip_tracking":false,"_exactmetrics_sitenote_active":false,"_exactmetrics_sitenote_note":"","_exactmetrics_sitenote_category":0,"footnotes":""},"class_list":["post-1444","page","type-page","status-publish","hentry","post"],"_links":{"self":[{"href":"https:\/\/gyneobs.com\/site\/wp-json\/wp\/v2\/pages\/1444","targetHints":{"allow":["GET"]}}],"collection":[{"href":"https:\/\/gyneobs.com\/site\/wp-json\/wp\/v2\/pages"}],"about":[{"href":"https:\/\/gyneobs.com\/site\/wp-json\/wp\/v2\/types\/page"}],"author":[{"embeddable":true,"href":"https:\/\/gyneobs.com\/site\/wp-json\/wp\/v2\/users\/1"}],"replies":[{"embeddable":true,"href":"https:\/\/gyneobs.com\/site\/wp-json\/wp\/v2\/comments?post=1444"}],"version-history":[{"count":1,"href":"https:\/\/gyneobs.com\/site\/wp-json\/wp\/v2\/pages\/1444\/revisions"}],"predecessor-version":[{"id":1472,"href":"https:\/\/gyneobs.com\/site\/wp-json\/wp\/v2\/pages\/1444\/revisions\/1472"}],"up":[{"embeddable":true,"href":"https:\/\/gyneobs.com\/site\/wp-json\/wp\/v2\/pages\/1227"}],"wp:attachment":[{"href":"https:\/\/gyneobs.com\/site\/wp-json\/wp\/v2\/media?parent=1444"}],"curies":[{"name":"wp","href":"https:\/\/api.w.org\/{rel}","templated":true}]}}