{"id":1423,"date":"2019-07-05T16:10:06","date_gmt":"2019-07-05T14:10:06","guid":{"rendered":"http:\/\/gyneobs.com\/site\/?page_id=1423"},"modified":"2019-07-06T20:13:36","modified_gmt":"2019-07-06T18:13:36","slug":"livres-medicaux","status":"publish","type":"page","link":"https:\/\/gyneobs.com\/site\/dr-j-peter\/livres-medicaux\/","title":{"rendered":"Livres m\u00e9dicaux"},"content":{"rendered":"\n<div class=\"wp-block-image\"><figure class=\"alignright\"><img loading=\"lazy\" decoding=\"async\" width=\"247\" height=\"339\" src=\"http:\/\/gyneobs.com\/site\/wp-content\/uploads\/2019\/07\/image-398.png\" alt=\"\" class=\"wp-image-1732\" srcset=\"https:\/\/gyneobs.com\/site\/wp-content\/uploads\/2019\/07\/image-398.png 247w, https:\/\/gyneobs.com\/site\/wp-content\/uploads\/2019\/07\/image-398-219x300.png 219w\" sizes=\"auto, (max-width: 247px) 100vw, 247px\" \/><\/figure><\/div>\n\n\n\n<p><strong>L&rsquo;OBST\u00c9TRIQUE ACTUELLE. PETER J. Un volume de 648 pages. La Roche Rigault, \u00e9ditions P.S.R., 1991. <em>Destin\u00e9 \u00e0 tous ceux qui ont en charge la surveillance des grossesses et la responsabilit\u00e9 des accouchements, le pr\u00e9sent ouvrage se distingue des trait\u00e9s classiques par le fait qu&rsquo;il met tout particuli\u00e8rement l&rsquo;accent sur certains aspects nouveaux qui devraient caract\u00e9riser l&rsquo;obst\u00e9trique actuelle et qui repr\u00e9senteront les grandes orientations des prochaines ann\u00e9es dans ce domaine.<\/em><\/strong><strong><em>L&rsquo;obst\u00e9trique actuelle est\nen train de r\u00e9aliser des progr\u00e8s d\u00e9cisifs dans trois directions:<\/em><\/strong><\/p>\n\n\n\n<p><strong><em>&#8211; le d\u00e9veloppement de la\ns\u00e9curit\u00e9 obst\u00e9tricale active ;<\/em><\/strong><\/p>\n\n\n\n<p><strong><em>&#8211; le d\u00e9veloppement d&rsquo;une\nm\u00e9decine du foetus raisonnable;<\/em><\/strong><\/p>\n\n\n\n<p><strong><em>&#8211; le d\u00e9veloppement de la\nr\u00e9flexion sur les activit\u00e9s obst\u00e9tricales, \u00e0 la fois technique et \u00e9thique.<\/em><\/strong><\/p>\n\n\n\n<p><strong><em>Les ann\u00e9es 70 ont vu se\nmettre en place dans toutes les maternit\u00e9s de France des \u00e9l\u00e9ments de s\u00e9curit\u00e9\npassive visant tous \u00e0 faire face, le mieux possible, aux diverses situations\nd&rsquo;urgences obst\u00e9tricales. Citons par exemple, la n\u00e9cessit\u00e9 d&rsquo;\u00e9quipes de garde\n24 heures sur 24 comprenant des sages-femmes, des m\u00e9decins accoucheurs, des\nanesth\u00e9sistes, des p\u00e9diatres.&nbsp; Ces ann\u00e9es ont \u00e9galement \u00e9t\u00e9 celles du\nd\u00e9veloppement du monitorage foetal qui a permis d&rsquo;am\u00e9liorer les taux de\nmortalit\u00e9 et de morbidit\u00e9 p\u00e9rinatale, celles aussi de l&rsquo;augmentation\nspectaculaire et irr\u00e9sistible de la fr\u00e9quence de l&rsquo;op\u00e9ration c\u00e9sarienne, autre\n\u00e9l\u00e9ment de s\u00e9curit\u00e9 passive.&nbsp; Cette \u00e9poque est r\u00e9volue.&nbsp; S&rsquo;il faut\nconserver ces acquis, il est maintenant \u00e0 l&rsquo;ordre du jour de d\u00e9velopper la\ns\u00e9curit\u00e9 active qui doit enfin faire de la naissance un \u00e9v\u00e9nement sans danger,\nni pour la m\u00e8re ni pour le nouveau-n\u00e9.&nbsp; La s\u00e9curit\u00e9 active est celle qui\npermet, non plus de faire face aux complications lorsqu&rsquo;elles surviennent, mais\nde les \u00e9viter.&nbsp; Elle repose sur :<\/em><\/strong><\/p>\n\n\n\n<p><strong><em>-la qualit\u00e9 de la\nsurveillance des grossesses, notion maintenant classique;<\/em><\/strong><\/p>\n\n\n\n<p><strong><em>-mais aussi sur le\nd\u00e9clenchement syst\u00e9matique du travail, avant la 41\u00e8me semaine d&rsquo;am\u00e9norrh\u00e9e;<\/em><\/strong><\/p>\n\n\n\n<p><strong><em>-le d\u00e9pistage des risques\nanesth\u00e9siques d\u00e8s le d\u00e9but de grossesse.<\/em><\/strong><\/p>\n\n\n\n<p><strong><em>Le deuxi\u00e8me axe de progr\u00e8s\npour les ann\u00e9es \u00e0 venir est le d\u00e9veloppement des soins apport\u00e9s au foetus, \u00e0 la\ncondition que ce type de m\u00e9decine vise \u00e0 soigner le \u00ab\u00a0malade-foetus\u00a0\u00bb\nplut\u00f4t que de le tuer dans le ventre de sa m\u00e8re, et qu&rsquo;elle prenne en compte\nles int\u00e9r\u00eats de la m\u00e8re elle-m\u00eame, sans devenir une m\u00e9decine spectacle, uniquement\nsoucieuse de performances techniques.<\/em><\/strong><\/p>\n\n\n\n<p><strong><em>Enfin l&rsquo;obst\u00e9trique\nactuelle doit pouvoir r\u00e9fl\u00e9chir.&nbsp; Il faut bien admettre qu&rsquo;un accouchement\na au moins 95 % de chances de se passer sans trop de dommage pour la m\u00e8re et\nl&rsquo;enfant, naturellement, sans aucune intervention m\u00e9dicale, pourvu qu&rsquo;il soit\nentour\u00e9 d&rsquo;un minimum d&rsquo;asepsie.&nbsp; Les accidents obst\u00e9tricaux sont rares\nmais ils sont difficilement admissibles.&nbsp; Cela veut dire que l&rsquo;on peut\nadopter des attitudes m\u00e9dicales tr\u00e8s diverses et toujours avoir\n\u00ab\u00a0l&rsquo;impression\u00a0\u00bb d&rsquo;obtenir de bons r\u00e9sultats.&nbsp; L&rsquo;analyse informatis\u00e9e\ndes donn\u00e9es m\u00e9dicales est donc indispensable pour mener \u00e0 bien une r\u00e9flexion\ns\u00e9rieuse sur le bien-fond\u00e9 de telle ou telle technique, afin de modifier\n\u00e9ventuellement certaines attitudes, m\u00eame classiques.&nbsp; Il n&rsquo;est pas non\nplus inutile de souligner l&rsquo;int\u00e9r\u00eat d&rsquo;une r\u00e9flexion \u00e9thique, trop souvent\nabsente des pr\u00e9occupations m\u00e9dicales, car de bien nombreuses questions sont\nsoulev\u00e9es par cette discipline, allant de la procr\u00e9ation m\u00e9dicalement assist\u00e9e\nau diagnostic ant\u00e9natal.<\/em><\/strong><\/p>\n\n\n\n<div class=\"wp-block-image\"><figure class=\"alignright is-resized\"><img loading=\"lazy\" decoding=\"async\" src=\"http:\/\/gyneobs.com\/site\/wp-content\/uploads\/2019\/07\/image-399.png\" alt=\"\" class=\"wp-image-1733\" width=\"142\" height=\"212\"\/><\/figure><\/div>\n\n\n\n<p><strong><br> L&rsquo;ACCOUCHEMENT PROGRAMM\u00c9. PETER J.<\/strong>  <strong>Un volume de 96 pages. La Roche Rigault, \u00c9ditions P.S.R., 1993.<\/strong><\/p>\n\n\n\n<p><strong>REEDUCATION 199.  Journ\u00e9es de M\u00e9decine Physique et de r\u00e9\u00e9ducation. 29 et 30 septembre 1995. R\u00e9\u00e9ducation en uro-gyn\u00e9cologie et en obst\u00e9trique. Pages 156-165.   DELAMER B., PETER J., DEMAMER C.  1 volume. Paris. Expansion Scientifique Fran\u00e7aise. 1995<\/strong><\/p>\n\n\n\n<div class=\"wp-block-image\"><figure class=\"alignright\"><img loading=\"lazy\" decoding=\"async\" width=\"169\" height=\"244\" src=\"http:\/\/gyneobs.com\/site\/wp-content\/uploads\/2019\/07\/image-400.png\" alt=\"\" class=\"wp-image-1734\"\/><\/figure><\/div>\n\n\n\n<p><strong>MON ENFANT EST DIFFERENT. METTEY R., SERVILLE F.<\/strong> <strong>En collaboration&nbsp;: PETER J.&nbsp;:&nbsp; Le diagnostic ant\u00e9natal. 1 volume de 237 pages. Paris, Editions Frison-Roche, 1996<\/strong><\/p>\n\n\n\n<h2 class=\"wp-block-heading\"><\/h2>\n\n\n\n<p><\/p>\n\n\n\n<p><strong>La laparotomie transversale sus-pubienne avec d\u00e9sinsertion des grands droits en chirurgie gyn\u00e9cologique.PETER J.<\/strong> <strong>Th\u00e8se, Limoges,\n6 mars 1979.<\/strong><\/p>\n\n\n\n<p><strong>R\u00e9vision\nacc\u00e9l\u00e9r\u00e9e en Gyn\u00e9cologie.<\/strong><strong>BAUDET\nJ-H.&nbsp; et SEGUY B.&nbsp; En collaboration avec BAUDET Y.<\/strong><strong>PETER J. et\nBROUQUET J. 1 volume.&nbsp; Paris, Maloine 1981, (358 pages) &#8211;&nbsp;<\/strong><\/p>\n\n\n\n<p><strong>Dossiers\nM\u00e9dico-Chirurgicaux de l&rsquo;infirmi\u00e8re.&nbsp; Physiologie.<\/strong><strong>(185 pages).<\/strong><strong>Troisi\u00e8me\npartie.<\/strong><strong>SEGUY B. et\nMARILLAUD A. Avec la collaboration iconographique de J. PETER.<\/strong><strong>Un volume.&nbsp;\nParis, Maloine, 1984.<\/strong><\/p>\n\n\n\n<p><strong><br> FILMS MEDICAUX<\/strong><\/p>\n\n\n\n<p><strong>L&rsquo;OPERATION CESARIENNE. 1980    PETER J., COLLET D. et BAUDET J-H.<\/strong> <strong>Service de photo-cin\u00e9ma,&nbsp; H\u00f4pital Dupuytren, Limoges,&nbsp;<\/strong><\/p>\n\n\n\n<p><strong>LES PROLAPSUS UTERINS. 1980  PETER J. et BAUDET J-H.<\/strong><strong>Service de photo-cin\u00e9ma, H\u00f4pital Dupuytren, Limoges.<\/strong><\/p>\n\n\n\n<p><strong>ASPECTS DE COELIOCHIRURGIE. 1990   PETER J. et BOISSELIER Ph.<\/strong><\/p>\n\n\n\n<p><strong>LA PROGRAMMATION DE L&rsquo;ACCOUCHEMENT. 1991   PETER J. et BOISSELIER Ph.<\/strong> <strong>R\u00e9alisation FLEURANT D.<\/strong><\/p>\n\n\n\n<p><strong>L&rsquo;ACCOUCHEMENT PROGRAMM\u00c9. 1994    PETER J. R\u00e9alisation: PIERRE C.<\/strong><\/p>\n\n\n\n<h2 class=\"wp-block-heading\"><strong>DIRECTIONS DE THESES<\/strong><\/h2>\n\n\n\n<p><strong>Diab\u00e8te et grossesse.&nbsp; R\u00e9flexions \u00e0 propos de 25 cas. BAZANAN V.<\/strong><strong>Th\u00e8se\nM\u00e9d., Limoges, 1980.<\/strong><\/p>\n\n\n\n<p><strong>Le placenta extrachorialis.&nbsp; A propos de 62 cas. DESFARGES F.Th\u00e8se M\u00e9d.&nbsp; Limoges, 1980.<\/strong><\/p>\n\n\n\n<p><strong>Grossesse et accouchement g\u00e9mellaires (du pronostic foetal et de la conduite \u00e0 tenir ). \u00c0 propos de 48 cas. MERLAUD J.<\/strong> <strong>Th\u00e8se\nM\u00e9d., Limoges, 1982.<\/strong><\/p>\n\n\n\n<p><strong>Une solution au probl\u00e8me de la contraception dans le post-partum: les microprogestatifs. MOREAU D.  Th\u00e8se M\u00e9d., Limoges, 1982.<\/strong><\/p>\n\n\n\n<p><strong>Diab\u00e8te gestationnel.&nbsp; Revue de la litt\u00e9rature et essai de mise au point.&nbsp; \u00c0 propos de 21 cas.  CHEMIN N. Th\u00e8se M\u00e9d., Limoges, 1984.<\/strong><\/p>\n","protected":false},"excerpt":{"rendered":"<p>L&rsquo;OBST\u00c9TRIQUE ACTUELLE. PETER J. Un volume de 648 pages. La Roche Rigault, \u00e9ditions P.S.R., 1991. Destin\u00e9 \u00e0 tous ceux qui ont en charge la surveillance des grossesses et la responsabilit\u00e9 des accouchements, le pr\u00e9sent ouvrage se distingue des trait\u00e9s classiques par le fait qu&rsquo;il met tout particuli\u00e8rement l&rsquo;accent sur certains aspects nouveaux qui devraient caract\u00e9riser [&hellip;]<\/p>\n","protected":false},"author":1,"featured_media":0,"parent":80,"menu_order":3,"comment_status":"closed","ping_status":"closed","template":"","meta":{"_exactmetrics_skip_tracking":false,"_exactmetrics_sitenote_active":false,"_exactmetrics_sitenote_note":"","_exactmetrics_sitenote_category":0,"footnotes":""},"class_list":["post-1423","page","type-page","status-publish","hentry","post"],"_links":{"self":[{"href":"https:\/\/gyneobs.com\/site\/wp-json\/wp\/v2\/pages\/1423","targetHints":{"allow":["GET"]}}],"collection":[{"href":"https:\/\/gyneobs.com\/site\/wp-json\/wp\/v2\/pages"}],"about":[{"href":"https:\/\/gyneobs.com\/site\/wp-json\/wp\/v2\/types\/page"}],"author":[{"embeddable":true,"href":"https:\/\/gyneobs.com\/site\/wp-json\/wp\/v2\/users\/1"}],"replies":[{"embeddable":true,"href":"https:\/\/gyneobs.com\/site\/wp-json\/wp\/v2\/comments?post=1423"}],"version-history":[{"count":3,"href":"https:\/\/gyneobs.com\/site\/wp-json\/wp\/v2\/pages\/1423\/revisions"}],"predecessor-version":[{"id":1902,"href":"https:\/\/gyneobs.com\/site\/wp-json\/wp\/v2\/pages\/1423\/revisions\/1902"}],"up":[{"embeddable":true,"href":"https:\/\/gyneobs.com\/site\/wp-json\/wp\/v2\/pages\/80"}],"wp:attachment":[{"href":"https:\/\/gyneobs.com\/site\/wp-json\/wp\/v2\/media?parent=1423"}],"curies":[{"name":"wp","href":"https:\/\/api.w.org\/{rel}","templated":true}]}}