{"id":141,"date":"2019-06-30T16:38:29","date_gmt":"2019-06-30T14:38:29","guid":{"rendered":"http:\/\/gyneobs.com\/site\/?page_id=141"},"modified":"2019-07-16T09:12:33","modified_gmt":"2019-07-16T07:12:33","slug":"langiomammographie","status":"publish","type":"page","link":"https:\/\/gyneobs.com\/site\/oncologie\/cancer-du-sein-et-mammologie\/diagnostic\/langiomammographie\/","title":{"rendered":"L\u2019angiomammographie"},"content":{"rendered":"\n<p class=\"has-drop-cap\">L&rsquo;angiomammographie consiste \u00e0 coupler mammographie num\u00e9rique et injection en intraveineuse d&rsquo;un produit de contraste iod\u00e9, afin d&rsquo;am\u00e9liorer la qualit\u00e9 des images et donc la d\u00e9tection d&rsquo;une anomalie.&nbsp;<br><\/p>\n\n\n\n<p>Le concept donne des r\u00e9sultats \u00e9quivalents \u00e0 une IRM, tout en permettant \u00e0 la patiente de subir un examen moins long, moins cher, assortie d&rsquo;une mise en \u0153uvre plus rapide d&rsquo;un traitement.<br><\/p>\n\n\n\n<p>Cette nouvelle technique d\u2019imagerie n\u00e9cessite une modification des s\u00e9nographes utilis\u00e9s en pratique clinique pour permettre l\u2019acquisition d\u2019image de haute \u00e9nergie entre 45 et 49 KVp. On doit leur adjoindre un filtre de cuivre sp\u00e9cial. Il existe actuellement 2 approches techniques diff\u00e9rentes : une technique haute \u00e9nergie temporelle avec r\u00e9alisation d\u2019images avant et apr\u00e8s injection de produit de contraste et soustraction des images et une technique double \u00e9nergie permettant d\u2019obtenir une image de rehaussement par soustraction d\u2019une image haute et basse \u00e9nergie. C\u2019est cette derni\u00e8re qui semble se d\u00e9velopper aujourd\u2019hui. cette combinaison des images de haute et basse \u00e9nergie permet de g\u00e9n\u00e9rer une image contenant essentiellement le produit de contraste qui aura diffus\u00e9 dans le sein. Les l\u00e9sions malignes \u00e9tant fortement vascularis\u00e9es, elles prendront sp\u00e9cifiquement le produit de contraste.<br><\/p>\n\n\n\n<p>Cet examen est peu irradiant,&nbsp; rapide, facile \u00e0 comparer \u00e0 la mammographie (m\u00eames incidences)&nbsp; et pouvant se faire imm\u00e9diatement apr\u00e8s le couple mammographie-\u00e9chographie, sans les d\u00e9lais d\u2019attente de l\u2019IRM. Ses indications sont \u00e0 peu pr\u00e8s les m\u00eames que celles de l\u2019IRM mammaire sauf que l\u2019IRM est non irradiante et sera pr\u00e9f\u00e9r\u00e9e pour les femmes \u00e0 haut risque.<br><\/p>\n\n\n\n<p>Ci dessous, image de carcinome canalaire bien visible en angiomammographie et peu visible sur les clich\u00e9s standards (clich\u00e9s&nbsp;S Canale, C Balleyguier, C Dromain .&nbsp;Service de radiodiagnostic, Institut Gustave Roussy, Villejuif, France):<\/p>\n\n\n\n<figure class=\"wp-block-image\"><img loading=\"lazy\" decoding=\"async\" width=\"551\" height=\"276\" src=\"http:\/\/gyneobs.com\/site\/wp-content\/uploads\/2019\/07\/Capture-d\u2019\u00e9cran-2019-07-16-\u00e0-09.11.43.png\" alt=\"\" class=\"wp-image-2380\" srcset=\"https:\/\/gyneobs.com\/site\/wp-content\/uploads\/2019\/07\/Capture-d\u2019\u00e9cran-2019-07-16-\u00e0-09.11.43.png 551w, https:\/\/gyneobs.com\/site\/wp-content\/uploads\/2019\/07\/Capture-d\u2019\u00e9cran-2019-07-16-\u00e0-09.11.43-300x150.png 300w\" sizes=\"auto, (max-width: 551px) 100vw, 551px\" \/><\/figure>\n","protected":false},"excerpt":{"rendered":"<p>L&rsquo;angiomammographie consiste \u00e0 coupler mammographie num\u00e9rique et injection en intraveineuse d&rsquo;un produit de contraste iod\u00e9, afin d&rsquo;am\u00e9liorer la qualit\u00e9 des images et donc la d\u00e9tection d&rsquo;une anomalie.&nbsp; Le concept donne des r\u00e9sultats \u00e9quivalents \u00e0 une IRM, tout en permettant \u00e0 la patiente de subir un examen moins long, moins cher, assortie d&rsquo;une mise en \u0153uvre [&hellip;]<\/p>\n","protected":false},"author":1,"featured_media":0,"parent":1335,"menu_order":5,"comment_status":"closed","ping_status":"closed","template":"","meta":{"_exactmetrics_skip_tracking":false,"_exactmetrics_sitenote_active":false,"_exactmetrics_sitenote_note":"","_exactmetrics_sitenote_category":0,"footnotes":""},"class_list":["post-141","page","type-page","status-publish","hentry","post"],"_links":{"self":[{"href":"https:\/\/gyneobs.com\/site\/wp-json\/wp\/v2\/pages\/141","targetHints":{"allow":["GET"]}}],"collection":[{"href":"https:\/\/gyneobs.com\/site\/wp-json\/wp\/v2\/pages"}],"about":[{"href":"https:\/\/gyneobs.com\/site\/wp-json\/wp\/v2\/types\/page"}],"author":[{"embeddable":true,"href":"https:\/\/gyneobs.com\/site\/wp-json\/wp\/v2\/users\/1"}],"replies":[{"embeddable":true,"href":"https:\/\/gyneobs.com\/site\/wp-json\/wp\/v2\/comments?post=141"}],"version-history":[{"count":3,"href":"https:\/\/gyneobs.com\/site\/wp-json\/wp\/v2\/pages\/141\/revisions"}],"predecessor-version":[{"id":2381,"href":"https:\/\/gyneobs.com\/site\/wp-json\/wp\/v2\/pages\/141\/revisions\/2381"}],"up":[{"embeddable":true,"href":"https:\/\/gyneobs.com\/site\/wp-json\/wp\/v2\/pages\/1335"}],"wp:attachment":[{"href":"https:\/\/gyneobs.com\/site\/wp-json\/wp\/v2\/media?parent=141"}],"curies":[{"name":"wp","href":"https:\/\/api.w.org\/{rel}","templated":true}]}}