{"id":1389,"date":"2019-07-05T09:14:15","date_gmt":"2019-07-05T07:14:15","guid":{"rendered":"http:\/\/gyneobs.com\/site\/?page_id=1389"},"modified":"2019-07-06T19:42:25","modified_gmt":"2019-07-06T17:42:25","slug":"questions-diverses","status":"publish","type":"page","link":"https:\/\/gyneobs.com\/site\/infertilite-et-procreation-medicalement-assistee\/questions-diverses\/","title":{"rendered":"QUESTIONS DIVERSES"},"content":{"rendered":"<p><div id=\"ccchildpages-1\" class=\"ccchildpages  simple ccclearfix\"><ul class=\"ccchildpages_list ccclearfix\"><li class=\"page_item page-item-1027\"><a href=\"https:\/\/gyneobs.com\/site\/infertilite-et-procreation-medicalement-assistee\/questions-diverses\/les-complications-de-la-pma\/\">Les complications de la PMA<\/a><\/li>\n<li class=\"page_item page-item-1022\"><a href=\"https:\/\/gyneobs.com\/site\/infertilite-et-procreation-medicalement-assistee\/questions-diverses\/quels-vrais-resultats-peut-on-attendre-des-techniques-de-procreation-medicalement-assistees\/\">R\u00e9sultats de la PMA<\/a><\/li>\n<li class=\"page_item page-item-1031\"><a href=\"https:\/\/gyneobs.com\/site\/infertilite-et-procreation-medicalement-assistee\/questions-diverses\/le-diagnostic-pre-implantatoire\/\">Le diagnostic pr\u00e9-implantatoire<\/a><\/li>\n<li class=\"page_item page-item-1036\"><a href=\"https:\/\/gyneobs.com\/site\/infertilite-et-procreation-medicalement-assistee\/questions-diverses\/les-mysteres-de-limplantation-embryonnaire\/\">Les myst\u00e8res de l\u2019implantation embryonnaire<\/a><\/li>\n<li class=\"page_item page-item-1053\"><a href=\"https:\/\/gyneobs.com\/site\/infertilite-et-procreation-medicalement-assistee\/questions-diverses\/la-pma-chez-les-couples-serodifferents\/\">La PMA Chez les couples s\u00e9rodiff\u00e9rents<\/a><\/li>\n<li class=\"page_item page-item-1060\"><a href=\"https:\/\/gyneobs.com\/site\/infertilite-et-procreation-medicalement-assistee\/questions-diverses\/religions-et-pma\/\">Religions et PMA<\/a><\/li><\/ul><\/div><br \/>\n<div id=\"ccchildpages-2\" class=\"ccchildpages threecol simple ccclearfix\"><div class=\"ccchildpage  ccfirst ccodd ccpage-count-1 ccpage-id-1027 ccpage-les-complications-de-la-pma ccpage-has-parent ccpage-pid-1389 ccpage-parent-questions-diverses\"><h3>Les complications de la PMA<\/h3><div class=\"ccpages_excerpt\">M\u00eame si aujourd\u2019hui les techniques de procr\u00e9ation m\u00e9dicalement assist\u00e9es&nbsp; sont s\u00fbres et bien standardis\u00e9es,&nbsp; certaines complications&nbsp; et certains effets secondaires peuvent se produire et leur possibilit\u00e9 doit \u00eatre connue des candidates \u00e0 ces techniques. On&nbsp; envisagera dans ce chapitre&nbsp;: &nbsp; &nbsp; &nbsp; &nbsp; -Les effets secondaires des m\u00e9dicaments utilis\u00e9s en PMA&nbsp;; &nbsp; &nbsp; &nbsp; &nbsp;...<\/div><p class=\"ccpages_more\"><a href=\"https:\/\/gyneobs.com\/site\/infertilite-et-procreation-medicalement-assistee\/questions-diverses\/les-complications-de-la-pma\/\"  title=\"Plus ...\">Plus ...<\/a><\/p><\/div><div class=\"ccchildpage  cceven ccpage-count-2 ccpage-id-1022 ccpage-quels-vrais-resultats-peut-on-attendre-des-techniques-de-procreation-medicalement-assistees ccpage-has-parent ccpage-pid-1389 ccpage-parent-questions-diverses\"><h3>R\u00e9sultats de la PMA<\/h3><div class=\"ccpages_excerpt\">Une notion pr\u00e9alable&nbsp;: qu\u2019est-ce qu\u2019un \u00ab&nbsp;r\u00e9sultat&nbsp;\u00bb en mati\u00e8re de f\u00e9condation in vitro&nbsp;? Contrairement \u00e0 ce que l\u2019on pourrait croire, la notion de r\u00e9sultat en mati\u00e8re de f\u00e9condation in vitro est extr\u00eamement difficile \u00e0 appr\u00e9hender et \u00e0 d\u00e9finir. Evoquer les \" vrais \" r\u00e9sultats de la f\u00e9condation in vitro (FIV) serait laisser en sous-entendu qu'il peut...<\/div><p class=\"ccpages_more\"><a href=\"https:\/\/gyneobs.com\/site\/infertilite-et-procreation-medicalement-assistee\/questions-diverses\/quels-vrais-resultats-peut-on-attendre-des-techniques-de-procreation-medicalement-assistees\/\"  title=\"Plus ...\">Plus ...<\/a><\/p><\/div><div class=\"ccchildpage  cclast ccodd ccpage-count-3 ccpage-id-1031 ccpage-le-diagnostic-pre-implantatoire ccpage-has-parent ccpage-pid-1389 ccpage-parent-questions-diverses\"><h3>Le diagnostic pr\u00e9-implantatoire<\/h3><div class=\"ccpages_excerpt\">Principe g\u00e9n\u00e9ral Le Diagnostic pr\u00e9-implantatoire ou DPI, consiste \u00e0 rechercher certaines anomalies g\u00e9n\u00e9tiques sur des embryons obtenus par f\u00e9condation in vitro (FIV). Les embryons non porteurs de l\u2019anomalie sont transf\u00e9r\u00e9s dans l\u2019ut\u00e9rus et les embryons atteints sont d\u00e9truits. Cette technique est interdite dans certains pays, l\u00e9galement encadr\u00e9e dans d\u2019autre ou encore totalement libre dans certains...<\/div><p class=\"ccpages_more\"><a href=\"https:\/\/gyneobs.com\/site\/infertilite-et-procreation-medicalement-assistee\/questions-diverses\/le-diagnostic-pre-implantatoire\/\"  title=\"Plus ...\">Plus ...<\/a><\/p><\/div><div class=\"ccchildpage  ccfirst cceven ccpage-count-4 ccpage-id-1036 ccpage-les-mysteres-de-limplantation-embryonnaire ccpage-has-parent ccpage-pid-1389 ccpage-parent-questions-diverses\"><h3>Les myst\u00e8res de l\u2019implantation embryonnaire<\/h3><div class=\"ccpages_excerpt\">Malgr\u00e9 les progr\u00e8s ind\u00e9niables de la PMA, l\u2019absence de contr\u00f4le de l\u2019implantation reste un obstacle majeur au succ\u00e8s de la grossesse. Ces d\u00e9ficits d\u2019implantation peuvent r\u00e9sulter d\u2019une qualit\u00e9 ovocytaire ou embryonnaire m\u00e9diocre, d\u2019une mauvaise r\u00e9ceptivit\u00e9 endom\u00e9triale, d\u2019un dysfonctionnement hormonal, immunologique ou angiog\u00e9nique. Les \u00e9v\u00e9nements mol\u00e9culaires intervenant dans l\u2019apposition, l\u2019adh\u00e9sion puis l\u2019invasion de l\u2019embryon dans l\u2019endom\u00e8tre...<\/div><p class=\"ccpages_more\"><a href=\"https:\/\/gyneobs.com\/site\/infertilite-et-procreation-medicalement-assistee\/questions-diverses\/les-mysteres-de-limplantation-embryonnaire\/\"  title=\"Plus ...\">Plus ...<\/a><\/p><\/div><div class=\"ccchildpage  ccodd ccpage-count-5 ccpage-id-1053 ccpage-la-pma-chez-les-couples-serodifferents ccpage-has-parent ccpage-pid-1389 ccpage-parent-questions-diverses\"><h3>La PMA Chez les couples s\u00e9rodiff\u00e9rents<\/h3><div class=\"ccpages_excerpt\">Le probl\u00e8me des couples s\u00e9rodiff\u00e9rents pour le VHC ou le VIH et demandant l\u2019aide de la m\u00e9decine est une question parfois difficile. Il faut savoir qu\u2019il existe des diff\u00e9rences fondamentales entre ces deux maladies virales, diff\u00e9rences li\u00e9es \u00e0 la gravit\u00e9 de la maladie ainsi qu\u2019au risque de transmission intraconjugale et \u00e0 l\u2019enfant \u00e0 na\u00eetre.\u00a0 On...<\/div><p class=\"ccpages_more\"><a href=\"https:\/\/gyneobs.com\/site\/infertilite-et-procreation-medicalement-assistee\/questions-diverses\/la-pma-chez-les-couples-serodifferents\/\"  title=\"Plus ...\">Plus ...<\/a><\/p><\/div><div class=\"ccchildpage  cclast cceven ccpage-count-6 ccpage-id-1060 ccpage-religions-et-pma ccpage-has-parent ccpage-pid-1389 ccpage-parent-questions-diverses\"><h3>Religions et PMA<\/h3><div class=\"ccpages_excerpt\">Bien que, dans l'ensemble, la Procr\u00e9ation M\u00e9dicalement Assist\u00e9e (FIV et ins\u00e9minations artificielles) soit accept\u00e9e, voire encourag\u00e9e par les religions, certains points font encore l'objet de d\u00e9bats pour la plupart des croyants. Ces questions concernent en particulier: - l'IAD (ins\u00e9mination avec sperme de donneur); - la FIV, surtout en ce qui concerne le sort des embryons...<\/div><p class=\"ccpages_more\"><a href=\"https:\/\/gyneobs.com\/site\/infertilite-et-procreation-medicalement-assistee\/questions-diverses\/religions-et-pma\/\"  title=\"Plus ...\">Plus ...<\/a><\/p><\/div><\/div><\/p>\n","protected":false},"excerpt":{"rendered":"","protected":false},"author":1,"featured_media":0,"parent":833,"menu_order":4,"comment_status":"closed","ping_status":"closed","template":"","meta":{"_exactmetrics_skip_tracking":false,"_exactmetrics_sitenote_active":false,"_exactmetrics_sitenote_note":"","_exactmetrics_sitenote_category":0,"footnotes":""},"class_list":["post-1389","page","type-page","status-publish","hentry","post"],"_links":{"self":[{"href":"https:\/\/gyneobs.com\/site\/wp-json\/wp\/v2\/pages\/1389","targetHints":{"allow":["GET"]}}],"collection":[{"href":"https:\/\/gyneobs.com\/site\/wp-json\/wp\/v2\/pages"}],"about":[{"href":"https:\/\/gyneobs.com\/site\/wp-json\/wp\/v2\/types\/page"}],"author":[{"embeddable":true,"href":"https:\/\/gyneobs.com\/site\/wp-json\/wp\/v2\/users\/1"}],"replies":[{"embeddable":true,"href":"https:\/\/gyneobs.com\/site\/wp-json\/wp\/v2\/comments?post=1389"}],"version-history":[{"count":2,"href":"https:\/\/gyneobs.com\/site\/wp-json\/wp\/v2\/pages\/1389\/revisions"}],"predecessor-version":[{"id":1893,"href":"https:\/\/gyneobs.com\/site\/wp-json\/wp\/v2\/pages\/1389\/revisions\/1893"}],"up":[{"embeddable":true,"href":"https:\/\/gyneobs.com\/site\/wp-json\/wp\/v2\/pages\/833"}],"wp:attachment":[{"href":"https:\/\/gyneobs.com\/site\/wp-json\/wp\/v2\/media?parent=1389"}],"curies":[{"name":"wp","href":"https:\/\/api.w.org\/{rel}","templated":true}]}}