{"id":1387,"date":"2019-07-05T09:10:15","date_gmt":"2019-07-05T07:10:15","guid":{"rendered":"http:\/\/gyneobs.com\/site\/?page_id=1387"},"modified":"2019-07-06T19:42:10","modified_gmt":"2019-07-06T17:42:10","slug":"les-dons","status":"publish","type":"page","link":"https:\/\/gyneobs.com\/site\/infertilite-et-procreation-medicalement-assistee\/les-dons\/","title":{"rendered":"LES DONS"},"content":{"rendered":"<p><div id=\"ccchildpages-1\" class=\"ccchildpages  simple ccclearfix\"><ul class=\"ccchildpages_list ccclearfix\"><li class=\"page_item page-item-1013\"><a href=\"https:\/\/gyneobs.com\/site\/infertilite-et-procreation-medicalement-assistee\/les-dons\/les-dons-de-sperme\/\">Les dons de sperme<\/a><\/li>\n<li class=\"page_item page-item-1010\"><a href=\"https:\/\/gyneobs.com\/site\/infertilite-et-procreation-medicalement-assistee\/les-dons\/les-dons-dovocytes\/\">Les dons d&rsquo;ovocytes<\/a><\/li>\n<li class=\"page_item page-item-1020\"><a href=\"https:\/\/gyneobs.com\/site\/infertilite-et-procreation-medicalement-assistee\/les-dons\/la-gestation-pour-autrui-gpa\/\">La gestation pour autrui (GPA)<\/a><\/li>\n<li class=\"page_item page-item-1017\"><a href=\"https:\/\/gyneobs.com\/site\/infertilite-et-procreation-medicalement-assistee\/les-dons\/le-double-don-de-gametes\/\">Le double don de gam\u00e8tes<\/a><\/li><\/ul><\/div><br \/>\n<div id=\"ccchildpages-2\" class=\"ccchildpages threecol simple ccclearfix\"><div class=\"ccchildpage  ccfirst ccodd ccpage-count-1 ccpage-id-1013 ccpage-les-dons-de-sperme ccpage-has-parent ccpage-pid-1387 ccpage-parent-les-dons\"><h3>Les dons de sperme<\/h3><div class=\"ccpages_excerpt\">Cette pratique existe depuis&nbsp; plusieurs d\u00e9cennies. Le don est gratuit ou non selon les pays, anonyme et bas\u00e9 sur le volontariat. La conservation du sperme se fait sous forme de paillettes congel\u00e9es et conserv\u00e9es dans l'azote liquide \u00e0 - 196\u00b0c. Les&nbsp; limites du don&nbsp; du sperme ont \u00e9t\u00e9 r\u00e9cemment repouss\u00e9es gr\u00e2ce \u00e0 l'ICSI, technique qui...<\/div><p class=\"ccpages_more\"><a href=\"https:\/\/gyneobs.com\/site\/infertilite-et-procreation-medicalement-assistee\/les-dons\/les-dons-de-sperme\/\"  title=\"Plus ...\">Plus ...<\/a><\/p><\/div><div class=\"ccchildpage  cceven ccpage-count-2 ccpage-id-1010 ccpage-les-dons-dovocytes ccpage-has-parent ccpage-pid-1387 ccpage-parent-les-dons\"><h3>Les dons d&rsquo;ovocytes<\/h3><div class=\"ccpages_excerpt\">Le don d\u2019ovocytes est le don de cellules reproductrices f\u00e9minines d\u2019un couple \u00e0 un autre. Pour cela, les ovocytes de la femme du couple donneur sont pr\u00e9lev\u00e9s au niveau des ovaires apr\u00e8s traitement de stimulation de l\u2019ovulation (\u00e9tapes identiques \u00e0 celles d\u2019une F\u00e9condation In Vitro). Les ovocytes sont ensuite f\u00e9cond\u00e9s in vitro par les spermatozo\u00efdes...<\/div><p class=\"ccpages_more\"><a href=\"https:\/\/gyneobs.com\/site\/infertilite-et-procreation-medicalement-assistee\/les-dons\/les-dons-dovocytes\/\"  title=\"Plus ...\">Plus ...<\/a><\/p><\/div><div class=\"ccchildpage  cclast ccodd ccpage-count-3 ccpage-id-1020 ccpage-la-gestation-pour-autrui-gpa ccpage-has-parent ccpage-pid-1387 ccpage-parent-les-dons\"><h3>La gestation pour autrui (GPA)<\/h3><div class=\"ccpages_excerpt\">La gestation pour autrui ou maternit\u00e9 de substitution est une m\u00e9thode d'Assistance m\u00e9dicale \u00e0 la Procr\u00e9ation qui se pratique g\u00e9n\u00e9ralement en cas d'infertilit\u00e9 f\u00e9minine li\u00e9e \u00e0 l'absence d\u2019ut\u00e9rus ou \u00e0 sa d\u00e9formation. La m\u00e8re porteuse porte l'enfant d'un couple qui a fourni ses embryons. Elle ne fournit pas une contribution g\u00e9n\u00e9tique, c'est-\u00e0-dire un ovule, mais...<\/div><p class=\"ccpages_more\"><a href=\"https:\/\/gyneobs.com\/site\/infertilite-et-procreation-medicalement-assistee\/les-dons\/la-gestation-pour-autrui-gpa\/\"  title=\"Plus ...\">Plus ...<\/a><\/p><\/div><div class=\"ccchildpage  ccfirst cceven ccpage-count-4 ccpage-id-1017 ccpage-le-double-don-de-gametes ccpage-has-parent ccpage-pid-1387 ccpage-parent-les-dons\"><h3>Le double don de gam\u00e8tes<\/h3><div class=\"ccpages_excerpt\">Le double don (DD) deg am\u00e8tes est untraitement de PMA o\u00f9 les embryons proviennent de deux dons de gam\u00e8tes, et l\u2019embryon est g\u00e9n\u00e9r\u00e9 de mani\u00e8re \u00e0 \u00eatre transf\u00e9r\u00e9 \u00e0 une patiente sp\u00e9cifique. Ils\u2019agit d\u2019un traitement efficace en cas d\u2019infertilit\u00e9 durable qui a augment\u00e9 au cours des10derni\u00e8res ann\u00e9es, d\u00fb \u00e0 l\u2019augmentation de l\u2019\u00e2ge des femmes ayant...<\/div><p class=\"ccpages_more\"><a href=\"https:\/\/gyneobs.com\/site\/infertilite-et-procreation-medicalement-assistee\/les-dons\/le-double-don-de-gametes\/\"  title=\"Plus ...\">Plus ...<\/a><\/p><\/div><\/div><\/p>\n","protected":false},"excerpt":{"rendered":"","protected":false},"author":1,"featured_media":0,"parent":833,"menu_order":3,"comment_status":"closed","ping_status":"closed","template":"","meta":{"_exactmetrics_skip_tracking":false,"_exactmetrics_sitenote_active":false,"_exactmetrics_sitenote_note":"","_exactmetrics_sitenote_category":0,"footnotes":""},"class_list":["post-1387","page","type-page","status-publish","hentry","post"],"_links":{"self":[{"href":"https:\/\/gyneobs.com\/site\/wp-json\/wp\/v2\/pages\/1387","targetHints":{"allow":["GET"]}}],"collection":[{"href":"https:\/\/gyneobs.com\/site\/wp-json\/wp\/v2\/pages"}],"about":[{"href":"https:\/\/gyneobs.com\/site\/wp-json\/wp\/v2\/types\/page"}],"author":[{"embeddable":true,"href":"https:\/\/gyneobs.com\/site\/wp-json\/wp\/v2\/users\/1"}],"replies":[{"embeddable":true,"href":"https:\/\/gyneobs.com\/site\/wp-json\/wp\/v2\/comments?post=1387"}],"version-history":[{"count":2,"href":"https:\/\/gyneobs.com\/site\/wp-json\/wp\/v2\/pages\/1387\/revisions"}],"predecessor-version":[{"id":1892,"href":"https:\/\/gyneobs.com\/site\/wp-json\/wp\/v2\/pages\/1387\/revisions\/1892"}],"up":[{"embeddable":true,"href":"https:\/\/gyneobs.com\/site\/wp-json\/wp\/v2\/pages\/833"}],"wp:attachment":[{"href":"https:\/\/gyneobs.com\/site\/wp-json\/wp\/v2\/media?parent=1387"}],"curies":[{"name":"wp","href":"https:\/\/api.w.org\/{rel}","templated":true}]}}