{"id":1381,"date":"2019-07-05T09:01:43","date_gmt":"2019-07-05T07:01:43","guid":{"rendered":"http:\/\/gyneobs.com\/site\/?page_id=1381"},"modified":"2019-07-06T19:41:30","modified_gmt":"2019-07-06T17:41:30","slug":"les-traitements-de-linfertilite","status":"publish","type":"page","link":"https:\/\/gyneobs.com\/site\/infertilite-et-procreation-medicalement-assistee\/les-traitements-de-linfertilite\/","title":{"rendered":"LES TRAITEMENTS DE L&rsquo;INFERTILITE"},"content":{"rendered":"<p><div id=\"ccchildpages-1\" class=\"ccchildpages  simple ccclearfix\"><ul class=\"ccchildpages_list ccclearfix\"><li class=\"page_item page-item-947\"><a href=\"https:\/\/gyneobs.com\/site\/infertilite-et-procreation-medicalement-assistee\/les-traitements-de-linfertilite\/les-traitements-des-troubles-de-lovulation-hors-fiv\/\">Les traitements des troubles de l&rsquo;ovulation (hors FIV)<\/a><\/li>\n<li class=\"page_item page-item-955\"><a href=\"https:\/\/gyneobs.com\/site\/infertilite-et-procreation-medicalement-assistee\/les-traitements-de-linfertilite\/place-de-la-chirurgie-dans-le-traitement-de-linfertilite\/\">Place de la chirurgie dans le traitement de l\u2019infertilit\u00e9<\/a><\/li>\n<li class=\"page_item page-item-957\"><a href=\"https:\/\/gyneobs.com\/site\/infertilite-et-procreation-medicalement-assistee\/les-traitements-de-linfertilite\/la-fecondation-in-vitro-fiv\/\">La f\u00e9condation in vitro (FIV)<\/a><\/li>\n<li class=\"page_item page-item-977\"><a href=\"https:\/\/gyneobs.com\/site\/infertilite-et-procreation-medicalement-assistee\/les-traitements-de-linfertilite\/embryoscopie-et-monitorage-des-embryons\/\">Embryoscopie et monitorage des embryons<\/a><\/li>\n<li class=\"page_item page-item-985\"><a href=\"https:\/\/gyneobs.com\/site\/infertilite-et-procreation-medicalement-assistee\/les-traitements-de-linfertilite\/les-inseminations-artificielles\/\">Les ins\u00e9minations artificielles<\/a><\/li>\n<li class=\"page_item page-item-988\"><a href=\"https:\/\/gyneobs.com\/site\/infertilite-et-procreation-medicalement-assistee\/les-traitements-de-linfertilite\/licsi-intra-cytoplasmic-sperm-injection\/\">L&rsquo;ICSI (Intra Cytoplasmic Sperm Injection)<\/a><\/li>\n<li class=\"page_item page-item-991\"><a href=\"https:\/\/gyneobs.com\/site\/infertilite-et-procreation-medicalement-assistee\/les-traitements-de-linfertilite\/limsi-intra-cytoplasmic-morphological-sperm-injection\/\">L&rsquo;IMSI (Intra Cytoplasmic Morphological Sperm Injection)<\/a><\/li>\n<li class=\"page_item page-item-1008\"><a href=\"https:\/\/gyneobs.com\/site\/infertilite-et-procreation-medicalement-assistee\/les-traitements-de-linfertilite\/la-fecondation-in-vitro-en-cycle-naturel-ou-semi-naturel\/\">La F\u00e9condation in vitro en cycle naturel ou semi-naturel<\/a><\/li><\/ul><\/div><br \/>\n<div id=\"ccchildpages-2\" class=\"ccchildpages threecol simple ccclearfix\"><div class=\"ccchildpage  ccfirst ccodd ccpage-count-1 ccpage-id-947 ccpage-les-traitements-des-troubles-de-lovulation-hors-fiv ccpage-has-parent ccpage-pid-1381 ccpage-parent-les-traitements-de-linfertilite\"><h3>Les traitements des troubles de l&rsquo;ovulation (hors FIV)<\/h3><div class=\"ccpages_excerpt\">Lorsqu\u2019existe une absence d\u2019ovulation (anovulation) ou un trouble de l\u2019ovulation (dysovulation), il est possible d\u2019essayer de corriger cette anomalie \u00e0 l\u2019aide de m\u00e9dicaments inducteurs de l\u2019ovulation. Il est cependant important de distinguer&nbsp; les inductions de l\u2019ovulation destin\u00e9es \u00e0 corriger un trouble de l\u2019ovulation de celles destin\u00e9es \u00e0 un recrutement pauci folliculaire en vue d\u2019une ins\u00e9mination...<\/div><p class=\"ccpages_more\"><a href=\"https:\/\/gyneobs.com\/site\/infertilite-et-procreation-medicalement-assistee\/les-traitements-de-linfertilite\/les-traitements-des-troubles-de-lovulation-hors-fiv\/\"  title=\"Plus ...\">Plus ...<\/a><\/p><\/div><div class=\"ccchildpage  cceven ccpage-count-2 ccpage-id-955 ccpage-place-de-la-chirurgie-dans-le-traitement-de-linfertilite ccpage-has-parent ccpage-pid-1381 ccpage-parent-les-traitements-de-linfertilite\"><h3>Place de la chirurgie dans le traitement de l\u2019infertilit\u00e9<\/h3><div class=\"ccpages_excerpt\">Les indications chirurgicales dans les strat\u00e9gies de traitement de l\u2019infertilit\u00e9 ont beaucoup diminu\u00e9 de fr\u00e9quence depuis l\u2019apparition des techniques de f\u00e9condation in vitro. C\u2019est ainsi que des interventions comme les plasties tubaires, les reperm\u00e9abilisations des trompes ou des d\u00e9f\u00e9rents se font beaucoup moins, tout en gardant toute leur place si l\u2019acc\u00e8s \u00e0 un centre de...<\/div><p class=\"ccpages_more\"><a href=\"https:\/\/gyneobs.com\/site\/infertilite-et-procreation-medicalement-assistee\/les-traitements-de-linfertilite\/place-de-la-chirurgie-dans-le-traitement-de-linfertilite\/\"  title=\"Plus ...\">Plus ...<\/a><\/p><\/div><div class=\"ccchildpage  cclast ccodd ccpage-count-3 ccpage-id-957 ccpage-la-fecondation-in-vitro-fiv ccpage-has-parent ccpage-pid-1381 ccpage-parent-les-traitements-de-linfertilite\"><h3>La f\u00e9condation in vitro (FIV)<\/h3><div class=\"ccpages_excerpt\">G\u00e9n\u00e9ralit\u00e9s sur les protocoles de stimulation pour FIV&nbsp; Le but des traitements de stimulation de l'ovulation est donc d'obtenir, chez une femme normo-ovulante, un d\u00e9veloppement pluri-folliculaire, c'est \u00e0 dire entre 5 et 10 follicules, dans l'espoir de recueillir entre 3 et 8 ovocytes en moyenne. Pour cela, il faut utiliser des m\u00e9dicaments appel\u00e9s gonadotrophines.&nbsp; Le...<\/div><p class=\"ccpages_more\"><a href=\"https:\/\/gyneobs.com\/site\/infertilite-et-procreation-medicalement-assistee\/les-traitements-de-linfertilite\/la-fecondation-in-vitro-fiv\/\"  title=\"Plus ...\">Plus ...<\/a><\/p><\/div><div class=\"ccchildpage  ccfirst cceven ccpage-count-4 ccpage-id-977 ccpage-embryoscopie-et-monitorage-des-embryons ccpage-has-parent ccpage-pid-1381 ccpage-parent-les-traitements-de-linfertilite\"><h3>Embryoscopie et monitorage des embryons<\/h3><div class=\"ccpages_excerpt\">La culture embryonnaire repose sur un principe tr\u00e8s simple : plus l'environnement de l\u2019embryon est est stable (temp\u00e9rature, exposition \u00e0 l'oxyg\u00e8ne ou au dioxyde de carbone...), mieux il se porte et plus son d\u00e9veloppement sera favoris\u00e9. Jusqu'\u00e0 maintenant, la surveillance du d\u00e9veloppement des embryons imposait de le sortir de l'univers douillet de son incubateur pour...<\/div><p class=\"ccpages_more\"><a href=\"https:\/\/gyneobs.com\/site\/infertilite-et-procreation-medicalement-assistee\/les-traitements-de-linfertilite\/embryoscopie-et-monitorage-des-embryons\/\"  title=\"Plus ...\">Plus ...<\/a><\/p><\/div><div class=\"ccchildpage  ccodd ccpage-count-5 ccpage-id-985 ccpage-les-inseminations-artificielles ccpage-has-parent ccpage-pid-1381 ccpage-parent-les-traitements-de-linfertilite\"><h3>Les ins\u00e9minations artificielles<\/h3><div class=\"ccpages_excerpt\">L\u2019ins\u00e9mination artificielle est une technique connue depuis tr\u00e8s longtemps, simple et indolore, qui consiste \u00e0 d\u00e9poser \u00e0 l\u2019aide d\u2019un fin cath\u00e9ter&nbsp; le sperme au pr\u00e9alable pr\u00e9par\u00e9 au laboratoire dans la cavit\u00e9 ut\u00e9rine pour augmenter les chances de rencontre entre l\u2019ovocyte et les spermatozo\u00efdes. L\u2019ins\u00e9mination artificielle au niveau du col est aujourd\u2019hui abandonn\u00e9e. On utilise g\u00e9n\u00e9ralement...<\/div><p class=\"ccpages_more\"><a href=\"https:\/\/gyneobs.com\/site\/infertilite-et-procreation-medicalement-assistee\/les-traitements-de-linfertilite\/les-inseminations-artificielles\/\"  title=\"Plus ...\">Plus ...<\/a><\/p><\/div><div class=\"ccchildpage  cclast cceven ccpage-count-6 ccpage-id-988 ccpage-licsi-intra-cytoplasmic-sperm-injection ccpage-has-parent ccpage-pid-1381 ccpage-parent-les-traitements-de-linfertilite\"><h3>L&rsquo;ICSI (Intra Cytoplasmic Sperm Injection)<\/h3><div class=\"ccpages_excerpt\">Le terme\"ICSI\" utilis\u00e9e pour la f\u00e9condation in vitro avec micro-injection provient du terme anglais: \"Intra Cytoplasmic Sperm Injection\". Microscope pour ICSI Pour le couple, il n'y a aucune diff\u00e9rence de traitement entre une f\u00e9condation in vitro conventionnelle (FIV) et une f\u00e9condation in vitro avec micro-injection (ICSI). La stimulation de l\u2019ovulation, le recueil des ovocytes et...<\/div><p class=\"ccpages_more\"><a href=\"https:\/\/gyneobs.com\/site\/infertilite-et-procreation-medicalement-assistee\/les-traitements-de-linfertilite\/licsi-intra-cytoplasmic-sperm-injection\/\"  title=\"Plus ...\">Plus ...<\/a><\/p><\/div><div class=\"ccchildpage  ccfirst ccodd ccpage-count-7 ccpage-id-991 ccpage-limsi-intra-cytoplasmic-morphological-sperm-injection ccpage-has-parent ccpage-pid-1381 ccpage-parent-les-traitements-de-linfertilite\"><h3>L&rsquo;IMSI (Intra Cytoplasmic Morphological Sperm Injection)<\/h3><div class=\"ccpages_excerpt\">L\u2019IMSI&nbsp; (Intra Cytoplasmic Morphological Sperm Injection)&nbsp; est une f\u00e9condation in vitro avec micro-injection (ICSI) mais qui utilise un ensemble de mat\u00e9riels qui permettent&nbsp; d\u2019 \u00e9tudier les spermatozo\u00efdes sous un plus fort grossissement (x6600) et choisir parmi les spermatozo\u00efdes, uniquement ceux qui poss\u00e8dent une morphologie parfaite ou presque parfaite (taille, aspect et int\u00e9grit\u00e9 de structure), donc...<\/div><p class=\"ccpages_more\"><a href=\"https:\/\/gyneobs.com\/site\/infertilite-et-procreation-medicalement-assistee\/les-traitements-de-linfertilite\/limsi-intra-cytoplasmic-morphological-sperm-injection\/\"  title=\"Plus ...\">Plus ...<\/a><\/p><\/div><div class=\"ccchildpage  cceven ccpage-count-8 ccpage-id-1008 ccpage-la-fecondation-in-vitro-en-cycle-naturel-ou-semi-naturel ccpage-has-parent ccpage-pid-1381 ccpage-parent-les-traitements-de-linfertilite\"><h3>La F\u00e9condation in vitro en cycle naturel ou semi-naturel<\/h3><div class=\"ccpages_excerpt\">La f\u00e9condation in vitro classique suppose, on l\u2019a vu tout au long des chapitres de cet ouvrage, une stimulation des ovaires, dite multifolliculaire, afin d\u2019obtenir un certain nombre d\u2019ovocytes dans le but d\u2019aboutir \u00e0 l\u2019obtention de plusieurs embryons. Or dans certains cas, les ovaires sont incapables de r\u00e9pondre de mani\u00e8re ad\u00e9quate \u00e0 cette stimulation et...<\/div><p class=\"ccpages_more\"><a href=\"https:\/\/gyneobs.com\/site\/infertilite-et-procreation-medicalement-assistee\/les-traitements-de-linfertilite\/la-fecondation-in-vitro-en-cycle-naturel-ou-semi-naturel\/\"  title=\"Plus ...\">Plus ...<\/a><\/p><\/div><\/div><\/p>\n","protected":false},"excerpt":{"rendered":"","protected":false},"author":1,"featured_media":0,"parent":833,"menu_order":1,"comment_status":"closed","ping_status":"closed","template":"","meta":{"_exactmetrics_skip_tracking":false,"_exactmetrics_sitenote_active":false,"_exactmetrics_sitenote_note":"","_exactmetrics_sitenote_category":0,"footnotes":""},"class_list":["post-1381","page","type-page","status-publish","hentry","post"],"_links":{"self":[{"href":"https:\/\/gyneobs.com\/site\/wp-json\/wp\/v2\/pages\/1381","targetHints":{"allow":["GET"]}}],"collection":[{"href":"https:\/\/gyneobs.com\/site\/wp-json\/wp\/v2\/pages"}],"about":[{"href":"https:\/\/gyneobs.com\/site\/wp-json\/wp\/v2\/types\/page"}],"author":[{"embeddable":true,"href":"https:\/\/gyneobs.com\/site\/wp-json\/wp\/v2\/users\/1"}],"replies":[{"embeddable":true,"href":"https:\/\/gyneobs.com\/site\/wp-json\/wp\/v2\/comments?post=1381"}],"version-history":[{"count":2,"href":"https:\/\/gyneobs.com\/site\/wp-json\/wp\/v2\/pages\/1381\/revisions"}],"predecessor-version":[{"id":1890,"href":"https:\/\/gyneobs.com\/site\/wp-json\/wp\/v2\/pages\/1381\/revisions\/1890"}],"up":[{"embeddable":true,"href":"https:\/\/gyneobs.com\/site\/wp-json\/wp\/v2\/pages\/833"}],"wp:attachment":[{"href":"https:\/\/gyneobs.com\/site\/wp-json\/wp\/v2\/media?parent=1381"}],"curies":[{"name":"wp","href":"https:\/\/api.w.org\/{rel}","templated":true}]}}