{"id":1322,"date":"2019-07-04T11:08:39","date_gmt":"2019-07-04T09:08:39","guid":{"rendered":"http:\/\/gyneobs.com\/site\/?page_id=1322"},"modified":"2019-07-06T19:28:32","modified_gmt":"2019-07-06T17:28:32","slug":"oncologie","status":"publish","type":"page","link":"https:\/\/gyneobs.com\/site\/oncologie\/","title":{"rendered":"ONCOLOGIE"},"content":{"rendered":"<p><div id=\"ccchildpages-1\" class=\"ccchildpages  simple ccclearfix\"><ul class=\"ccchildpages_list ccclearfix\"><li class=\"page_item page-item-20 page_item_has_children\"><a href=\"https:\/\/gyneobs.com\/site\/oncologie\/cancer-du-sein-et-mammologie\/\">CANCER DU SEIN ET MAMMOLOGIE<\/a><\/li>\n<li class=\"page_item page-item-774 page_item_has_children\"><a href=\"https:\/\/gyneobs.com\/site\/oncologie\/les-cancers-gynecologiques-hors-cancers-du-sein\/\">LES CANCERS GYN\u00c9COLOGIQUES (hors cancers du sein)<\/a><\/li><\/ul><\/div><br \/>\n<div id=\"ccchildpages-2\" class=\"ccchildpages threecol simple ccclearfix\"><div class=\"ccchildpage  ccfirst ccodd ccpage-count-1 ccpage-id-20 ccpage-cancer-du-sein-et-mammologie ccpage-has-parent ccpage-pid-1322 ccpage-parent-oncologie\"><h3>CANCER DU SEIN ET MAMMOLOGIE<\/h3><div class=\"ccpages_excerpt\">Le cancer du sein est le plus fr\u00e9quent des cancers de la femme&nbsp; (on admet qu\u2019il touche une femme sur 9 ). Son d\u00e9pistage, son diagnostic et son traitement n\u00e9cessitent une organisation et une prise en charge sp\u00e9cifique et multidisciplinaire gr\u00e2ce \u00e0 laquelle on parvient aujourd\u2019hui \u00e0 gu\u00e9rir plus de 80% des cancers du sein...<\/div><p class=\"ccpages_more\"><a href=\"https:\/\/gyneobs.com\/site\/oncologie\/cancer-du-sein-et-mammologie\/\"  title=\"Plus ...\">Plus ...<\/a><\/p><\/div><div class=\"ccchildpage  cceven ccpage-count-2 ccpage-id-774 ccpage-les-cancers-gynecologiques-hors-cancers-du-sein ccpage-has-parent ccpage-pid-1322 ccpage-parent-oncologie\"><h3>LES CANCERS GYN\u00c9COLOGIQUES (hors cancers du sein)<\/h3><div class=\"ccpages_excerpt\"><\/div><p class=\"ccpages_more\"><a href=\"https:\/\/gyneobs.com\/site\/oncologie\/les-cancers-gynecologiques-hors-cancers-du-sein\/\"  title=\"Plus ...\">Plus ...<\/a><\/p><\/div><\/div><\/p>\n","protected":false},"excerpt":{"rendered":"","protected":false},"author":1,"featured_media":0,"parent":0,"menu_order":2,"comment_status":"closed","ping_status":"closed","template":"","meta":{"_exactmetrics_skip_tracking":false,"_exactmetrics_sitenote_active":false,"_exactmetrics_sitenote_note":"","_exactmetrics_sitenote_category":0,"footnotes":""},"class_list":["post-1322","page","type-page","status-publish","hentry","post"],"_links":{"self":[{"href":"https:\/\/gyneobs.com\/site\/wp-json\/wp\/v2\/pages\/1322","targetHints":{"allow":["GET"]}}],"collection":[{"href":"https:\/\/gyneobs.com\/site\/wp-json\/wp\/v2\/pages"}],"about":[{"href":"https:\/\/gyneobs.com\/site\/wp-json\/wp\/v2\/types\/page"}],"author":[{"embeddable":true,"href":"https:\/\/gyneobs.com\/site\/wp-json\/wp\/v2\/users\/1"}],"replies":[{"embeddable":true,"href":"https:\/\/gyneobs.com\/site\/wp-json\/wp\/v2\/comments?post=1322"}],"version-history":[{"count":2,"href":"https:\/\/gyneobs.com\/site\/wp-json\/wp\/v2\/pages\/1322\/revisions"}],"predecessor-version":[{"id":1875,"href":"https:\/\/gyneobs.com\/site\/wp-json\/wp\/v2\/pages\/1322\/revisions\/1875"}],"wp:attachment":[{"href":"https:\/\/gyneobs.com\/site\/wp-json\/wp\/v2\/media?parent=1322"}],"curies":[{"name":"wp","href":"https:\/\/api.w.org\/{rel}","templated":true}]}}