{"id":1301,"date":"2019-07-04T09:54:44","date_gmt":"2019-07-04T07:54:34","guid":{"rendered":"http:\/\/gyneobs.com\/site\/?page_id=1301"},"modified":"2020-01-07T17:34:23","modified_gmt":"2020-01-07T16:34:23","slug":"vulve-vagin-perinee","status":"publish","type":"page","link":"https:\/\/gyneobs.com\/site\/articles\/vulve-vagin-perinee\/","title":{"rendered":"VULVE, VAGIN, PERIN\u00c9E"},"content":{"rendered":"<p><div id=\"ccchildpages-1\" class=\"ccchildpages  simple ccclearfix\"><ul class=\"ccchildpages_list ccclearfix\"><li class=\"page_item page-item-302\"><a href=\"https:\/\/gyneobs.com\/site\/articles\/vulve-vagin-perinee\/lhygiene-intime-feminine\/\">L\u2019hygi\u00e8ne intime f\u00e9minine<\/a><\/li>\n<li class=\"page_item page-item-305\"><a href=\"https:\/\/gyneobs.com\/site\/articles\/vulve-vagin-perinee\/les-vaginoses\/\">Les vaginoses<\/a><\/li>\n<li class=\"page_item page-item-310\"><a href=\"https:\/\/gyneobs.com\/site\/articles\/vulve-vagin-perinee\/vaginites-et-infections-vaginales\/\">Vaginites et infections vaginales<\/a><\/li>\n<li class=\"page_item page-item-333\"><a href=\"https:\/\/gyneobs.com\/site\/articles\/vulve-vagin-perinee\/lherpes-genital\/\">L\u2019herp\u00e8s g\u00e9nital<\/a><\/li>\n<li class=\"page_item page-item-414\"><a href=\"https:\/\/gyneobs.com\/site\/articles\/vulve-vagin-perinee\/lichen-sclereux-vulvaire\/\">Lichen scl\u00e9reux vulvaire<\/a><\/li>\n<li class=\"page_item page-item-257\"><a href=\"https:\/\/gyneobs.com\/site\/articles\/vulve-vagin-perinee\/condylomes-genitaux\/\">Condylomes g\u00e9nitaux<\/a><\/li>\n<li class=\"page_item page-item-356\"><a href=\"https:\/\/gyneobs.com\/site\/articles\/vulve-vagin-perinee\/kystes-et-abces-de-la-glande-de-bartholin-bartholinites\/\">Kystes et abc\u00e8s de la glande de Bartholin (Bartholinites)<\/a><\/li>\n<li class=\"page_item page-item-2524\"><a href=\"https:\/\/gyneobs.com\/site\/articles\/vulve-vagin-perinee\/lechographie-perineale\/\">L&rsquo;\u00e9chographie p\u00e9rin\u00e9ale<\/a><\/li>\n<li class=\"page_item page-item-2548\"><a href=\"https:\/\/gyneobs.com\/site\/articles\/vulve-vagin-perinee\/les-incontinences-urinaires-de-la-femme\/\">Les incontinences urinaires de la femme<\/a><\/li>\n<li class=\"page_item page-item-409\"><a href=\"https:\/\/gyneobs.com\/site\/articles\/vulve-vagin-perinee\/les-prolapsus-genitaux\/\">Les prolapsus g\u00e9nitaux<\/a><\/li>\n<li class=\"page_item page-item-2571\"><a href=\"https:\/\/gyneobs.com\/site\/articles\/vulve-vagin-perinee\/bilan-urodynamique\/\">Le bilan urodynamique<\/a><\/li>\n<li class=\"page_item page-item-2496\"><a href=\"https:\/\/gyneobs.com\/site\/articles\/vulve-vagin-perinee\/les-pessaires\/\">Les pessaires<\/a><\/li><\/ul><\/div><br \/>\n<div id=\"ccchildpages-2\" class=\"ccchildpages threecol simple ccclearfix\"><div class=\"ccchildpage  ccfirst ccodd ccpage-count-1 ccpage-id-302 ccpage-lhygiene-intime-feminine ccpage-has-parent ccpage-pid-1301 ccpage-parent-vulve-vagin-perinee\"><h3>L\u2019hygi\u00e8ne intime f\u00e9minine<\/h3><div class=\"ccpages_excerpt\">Il s\u2019agit ici de l\u2019ensemble des r\u00e8gles de propret\u00e9 et de comportement appropri\u00e9es au fonctionnement normal des organes g\u00e9nitaux de la femme. Il ne sagit pas d\u2019\u00e9viter une&nbsp; \u00e9ventuelle infection par les germes g\u00e9n\u00e9ralement sexuellement transmissibles, mais de maintenir en \u00e9quilibre la flore vaginale&nbsp; physiologique. Et nous allons voir que tout d\u00e9s\u00e9quilibre de cette flore...<\/div><p class=\"ccpages_more\"><a href=\"https:\/\/gyneobs.com\/site\/articles\/vulve-vagin-perinee\/lhygiene-intime-feminine\/\"  title=\"Plus ...\">Plus ...<\/a><\/p><\/div><div class=\"ccchildpage  cceven ccpage-count-2 ccpage-id-305 ccpage-les-vaginoses ccpage-has-parent ccpage-pid-1301 ccpage-parent-vulve-vagin-perinee\"><h3>Les vaginoses<\/h3><div class=\"ccpages_excerpt\">Leucorrh\u00e9es, pertes malodorantes, irritation vulvaire sont une cause fr\u00e9quente de consultation chez le gyn\u00e9cologue. Bien s\u00fbr, une vaginite d'origine sexuellement transmissible devra toujours \u00eatre \u00e9limin\u00e9e, mais dans la plupart des cas, il ne s'agit pas d'une v\u00e9ritable infection, il ne s'agit pas d'une contamination de microbres provenant d'une cause ext\u00e9rieure,&nbsp;mais d'un simple d\u00e9s\u00e9quilibre de la...<\/div><p class=\"ccpages_more\"><a href=\"https:\/\/gyneobs.com\/site\/articles\/vulve-vagin-perinee\/les-vaginoses\/\"  title=\"Plus ...\">Plus ...<\/a><\/p><\/div><div class=\"ccchildpage  cclast ccodd ccpage-count-3 ccpage-id-310 ccpage-vaginites-et-infections-vaginales ccpage-has-parent ccpage-pid-1301 ccpage-parent-vulve-vagin-perinee\"><h3>Vaginites et infections vaginales<\/h3><div class=\"ccpages_excerpt\">La vaginite est l'inflammation du vagin, souvent associ\u00e9e \u00e0 l'inflammation de la vulve, (vulvite), essentiellement d'origine sexuellement transmissible. Elle ne doit pas \u00eatre confondue avec la vaginose qui, elle, n\u2019est pas sexuellement transmissible, et qui n\u2019est due qu\u2019\u00e0 un d\u00e9s\u00e9quilibre de la flore vaginale, m\u00eame si certaines vaginoses entra\u00eenent un certaine inflammation de la muqueuse...<\/div><p class=\"ccpages_more\"><a href=\"https:\/\/gyneobs.com\/site\/articles\/vulve-vagin-perinee\/vaginites-et-infections-vaginales\/\"  title=\"Plus ...\">Plus ...<\/a><\/p><\/div><div class=\"ccchildpage  ccfirst cceven ccpage-count-4 ccpage-id-333 ccpage-lherpes-genital ccpage-has-parent ccpage-pid-1301 ccpage-parent-vulve-vagin-perinee\"><h3>L\u2019herp\u00e8s g\u00e9nital<\/h3><div class=\"ccpages_excerpt\">L\u2019herp\u00e8s g\u00e9nital est une maladie virale sexuellement transmissible fr\u00e9quente et hautement contagieuse&nbsp; Les virus de l\u2019herp\u00e8s &nbsp; Les virus Herpes simplex (HSV) font partie de la famille des Herpesviridae qui comporte huit types. Les deux premiers sont responsables de l\u2019herp\u00e8s. Ce sont&nbsp;: -HHV-1 = HSV-1 (herpes simplex virus 1)&nbsp;: provoque l'herp\u00e8s buccal&nbsp;; c\u2019est le classique...<\/div><p class=\"ccpages_more\"><a href=\"https:\/\/gyneobs.com\/site\/articles\/vulve-vagin-perinee\/lherpes-genital\/\"  title=\"Plus ...\">Plus ...<\/a><\/p><\/div><div class=\"ccchildpage  ccodd ccpage-count-5 ccpage-id-414 ccpage-lichen-sclereux-vulvaire ccpage-has-parent ccpage-pid-1301 ccpage-parent-vulve-vagin-perinee\"><h3>Lichen scl\u00e9reux vulvaire<\/h3><div class=\"ccpages_excerpt\">&nbsp;C\u2019est la dermatose vulvaire la plus fr\u00e9quente, source d\u2019une g\u00eane fonctionnelle parfois notable qui alt\u00e8re la qualit\u00e9 de vie et en particulier la vie sexuelle des patientes. Surtout, il est le principal pr\u00e9curseur potentiel du carcinome \u00e9pidermo\u00efde vulvaire qui est histologiquement associ\u00e9 au lichen scl\u00e9reux dans deux cas sur trois.&nbsp; Signes Les signes cliniques sont...<\/div><p class=\"ccpages_more\"><a href=\"https:\/\/gyneobs.com\/site\/articles\/vulve-vagin-perinee\/lichen-sclereux-vulvaire\/\"  title=\"Plus ...\">Plus ...<\/a><\/p><\/div><div class=\"ccchildpage  cclast cceven ccpage-count-6 ccpage-id-257 ccpage-condylomes-genitaux ccpage-has-parent ccpage-pid-1301 ccpage-parent-vulve-vagin-perinee\"><h3>Condylomes g\u00e9nitaux<\/h3><div class=\"ccpages_excerpt\">Les condylomes ou verrues g\u00e9nitales ou encore commun\u00e9ment appel\u00e9s cr\u00e8tes de coq, sont des l\u00e9sions g\u00e9nitales externes b\u00e9nignes dues au virus HPV (Human Papilloma Virus). C'est l'une des infections g\u00e9nitales les plus fr\u00e9quentes. On estime qu\u2019une&nbsp; personne sur dix est porteuse du virus, mais seulement une sur cent pr\u00e9sente ces l\u00e9sions appel\u00e9es condylomes. La transmission...<\/div><p class=\"ccpages_more\"><a href=\"https:\/\/gyneobs.com\/site\/articles\/vulve-vagin-perinee\/condylomes-genitaux\/\"  title=\"Plus ...\">Plus ...<\/a><\/p><\/div><div class=\"ccchildpage  ccfirst ccodd ccpage-count-7 ccpage-id-356 ccpage-kystes-et-abces-de-la-glande-de-bartholin-bartholinites ccpage-has-parent ccpage-pid-1301 ccpage-parent-vulve-vagin-perinee\"><h3>Kystes et abc\u00e8s de la glande de Bartholin (Bartholinites)<\/h3><div class=\"ccpages_excerpt\">Les kystes et les abc\u00e8s de la glande de Bartholin repr\u00e9sentent la pathologie kystique infectieuse la plus fr\u00e9quente de la r\u00e9gion vulvaire. Deux pour cent des femmes d\u00e9velopperont un kyste ou un abc\u00e8s de la glande de Bartholin au cours de leur vie. La glande de Bartholin Les glandes de Bartholin sont situ\u00e9es de chaque...<\/div><p class=\"ccpages_more\"><a href=\"https:\/\/gyneobs.com\/site\/articles\/vulve-vagin-perinee\/kystes-et-abces-de-la-glande-de-bartholin-bartholinites\/\"  title=\"Plus ...\">Plus ...<\/a><\/p><\/div><div class=\"ccchildpage  cceven ccpage-count-8 ccpage-id-2524 ccpage-lechographie-perineale ccpage-has-parent ccpage-pid-1301 ccpage-parent-vulve-vagin-perinee\"><h3>L&rsquo;\u00e9chographie p\u00e9rin\u00e9ale<\/h3><div class=\"ccpages_excerpt\">Examen simple trop souvent m\u00e9connu, permettant d\u2019appr\u00e9cier la qualit\u00e9 du p\u00e9rin\u00e9e (releveurs et sphincter anal) ainsi que le contr\u00f4le des bandelettes sous-ur\u00e9trales (TOT). Le p\u00e9rin\u00e9e peut \u00eatre reconstruit en 3D pour analyser la sym\u00e9trie et l\u2019\u00e9paisseur des releveurs et l\u2019angle p\u00e9rin\u00e9al. Apr\u00e8s cure d\u2019incontinence urinaire d\u2019effort par pose de bandelette sous-ur\u00e9trale, en \u00e9chographie 2D, l\u2019extr\u00e9mit\u00e9...<\/div><p class=\"ccpages_more\"><a href=\"https:\/\/gyneobs.com\/site\/articles\/vulve-vagin-perinee\/lechographie-perineale\/\"  title=\"Plus ...\">Plus ...<\/a><\/p><\/div><div class=\"ccchildpage  cclast ccodd ccpage-count-9 ccpage-id-2548 ccpage-les-incontinences-urinaires-de-la-femme ccpage-has-parent ccpage-pid-1301 ccpage-parent-vulve-vagin-perinee\"><h3>Les incontinences urinaires de la femme<\/h3><div class=\"ccpages_excerpt\">I-D\u00e9finition L\u2019incontinence urinaire, ou \u00ab fuite urinaire \u00bb correspond \u00e0 la perte involontaire de petites quantit\u00e9s d\u2019urine de l\u2019ur\u00e8tre, impossible \u00e0 retenir. Mais nous allons voir que cette d\u00e9finition recouvre des ph\u00e9nom\u00e8nes tr\u00e8s diff\u00e9rents et qui font appel \u00e0 des traitement tout aussi tr\u00e8s diff\u00e9rents. II-Physiologie de la miction Le \u00ab&nbsp;bas appareil urinaire&nbsp;\u00bb se compose...<\/div><p class=\"ccpages_more\"><a href=\"https:\/\/gyneobs.com\/site\/articles\/vulve-vagin-perinee\/les-incontinences-urinaires-de-la-femme\/\"  title=\"Plus ...\">Plus ...<\/a><\/p><\/div><div class=\"ccchildpage  ccfirst cceven ccpage-count-10 ccpage-id-409 ccpage-les-prolapsus-genitaux ccpage-has-parent ccpage-pid-1301 ccpage-parent-vulve-vagin-perinee\"><h3>Les prolapsus g\u00e9nitaux<\/h3><div class=\"ccpages_excerpt\">QU\u2019EST-CE QU\u2019UN PROLAPSUS&nbsp;? Un prolapsus est la descende d\u2019un ou de plusieurs des organes pelviens pouvant aller jusqu\u2019\u00e0 l\u2019ext\u00e9riorisation hors du p\u00e9rin\u00e9e. Selon l\u2019organe int\u00e9ress\u00e9 on distingue&nbsp;: -Hyst\u00e9roptose = descente de l\u2019ut\u00e9rus -Cystoc\u00e8le = descente de la vessie -Rectoc\u00e8le = descente du rectum au niveau de la paroi vaginale post\u00e9rieure (\u00e0 distinguer du prolapsus rectal...<\/div><p class=\"ccpages_more\"><a href=\"https:\/\/gyneobs.com\/site\/articles\/vulve-vagin-perinee\/les-prolapsus-genitaux\/\"  title=\"Plus ...\">Plus ...<\/a><\/p><\/div><div class=\"ccchildpage  ccodd ccpage-count-11 ccpage-id-2571 ccpage-bilan-urodynamique ccpage-has-parent ccpage-pid-1301 ccpage-parent-vulve-vagin-perinee\"><h3>Le bilan urodynamique<\/h3><div class=\"ccpages_excerpt\">Le bilan urodynamique&nbsp;est un examen compos\u00e9 de plusieurs tests permettant de mesurer les volumes, les pressions et les d\u00e9bits urinaires dans le but de d\u00e9terminer l\u2019origine d\u2019une incontinence urinaire lorsque les divers examens (cliniques, imageries, biologiques) n\u2019ont pas permis de la comprendre. Parfois, il comprend \u00e9galement la mesure de l\u2019activit\u00e9 \u00e9lectrique du p\u00e9rin\u00e9e. Il n'est...<\/div><p class=\"ccpages_more\"><a href=\"https:\/\/gyneobs.com\/site\/articles\/vulve-vagin-perinee\/bilan-urodynamique\/\"  title=\"Plus ...\">Plus ...<\/a><\/p><\/div><div class=\"ccchildpage  cclast cceven ccpage-count-12 ccpage-id-2496 ccpage-les-pessaires ccpage-has-parent ccpage-pid-1301 ccpage-parent-vulve-vagin-perinee\"><h3>Les pessaires<\/h3><div class=\"ccpages_excerpt\">Le pessaire est un appareil, en g\u00e9n\u00e9ral en forme d'anneau, qui lorsqu'il est introduit dans le vagin permet de soutenir l'ut\u00e9rus et les&nbsp;parois vaginales en cas de descente d'organe. Il peut \u00eatre aussi utilis\u00e9 dans certains cas d'incontinence urinaire. Indications Le pessaire est l'alternative \u00e0 la chirurgie des prolapsus et devrait \u00eatre pour certains, au...<\/div><p class=\"ccpages_more\"><a href=\"https:\/\/gyneobs.com\/site\/articles\/vulve-vagin-perinee\/les-pessaires\/\"  title=\"Plus ...\">Plus ...<\/a><\/p><\/div><\/div><\/p>\n","protected":false},"excerpt":{"rendered":"","protected":false},"author":1,"featured_media":0,"parent":854,"menu_order":5,"comment_status":"closed","ping_status":"closed","template":"","meta":{"_exactmetrics_skip_tracking":false,"_exactmetrics_sitenote_active":false,"_exactmetrics_sitenote_note":"","_exactmetrics_sitenote_category":0,"footnotes":""},"class_list":["post-1301","page","type-page","status-publish","hentry","post"],"_links":{"self":[{"href":"https:\/\/gyneobs.com\/site\/wp-json\/wp\/v2\/pages\/1301","targetHints":{"allow":["GET"]}}],"collection":[{"href":"https:\/\/gyneobs.com\/site\/wp-json\/wp\/v2\/pages"}],"about":[{"href":"https:\/\/gyneobs.com\/site\/wp-json\/wp\/v2\/types\/page"}],"author":[{"embeddable":true,"href":"https:\/\/gyneobs.com\/site\/wp-json\/wp\/v2\/users\/1"}],"replies":[{"embeddable":true,"href":"https:\/\/gyneobs.com\/site\/wp-json\/wp\/v2\/comments?post=1301"}],"version-history":[{"count":4,"href":"https:\/\/gyneobs.com\/site\/wp-json\/wp\/v2\/pages\/1301\/revisions"}],"predecessor-version":[{"id":2563,"href":"https:\/\/gyneobs.com\/site\/wp-json\/wp\/v2\/pages\/1301\/revisions\/2563"}],"up":[{"embeddable":true,"href":"https:\/\/gyneobs.com\/site\/wp-json\/wp\/v2\/pages\/854"}],"wp:attachment":[{"href":"https:\/\/gyneobs.com\/site\/wp-json\/wp\/v2\/media?parent=1301"}],"curies":[{"name":"wp","href":"https:\/\/api.w.org\/{rel}","templated":true}]}}