{"id":1285,"date":"2019-07-04T08:42:43","date_gmt":"2019-07-04T06:42:43","guid":{"rendered":"http:\/\/gyneobs.com\/site\/?page_id=1285"},"modified":"2019-07-07T09:52:17","modified_gmt":"2019-07-07T07:52:17","slug":"participer-a-son-propre-accouchement","status":"publish","type":"page","link":"https:\/\/gyneobs.com\/site\/obstetrique\/la-grossesse\/participer-a-son-propre-accouchement\/","title":{"rendered":"Participer \u00e0 son propre accouchement"},"content":{"rendered":"\n<p>Plut\u00f4t que de rester passive et laisser tout faire \u00e0 l\u2019\u00e9quipe m\u00e9dicale, il est parfaitement possible pour les femmes qui le souhaitent de personnaliser un peu l\u2019accouchement. J\u2019entends par \u00abpersonnaliser\u00bb le fait d\u2019opter pour des positions diff\u00e9rentes, le fait de sortir le b\u00e9b\u00e9 soi-m\u00eame, et de favoriser la participation du p\u00e8re. Tout cel\u00e0, bien s\u00fbr pour ceux qui le souhaitent.<\/p>\n\n\n\n<p>1<strong>-Participer<\/strong><\/p>\n\n\n\n<p>Lors du d\u00e9but de l\u2019expulsion, la m\u00e8re peut d\u00e9j\u00e0 prendre contact avec le sommet de la t\u00eate de son enfant qui commence \u00e0 appara\u00eetre:<\/p>\n\n\n\n<p>Une fois la t\u00eate sortie, il faut exerer une traction vers le bas que seul peut faire l\u2019accucheur:<\/p>\n\n\n\n<p>La patiente peut ensuite prendre les op\u00e9rations en main. Ne pas avoir peur; on peut tirer fort,&nbsp; et le b\u00e9b\u00e9 ne tombera pas par terre (nous sommes l\u00e0):<\/p>\n\n\n\n<p>Le p\u00e8re peut couper le cordon mais il pet aussi dans certains cas participer \u00e0 la naissance du b\u00e9b\u00e9:<\/p>\n\n\n\n<figure class=\"wp-block-image\"><img loading=\"lazy\" decoding=\"async\" width=\"542\" height=\"371\" src=\"http:\/\/gyneobs.com\/site\/wp-content\/uploads\/2019\/07\/Capture-d\u2019\u00e9cran-2019-07-07-\u00e0-09.48.17.png\" alt=\"\" class=\"wp-image-2054\" srcset=\"https:\/\/gyneobs.com\/site\/wp-content\/uploads\/2019\/07\/Capture-d\u2019\u00e9cran-2019-07-07-\u00e0-09.48.17.png 542w, https:\/\/gyneobs.com\/site\/wp-content\/uploads\/2019\/07\/Capture-d\u2019\u00e9cran-2019-07-07-\u00e0-09.48.17-300x205.png 300w\" sizes=\"auto, (max-width: 542px) 100vw, 542px\" \/><\/figure>\n\n\n\n<figure class=\"wp-block-image\"><img loading=\"lazy\" decoding=\"async\" width=\"558\" height=\"410\" src=\"http:\/\/gyneobs.com\/site\/wp-content\/uploads\/2019\/07\/Capture-d\u2019\u00e9cran-2019-07-07-\u00e0-09.48.24.png\" alt=\"\" class=\"wp-image-2055\" srcset=\"https:\/\/gyneobs.com\/site\/wp-content\/uploads\/2019\/07\/Capture-d\u2019\u00e9cran-2019-07-07-\u00e0-09.48.24.png 558w, https:\/\/gyneobs.com\/site\/wp-content\/uploads\/2019\/07\/Capture-d\u2019\u00e9cran-2019-07-07-\u00e0-09.48.24-300x220.png 300w\" sizes=\"auto, (max-width: 558px) 100vw, 558px\" \/><\/figure>\n\n\n\n<figure class=\"wp-block-image\"><img loading=\"lazy\" decoding=\"async\" width=\"421\" height=\"449\" src=\"http:\/\/gyneobs.com\/site\/wp-content\/uploads\/2019\/07\/Capture-d\u2019\u00e9cran-2019-07-07-\u00e0-09.48.35.png\" alt=\"\" class=\"wp-image-2056\" srcset=\"https:\/\/gyneobs.com\/site\/wp-content\/uploads\/2019\/07\/Capture-d\u2019\u00e9cran-2019-07-07-\u00e0-09.48.35.png 421w, https:\/\/gyneobs.com\/site\/wp-content\/uploads\/2019\/07\/Capture-d\u2019\u00e9cran-2019-07-07-\u00e0-09.48.35-281x300.png 281w\" sizes=\"auto, (max-width: 421px) 100vw, 421px\" \/><\/figure>\n\n\n\n<figure class=\"wp-block-image\"><img loading=\"lazy\" decoding=\"async\" width=\"548\" height=\"482\" src=\"http:\/\/gyneobs.com\/site\/wp-content\/uploads\/2019\/07\/Capture-d\u2019\u00e9cran-2019-07-07-\u00e0-09.48.47.png\" alt=\"\" class=\"wp-image-2057\" srcset=\"https:\/\/gyneobs.com\/site\/wp-content\/uploads\/2019\/07\/Capture-d\u2019\u00e9cran-2019-07-07-\u00e0-09.48.47.png 548w, https:\/\/gyneobs.com\/site\/wp-content\/uploads\/2019\/07\/Capture-d\u2019\u00e9cran-2019-07-07-\u00e0-09.48.47-300x264.png 300w\" sizes=\"auto, (max-width: 548px) 100vw, 548px\" \/><\/figure>\n\n\n\n<figure class=\"wp-block-image\"><img loading=\"lazy\" decoding=\"async\" width=\"387\" height=\"491\" src=\"http:\/\/gyneobs.com\/site\/wp-content\/uploads\/2019\/07\/Capture-d\u2019\u00e9cran-2019-07-07-\u00e0-09.49.00.png\" alt=\"\" class=\"wp-image-2058\" srcset=\"https:\/\/gyneobs.com\/site\/wp-content\/uploads\/2019\/07\/Capture-d\u2019\u00e9cran-2019-07-07-\u00e0-09.49.00.png 387w, https:\/\/gyneobs.com\/site\/wp-content\/uploads\/2019\/07\/Capture-d\u2019\u00e9cran-2019-07-07-\u00e0-09.49.00-236x300.png 236w\" sizes=\"auto, (max-width: 387px) 100vw, 387px\" \/><\/figure>\n\n\n\n<figure class=\"wp-block-image\"><img loading=\"lazy\" decoding=\"async\" width=\"387\" height=\"539\" src=\"http:\/\/gyneobs.com\/site\/wp-content\/uploads\/2019\/07\/Capture-d\u2019\u00e9cran-2019-07-07-\u00e0-09.49.08.png\" alt=\"\" class=\"wp-image-2059\" srcset=\"https:\/\/gyneobs.com\/site\/wp-content\/uploads\/2019\/07\/Capture-d\u2019\u00e9cran-2019-07-07-\u00e0-09.49.08.png 387w, https:\/\/gyneobs.com\/site\/wp-content\/uploads\/2019\/07\/Capture-d\u2019\u00e9cran-2019-07-07-\u00e0-09.49.08-215x300.png 215w\" sizes=\"auto, (max-width: 387px) 100vw, 387px\" \/><\/figure>\n\n\n\n<figure class=\"wp-block-image\"><img loading=\"lazy\" decoding=\"async\" width=\"591\" height=\"475\" src=\"http:\/\/gyneobs.com\/site\/wp-content\/uploads\/2019\/07\/Capture-d\u2019\u00e9cran-2019-07-07-\u00e0-09.49.17.png\" alt=\"\" class=\"wp-image-2060\" srcset=\"https:\/\/gyneobs.com\/site\/wp-content\/uploads\/2019\/07\/Capture-d\u2019\u00e9cran-2019-07-07-\u00e0-09.49.17.png 591w, https:\/\/gyneobs.com\/site\/wp-content\/uploads\/2019\/07\/Capture-d\u2019\u00e9cran-2019-07-07-\u00e0-09.49.17-300x241.png 300w\" sizes=\"auto, (max-width: 591px) 100vw, 591px\" \/><\/figure>\n\n\n\n<figure class=\"wp-block-image\"><img loading=\"lazy\" decoding=\"async\" width=\"599\" height=\"459\" src=\"http:\/\/gyneobs.com\/site\/wp-content\/uploads\/2019\/07\/Capture-d\u2019\u00e9cran-2019-07-07-\u00e0-09.49.25.png\" alt=\"\" class=\"wp-image-2061\" srcset=\"https:\/\/gyneobs.com\/site\/wp-content\/uploads\/2019\/07\/Capture-d\u2019\u00e9cran-2019-07-07-\u00e0-09.49.25.png 599w, https:\/\/gyneobs.com\/site\/wp-content\/uploads\/2019\/07\/Capture-d\u2019\u00e9cran-2019-07-07-\u00e0-09.49.25-300x230.png 300w\" sizes=\"auto, (max-width: 599px) 100vw, 599px\" \/><\/figure>\n\n\n\n<p>Et voil\u00e0:<\/p>\n\n\n\n<figure class=\"wp-block-image\"><img loading=\"lazy\" decoding=\"async\" width=\"581\" height=\"436\" src=\"http:\/\/gyneobs.com\/site\/wp-content\/uploads\/2019\/07\/Capture-d\u2019\u00e9cran-2019-07-07-\u00e0-09.49.31.png\" alt=\"\" class=\"wp-image-2062\" srcset=\"https:\/\/gyneobs.com\/site\/wp-content\/uploads\/2019\/07\/Capture-d\u2019\u00e9cran-2019-07-07-\u00e0-09.49.31.png 581w, https:\/\/gyneobs.com\/site\/wp-content\/uploads\/2019\/07\/Capture-d\u2019\u00e9cran-2019-07-07-\u00e0-09.49.31-300x225.png 300w\" sizes=\"auto, (max-width: 581px) 100vw, 581px\" \/><\/figure>\n\n\n\n<p><strong>2-Exemple d\u2019accouchement en position assise:<\/strong><\/p>\n\n\n\n<figure class=\"wp-block-image\"><img loading=\"lazy\" decoding=\"async\" width=\"635\" height=\"387\" src=\"http:\/\/gyneobs.com\/site\/wp-content\/uploads\/2019\/07\/Capture-d\u2019\u00e9cran-2019-07-07-\u00e0-09.49.43.png\" alt=\"\" class=\"wp-image-2063\" srcset=\"https:\/\/gyneobs.com\/site\/wp-content\/uploads\/2019\/07\/Capture-d\u2019\u00e9cran-2019-07-07-\u00e0-09.49.43.png 635w, https:\/\/gyneobs.com\/site\/wp-content\/uploads\/2019\/07\/Capture-d\u2019\u00e9cran-2019-07-07-\u00e0-09.49.43-300x183.png 300w\" sizes=\"auto, (max-width: 635px) 100vw, 635px\" \/><\/figure>\n","protected":false},"excerpt":{"rendered":"<p>Plut\u00f4t que de rester passive et laisser tout faire \u00e0 l\u2019\u00e9quipe m\u00e9dicale, il est parfaitement possible pour les femmes qui le souhaitent de personnaliser un peu l\u2019accouchement. J\u2019entends par \u00abpersonnaliser\u00bb le fait d\u2019opter pour des positions diff\u00e9rentes, le fait de sortir le b\u00e9b\u00e9 soi-m\u00eame, et de favoriser la participation du p\u00e8re. Tout cel\u00e0, bien s\u00fbr [&hellip;]<\/p>\n","protected":false},"author":1,"featured_media":0,"parent":1067,"menu_order":14,"comment_status":"closed","ping_status":"closed","template":"","meta":{"_exactmetrics_skip_tracking":false,"_exactmetrics_sitenote_active":false,"_exactmetrics_sitenote_note":"","_exactmetrics_sitenote_category":0,"footnotes":""},"class_list":["post-1285","page","type-page","status-publish","hentry","post"],"_links":{"self":[{"href":"https:\/\/gyneobs.com\/site\/wp-json\/wp\/v2\/pages\/1285","targetHints":{"allow":["GET"]}}],"collection":[{"href":"https:\/\/gyneobs.com\/site\/wp-json\/wp\/v2\/pages"}],"about":[{"href":"https:\/\/gyneobs.com\/site\/wp-json\/wp\/v2\/types\/page"}],"author":[{"embeddable":true,"href":"https:\/\/gyneobs.com\/site\/wp-json\/wp\/v2\/users\/1"}],"replies":[{"embeddable":true,"href":"https:\/\/gyneobs.com\/site\/wp-json\/wp\/v2\/comments?post=1285"}],"version-history":[{"count":2,"href":"https:\/\/gyneobs.com\/site\/wp-json\/wp\/v2\/pages\/1285\/revisions"}],"predecessor-version":[{"id":2064,"href":"https:\/\/gyneobs.com\/site\/wp-json\/wp\/v2\/pages\/1285\/revisions\/2064"}],"up":[{"embeddable":true,"href":"https:\/\/gyneobs.com\/site\/wp-json\/wp\/v2\/pages\/1067"}],"wp:attachment":[{"href":"https:\/\/gyneobs.com\/site\/wp-json\/wp\/v2\/media?parent=1285"}],"curies":[{"name":"wp","href":"https:\/\/api.w.org\/{rel}","templated":true}]}}