{"id":1207,"date":"2019-07-04T07:24:31","date_gmt":"2019-07-04T05:24:31","guid":{"rendered":"http:\/\/gyneobs.com\/site\/?page_id=1207"},"modified":"2019-07-06T17:04:18","modified_gmt":"2019-07-06T15:04:18","slug":"chorio-amniotite","status":"publish","type":"page","link":"https:\/\/gyneobs.com\/site\/obstetrique\/grossesses-pathologiques\/chorio-amniotite\/","title":{"rendered":"Chorio-amniotite"},"content":{"rendered":"\n<h2 class=\"wp-block-heading\"><strong>Qu\u2019est-ce que la chorio-amniotite&nbsp;?<\/strong><\/h2>\n\n\n\n<p>La chorio-amniotite est une inflammation aigu\u00eb des membranes et du placenta, en g\u00e9n\u00e9ral&nbsp;<\/p>\n\n\n\n<p>faisant suite \u00e0 une colonisation ascendante en cas de rupture prolong\u00e9e de la poche des&nbsp;<\/p>\n\n\n\n<p>eaux. Elle peut cependant survenir m\u00eame en cas de membranes intactes, notamment dans&nbsp;<\/p>\n\n\n\n<p>les infections \u00e0 mycoplasmes g\u00e9nitaux tels Ureaplasma urealyticum et Mycoplasma hominis.&nbsp;<\/p>\n\n\n\n<p>De rares cas de chorio-amniotite par voie h\u00e9matog\u00e8ne sont d\u00e9crits avec Listeria&nbsp;<\/p>\n\n\n\n<p>monocytogenes. La d\u00e9finition peut \u00eatre clinique, microbiologique ou histopathologique.<\/p>\n\n\n\n<h2 class=\"wp-block-heading\"><strong>Epid\u00e9miologie<\/strong><\/h2>\n\n\n\n<p>1-4% des naissances. Plus fr\u00e9quente en cas de pr\u00e9maturit\u00e9 : 40-70% d\u2019incidence en cas de rupture pr\u00e9matur\u00e9e et prolong\u00e9e de la poche des eaux ;&nbsp;<\/p>\n\n\n\n<p>1-13% des naissances \u00e0 terme.<\/p>\n\n\n\n<p>Facteurs de risque<\/p>\n\n\n\n<p>-Rupture prolong\u00e9e de la poche des eaux&nbsp;<\/p>\n\n\n\n<p>-Travail prolong\u00e9&nbsp;<\/p>\n\n\n\n<p>-Nulliparit\u00e9&nbsp;<\/p>\n\n\n\n<p>-Multiples touchers vaginaux en cas de RPM&nbsp;<\/p>\n\n\n\n<p>-Liquide amniotique m\u00e9conial&nbsp;<\/p>\n\n\n\n<p>-Alcool, tabac, colonisation avec Strepto B, notamment bact\u00e9riurie&nbsp;<\/p>\n\n\n\n<p>-Vaginose bact\u00e9rienne<\/p>\n\n\n\n<p>Les germes les plus souvent en cause-Cons\u00e9quences sur l\u2019antibioth\u00e9rapie<\/p>\n\n\n\n<p>E.Coli et Streptocoque B majoritaires.&nbsp;<\/p>\n\n\n\n<p>Mycoplasmes g\u00e9nitaux : Ureaplasma urealyticum et Mycoplasma hominis sont \u00e9galement fr\u00e9quents.<\/p>\n\n\n\n<p>Les principes de l\u2019antibioprophylaxie sont de toucher 90% des germes en cause.&nbsp;<\/p>\n\n\n\n<p>Les soucis \u00e9cologiques actuels sont :&nbsp;<\/p>\n\n\n\n<p>-Les souches E.Coli r\u00e9sistantes \u00e0 l\u2019amoxicilline (30%)&nbsp;<\/p>\n\n\n\n<p>-Les streptocoques B r\u00e9sistants \u00e0 la clindamycine (30-40%)&nbsp;<\/p>\n\n\n\n<p>-Mais surtout l\u2019\u00e9mergence de bacilles gram n\u00e9gatifs r\u00e9sistants aux c\u00e9phalosporines (5%).&nbsp;<\/p>\n\n\n\n<p>-Ceci impose de r\u00e9duire l\u2019usage des C3G au minimum.<\/p>\n\n\n\n<h2 class=\"wp-block-heading\"><strong>Diagnostic<\/strong><\/h2>\n\n\n\n<p>Le diagnostic clinique de chorio-amniotite repose sur l\u2019association&nbsp; d\u2019une fi\u00e8vre maternelle (&gt; 38\u00b0C) et d\u2019au moins 2 des signes suivants :&nbsp;<\/p>\n\n\n\n<p>-Sensibilit\u00e9 ut\u00e9rine, contractions ut\u00e9rines&nbsp;<\/p>\n\n\n\n<p>-Odeur anormale du LA&nbsp;<\/p>\n\n\n\n<p>-Tachycardie foetale (&gt; 160 bpm)&nbsp;<\/p>\n\n\n\n<p>-Hyperleucocytose (&gt; 15 000 GB \/ mm\u00b3) ou leucop\u00e9nie &lt; 5000\/mm\u00b3&nbsp;<\/p>\n\n\n\n<p>-Tachycardie maternelle (&gt; 100-120\/mn)<\/p>\n\n\n\n<h2 class=\"wp-block-heading\"><strong>Conduite \u00e0 tenir<\/strong><\/h2>\n\n\n\n<h3 class=\"wp-block-heading\"><strong>A-Le bilan<\/strong><\/h3>\n\n\n\n<p>Bilan infectieux biologique en urgence&nbsp;:&nbsp;<\/p>\n\n\n\n<p>-PV \u00e0 l\u2019aide d\u2019un sp\u00e9culum st\u00e9rile (culs de sacs vaginaux et parois vaginales jusqu\u2019\u00e0 l\u2019orifice&nbsp;<\/p>\n\n\n\n<p>vulvaire) (bon sp\u00e9cial : cocher les cases fi\u00e8vre maternelle +\/-pr\u00e9maturit\u00e9)&nbsp;<\/p>\n\n\n\n<p>-ECBU&nbsp;<\/p>\n\n\n\n<p>-H\u00e9mocultures&nbsp;<\/p>\n\n\n\n<p>-NFS plaquettes, CRP, bilan de coagulation : TP, TCA, fibrinog\u00e8ne&nbsp;<\/p>\n\n\n\n<p>-Groupe-Rh\u00e9sus (2 d\u00e9terminations), RAI&nbsp;<\/p>\n\n\n\n<p>-si cerclage : examen bact\u00e9riologique du fil ou de la bandelette de cerclage du col apr\u00e8s&nbsp;<\/p>\n\n\n\n<p>d\u00e9cerclage&nbsp;<\/p>\n\n\n\n<h3 class=\"wp-block-heading\"><strong>B-Conduite en ante et per partum:&nbsp;<\/strong><\/h3>\n\n\n\n<p>-Contre Indication \u00e0 la tocolyse.&nbsp;<\/p>\n\n\n\n<p>-Indication de naissance rapide.&nbsp;<\/p>\n\n\n\n<p>-Corticoth\u00e9rapie ant\u00e9natale imm\u00e9diate si AG &lt; 34 SA uniquement en cas de doute ou&nbsp;<\/p>\n\n\n\n<p>de tableau incomplet retardant la naissance.&nbsp;<\/p>\n\n\n\n<p>-Protocole sulfate de magn\u00e9sium \u00e0 proposer avant 34 SA sans retarder l\u2019extraction&nbsp;<\/p>\n\n\n\n<p>foetale&nbsp;<\/p>\n\n\n\n<p>-Antibioth\u00e9rapie curative probabiliste (objectif : 90% des germes habituellement&nbsp; rencontr\u00e9s) imm\u00e9diate par voie intraveineuse sans attendre les r\u00e9sultats des examens bact\u00e9riologiques :&nbsp;<\/p>\n\n\n\n<p>-En l\u2019absence allergie \u00e0 l\u2019amoxicilline :&nbsp; c\u2019est l\u2019association Amoxicilline (Clamoxyl.) 2g IV sur 30 min puis 1g IVDL\/6h ET Gentamicine (5 mg\/kg\/jour) en IVL 30 min en 1 injection \/j pendant 48h00&nbsp;<\/p>\n\n\n\n<p>-En cas allergie \u00e0 l\u2019amoxicilline : remplacer l\u2019amoxicilline par la Clindamycine (Dalacine.) 900 mg toutes les 8h en perfusion sur 1h&nbsp;<\/p>\n\n\n\n<p>-Consultation anesth\u00e9siste<\/p>\n\n\n\n<p>-Si c\u00e9sarienne : Antibioprophylaxie habituelle (Cefazoline. 2g ou Dalacine.&nbsp; si allergie, \u00e0 ne pas refaire) apr\u00e8s clampage du cordon.&nbsp; Examen bact\u00e9riologique et anatomo-pathologique du placenta. Bilan chez le nouveau-n\u00e9 : Liquide Gastrique, Procalcitonine (PCT) au sang du cordon,&nbsp; h\u00e9moculture au cordon, et h\u00e9mocultures p\u00e9riph\u00e9riques.&nbsp;<\/p>\n\n\n\n<h3 class=\"wp-block-heading\"><strong>C-Conduite \u00e0 tenir en post-partum<\/strong><\/h3>\n\n\n\n<p>-Continuer l\u2019antibioth\u00e9rapie IV pendant 48h ou jusqu\u2019\u00e0 l\u2019apyrexie.&nbsp;<\/p>\n\n\n\n<p>-Poursuivre l\u2019antibioth\u00e9rapie jusqu\u2019aux r\u00e9sultats de la placentoculture, PV, ECBU et&nbsp;<\/p>\n\n\n\n<p>h\u00e9mocultures.&nbsp;<\/p>\n\n\n\n<p>-Relai oral \u00e0 adapter selon les r\u00e9sultats du bilan infectieux.&nbsp;<\/p>\n\n\n\n<p>En cas de non r\u00e9ponse \u00e0 48-72 h du post-partum : exclusion de causes infectieuses et non&nbsp;<\/p>\n\n\n\n<p>infectieuses (thrombophl\u00e9bite pelvienne, abc\u00e8s pelvien ou de paroi\u2026) et \u00e9largissement du&nbsp;<\/p>\n\n\n\n<p>spectre aux bact\u00e9ries non couverte pas l\u2019antibioth\u00e9rapie initiale.<\/p>\n\n\n\n<p>En r\u00e9sum\u00e9&nbsp;:<br><\/p>\n\n\n\n<figure class=\"wp-block-image is-resized\"><img loading=\"lazy\" decoding=\"async\" src=\"http:\/\/gyneobs.com\/site\/wp-content\/uploads\/2019\/07\/image-401.png\" alt=\"\" class=\"wp-image-1749\" width=\"610\" height=\"883\" srcset=\"https:\/\/gyneobs.com\/site\/wp-content\/uploads\/2019\/07\/image-401.png 585w, https:\/\/gyneobs.com\/site\/wp-content\/uploads\/2019\/07\/image-401-207x300.png 207w\" sizes=\"auto, (max-width: 610px) 100vw, 610px\" \/><\/figure>\n","protected":false},"excerpt":{"rendered":"<p>Qu\u2019est-ce que la chorio-amniotite&nbsp;? La chorio-amniotite est une inflammation aigu\u00eb des membranes et du placenta, en g\u00e9n\u00e9ral&nbsp; faisant suite \u00e0 une colonisation ascendante en cas de rupture prolong\u00e9e de la poche des&nbsp; eaux. Elle peut cependant survenir m\u00eame en cas de membranes intactes, notamment dans&nbsp; les infections \u00e0 mycoplasmes g\u00e9nitaux tels Ureaplasma urealyticum et Mycoplasma [&hellip;]<\/p>\n","protected":false},"author":1,"featured_media":0,"parent":1124,"menu_order":3,"comment_status":"closed","ping_status":"closed","template":"","meta":{"_exactmetrics_skip_tracking":false,"_exactmetrics_sitenote_active":false,"_exactmetrics_sitenote_note":"","_exactmetrics_sitenote_category":0,"footnotes":""},"class_list":["post-1207","page","type-page","status-publish","hentry","post"],"_links":{"self":[{"href":"https:\/\/gyneobs.com\/site\/wp-json\/wp\/v2\/pages\/1207","targetHints":{"allow":["GET"]}}],"collection":[{"href":"https:\/\/gyneobs.com\/site\/wp-json\/wp\/v2\/pages"}],"about":[{"href":"https:\/\/gyneobs.com\/site\/wp-json\/wp\/v2\/types\/page"}],"author":[{"embeddable":true,"href":"https:\/\/gyneobs.com\/site\/wp-json\/wp\/v2\/users\/1"}],"replies":[{"embeddable":true,"href":"https:\/\/gyneobs.com\/site\/wp-json\/wp\/v2\/comments?post=1207"}],"version-history":[{"count":2,"href":"https:\/\/gyneobs.com\/site\/wp-json\/wp\/v2\/pages\/1207\/revisions"}],"predecessor-version":[{"id":1750,"href":"https:\/\/gyneobs.com\/site\/wp-json\/wp\/v2\/pages\/1207\/revisions\/1750"}],"up":[{"embeddable":true,"href":"https:\/\/gyneobs.com\/site\/wp-json\/wp\/v2\/pages\/1124"}],"wp:attachment":[{"href":"https:\/\/gyneobs.com\/site\/wp-json\/wp\/v2\/media?parent=1207"}],"curies":[{"name":"wp","href":"https:\/\/api.w.org\/{rel}","templated":true}]}}