{"id":1115,"date":"2019-07-04T06:25:29","date_gmt":"2019-07-04T04:25:29","guid":{"rendered":"http:\/\/gyneobs.com\/site\/?page_id=1115"},"modified":"2019-07-07T09:15:14","modified_gmt":"2019-07-07T07:15:14","slug":"voyages-et-grossesse","status":"publish","type":"page","link":"https:\/\/gyneobs.com\/site\/obstetrique\/la-grossesse\/voyages-et-grossesse\/","title":{"rendered":"Voyages et grossesse"},"content":{"rendered":"\n<p class=\"has-drop-cap\">La grossesse n&rsquo;est pas une contre-indication au voyage. \u00e0 condition que tout se passe parfaitement bien, et que vous ne pr\u00e9sentiez aucun facteur de risque. Si votre m\u00e9decin vous a prescrit le repos, pas question de bouger. De m\u00eame si vous attendez des jumeaux, il vaudra mieux vous abstenir. La grossesse g\u00e9mellaire est consid\u00e9r\u00e9e comme \u00ab\u00a0\u00e0 risques\u00a0\u00bb, tout simplement parce qu&rsquo;elle est souvent suivie de naissance pr\u00e9matur\u00e9e. D&rsquo;une mani\u00e8re plus g\u00e9n\u00e9rale, trois types de menaces p\u00e8sent sur la femme enceinte voyageuse&nbsp;: le transport, les risques infectieux du pays de destination et le nivequ de l&rsquo;infrastructure sanitaire locale.<\/p>\n\n\n\n<p><strong>Voyage en pays d&rsquo;end\u00e9mie\u00a0: \u00eates-vous vaccin\u00e9e\u00a0?<\/strong><\/p>\n\n\n\n<p>Si vous n&rsquo;\u00eates pas vaccin\u00e9e, il faut savoir que certains vaccins sont contre-indiqu\u00e9s chez la femme enceinte. Il faudra donc peut-\u00eatre revoir votre destination en cons\u00e9quence. Les vaccins inactiv\u00e9s, comme le t\u00e9tanos ou la dipht\u00e9rie, peuvent \u00eatre pratiqu\u00e9s sans risque, mais les vaccins vivants sont \u00e0 \u00e9viter (polio oral, rougeole, rub\u00e9ole, oreillons, varicelle, BCG.). En cas de n\u00e9cessit\u00e9 absolue, celui contre la fi\u00e8vre jaune peut \u00e9ventuellement \u00eatre pratiqu\u00e9 (si le danger jug\u00e9 par l&rsquo;Organisation mondiale de la sant\u00e9 est un \u00ab\u00a0risque d&rsquo;exposition majeur et in\u00e9vitable\u00a0\u00bb), mais de pr\u00e9f\u00e9rence apr\u00e8s le premier trimestre.<\/p>\n\n\n\n<p>Il faut \u00e9galement savoir que les maladies infectieuses peuvent \u00eatre graves pour l&rsquo;enfant que vous portez. Le paludisme est tr\u00e8s dangereux chez la femme enceinte, il vaut donc mieux \u00e9viter les zones \u00e0 risques. Si vous n&rsquo;avez pas le choix, il faudra bien vous prot\u00e9ger des moustiques (moustiquaires, insecticides, v\u00eatements couvrants), en sachant que certains r\u00e9pulsifs sont d\u00e9conseill\u00e9s aux femmes enceintes. Il faudra \u00e9galement prendre des m\u00e9dicaments pour la pr\u00e9vention du paludisme, adapt\u00e9s \u00e0 la r\u00e9gion o\u00f9 vous allez, mais attention&nbsp;: beaucoup d&rsquo;entre eux vous sont contre-indiqu\u00e9s. La quinine, la chloroquine et le proguanil font partie des antipalud\u00e9ens autoris\u00e9s.&nbsp;<\/p>\n\n\n\n<p>Choisissez donc bien votre destination, et privil\u00e9giez les voyages dans de bonnes conditions d&rsquo;hygi\u00e8ne. Dans tous les cas, il faudra faire particuli\u00e8rement attention \u00e0 votre alimentation et \u00e0 l&rsquo;eau de boisson, et vous ne devrez prendre aucun m\u00e9dicament inconnu. Attention aux diarrh\u00e9es (une d\u00e9shydratation s\u00e9v\u00e8re peut \u00eatre nocive pour le foetus et vous-m\u00eame)&nbsp;! N&rsquo;h\u00e9sitez pas \u00e0 parler de vos prochaines vacances avec votre m\u00e9decin.<\/p>\n\n\n\n<p><strong>Voyager loin en avion\u00a0?<\/strong>\u00a0<\/p>\n\n\n\n<p>C&rsquo;est tout \u00e0 fait possible, et le Coll\u00e8ge Am\u00e9ricain des Obst\u00e9triciens et des Gyn\u00e9cologues (ACOG) annonce m\u00eame que \u00e7a ne pose pas de probl\u00e8me en fin de grossesse, en l&rsquo;absence de complications (diab\u00e8te mal contr\u00f4l\u00e9, anomalie du placenta, hypertension, risque de naissance pr\u00e9matur\u00e9e.).<\/p>\n\n\n\n<p>Il faut tout de m\u00eame savoir que la majorit\u00e9 des compagnies a\u00e9riennes demandent un certificat m\u00e9dical r\u00e9cent si l&rsquo;accouchement est proche (pour Air France, \u00e0 partir du huiti\u00e8me mois de grossesse), et refusent de vous embarquer pendant les derniers jours. Renseignez-vous bien avant le d\u00e9part, car chaque compagnie a\u00e9rienne a ses propres r\u00e8gles.<\/p>\n\n\n\n<p>Ensuite n&rsquo;oubliez pas que les si\u00e8ges d&rsquo;avion sont \u00e9troits et pourront se r\u00e9v\u00e9ler tr\u00e8s inconfortables dans votre cas. De plus, votre sensibilit\u00e9 au mal des transports est augment\u00e9e pendant la grossesse, et vous risquez quelques naus\u00e9es. Portez des bas de contention pour \u00e9viter d&rsquo;avoir les jambes qui gonflent, et d\u00e9placez-vous r\u00e9guli\u00e8rement dans l&rsquo;avion.<\/p>\n\n\n\n<p><strong>La voiture\u00a0<\/strong><\/p>\n\n\n\n<p>Sachez-le&nbsp;: le fait d&rsquo;\u00eatre enceinte ne vous dispense pas du tout du port de la ceinture de s\u00e9curit\u00e9. La ceinture vous prot\u00e8ge et prot\u00e8ge donc votre b\u00e9b\u00e9. Les obst\u00e9triciens et les gyn\u00e9cologues la conseillent donc aux futures mamans. Vous devez simplement mettre la ceinture sous-abdominale le plus bas possible sur l&rsquo;os du bassin, sous le ventre, et l&rsquo;autre partie comme d&rsquo;habitude entre les seins.<\/p>\n\n\n\n<p>Les longs trajets sont tout de m\u00eame d\u00e9conseill\u00e9s (pas plus de 200 ou 300&nbsp;km par jour), et vous devrez \u00e9viter trop de secousses (voiture en mauvais \u00e9tat, v\u00e9hicule tout terrain). Faites des pauses r\u00e9guli\u00e8rement pour marcher et vous d\u00e9tendre les jambes. Enfin n&rsquo;oubliez pas qu&rsquo;un accident peut vous exposer au risque de perdre votre b\u00e9b\u00e9.<\/p>\n\n\n\n<p>Pr\u00e9f\u00e9rez le train. C&rsquo;est en effet le moyen de transport \u00e0 privil\u00e9gier&nbsp;: c&rsquo;est le plus fiable et le moins fatigant. De plus il vous permet de marcher r\u00e9guli\u00e8rement. Choisissez la place c\u00f4t\u00e9 couloir, cela vous \u00e9vitera de d\u00e9ranger trop souvent votre voisin.<\/p>\n\n\n\n<p><strong>La p\u00e9riode id\u00e9ale pour un voyage\u00a0?<\/strong><\/p>\n\n\n\n<p>Entre la 16<sup>\u00e8me<\/sup> et la 28<sup>\u00e8me<\/sup> semaine de grossesse<\/p>\n\n\n\n<p>Apr\u00e8s le quatri\u00e8me mois, votre b\u00e9b\u00e9 est moins fragile, et le risque d&rsquo;avortement spontan\u00e9 est faible. Quant \u00e0 vous, vous \u00eates plus en forme et plus mobile \u00e0 cette p\u00e9riode qu&rsquo;en fin de grossesse.<\/p>\n\n\n\n<p>Rien ne vous emp\u00eache toutefois de voyager au troisi\u00e8me trimestre.&nbsp; en pensant tout de m\u00eame \u00e0 vous rapprocher de chez vous avant la date de l&rsquo;accouchement&nbsp;!<\/p>\n\n\n\n<p>Enfin, pensez \u00e0 lire votre contrat d&rsquo;assurance ou votre contrat de rapatriement, pour v\u00e9rifier que la grossesse n&rsquo;est pas une exclusion \u00e0 votre prise en charge, et renseignez-vous avant de partir sur les conditions sanitaires du pays de destination.<\/p>\n\n\n\n<p><strong>Concernant le Paludisme<\/strong><\/p>\n\n\n\n<p>Le paludisme pr\u00e9sente des dangers pour la grossesse<\/p>\n\n\n\n<p>La pr\u00e9vention repose sur la chimioprophylaxie par chloroquine lors de tout s\u00e9jour en pays d\u2019end\u00e9mie. Chloroquine (Nivaquine\u00ae100), 1 cp\/j \u00e0 commencer la veille du d\u00e9part ou Nivaquine\u00ae300, 1 cp deux fois par semaine et \u00e0 poursuivre pendant les 4 semaines suivant le retour. Les possibilit\u00e9s de r\u00e9sistances \u00e0 la chloroquine apparues dans certaines zones font conseiller en outre de prendre syst\u00e9matiquement de la quinine en cas d\u2019acc\u00e8s f\u00e9brile lors de s\u00e9jour dans ces r\u00e9gions.<\/p>\n\n\n\n<p>Les autres produits sont g\u00e9n\u00e9ralement contre-indiqu\u00e9s, en particulier l\u2019halofantrine (Halfan \u00ae) et la m\u00e9floquine (Lariam \u00ae).<\/p>\n\n\n\n<p>Il est donc fortement recommand\u00e9 aux femmes enceintes d&rsquo;\u00e9viter les s\u00e9jours en zones impalud\u00e9es o\u00f9 s\u00e9vissent des souches de Plasmodium falciparum r\u00e9sistantes \u00e0 la chloroquine. (surtout les zones des groupes 2 et 3 selon les recommandations OMS), car dans ces groupes de pays le traitement pr\u00e9ventif n&rsquo;est pas assur\u00e9 \u00e0 100 % d&rsquo;efficacit\u00e9.<\/p>\n\n\n\n<p>Les pays ont \u00e9t\u00e9 r\u00e9pertori\u00e9s en trois cat\u00e9gories selon le degr\u00e9 de r\u00e9sistance des souches de Plasmodium falciparum. Le groupe I correspond aux pays o\u00f9 aucune r\u00e9sistance \u00e0 la choloroquine n\u2019a \u00e9t\u00e9 signal\u00e9e jusqu\u2019\u00e0 pr\u00e9sent. Le groupe II concerne les pays o\u00f9 des r\u00e9sistances ont \u00e9t\u00e9 signal\u00e9es, mais restent minoritaires. Le groupe III comprend les pays o\u00f9 des r\u00e9sistances \u00e0 la chloroquine sont majoritaires et \u00e9ventuellement associ\u00e9es \u00e0 des r\u00e9sistances \u00e0 d\u2019autres m\u00e9dicaments :<\/p>\n\n\n\n<p>La liste des pays o\u00f9 s\u00e9vit le paludisme et en particulier ces souches r\u00e9sistantes est en constante \u00e9volution. Voici les donn\u00e9es en 2006.&nbsp; Ce sont les pays pour lesquels il est n\u00e9cessaire de prendre une chimioprophylaxie antipaludique.<\/p>\n\n\n\n<p>Afghanistan groupe 3 pour l&rsquo;ensemble du pays<\/p>\n\n\n\n<p>Afrique du Sud Nord-Est : groupe 3&nbsp;; ailleurs : pas de chimioprophylaxie<\/p>\n\n\n\n<p>Angola groupe 3<\/p>\n\n\n\n<p>Arabie Saoudite Sud, Ouest : groupe 3&nbsp;; ailleurs : pas de chimioprophylaxie<\/p>\n\n\n\n<p>Argentine&nbsp; Nord : groupe 1&nbsp;; ailleurs : pas de chimioprophylaxie<\/p>\n\n\n\n<p>Bangladesh Dacca : pas de chimioprophylaxie&nbsp;; reste du pays : groupe 3<\/p>\n\n\n\n<p>Belize&nbsp; groupe 1 pour l&rsquo;ensemble du pays<\/p>\n\n\n\n<p>B\u00e9nin groupe 3<\/p>\n\n\n\n<p>Bhoutan groupe 3 pour l&rsquo;ensemble du pays&nbsp;;&nbsp;<\/p>\n\n\n\n<p>Bolivie Amazonie : groupe 3 pour l&rsquo;ensemble du pays&nbsp;; ailleurs : groupe 1<\/p>\n\n\n\n<p>Botswana groupe 3<\/p>\n\n\n\n<p>Br\u00e9sil Amazonie : groupe 3&nbsp;; ailleurs : pas de chimioprophylaxie<\/p>\n\n\n\n<p>Burkina Faso groupe 2<\/p>\n\n\n\n<p>Burundi groupe 3<\/p>\n\n\n\n<p>Cambodge groupe 3<\/p>\n\n\n\n<p>Cameroun groupe 3<\/p>\n\n\n\n<p>Chine Yunnan et Hainan : groupe 3&nbsp;; Nord-Est : groupe 1&nbsp;<\/p>\n\n\n\n<p>Colombie Amazonie : groupe 3&nbsp;; ailleurs : groupe 2<\/p>\n\n\n\n<p>Comores groupe 3<\/p>\n\n\n\n<p>Congo groupe 3<\/p>\n\n\n\n<p>Costa Rica groupe 1 pour l&rsquo;ensemble du pays<\/p>\n\n\n\n<p>C\u00f4te-d&rsquo;Ivoire groupe 3<\/p>\n\n\n\n<p>Djibouti groupe 3<\/p>\n\n\n\n<p>\u00c9quateur Amazonie : groupe 3&nbsp;; ailleurs : groupe 1<\/p>\n\n\n\n<p>\u00c9rythr\u00e9e groupe 3<\/p>\n\n\n\n<p>\u00c9thiopie groupe 3<\/p>\n\n\n\n<p>Gabon groupe 3<\/p>\n\n\n\n<p>Gambie groupe 3<\/p>\n\n\n\n<p>Ghana groupe 3<\/p>\n\n\n\n<p>Guatemala (*) groupe 1 pour l&rsquo;ensemble du pays<\/p>\n\n\n\n<p>Guin\u00e9e groupe 3<\/p>\n\n\n\n<p>Guin\u00e9e-Bissau groupe 3<\/p>\n\n\n\n<p>Guin\u00e9e \u00c9quatoriale groupe 3<\/p>\n\n\n\n<p>Guyana groupe 3<\/p>\n\n\n\n<p>Guyane fran\u00e7aise fleuves : groupe 3&nbsp;; zone c\u00f4ti\u00e8re : pas de chimioprophylaxie<\/p>\n\n\n\n<p>Ha\u00efti groupe 1<\/p>\n\n\n\n<p>Honduras (*) groupe 1 pour l&rsquo;ensemble du pays<\/p>\n\n\n\n<p>Inde \u00c9tat d\u2019Assam : groupe 3&nbsp;; ailleurs : groupe 2<\/p>\n\n\n\n<p>Indon\u00e9sie Bali : pas de chimioprophylaxie&nbsp;;ailleurs : groupe 3<\/p>\n\n\n\n<p>Iran Sud-Est : groupe 3&nbsp;; ailleurs : groupe 1<\/p>\n\n\n\n<p>Iraq groupe 1 pour l&rsquo;ensemble du pays<\/p>\n\n\n\n<p>Kenya groupe 3<\/p>\n\n\n\n<p>Laos groupe 3<\/p>\n\n\n\n<p>Lib\u00e9ria groupe 3<\/p>\n\n\n\n<p>Madagascar groupe 2<\/p>\n\n\n\n<p>Malaisie zones urbaines ou c\u00f4ti\u00e8res :pas de chimioprophylaxie ; ailleurs : groupe 3<\/p>\n\n\n\n<p>Malawi groupe 3<\/p>\n\n\n\n<p>Mali groupe 2<\/p>\n\n\n\n<p>Mauritanie groupe 2<\/p>\n\n\n\n<p>Mayotte groupe 3 pour l&rsquo;ensemble du pays<\/p>\n\n\n\n<p>Mexique&nbsp; groupe 1 pour l&rsquo;ensemble du pays<\/p>\n\n\n\n<p>Mozambique groupe 3<\/p>\n\n\n\n<p>Myanmar (ex-Birmanie)groupe 3<\/p>\n\n\n\n<p>Namibie groupe 3<\/p>\n\n\n\n<p>N\u00e9pal Tera\u00ef : groupe 2&nbsp;; ailleurs : pas de chimioprophylaxie<\/p>\n\n\n\n<p>Nicaragua (*) groupe 1 pour l&rsquo;ensemble du pays<\/p>\n\n\n\n<p>Niger groupe 2<\/p>\n\n\n\n<p>Nig\u00e9ria groupe 3<\/p>\n\n\n\n<p>Ouganda groupe 3<\/p>\n\n\n\n<p>Pakistan groupe 3<\/p>\n\n\n\n<p>Panama (*) Ouest : groupe 1&nbsp;; Est : groupe 3<\/p>\n\n\n\n<p>Papouasie- groupe 3<\/p>\n\n\n\n<p>Nouvelle Guin\u00e9e<\/p>\n\n\n\n<p>Paraguay Est : groupe 1&nbsp;;ailleurs : pas de chimioprophylaxie<\/p>\n\n\n\n<p>P\u00e9rou Amazonie : groupe 3&nbsp;; ailleurs : groupe 1&nbsp;<\/p>\n\n\n\n<p>Philippines groupe 3<\/p>\n\n\n\n<p>R\u00e9publique dominicaine groupe 1<\/p>\n\n\n\n<p>R\u00e9publique centrafricaine groupe 3<\/p>\n\n\n\n<p>R\u00e9publique d\u00e9mocratique groupe 3<\/p>\n\n\n\n<p>du Congo (ex-Zaire)<\/p>\n\n\n\n<p>Rwanda groupe 3<\/p>\n\n\n\n<p>El Salvador groupe 1 pour l&rsquo;ensemble du pays<\/p>\n\n\n\n<p>Sao Tom\u00e9 et Principe groupe 3<\/p>\n\n\n\n<p>Salomon (Iles) groupe 2<\/p>\n\n\n\n<p>S\u00e9n\u00e9gal groupe 3<\/p>\n\n\n\n<p>Sierra Leone groupe 3<\/p>\n\n\n\n<p>Somalie groupe 3<\/p>\n\n\n\n<p>Soudan groupe 3<\/p>\n\n\n\n<p>Sri Lanka&nbsp; groupe 2 pour l&rsquo;ensemble du pays<\/p>\n\n\n\n<p>Surinam groupe 3<\/p>\n\n\n\n<p>Swaziland groupe 3<\/p>\n\n\n\n<p>Tadjikistan&nbsp; groupe 2 pour l&rsquo;ensemble du pays<\/p>\n\n\n\n<p>Tanzanie groupe 3<\/p>\n\n\n\n<p>Tchad groupe 2<\/p>\n\n\n\n<p>Tha\u00eflande&nbsp; pas de chimioprophylaxie&nbsp;;&nbsp; sauf les fronti\u00e8res avec le Cambodge, le Laos, le Myanmar et la Malaisie&nbsp;: groupe 3<\/p>\n\n\n\n<p>Timor Oriental groupe 3<\/p>\n\n\n\n<p>Togo groupe 3<\/p>\n\n\n\n<p>Vanuatu groupe 2<\/p>\n\n\n\n<p>Venezuela (Amazonie) Amazonie : groupe 3&nbsp;; ailleurs : groupe 1<\/p>\n\n\n\n<p>Vietnam pas de chimioprophylaxie pour la bande c\u00f4ti\u00e8re et les deltas&nbsp;; ailleurs : groupe 3<\/p>\n\n\n\n<p>Yemen groupe 3<\/p>\n\n\n\n<p>Zambie groupe 3<\/p>\n\n\n\n<p>Zimbabwe groupe 3<\/p>\n\n\n\n<p>Un traitement pr\u00e9ventif ne para\u00eet pas obligatoire pour les s\u00e9jours de moins de 7 jours. Il faut alors respecter imp\u00e9rativement les mesures de protection (r\u00e9pulsifs, v\u00eatements, mousticaires, etc.) et consulter en urgence en cas d efi\u00e8vre dans les mois suivant le retour.<\/p>\n\n\n\n<p><strong>Concernant la fi\u00e8vre jaune<\/strong><\/p>\n\n\n\n<p>La fi\u00e8vre jaune est une virose qui s\u00e9vit dans les zones intertropicales d&rsquo;Afrique (B\u00e9nin, Burkina Faso, Cameroun, C\u00f4te-d&rsquo;Ivoire, Djibouti, Gabon, Ghana, Kenya, Madagascar, Mali, Niger, Nigeria, S\u00e9n\u00e9gal, Serra Leone, Togo&#8230;) et en Am\u00e9rique intertropicale (Bolivie, Br\u00e9sil, P\u00e9rou, Colombie, Venezuela, Equateur, Panama, Surinam&#8230;) y compris en Guyane Fran\u00e7aise. L&rsquo;Asie, l&rsquo;Oc\u00e9anie, les Antilles sont \u00e9pargn\u00e9es bien que les conditions de transmission y soient r\u00e9unies, le moustique vecteur \u00e9tant abondant partout. L&rsquo;homme est contamin\u00e9 par un moustique infect\u00e9 (Aedes en Afrique, Haemagogus en Am\u00e9rique). Depuis 1936, le vaccin est disponible et la gravit\u00e9 de la fi\u00e8vre jaune s&rsquo;est estomp\u00e9e dans les esprits. A tel point que l&rsquo;on assiste p\u00e9riodiquement \u00e0 des rel\u00e2chements de la vigilance des organisateurs de voyages.&nbsp;<\/p>\n\n\n\n<p>Quelques centaines de cas sont d\u00e9clar\u00e9s chaque ann\u00e9e dans les zones intertropicales d&rsquo;Afrique et d&rsquo;Am\u00e9rique du Sud. L&rsquo;OMS recommande aux pays d&rsquo;end\u00e9mie d&rsquo;inclure syst\u00e9matiquement le vaccin antiamaril dans le programme de vaccination des enfants.<\/p>\n\n\n\n<p>Les sympt\u00f4mes de la maladie&nbsp;<\/p>\n\n\n\n<p>L&rsquo;incubation est de 1 \u00e0 6 jours. Une seule piq\u00fbre de moustique suffit pour contracter la fi\u00e8vre jaune. La maladie d\u00e9bute brutalement par un syndrome grippal intense. Au d\u00e9but, le malade est dans la \u00ab\u00a0phase rouge\u00a0\u00bb&nbsp;: la face est congestionn\u00e9e. Apr\u00e8s une r\u00e9mission de 24 \u00e0 48&nbsp;heures, survient la deuxi\u00e8me phase : le foie et les reins sont atteints avec fi\u00e8vre, jaunisse, naus\u00e9es, diarrh\u00e9e, douleurs abdominales, vomissements sanglants , urines rares, albuminurie. La mort est fr\u00e9quente avant le 15\u00e8me jour.<\/p>\n\n\n\n<p>Heureusement, les formes frustes, simulant une simple grippe, sont les plus nombreuses.&nbsp;<\/p>\n\n\n\n<p>Le s\u00e9rodiagnostic permet le diagnostic vers le 10<sup>e<\/sup> jour.<\/p>\n\n\n\n<p>Diagnostic diff\u00e9rentiel&nbsp;<\/p>\n\n\n\n<p>Il faut distinguer la fi\u00e8vre jaune des autres causes d&rsquo;ict\u00e8res f\u00e9briles : paludisme, leptospirose, rickettsiose, typho\u00efde, h\u00e9patite B fulminante, fi\u00e8vres h\u00e9morragiques virales&#8230;<\/p>\n\n\n\n<p>Traitement<\/p>\n\n\n\n<p>Le traitement repose sur l&rsquo;isolement du malade et les mesures symptomatiques de r\u00e9animation difficiles \u00e0 mettre en oeuvre dans des pays dont l&rsquo;infrastructure sanitaire est en r\u00e8gle d\u00e9ficiente.<\/p>\n\n\n\n<p>La prophylaxie comporte la lutte contre les moustiques et le remplacement des arbres par le teck australien qui diminue l&rsquo;abondance des vecteurs.<\/p>\n\n\n\n<p>La mortalit\u00e9 est de 50&nbsp;% pendant les \u00e9pid\u00e9mies alors qu&rsquo;elle n&rsquo;est que de 5&nbsp;% dans les zones d&rsquo;end\u00e9mie.<\/p>\n\n\n\n<p>Le vaccin contre la fi\u00e8vre jaune<\/p>\n\n\n\n<p>La vaccination antiamaril repr\u00e9sente la protection la plus efficace.<\/p>\n\n\n\n<p>Selon le r\u00e8glement sanitaire international, seul le vaccin contre la fi\u00e8vre jaune (Amaril Pasteur) peut \u00eatre exig\u00e9 \u00e0 l&rsquo;entr\u00e9e de nombreux pays. Ce vaccin qui ne peut \u00eatre pratiqu\u00e9 que dans un centre agr\u00e9\u00e9 par l&rsquo;O.M.S., doit figurer sur un carnet international vis\u00e9 par un centre agr\u00e9\u00e9, o\u00f9 figurent la date du vaccin, le num\u00e9ro du lot, l&rsquo;organisme vaccinateur agr\u00e9\u00e9 et les coordonn\u00e9es du m\u00e9decin vaccinateur. Le vaccin est obligatoire dans certains pays :<\/p>\n\n\n\n<p>-Afrique intertropicale, entre 15\u00b0 de latitude Nord et 15\u00b0 de latitude Sud, \u00e0 l&rsquo;exception de Djibouti, Somalie du nord, Madagascar et Nairobi&nbsp;;<\/p>\n\n\n\n<p>-Am\u00e9rique latine, depuis Panama au nord jusqu&rsquo;au 15\u00b0 de latitude Sud, \u00e0 l&rsquo;exception de l&rsquo;est du Br\u00e9sil, du versant pacifique des Andes et de petites enclaves (canal de Panama, Bogota, Manaus).<\/p>\n\n\n\n<p>La vaccination est recommand\u00e9e paur tout voyage en zone d&rsquo;end\u00e9mie m\u00eame si elle n&rsquo;est pas exig\u00e9e \u00e0 la fronti\u00e8re. Certains pays, exempts de la maladie, mais qui pr\u00e9sentent les conditions climatiques et \u00e9pid\u00e9miologiques favorables \u00e0 son d\u00e9veloppement (Asie du sud Est) exigent cette vaccination si les voyageurs viennent d&rsquo;une zone infect\u00e9e. En fait, le voyageur ne devrait m\u00eame pas tenir compte des exceptions g\u00e9ographiques car il peut \u00eatre amen\u00e9 \u00e0 changer ses plans de voyage volontairement (invitation inattendue, facilit\u00e9 de voyage secondaire non pr\u00e9vue&#8230;) ou involontairement (escale technique impr\u00e9vue, d\u00e9tournement, guerre, coup d&rsquo;Etat&#8230;).<\/p>\n\n\n\n<p>Le vaccin (\u00e0 conserver entre + 2 et +4 \u00b0C) est bien tol\u00e9r\u00e9. La posologie est de 0,5&nbsp;ml en injection sous cutan\u00e9e ou intra-musculaire \u00e0 renouveler tous les 10&nbsp;ans. Les effets secondaires sont rares et c\u00e8dent aux antalgiques (c\u00e9phal\u00e9es, douleurs musculaires, fi\u00e8vre mod\u00e9r\u00e9e, douleur au point d&rsquo;injection 10&nbsp;jours apr\u00e8s le vaccin). Les complications \u00e0 type de m\u00e9ningo-enc\u00e9phalites post-vaccinales ont \u00e9t\u00e9 d\u00e9crites essentiellement chez le nourrisson vaccin\u00e9 avant l&rsquo;\u00e2ge de 6&nbsp;mois (18&nbsp;cas recens\u00e9 sur 100&nbsp;millions de vaccin\u00e9s dont 15 enfants \u00e2g\u00e9s de moins de 5&nbsp;mois). Un d\u00e9lai de 21 jours reste conseill\u00e9 avec le vaccin contre le chol\u00e9ra pour \u00e9viter une att\u00e9nuation de la r\u00e9ponse en anticorps.&nbsp;<\/p>\n\n\n\n<p>La protection appara\u00eet 10 jours apr\u00e8s la premi\u00e8re injection. Dans le cas d&rsquo;une revaccination, l&rsquo;efficacit\u00e9 est imm\u00e9diate. En cas de contre-indication, le m\u00e9decin doit remettre deux certificats au voyageur. Le premier est destin\u00e9 au m\u00e9decin local et doit expliquer en fran\u00e7ais, en anglais et si possible dans la langue du pays, la raison m\u00e9dicale de la contre-indication. Le deuxi\u00e8me est plac\u00e9 dans le carnet de vaccination international et indique qu&rsquo;il existe une contre-indication au vaccin et en pr\u00e9cise la dur\u00e9e. Les autorit\u00e9s sanitaires ne sont pas tenues d&rsquo;accepter ces certificats et peuvent imposer des mesures d&rsquo;isolement ou de surveillance durant 5 jours.<\/p>\n\n\n\n<p>En cas de grossesse, la vaccination s&rsquo;impose surtout lors d&rsquo;un voyage dans les r\u00e9gions d&rsquo;end\u00e9mie ou infect\u00e9es de fi\u00e8vre jaune. Les enqu\u00eates effectu\u00e9es dans le monde montrent l&rsquo;innocuit\u00e9 de cette vaccination, quel que soit l&rsquo;\u00e2ge de la grossesse. Cependant, le C.D.C. d&rsquo;Atlanta ainsi que l&rsquo;Institut Pasteur d\u00e9conseillent cette vaccination chez les femmes enceintes, sauf si les circonstances \u00e9pid\u00e9miologiques l&rsquo;imposent. Le mieux est donc d\u2019\u00e9viter les voyages dans les pays d\u2019end\u00e9mie.<\/p>\n","protected":false},"excerpt":{"rendered":"<p>La grossesse n&rsquo;est pas une contre-indication au voyage. \u00e0 condition que tout se passe parfaitement bien, et que vous ne pr\u00e9sentiez aucun facteur de risque. Si votre m\u00e9decin vous a prescrit le repos, pas question de bouger. De m\u00eame si vous attendez des jumeaux, il vaudra mieux vous abstenir. La grossesse g\u00e9mellaire est consid\u00e9r\u00e9e comme [&hellip;]<\/p>\n","protected":false},"author":1,"featured_media":0,"parent":1067,"menu_order":9,"comment_status":"closed","ping_status":"closed","template":"","meta":{"_exactmetrics_skip_tracking":false,"_exactmetrics_sitenote_active":false,"_exactmetrics_sitenote_note":"","_exactmetrics_sitenote_category":0,"footnotes":""},"class_list":["post-1115","page","type-page","status-publish","hentry","post"],"_links":{"self":[{"href":"https:\/\/gyneobs.com\/site\/wp-json\/wp\/v2\/pages\/1115","targetHints":{"allow":["GET"]}}],"collection":[{"href":"https:\/\/gyneobs.com\/site\/wp-json\/wp\/v2\/pages"}],"about":[{"href":"https:\/\/gyneobs.com\/site\/wp-json\/wp\/v2\/types\/page"}],"author":[{"embeddable":true,"href":"https:\/\/gyneobs.com\/site\/wp-json\/wp\/v2\/users\/1"}],"replies":[{"embeddable":true,"href":"https:\/\/gyneobs.com\/site\/wp-json\/wp\/v2\/comments?post=1115"}],"version-history":[{"count":2,"href":"https:\/\/gyneobs.com\/site\/wp-json\/wp\/v2\/pages\/1115\/revisions"}],"predecessor-version":[{"id":2026,"href":"https:\/\/gyneobs.com\/site\/wp-json\/wp\/v2\/pages\/1115\/revisions\/2026"}],"up":[{"embeddable":true,"href":"https:\/\/gyneobs.com\/site\/wp-json\/wp\/v2\/pages\/1067"}],"wp:attachment":[{"href":"https:\/\/gyneobs.com\/site\/wp-json\/wp\/v2\/media?parent=1115"}],"curies":[{"name":"wp","href":"https:\/\/api.w.org\/{rel}","templated":true}]}}