{"id":1069,"date":"2019-07-03T22:23:38","date_gmt":"2019-07-03T20:23:38","guid":{"rendered":"http:\/\/gyneobs.com\/site\/?page_id=1069"},"modified":"2024-07-09T15:35:09","modified_gmt":"2024-07-09T13:35:09","slug":"le-bilan-preconceptionnel","status":"publish","type":"page","link":"https:\/\/gyneobs.com\/site\/obstetrique\/la-grossesse\/le-bilan-preconceptionnel\/","title":{"rendered":"Le bilan pr\u00e9conceptionnel"},"content":{"rendered":"\n<p class=\"has-drop-cap\">Le certificat p\u00e9nuptial et la consultation pr\u00e9nuptiale ont \u00e9t\u00e9 supprim\u00e9s en 2007. Il n\u2019en reste pas moins que ce que l\u2019on va appeler un bilan pr\u00e9conceptionnel reste utile et conseill\u00e9 lors d\u2019une demande d\u2019arr\u00eat d\u2019une contraception, en cas de projet de mariage ou en r\u00e9ponse aux demandes spontan\u00e9es d\u2019une femme ou d\u2019un couple qui a un projet de grossesse.<\/p>\n\n\n\n<p>Ce bilan comporte des aspects cliniques, biologiques et pr\u00e9ventifs.<\/p>\n\n\n\n<h2 class=\"wp-block-heading\"><strong>Donn\u00e9es de l\u2019interrogatoire<\/strong><\/h2>\n\n\n\n<p>-Consanguinit\u00e9 du couple.<\/p>\n\n\n\n<p>\t-\u00c2ge inf\u00e9rieur \u00e0 18 ans ou sup\u00e9rieur \u00e0 35 ans.<\/p>\n\n\n\n<p>\t-Un surpoids.&nbsp;<\/p>\n\n\n\n<p>-Des ant\u00e9c\u00e9dents familiaux tels qu\u2019une maladie ou un probl\u00e8me de sant\u00e9 chronique ; des maladies g\u00e9n\u00e9tiques; des anomalies li\u00e9es \u00e0 la prise de Distilb\u00e8ne\u00ae par la m\u00e8re.<\/p>\n\n\n\n<p>-Des ant\u00e9c\u00e9dents familiaux de malformations ou de maladie h\u00e9r\u00e9ditaire imposent une consultation de conseil g\u00e9n\u00e9tique.<\/p>\n\n\n\n<p>-Les ant\u00e9c\u00e9dents gyn\u00e9cologiques et les complications \u00e9ventuelles de grossesses pr\u00e9c\u00e9dentes.<\/p>\n\n\n\n<h2 class=\"wp-block-heading\">Donn\u00e9es de l\u2019examen clinique<\/h2>\n\n\n\n<p>-Mesure de la pression art\u00e9rielle&nbsp;<\/p>\n\n\n\n<p>-Mesures du poids, de la taille et calcul de l\u2019indice de masse corporelle&nbsp;<\/p>\n\n\n\n<p>-Examen gyn\u00e9cologique, en particulier examen clinique des seins, frottis cervical de d\u00e9pistage (s\u2019il date de plus de 2 \u00e0 3 ans), recherche de mutilations de&nbsp;<\/p>\n\n\n\n<p>l\u2019appareil g\u00e9nital, etc.<\/p>\n\n\n\n<h2 class=\"wp-block-heading\"><strong>Examens biologiques<\/strong><\/h2>\n\n\n\n<p>-D\u00e9termination du groupe sanguin (A, B O, ph\u00e9notypes rh\u00e9sus complet et Kell) si la femme ne poss\u00e8de pas de carte de groupe sanguin compl\u00e8te (2 d\u00e9terminations sont n\u00e9cessaires) ; en cas de rh\u00e9sus n\u00e9gatif, il est propos\u00e9 d\u2019informer la femme de l\u2019int\u00e9r\u00eat de la d\u00e9termination du groupe sanguin du futur p\u00e8re.<\/p>\n\n\n\n<p>-Recherche d\u2019agglutinines irr\u00e9guli\u00e8res en cas d\u2019ant\u00e9c\u00e9dent de transfusion .<\/p>\n\n\n\n<p>-Examens s\u00e9rologiques de la toxoplasmose(en l\u2019absence de preuve \u00e9crite de l\u2019immunit\u00e9) et de la rub\u00e9ole&nbsp;<\/p>\n\n\n\n<p>-S\u00e9rologie VIH 1 et 2 \u00e0 proposer \u00e0 la femme ou au couple.&nbsp;<\/p>\n\n\n\n<p>-Autres d\u00e9pistages \u00e0 proposer&nbsp;<\/p>\n\n\n\n<p>-taux d\u2019anticorps anti-Hbs chez une femme vaccin\u00e9e, sinon antig\u00e8ne Hbs&nbsp;<\/p>\n\n\n\n<p>-s\u00e9rologie VHC&nbsp;<\/p>\n\n\n\n<p>-s\u00e9rologie de la syphilis<\/p>\n\n\n\n<p>-recherche de Chlamydia par PCR sur le premier jet urinaire<\/p>\n\n\n\n<p>\t-Glyc\u00e9mie \u00e0 jeun pour d\u00e9pistage du diab\u00e8te de type 2 en cas de facteurs de risque ou d\u2019ant\u00e9c\u00e9dents.<\/p>\n\n\n\n<p>\t-En cas de diab\u00e8te pr\u00e9existant, il est fortement souhaitable d\u2019obtenir un \u00e9quilibre correct du diab\u00e8te avant la grossesse, soit une h\u00e9moglobine glycosyl\u00e9e inf\u00e9rieure \u00e0 6,5%<\/p>\n\n\n\n<p>\t-Selon l\u2019origine g\u00e9ographique du couple, une \u00e9lectrophor\u00e8se de l\u2019h\u00e9moglobine peut \u00eatre indiqu\u00e9e. Ainsi, la thalass\u00e9mie dite mineure est tr\u00e8s fr\u00e9quente dans les populations du pourtour m\u00e9diterran\u00e9en et en cas d\u2019h\u00e9t\u00e9rozygotie des deux parents, une \u00e9ventuelle thalass\u00e9mie homozygote chez leur enfant serait gravissime.<\/p>\n\n\n\n<h2 class=\"wp-block-heading\"><strong>Evaluation des traitements en cours<\/strong><\/h2>\n\n\n\n<p>Dans tous les cas, le rapport b\u00e9n\u00e9fice\/risque de toute prescription m\u00e9dicamenteuse doit \u00eatre attentivement \u00e9valu\u00e9 chez une femme qui exprime un d\u00e9sir de grossesse.&nbsp;<\/p>\n\n\n\n<p>En cas de maladie chronique ou de traitement au long cours, il faut anticiper les \u00e9ventuels ajustements th\u00e9rapeutiques \u00e0 effectuer, si besoin avec le sp\u00e9cialiste de la maladie concern\u00e9e. Ce peut notamment \u00eatre le cas des anti\u00e9pileptiques, des antidiab\u00e9tiques, des antihypertenseurs, des anticoagulants, des&nbsp; psychotropes, etc. Il est possible de consulter le Centre de R\u00e9f\u00e9rence des&nbsp; Agents T\u00e9ratog\u00e8nes&nbsp;: <a href=\"http:\/\/www.lecrat.org\">www.lecrat.org<\/a><\/p>\n\n\n\n<h2 class=\"wp-block-heading\"><strong>Le point sur les vaccinations<\/strong><\/h2>\n\n\n\n<p>Dans tous les cas, v\u00e9rifier le carnet de vaccination de la femme et envisager avec elle les rappels ou vaccinations indispensables, en particulier t\u00e9tanos-dipht\u00e9rie-poliomy\u00e9lite-coqueluche.<\/p>\n\n\n\n<p>&#8211;\u00a0Coqueluche : s\u2019assurer d\u2019une vaccination efficace du couple et proposer un \u00e9ventuel rattrapage, ou vacciner les adultes suseptibles de devenir parents dans les mois ou ann\u00e9es \u00e0 venir. La vaccination contre<strong>\u00a0la coqueluche<\/strong>\u00a0est recommand\u00e9e \u00e0 partir du deuxi\u00e8me trimestre de grossesse (en privil\u00e9giant la p\u00e9riode entre 20 et 36 semaines d&rsquo;am\u00e9norrh\u00e9e).<\/p>\n\n\n\n<p>-Rub\u00e9ole : vacciner les femmes dont la s\u00e9rologie est n\u00e9gative. En raison du risque t\u00e9ratog\u00e8ne, il est n\u00e9cessaire de s\u2019assurer de l\u2019absence d\u2019une grossesse d\u00e9butante et d\u2019\u00e9viter toute grossesse dans les 2 mois qui suivent la vaccination.&nbsp; Pour les femmes n\u00e9es apr\u00e8s 1980 on utilise plut\u00f4t le vaccin trivalent &#8211; rougeole, rub\u00e9ole, oreillons &#8211; au lieu d\u2019un vaccin rub\u00e9oleux seul.&nbsp;<\/p>\n\n\n\n<p>-Varicelle: vacciner les femmes en \u00e2ge de procr\u00e9er, notamment celles qui ont un projet de grossesse et pas d\u2019ant\u00e9c\u00e9dent clinique de varicelle (en cas de doute, un contr\u00f4le s\u00e9rologique pr\u00e9alable peut \u00eatre pratiqu\u00e9). La vaccination est possible si le test de grossesse est n\u00e9gatif, et, une contraception efficace de 3 mois est recommand\u00e9e apr\u00e8s chaque dose de vaccin.&nbsp;<\/p>\n\n\n\n<p>-La vaccination maternelle antigrippale\u00a0 est recommand\u00e9e en cas de pathologie maternelle respiratoire, cardiologique ou vasculaire, neurologique, n\u00e9phrologique, de d\u00e9ficit immunitaire ou de diab\u00e8te.<\/p>\n\n\n\n<p>-La vaccination des femmes enceintes contre le Covid 19 est recommand\u00e9e d\u00e8s le 1<sup>er<\/sup>\u00a0trimestre de grossesse.<\/p>\n\n\n\n<h2 class=\"wp-block-heading\"><strong>Hygi\u00e8ne et mode de vie<\/strong><\/h2>\n\n\n\n<p>-Alimentation et activit\u00e9 physique: proposer une alimentation vari\u00e9e et \u00e9quilibr\u00e9e associ\u00e9e \u00e0 une activit\u00e9 physique r\u00e9guli\u00e8re. Ces conseils ne sont pas un scoop mais rel\u00e8vent du bon sens et doivent \u00eatre rappel\u00e9s inlassablement. Notamment&nbsp;:<\/p>\n\n\n\n<p>-Des conseils visant \u00e0 pr\u00e9venir la list\u00e9riose et, le cas \u00e9ch\u00e9ant, la toxoplasmose doivent \u00eatre donn\u00e9s en cas de projet de grossesse \u00e0 court terme.<\/p>\n\n\n\n<p>-En cas de surpoids, augmenter le niveau d\u2019activit\u00e9 physique associ\u00e9 au suivi de conseils di\u00e9t\u00e9tiques.<\/p>\n\n\n\n<p>-En cas d\u2019ob\u00e9sit\u00e9, de grande maigreur, voire d\u2019anorexie, compl\u00e9ter le recueil d\u2019informations et l\u2019examen clinique et proposer une prise en charge adapt\u00e9e.<\/p>\n\n\n\n<p>-Autom\u00e9dication: souligner les risques de l\u2019autom\u00e9dication et expliquer \u00e0 la femme que la prise de m\u00e9dicaments sans prescription est d\u00e9conseill\u00e9e d\u00e8s qu\u2019un projet de grossesse existe. S\u2019informer des m\u00e9dicaments dangereux aupr\u00e8s de l\u2019Agence fran\u00e7aise de s\u00e9curit\u00e9 sanitaire des&nbsp; produits&nbsp; de&nbsp; sant\u00e9&nbsp; sur <a href=\"http:\/\/afssaps.fr\">http:\/\/afssaps.fr<\/a><\/p>\n\n\n\n<p>ou du centre de renseignements sur les agents t\u00e9ratog\u00e8nes <a href=\"http:\/\/www.lecrat.org\">http:\/\/www.lecrat.org<\/a><\/p>\n\n\n\n<p>-Alcool: en cas de consommation r\u00e9guli\u00e8re compl\u00e9ter le recueil d\u2019informations et proposer des modalit\u00e9s de sevrage si besoin. En cas de consommation arr\u00eater la prise d\u2019alcool d\u00e8s le d\u00e9but de la grossesse.&nbsp;<\/p>\n\n\n\n<p>-Tabac (consommation active ou\/et passive) : proposer une aide au sevrage tabagique si besoin. Souligner les effets du tabac sur le d\u00e9veloppement de l\u2019enfant durant la grossesse et expliquer \u00e0 la femme et au couple l\u2019int\u00e9r\u00eat de cesser de fumer avant la grossesse.&nbsp;<\/p>\n\n\n\n<p>-Cannabis et autres substances psycho-actives: identifier l\u2019ensemble des consommations (produits, doses, etc.), compl\u00e9ter le recueil d\u2019informations et l\u2019examen clinique et proposer une aide au sevrage si besoin.<\/p>\n\n\n\n<p>-Caf\u00e9ine&nbsp;: diminuer la consommation \u00e0 moins de 5-6 tasses par jour (caf\u00e9, sodas).&nbsp;<\/p>\n\n\n\n<p>-P\u00e9nibilit\u00e9 du travail, risques professionnels: conna\u00eetre le m\u00e9tier et le poste de travail de la femme, la distance entre le domicile et le travail. D\u00e9terminer l\u2019exposition \u00e9ventuelle \u00e0 des produits t\u00e9ratog\u00e8nes en prenant contact avec le m\u00e9decin de la sant\u00e9 au travail si besoin.&nbsp;<\/p>\n\n\n\n<p>-Recherche des situations de pr\u00e9carit\u00e9: identifier des difficult\u00e9s d\u2019acc\u00e8s aux soins, unisolement social, un emploi pr\u00e9caire, un risque d\u2019exposition au plomb, etc. Compl\u00e9ter le recueil d\u2019informations et proposer \u00e0 la femme ou au couple de les orienter vers des dispositifs visant \u00e0 am\u00e9liorer l\u2019acc\u00e8s aux soins et l\u2019accompagnement psychosocial.&nbsp;<\/p>\n\n\n\n<p>-Recherche des situations de maltraitance, de violence domestique ou d\u2019autres facteurs de vuln\u00e9rabilit\u00e9 pouvant \u00eatre source de difficult\u00e9s ult\u00e9rieures : mettre la femme en confiance afin qu\u2019elle puisse s\u2019exprimer en toute libert\u00e9 lors d\u2019un entretien singulier si possible.<\/p>\n\n\n\n<h2 class=\"wp-block-heading\"><strong>Prescription d\u2019acide folique<\/strong><\/h2>\n\n\n\n<p>La pr\u00e9vention des anomalies de fermeture du tube neural par un apport de folates est conseill\u00e9e \u00e0 partir du moment o\u00f9 la femme a un souhait de grossesse, prescrire des folates lors de la consultation pr\u00e9conceptionnelle et prolonger la prise jusqu\u2019\u00e0 la12\u00e8me semaine d\u2019am\u00e9norrh\u00e9e \u00e0 la dose de 400 microgrammes par jour (=0,4mg\/jour).<br><\/p>\n","protected":false},"excerpt":{"rendered":"<p>Le certificat p\u00e9nuptial et la consultation pr\u00e9nuptiale ont \u00e9t\u00e9 supprim\u00e9s en 2007. Il n\u2019en reste pas moins que ce que l\u2019on va appeler un bilan pr\u00e9conceptionnel reste utile et conseill\u00e9 lors d\u2019une demande d\u2019arr\u00eat d\u2019une contraception, en cas de projet de mariage ou en r\u00e9ponse aux demandes spontan\u00e9es d\u2019une femme ou d\u2019un couple qui a [&hellip;]<\/p>\n","protected":false},"author":1,"featured_media":0,"parent":1067,"menu_order":0,"comment_status":"closed","ping_status":"closed","template":"","meta":{"_exactmetrics_skip_tracking":false,"_exactmetrics_sitenote_active":false,"_exactmetrics_sitenote_note":"","_exactmetrics_sitenote_category":0,"footnotes":""},"class_list":["post-1069","page","type-page","status-publish","hentry","post"],"_links":{"self":[{"href":"https:\/\/gyneobs.com\/site\/wp-json\/wp\/v2\/pages\/1069","targetHints":{"allow":["GET"]}}],"collection":[{"href":"https:\/\/gyneobs.com\/site\/wp-json\/wp\/v2\/pages"}],"about":[{"href":"https:\/\/gyneobs.com\/site\/wp-json\/wp\/v2\/types\/page"}],"author":[{"embeddable":true,"href":"https:\/\/gyneobs.com\/site\/wp-json\/wp\/v2\/users\/1"}],"replies":[{"embeddable":true,"href":"https:\/\/gyneobs.com\/site\/wp-json\/wp\/v2\/comments?post=1069"}],"version-history":[{"count":2,"href":"https:\/\/gyneobs.com\/site\/wp-json\/wp\/v2\/pages\/1069\/revisions"}],"predecessor-version":[{"id":2821,"href":"https:\/\/gyneobs.com\/site\/wp-json\/wp\/v2\/pages\/1069\/revisions\/2821"}],"up":[{"embeddable":true,"href":"https:\/\/gyneobs.com\/site\/wp-json\/wp\/v2\/pages\/1067"}],"wp:attachment":[{"href":"https:\/\/gyneobs.com\/site\/wp-json\/wp\/v2\/media?parent=1069"}],"curies":[{"name":"wp","href":"https:\/\/api.w.org\/{rel}","templated":true}]}}