{"id":1013,"date":"2019-07-03T21:23:53","date_gmt":"2019-07-03T19:23:53","guid":{"rendered":"http:\/\/gyneobs.com\/site\/?page_id=1013"},"modified":"2019-07-03T21:23:53","modified_gmt":"2019-07-03T19:23:53","slug":"les-dons-de-sperme","status":"publish","type":"page","link":"https:\/\/gyneobs.com\/site\/infertilite-et-procreation-medicalement-assistee\/les-dons\/les-dons-de-sperme\/","title":{"rendered":"Les dons de sperme"},"content":{"rendered":"\n<p class=\"has-drop-cap\">Cette pratique existe depuis&nbsp; plusieurs d\u00e9cennies.<br>\nLe don est gratuit ou non selon les pays, anonyme et bas\u00e9 sur le volontariat.<br>\nLa conservation du sperme se fait sous forme de paillettes congel\u00e9es et conserv\u00e9es dans l&rsquo;azote liquide \u00e0 &#8211; 196\u00b0c.<br>\nLes&nbsp; limites du don&nbsp; du sperme ont \u00e9t\u00e9 r\u00e9cemment repouss\u00e9es gr\u00e2ce \u00e0 l&rsquo;ICSI, technique qui permet l&rsquo;injection d&rsquo;un seul spermatozo\u00efde par ovocyte pour tenter d&rsquo;obtenir une grossesse. Le don du sperme peut&nbsp; \u00eatre propos\u00e9 en cas d&rsquo;azoospermie compl\u00e8te et irr\u00e9versible. Mais dans ce cas,&nbsp; l&rsquo;alternative&nbsp; de&nbsp; l&rsquo;adoption&nbsp; est&nbsp; toujours&nbsp; \u00e0&nbsp; consid\u00e9rer.<br>\n<br>\nLe don du sperme peut se d\u00e9cliner de trois mani\u00e8res diff\u00e9rentes:<br>\n-L&rsquo;ins\u00e9mination, en g\u00e9n\u00e9ral intra-ut\u00e9rine avec sperme de donneur;<\/p>\n\n\n\n<p>-la F\u00e9condation in Vitro classique avec sperme de donneur;<\/p>\n\n\n\n<p>-l\u2019ICSI avec donneur qui&nbsp; associe la technique&nbsp; de la&nbsp; micro-injection&nbsp; et&nbsp; le don du sperme.<\/p>\n\n\n\n<p><br>\nLes taux de succ\u00e8s sont \u00e0 peu pr\u00e8s les m\u00eames que ceux obtenus avec des spermes identiques non congel\u00e9s ; ils d\u00e9pendent donc beaucoup de la fertilit\u00e9 de la femme.<\/p>\n\n\n\n<p>Le don de sperme en vue d&rsquo;une assistance m\u00e9dicale \u00e0 la procr\u00e9ation est r\u00e9gi par la loi de bio\u00e9thique de 1994. L&rsquo;ins\u00e9mination artisanale en France ne fait l&rsquo;objet d&rsquo;aucune l\u00e9gislation.&nbsp;<\/p>\n\n\n\n<p>La gestion des dons de gam\u00e8tes (ovocytes et spermatozo\u00efdes) est r\u00e9gi en France par la F\u00e9d\u00e9ration Nationale des CECOS (Centre d&rsquo;\u00c9tude et de Conservation des \u0152ufs et du Sperme humains). Cette conf\u00e9d\u00e9ration regroupe tous les centres publics autoris\u00e9s \u00e0 recueillir et \u00e0 distribuer les paillettes de sperme.<\/p>\n\n\n\n<p>Les r\u00e8glementations du don de sperme en France sont nombreuses.<\/p>\n\n\n\n<p>&#8211; Ainsi, le don de spermatozo\u00efdes est volontaire, anonyme et gratuit.<\/p>\n\n\n\n<p>&#8211; Le don s&rsquo;adresse \u00e0 un couple h\u00e9t\u00e9rosexuel en \u00e2ge de procr\u00e9er et ne pouvant avoir d&rsquo;enfant pour causes m\u00e9dicales. Les femmes seules ou les couples homosexuels ne peuvent donc \u00eatre receveurs. Le don aussi bien que la demande sont gard\u00e9s secrets. Un don ne peut \u00eatre utilis\u00e9 pour la naissance de plus de 10 enfants.<\/p>\n\n\n\n<p>&#8211; Le donneur doit \u00eatre \u00e2g\u00e9 de moins de 45 ans et doit d\u00e9j\u00e0 \u00eatre p\u00e8re (restriction lev\u00e9e en juillet 2011, selon la nouvelle l\u00e9gislation, en attente du d\u00e9cret d&rsquo;application). Il ne doit pas \u00eatre porteur de maladies g\u00e9n\u00e9tiques ou de maladies infectieuses transmissibles par le sperme. Des tests sont effectu\u00e9s et le sperme doit \u00eatre conserv\u00e9 6 mois avant d&rsquo;\u00eatre donn\u00e9 afin de v\u00e9rifier que les s\u00e9rologies du donneurs sont bien n\u00e9gatives.<\/p>\n\n\n\n<p>Le choix du sperme s&rsquo;effectue en tenant compte des caract\u00e9ristiques physiques comme la couleur de la peau ou des cheveux et des groupes sanguins du couple receveur. Ceci afin d&rsquo;\u00e9viter un trop grand contraste d&rsquo;apparence physique entre l&rsquo;enfant et ses parents et ainsi rendre possible le maintien du secret sur le mode de conception.<\/p>\n\n\n\n<p>On peut lire dans la loi relative \u00e0 la bio\u00e9thique, l\u2019article 18 bis&nbsp;: &nbsp;\u00ab&nbsp;La conservation des informations relatives aux donneurs respecte le principe d\u2019anonymat \u00e9nonc\u00e9 \u00e0 l\u2019article L.&nbsp;1211-5. Les conditions de conservation et de traitement des informations relatives aux donneurs sont d\u00e9termin\u00e9es par d\u00e9cret en Conseil d\u2019\u00c9tat, apr\u00e8s avis de la Commission nationale de l\u2019informatique et des libert\u00e9s.&nbsp;\u00bb<\/p>\n\n\n\n<p>Contrairement \u00e0 d\u2019autres pays europ\u00e9ens (Su\u00e8de, Suisse, Autriche, Islande, Norv\u00e8ge, Pays-Bas, Royaume-Uni, Finlande et Belgique) o\u00f9 l\u2019anonymat peut \u00eatre lev\u00e9 dans des conditions plus ou moins restrictives, le don de gam\u00e8tes en France est anonyme depuis la cr\u00e9ation des Centres d&rsquo;\u00c9tude et de Conservation des Oeufs et du Sperme humains (CECOS) en 1973. Il a \u00e9t\u00e9 uniquement confirm\u00e9 dans un cadre juridique en 1994.<\/p>\n\n\n\n<p>\u00ab&nbsp;Les dossiers contenant les informations sur les donneurs sont dans des placards ferm\u00e9s \u00e0 cl\u00e9. Nous avons l\u2019obligation de les garder pendant 40 ans \u00bb, explique le docteur Kunstmann, responsable du CECOS de l\u2019h\u00f4pital Cochin. Dans ces dossiers figurent l\u2019identit\u00e9 du donneur, mais aussi des informations dites \u00ab&nbsp;non indentifiantes&nbsp;\u00bb comme ses caract\u00e9ristiques physiques et sa cat\u00e9gorie socio-professionnelle.<\/p>\n","protected":false},"excerpt":{"rendered":"<p>Cette pratique existe depuis&nbsp; plusieurs d\u00e9cennies. Le don est gratuit ou non selon les pays, anonyme et bas\u00e9 sur le volontariat. La conservation du sperme se fait sous forme de paillettes congel\u00e9es et conserv\u00e9es dans l&rsquo;azote liquide \u00e0 &#8211; 196\u00b0c. Les&nbsp; limites du don&nbsp; du sperme ont \u00e9t\u00e9 r\u00e9cemment repouss\u00e9es gr\u00e2ce \u00e0 l&rsquo;ICSI, technique qui [&hellip;]<\/p>\n","protected":false},"author":1,"featured_media":0,"parent":1387,"menu_order":0,"comment_status":"closed","ping_status":"closed","template":"","meta":{"_exactmetrics_skip_tracking":false,"_exactmetrics_sitenote_active":false,"_exactmetrics_sitenote_note":"","_exactmetrics_sitenote_category":0,"footnotes":""},"class_list":["post-1013","page","type-page","status-publish","hentry","post"],"_links":{"self":[{"href":"https:\/\/gyneobs.com\/site\/wp-json\/wp\/v2\/pages\/1013","targetHints":{"allow":["GET"]}}],"collection":[{"href":"https:\/\/gyneobs.com\/site\/wp-json\/wp\/v2\/pages"}],"about":[{"href":"https:\/\/gyneobs.com\/site\/wp-json\/wp\/v2\/types\/page"}],"author":[{"embeddable":true,"href":"https:\/\/gyneobs.com\/site\/wp-json\/wp\/v2\/users\/1"}],"replies":[{"embeddable":true,"href":"https:\/\/gyneobs.com\/site\/wp-json\/wp\/v2\/comments?post=1013"}],"version-history":[{"count":1,"href":"https:\/\/gyneobs.com\/site\/wp-json\/wp\/v2\/pages\/1013\/revisions"}],"predecessor-version":[{"id":1014,"href":"https:\/\/gyneobs.com\/site\/wp-json\/wp\/v2\/pages\/1013\/revisions\/1014"}],"up":[{"embeddable":true,"href":"https:\/\/gyneobs.com\/site\/wp-json\/wp\/v2\/pages\/1387"}],"wp:attachment":[{"href":"https:\/\/gyneobs.com\/site\/wp-json\/wp\/v2\/media?parent=1013"}],"curies":[{"name":"wp","href":"https:\/\/api.w.org\/{rel}","templated":true}]}}