{"id":87,"date":"2019-06-30T15:14:18","date_gmt":"2019-06-30T13:14:18","guid":{"rendered":"http:\/\/gyneobs.com\/site\/?page_id=87"},"modified":"2019-07-06T16:42:35","modified_gmt":"2019-07-06T14:42:35","slug":"domaine-dactivite","status":"publish","type":"page","link":"http:\/\/gyneobs.com\/site\/dr-j-peter\/domaine-dactivite\/","title":{"rendered":"Domaines d&rsquo;activit\u00e9"},"content":{"rendered":"\n<h4 class=\"wp-block-heading\"><strong>Docteur Jacques Peter<\/strong><\/h4>\n\n\n\n<p>-Gyn\u00e9cologue-Obst\u00e9tricien, qualifi\u00e9 en chirurgie gyn\u00e9cologique et en chirurgie g\u00e9n\u00e9rale<\/p>\n\n\n\n<p>-De nationalit\u00e9 fran\u00e7aise. N\u00e9 en 1950 \u00e0 Limoges (France). Inscrit au conseil de l\u2019ordre des m\u00e9decins (Identifiant RPPS: 10001693448)<\/p>\n\n\n\n<p>-Langues parl\u00e9es: fran\u00e7ais, anglais, espagnol, russe.<\/p>\n\n\n\n<h3 class=\"wp-block-heading\">En gyn\u00e9cologie m\u00e9dicale&nbsp;<\/h3>\n\n\n\n<p>&nbsp;&nbsp;&nbsp; -Consultations gyn\u00e9cologiques courantes<\/p>\n\n\n\n<p>&nbsp;&nbsp;&nbsp; -D\u00e9pistage des cancers gyn\u00e9cologiques<\/p>\n\n\n\n<p>&nbsp;&nbsp;&nbsp; -Endocrinologie gyn\u00e9cologique<\/p>\n\n\n\n<p>&nbsp;&nbsp;&nbsp; -Exploration et traitement de la st\u00e9rilit\u00e9 (ins\u00e9minations, f\u00e9condation in vitro)<\/p>\n\n\n\n<p>&nbsp;&nbsp;&nbsp; -Echographies gyn\u00e9cologiques et mammaires avec \u00e9lastographie<\/p>\n\n\n\n<p>&nbsp;&nbsp;&nbsp; -Hyst\u00e9roscopie diagnostique de consultation<\/p>\n\n\n\n<h3 class=\"wp-block-heading\">En chirurgie gyn\u00e9cologique<\/h3>\n\n\n\n<p>&nbsp;&nbsp;&nbsp; -Chirurgie du sein: tumeurs b\u00e9nignes, chirurgie du cancer,&nbsp;chirurgie oncoplastique et reconstruction mammaire&nbsp;(proth\u00e8ses, sym\u00e9trisations, reconstructions par lambeaux musculo-cutan\u00e9s, lipofilling)<\/p>\n\n\n\n<p>&nbsp;&nbsp;&nbsp; -Chirurgie gyn\u00e9cologique courante<\/p>\n\n\n\n<p>&nbsp;&nbsp;&nbsp; -Chirurgie coelioscopique et hyst\u00e9roscopique. Premi\u00e8re intervention coeliochirurgicale effectu\u00e9e en 2004.<\/p>\n\n\n\n<p>&nbsp;&nbsp;&nbsp; -Chirurgie par voie vaginale (sans cicatrice): hyst\u00e9rectomies&nbsp;pour fibromes, cures de prolapsus et d\u2019incontinence.<\/p>\n\n\n\n<p>&nbsp;&nbsp;&nbsp; -Importante exp\u00e9rience en chirurgie plastique: mammoplasties, proth\u00e8ses mammaires, abdominoplasties, liposuccions, lipofilling.<\/p>\n\n\n\n<h3 class=\"wp-block-heading\">Suivi de grossesse et accouchements<\/h3>\n\n\n\n<h4 class=\"wp-block-heading\"><br>&nbsp;&nbsp;&nbsp; -Consultations pr\u00e9natales&nbsp;&nbsp;<\/h4>\n\n\n\n<figure class=\"wp-block-image\"><img decoding=\"async\" src=\"https:\/\/www.gyneobs.com\/gyneobs\/Domaine_dactivite_files\/Capture%20decran%202016-05-05%20a%2015.26.02.jpg\" alt=\"\"\/><\/figure>\n\n\n\n<p>&nbsp;&nbsp;&nbsp; -Agr\u00e9\u00e9 pour le d\u00e9pistage des anomalies chromosomiques (premier trimestre), amniocent\u00e8ses, biopsies de trophoblaste. Num\u00e9ro d\u2019agr\u00e9ment: 3106205382801<\/p>\n\n\n\n<h4 class=\"wp-block-heading\">&nbsp;&nbsp;&nbsp; -Echographies de grossesse (morphologiques et 3D-4D)<\/h4>\n\n\n\n<h4 class=\"wp-block-heading\">&nbsp;&nbsp;&nbsp; -Accouchements normaux et pathologiques; c\u00e9sariennes.<\/h4>\n","protected":false},"excerpt":{"rendered":"<p>Docteur Jacques Peter -Gyn\u00e9cologue-Obst\u00e9tricien, qualifi\u00e9 en chirurgie gyn\u00e9cologique et en chirurgie g\u00e9n\u00e9rale -De nationalit\u00e9 fran\u00e7aise. N\u00e9 en 1950 \u00e0 Limoges (France). Inscrit au conseil de l\u2019ordre des m\u00e9decins (Identifiant RPPS: 10001693448) -Langues parl\u00e9es: fran\u00e7ais, anglais, espagnol, russe. En gyn\u00e9cologie m\u00e9dicale&nbsp; &nbsp;&nbsp;&nbsp; -Consultations gyn\u00e9cologiques courantes &nbsp;&nbsp;&nbsp; -D\u00e9pistage des cancers gyn\u00e9cologiques &nbsp;&nbsp;&nbsp; -Endocrinologie gyn\u00e9cologique &nbsp;&nbsp;&nbsp; -Exploration et [&hellip;]<\/p>\n","protected":false},"author":1,"featured_media":0,"parent":80,"menu_order":1,"comment_status":"closed","ping_status":"closed","template":"","meta":{"_exactmetrics_skip_tracking":false,"_exactmetrics_sitenote_active":false,"_exactmetrics_sitenote_note":"","_exactmetrics_sitenote_category":0,"footnotes":""},"class_list":["post-87","page","type-page","status-publish","hentry","post"],"_links":{"self":[{"href":"http:\/\/gyneobs.com\/site\/wp-json\/wp\/v2\/pages\/87","targetHints":{"allow":["GET"]}}],"collection":[{"href":"http:\/\/gyneobs.com\/site\/wp-json\/wp\/v2\/pages"}],"about":[{"href":"http:\/\/gyneobs.com\/site\/wp-json\/wp\/v2\/types\/page"}],"author":[{"embeddable":true,"href":"http:\/\/gyneobs.com\/site\/wp-json\/wp\/v2\/users\/1"}],"replies":[{"embeddable":true,"href":"http:\/\/gyneobs.com\/site\/wp-json\/wp\/v2\/comments?post=87"}],"version-history":[{"count":6,"href":"http:\/\/gyneobs.com\/site\/wp-json\/wp\/v2\/pages\/87\/revisions"}],"predecessor-version":[{"id":1736,"href":"http:\/\/gyneobs.com\/site\/wp-json\/wp\/v2\/pages\/87\/revisions\/1736"}],"up":[{"embeddable":true,"href":"http:\/\/gyneobs.com\/site\/wp-json\/wp\/v2\/pages\/80"}],"wp:attachment":[{"href":"http:\/\/gyneobs.com\/site\/wp-json\/wp\/v2\/media?parent=87"}],"curies":[{"name":"wp","href":"https:\/\/api.w.org\/{rel}","templated":true}]}}