{"id":723,"date":"2019-07-02T17:30:27","date_gmt":"2019-07-02T15:30:27","guid":{"rendered":"http:\/\/gyneobs.com\/site\/?page_id=723"},"modified":"2019-07-02T17:30:27","modified_gmt":"2019-07-02T15:30:27","slug":"gigantomastie","status":"publish","type":"page","link":"http:\/\/gyneobs.com\/site\/chirurgie-esthetique\/gigantomastie\/","title":{"rendered":"Gigantomastie"},"content":{"rendered":"\n<p>La gigantomastie est la cons\u00e9quence d\u2019une croissance excessive des glandes mammaires. Elle peut rarement survenir au cours de la grossesse (un cas sur 100000) mais est le plus souvent de type juv\u00e9nile. On parle alors d\u2019hypertrophie virginale, anomalie majeure du volume des seins de l\u2019adolescente. Elle est inesth\u00e9tique. Mais bien souvent, ce sont la douleur, les troubles de la statique rachidienne et de la ceinture scapulaire, ainsi que le retentissement psychologique qui am\u00e8nent l\u2019adolescente \u00e0 formuler une demande de chirurgie r\u00e9paratrice et esth\u00e9tique.<\/p>\n\n\n\n<p>On peut parfois utiliser une technique \u00e0 p\u00e9dicule sup\u00e9rieur ou inf\u00e9rieur ou dans certains cas la technique de Thorek qui consiste \u00e0 amputer la mamelon et le greffer plus haut. Dans ce dernier cas l\u2019allaitement ne sera pas possible.<\/p>\n\n\n\n<p>Ci-dessous un cas de gigantomastie juv\u00e9nile:<\/p>\n\n\n\n<figure class=\"wp-block-image is-resized\"><img loading=\"lazy\" decoding=\"async\" src=\"http:\/\/gyneobs.com\/site\/wp-content\/uploads\/2019\/07\/image-71.png\" alt=\"\" class=\"wp-image-724\" width=\"522\" height=\"420\" srcset=\"http:\/\/gyneobs.com\/site\/wp-content\/uploads\/2019\/07\/image-71.png 328w, http:\/\/gyneobs.com\/site\/wp-content\/uploads\/2019\/07\/image-71-300x241.png 300w\" sizes=\"auto, (max-width: 522px) 100vw, 522px\" \/><figcaption>Cas de gigantomastie juv\u00e9nile avec asym\u00e9trie<\/figcaption><\/figure>\n\n\n\n<figure class=\"wp-block-image is-resized\"><img loading=\"lazy\" decoding=\"async\" src=\"http:\/\/gyneobs.com\/site\/wp-content\/uploads\/2019\/07\/image-72.png\" alt=\"\" class=\"wp-image-725\" width=\"528\" height=\"355\" srcset=\"http:\/\/gyneobs.com\/site\/wp-content\/uploads\/2019\/07\/image-72.png 330w, http:\/\/gyneobs.com\/site\/wp-content\/uploads\/2019\/07\/image-72-300x202.png 300w, http:\/\/gyneobs.com\/site\/wp-content\/uploads\/2019\/07\/image-72-272x182.png 272w\" sizes=\"auto, (max-width: 528px) 100vw, 528px\" \/><figcaption>R\u00e9sultat post-op\u00e9ratoire \u00e0 1 semaine<\/figcaption><\/figure>\n\n\n\n<figure class=\"wp-block-image is-resized\"><img loading=\"lazy\" decoding=\"async\" src=\"http:\/\/gyneobs.com\/site\/wp-content\/uploads\/2019\/07\/image-73.png\" alt=\"\" class=\"wp-image-726\" width=\"513\" height=\"356\" srcset=\"http:\/\/gyneobs.com\/site\/wp-content\/uploads\/2019\/07\/image-73.png 327w, http:\/\/gyneobs.com\/site\/wp-content\/uploads\/2019\/07\/image-73-300x208.png 300w\" sizes=\"auto, (max-width: 513px) 100vw, 513px\" \/><figcaption>R\u00e9sultat deux ans apr\u00e8s. On note une l\u00e9g\u00e8re reprise de la croissance mammaire du fait du jeune \u00e2ge mais qui reste tol\u00e9rable.<\/figcaption><\/figure>\n\n\n\n<p><\/p>\n","protected":false},"excerpt":{"rendered":"<p>La gigantomastie est la cons\u00e9quence d\u2019une croissance excessive des glandes mammaires. Elle peut rarement survenir au cours de la grossesse (un cas sur 100000) mais est le plus souvent de type juv\u00e9nile. On parle alors d\u2019hypertrophie virginale, anomalie majeure du volume des seins de l\u2019adolescente. Elle est inesth\u00e9tique. Mais bien souvent, ce sont la douleur, [&hellip;]<\/p>\n","protected":false},"author":1,"featured_media":0,"parent":696,"menu_order":2,"comment_status":"closed","ping_status":"closed","template":"","meta":{"_exactmetrics_skip_tracking":false,"_exactmetrics_sitenote_active":false,"_exactmetrics_sitenote_note":"","_exactmetrics_sitenote_category":0,"footnotes":""},"class_list":["post-723","page","type-page","status-publish","hentry","post"],"_links":{"self":[{"href":"http:\/\/gyneobs.com\/site\/wp-json\/wp\/v2\/pages\/723","targetHints":{"allow":["GET"]}}],"collection":[{"href":"http:\/\/gyneobs.com\/site\/wp-json\/wp\/v2\/pages"}],"about":[{"href":"http:\/\/gyneobs.com\/site\/wp-json\/wp\/v2\/types\/page"}],"author":[{"embeddable":true,"href":"http:\/\/gyneobs.com\/site\/wp-json\/wp\/v2\/users\/1"}],"replies":[{"embeddable":true,"href":"http:\/\/gyneobs.com\/site\/wp-json\/wp\/v2\/comments?post=723"}],"version-history":[{"count":1,"href":"http:\/\/gyneobs.com\/site\/wp-json\/wp\/v2\/pages\/723\/revisions"}],"predecessor-version":[{"id":727,"href":"http:\/\/gyneobs.com\/site\/wp-json\/wp\/v2\/pages\/723\/revisions\/727"}],"up":[{"embeddable":true,"href":"http:\/\/gyneobs.com\/site\/wp-json\/wp\/v2\/pages\/696"}],"wp:attachment":[{"href":"http:\/\/gyneobs.com\/site\/wp-json\/wp\/v2\/media?parent=723"}],"curies":[{"name":"wp","href":"https:\/\/api.w.org\/{rel}","templated":true}]}}