{"id":716,"date":"2019-07-02T17:21:57","date_gmt":"2019-07-02T15:21:57","guid":{"rendered":"http:\/\/gyneobs.com\/site\/?page_id=716"},"modified":"2019-07-02T17:21:57","modified_gmt":"2019-07-02T15:21:57","slug":"hypertrophie-mammaire","status":"publish","type":"page","link":"http:\/\/gyneobs.com\/site\/chirurgie-esthetique\/hypertrophie-mammaire\/","title":{"rendered":"Hypertrophie mammaire"},"content":{"rendered":"\n<p class=\"has-drop-cap\">L\u2019hypertrophie mammaire est une anomalie fr\u00e9quente qui peut appara\u00eetre d\u00e8s la p\u00e9riode pubertaire ou \u00eatre secondaire \u00e0 la grossesse ou appara\u00eetre avec l\u2019age ou lors de prise de poids. L&rsquo;hypertrophie mammaire est fr\u00e9quemment associ\u00e9e \u00e0 un affaissement de la poitrine appel\u00e9 ptose mammaire.&nbsp;<\/p>\n\n\n\n<p>Le traitement est chirurgical: plastie mammaire de r\u00e9duction.<\/p>\n\n\n\n<h2 class=\"wp-block-heading\"><strong>Indications de la plastie de r\u00e9duction<\/strong><\/h2>\n\n\n\n<p>La r\u00e9duction mammaire est indiqu\u00e9e en cas de volume excessif des seins pouvant \u00eatre responsable de mac\u00e9rations sous le sein, de dorsalgies de douleurs aux \u00e9paules et \u00e0 la nuque, voire d&rsquo;une d\u00e9formation de la colonne vert\u00e9brale due au poids des seins. Elle peut \u00e9galement \u00eatre envisag\u00e9e en cas de g\u00eane psychologique importante, avec des difficult\u00e9s pour se v\u00eatir et\/ou d&rsquo;asym\u00e9trie mammaire associ\u00e9e. En France, un remboursement par l\u2019assurance maladie est admis lorsque ll\u2019on retire plus de 300 grammes par sein. Cela correspond, en g\u00e9n\u00e9ral, \u00e0 la diminution d&rsquo;un ou de 2 bonnets.<\/p>\n\n\n\n<h2 class=\"wp-block-heading\"><strong>Moment requis pour cette intervention<\/strong><\/h2>\n\n\n\n<p>L&rsquo;\u00e2ge minimum pour cette intervention est de 17 \u00e0 18 ans environ, \u00e2ge o\u00f9 le d\u00e9veloppement mammaire est achev\u00e9. Il n&rsquo;y a pas de limite d&rsquo;\u00e2ge pour une intervention si la patiente ne pr\u00e9sente pas de contre-indications.<\/p>\n\n\n\n<h2 class=\"wp-block-heading\"><strong>R\u00e9duction mammaire et grossesse<\/strong><\/h2>\n\n\n\n<p>Il est pr\u00e9f\u00e9rable d&rsquo;effectuer la plastie de r\u00e9duction mammaire une fois toutes les grossesses achev\u00e9es, afin de ne pas entraver le r\u00e9sultat esth\u00e9tique. N\u00e9anmoins, une grossesse est toutefois possible apr\u00e8s une intervention. Il faut savoir que la possibilit\u00e9 d\u2019allaitement va d\u00e9pendre de la technique utilis\u00e9e et de la section \u00e9ventuelle des canaux galactophores.<\/p>\n\n\n\n<h2 class=\"wp-block-heading\"><strong>Technique chirurgicale<\/strong><\/h2>\n\n\n\n<p>Cette op\u00e9ration sectionne des pans entiers de glande mammaire et donc un certain nombre de vaissaux sanguins. La technique utilis\u00e9e doit conserver un minimum de vascularisation du sein restant afin d\u2019\u00e9viter une \u00e9ventuelle n\u00e9crose cutan\u00e9e et en particulier du mamelon. Il existe sch\u00e9matiquement des techniques dites \u00e0 p\u00e9dicule sup\u00e9rieur et des techniques \u00e0 p\u00e9dicule inf\u00e9rieur.\u00a0 Il s\u2019agit d\u2019une intervention\u00a0 dont la dur\u00e9e est d\u2019environ trois heures.<\/p>\n\n\n\n<p>Exemples de r\u00e9sultats:<\/p>\n\n\n\n<figure class=\"wp-block-image\"><img loading=\"lazy\" decoding=\"async\" width=\"621\" height=\"1024\" src=\"http:\/\/gyneobs.com\/site\/wp-content\/uploads\/2019\/07\/Capture-d\u2019\u00e9cran-2019-07-02-\u00e0-17.20.56-621x1024.png\" alt=\"\" class=\"wp-image-717\" srcset=\"http:\/\/gyneobs.com\/site\/wp-content\/uploads\/2019\/07\/Capture-d\u2019\u00e9cran-2019-07-02-\u00e0-17.20.56-621x1024.png 621w, http:\/\/gyneobs.com\/site\/wp-content\/uploads\/2019\/07\/Capture-d\u2019\u00e9cran-2019-07-02-\u00e0-17.20.56-182x300.png 182w, http:\/\/gyneobs.com\/site\/wp-content\/uploads\/2019\/07\/Capture-d\u2019\u00e9cran-2019-07-02-\u00e0-17.20.56.png 665w\" sizes=\"auto, (max-width: 621px) 100vw, 621px\" \/><\/figure>\n","protected":false},"excerpt":{"rendered":"<p>L\u2019hypertrophie mammaire est une anomalie fr\u00e9quente qui peut appara\u00eetre d\u00e8s la p\u00e9riode pubertaire ou \u00eatre secondaire \u00e0 la grossesse ou appara\u00eetre avec l\u2019age ou lors de prise de poids. L&rsquo;hypertrophie mammaire est fr\u00e9quemment associ\u00e9e \u00e0 un affaissement de la poitrine appel\u00e9 ptose mammaire.&nbsp; Le traitement est chirurgical: plastie mammaire de r\u00e9duction. Indications de la plastie [&hellip;]<\/p>\n","protected":false},"author":1,"featured_media":0,"parent":696,"menu_order":1,"comment_status":"closed","ping_status":"closed","template":"","meta":{"_exactmetrics_skip_tracking":false,"_exactmetrics_sitenote_active":false,"_exactmetrics_sitenote_note":"","_exactmetrics_sitenote_category":0,"footnotes":""},"class_list":["post-716","page","type-page","status-publish","hentry","post"],"_links":{"self":[{"href":"http:\/\/gyneobs.com\/site\/wp-json\/wp\/v2\/pages\/716","targetHints":{"allow":["GET"]}}],"collection":[{"href":"http:\/\/gyneobs.com\/site\/wp-json\/wp\/v2\/pages"}],"about":[{"href":"http:\/\/gyneobs.com\/site\/wp-json\/wp\/v2\/types\/page"}],"author":[{"embeddable":true,"href":"http:\/\/gyneobs.com\/site\/wp-json\/wp\/v2\/users\/1"}],"replies":[{"embeddable":true,"href":"http:\/\/gyneobs.com\/site\/wp-json\/wp\/v2\/comments?post=716"}],"version-history":[{"count":1,"href":"http:\/\/gyneobs.com\/site\/wp-json\/wp\/v2\/pages\/716\/revisions"}],"predecessor-version":[{"id":718,"href":"http:\/\/gyneobs.com\/site\/wp-json\/wp\/v2\/pages\/716\/revisions\/718"}],"up":[{"embeddable":true,"href":"http:\/\/gyneobs.com\/site\/wp-json\/wp\/v2\/pages\/696"}],"wp:attachment":[{"href":"http:\/\/gyneobs.com\/site\/wp-json\/wp\/v2\/media?parent=716"}],"curies":[{"name":"wp","href":"https:\/\/api.w.org\/{rel}","templated":true}]}}