{"id":696,"date":"2019-07-02T16:57:33","date_gmt":"2019-07-02T14:57:33","guid":{"rendered":"http:\/\/gyneobs.com\/site\/?page_id=696"},"modified":"2019-07-04T11:12:36","modified_gmt":"2019-07-04T09:12:36","slug":"chirurgie-esthetique","status":"publish","type":"page","link":"http:\/\/gyneobs.com\/site\/chirurgie-esthetique\/","title":{"rendered":"CHIRURGIE ESTH\u00c9TIQUE"},"content":{"rendered":"\n<figure class=\"wp-block-image\"><img loading=\"lazy\" decoding=\"async\" width=\"251\" height=\"420\" src=\"http:\/\/gyneobs.com\/site\/wp-content\/uploads\/2019\/07\/image-76.png\" alt=\"\" class=\"wp-image-744\" srcset=\"http:\/\/gyneobs.com\/site\/wp-content\/uploads\/2019\/07\/image-76.png 251w, http:\/\/gyneobs.com\/site\/wp-content\/uploads\/2019\/07\/image-76-179x300.png 179w\" sizes=\"auto, (max-width: 251px) 100vw, 251px\" \/><\/figure>\n\n\n<p><div id=\"ccchildpages-1\" class=\"ccchildpages  simple ccclearfix\"><ul class=\"ccchildpages_list ccclearfix\"><li class=\"page_item page-item-700\"><a href=\"http:\/\/gyneobs.com\/site\/chirurgie-esthetique\/plasties-daugmentation-mammaire-protheses-et-lipofilling\/\">Plasties d\u2019augmentation mammaire: Proth\u00e8ses et Lipofilling<\/a><\/li>\n<li class=\"page_item page-item-716\"><a href=\"http:\/\/gyneobs.com\/site\/chirurgie-esthetique\/hypertrophie-mammaire\/\">Hypertrophie mammaire<\/a><\/li>\n<li class=\"page_item page-item-723\"><a href=\"http:\/\/gyneobs.com\/site\/chirurgie-esthetique\/gigantomastie\/\">Gigantomastie<\/a><\/li>\n<li class=\"page_item page-item-730\"><a href=\"http:\/\/gyneobs.com\/site\/chirurgie-esthetique\/les-poses-mammaires\/\">Les ptoses mammaires<\/a><\/li>\n<li class=\"page_item page-item-739\"><a href=\"http:\/\/gyneobs.com\/site\/chirurgie-esthetique\/les-seins-tubereux\/\">Les seins tub\u00e9reux<\/a><\/li>\n<li class=\"page_item page-item-752\"><a href=\"http:\/\/gyneobs.com\/site\/chirurgie-esthetique\/liposuccions-liposculpture-generalites\/\">Liposuccions-Liposculpture     G\u00e9n\u00e9ralit\u00e9s<\/a><\/li>\n<li class=\"page_item page-item-763\"><a href=\"http:\/\/gyneobs.com\/site\/chirurgie-esthetique\/liposuccion-resultats\/\">Liposuccion: R\u00e9sultats<\/a><\/li><\/ul><\/div><br \/>\n<div id=\"ccchildpages-2\" class=\"ccchildpages threecol simple ccclearfix\"><div class=\"ccchildpage  ccfirst ccodd ccpage-count-1 ccpage-id-700 ccpage-plasties-daugmentation-mammaire-protheses-et-lipofilling ccpage-has-parent ccpage-pid-696 ccpage-parent-chirurgie-esthetique\"><h3>Plasties d\u2019augmentation mammaire: Proth\u00e8ses et Lipofilling<\/h3><div class=\"ccpages_excerpt\">L\u2019augmentation du volume mammaire peut r\u00e9pondre \u00e0 une demande de type purement esth\u00e9tique mais aussiavoir pour but de traiter des probl\u00e8mes d\u2019atrophie mammaire. Cette augmentation peut \u00eatre obtenue soit par la pose de proth\u00e8ses, soit par la technique du lipofilling (soit par les deux). Les proth\u00e8ses mammaires &nbsp; &nbsp; A-Les diff\u00e9rents types de proth\u00e8ses &nbsp;...<\/div><p class=\"ccpages_more\"><a href=\"http:\/\/gyneobs.com\/site\/chirurgie-esthetique\/plasties-daugmentation-mammaire-protheses-et-lipofilling\/\"  title=\"Plus ...\">Plus ...<\/a><\/p><\/div><div class=\"ccchildpage  cceven ccpage-count-2 ccpage-id-716 ccpage-hypertrophie-mammaire ccpage-has-parent ccpage-pid-696 ccpage-parent-chirurgie-esthetique\"><h3>Hypertrophie mammaire<\/h3><div class=\"ccpages_excerpt\">L\u2019hypertrophie mammaire est une anomalie fr\u00e9quente qui peut appara\u00eetre d\u00e8s la p\u00e9riode pubertaire ou \u00eatre secondaire \u00e0 la grossesse ou appara\u00eetre avec l\u2019age ou lors de prise de poids. L'hypertrophie mammaire est fr\u00e9quemment associ\u00e9e \u00e0 un affaissement de la poitrine appel\u00e9 ptose mammaire.&nbsp; Le traitement est chirurgical: plastie mammaire de r\u00e9duction. Indications de la plastie...<\/div><p class=\"ccpages_more\"><a href=\"http:\/\/gyneobs.com\/site\/chirurgie-esthetique\/hypertrophie-mammaire\/\"  title=\"Plus ...\">Plus ...<\/a><\/p><\/div><div class=\"ccchildpage  cclast ccodd ccpage-count-3 ccpage-id-723 ccpage-gigantomastie ccpage-has-parent ccpage-pid-696 ccpage-parent-chirurgie-esthetique\"><h3>Gigantomastie<\/h3><div class=\"ccpages_excerpt\">La gigantomastie est la cons\u00e9quence d\u2019une croissance excessive des glandes mammaires. Elle peut rarement survenir au cours de la grossesse (un cas sur 100000) mais est le plus souvent de type juv\u00e9nile. On parle alors d\u2019hypertrophie virginale, anomalie majeure du volume des seins de l\u2019adolescente. Elle est inesth\u00e9tique. Mais bien souvent, ce sont la douleur,...<\/div><p class=\"ccpages_more\"><a href=\"http:\/\/gyneobs.com\/site\/chirurgie-esthetique\/gigantomastie\/\"  title=\"Plus ...\">Plus ...<\/a><\/p><\/div><div class=\"ccchildpage  ccfirst cceven ccpage-count-4 ccpage-id-730 ccpage-les-poses-mammaires ccpage-has-parent ccpage-pid-696 ccpage-parent-chirurgie-esthetique\"><h3>Les ptoses mammaires<\/h3><div class=\"ccpages_excerpt\">La ptose mammaire est d\u00e9finie comme la chute et le d\u00e9roulement des seins. Ce glissement des seins est d\u00fb \u00e0 un affaissement de la glande et une distension exag\u00e9r\u00e9e de la peau qui les enveloppe. La ptose mammaire peut \u00eatre d\u2019origine naturelle ou appara\u00eetre suite \u00e0 une perte importante de poids. Il est possible \u00e9galement...<\/div><p class=\"ccpages_more\"><a href=\"http:\/\/gyneobs.com\/site\/chirurgie-esthetique\/les-poses-mammaires\/\"  title=\"Plus ...\">Plus ...<\/a><\/p><\/div><div class=\"ccchildpage  ccodd ccpage-count-5 ccpage-id-739 ccpage-les-seins-tubereux ccpage-has-parent ccpage-pid-696 ccpage-parent-chirurgie-esthetique\"><h3>Les seins tub\u00e9reux<\/h3><div class=\"ccpages_excerpt\">Les seins tub\u00e9reux sont des malformations du sein qui apparaissent lors de la croissance de la poitrine chez les femmes \u00e0 la pubert\u00e9. Ces malformations sont psychologiquement invalidantes chez des jeunes filles en pleine adolescence. Aucune origine n'a \u00e9t\u00e9 retrouv\u00e9e \u00e0 ces malformations.&nbsp; L'anomalie princeps et commune \u00e0 tous les seins tub\u00e9reux est une anomalie...<\/div><p class=\"ccpages_more\"><a href=\"http:\/\/gyneobs.com\/site\/chirurgie-esthetique\/les-seins-tubereux\/\"  title=\"Plus ...\">Plus ...<\/a><\/p><\/div><div class=\"ccchildpage  cclast cceven ccpage-count-6 ccpage-id-752 ccpage-liposuccions-liposculpture-generalites ccpage-has-parent ccpage-pid-696 ccpage-parent-chirurgie-esthetique\"><h3>Liposuccions-Liposculpture     G\u00e9n\u00e9ralit\u00e9s<\/h3><div class=\"ccpages_excerpt\">La liposuccion, aussi connue sous le nom de lipoaspiration ou de liposculpture est utilis\u00e9e pour supprimer les surcharges graisseuses localis\u00e9es qu\u2019on appelle commun\u00e9ment cellulite, bien que le terme soit m\u00e9dicalement peu appropri\u00e9. Cette cellulite se traduit par un aspect irr\u00e9gulier de la peau des cuisses et des hanches (capiton, peau d\u2019orange), propre aux femmes et...<\/div><p class=\"ccpages_more\"><a href=\"http:\/\/gyneobs.com\/site\/chirurgie-esthetique\/liposuccions-liposculpture-generalites\/\"  title=\"Plus ...\">Plus ...<\/a><\/p><\/div><div class=\"ccchildpage  ccfirst ccodd ccpage-count-7 ccpage-id-763 ccpage-liposuccion-resultats ccpage-has-parent ccpage-pid-696 ccpage-parent-chirurgie-esthetique\"><h3>Liposuccion: R\u00e9sultats<\/h3><div class=\"ccpages_excerpt\">Face ant\u00e9rieure de l\u2019abdomen\u00a0 La liposuccion porte en g\u00e9n\u00e9ral plut\u00f4t dans la partie sous-ombilicale dont la graisse est plus souple au contraire de la r\u00e9gion sus-ombilicale dont la graisse plus dense se pr\u00eate moins \u00e0 la liposuccion. Photos extraites de la collection personnelle du Dr PETER (avant intervention \u00e0 gauche, apr\u00e8s intervention \u00e0 droite): Culotte...<\/div><p class=\"ccpages_more\"><a href=\"http:\/\/gyneobs.com\/site\/chirurgie-esthetique\/liposuccion-resultats\/\"  title=\"Plus ...\">Plus ...<\/a><\/p><\/div><\/div><\/p>\n","protected":false},"excerpt":{"rendered":"","protected":false},"author":1,"featured_media":0,"parent":0,"menu_order":6,"comment_status":"closed","ping_status":"closed","template":"","meta":{"_exactmetrics_skip_tracking":false,"_exactmetrics_sitenote_active":false,"_exactmetrics_sitenote_note":"","_exactmetrics_sitenote_category":0,"footnotes":""},"class_list":["post-696","page","type-page","status-publish","hentry","post"],"_links":{"self":[{"href":"http:\/\/gyneobs.com\/site\/wp-json\/wp\/v2\/pages\/696","targetHints":{"allow":["GET"]}}],"collection":[{"href":"http:\/\/gyneobs.com\/site\/wp-json\/wp\/v2\/pages"}],"about":[{"href":"http:\/\/gyneobs.com\/site\/wp-json\/wp\/v2\/types\/page"}],"author":[{"embeddable":true,"href":"http:\/\/gyneobs.com\/site\/wp-json\/wp\/v2\/users\/1"}],"replies":[{"embeddable":true,"href":"http:\/\/gyneobs.com\/site\/wp-json\/wp\/v2\/comments?post=696"}],"version-history":[{"count":4,"href":"http:\/\/gyneobs.com\/site\/wp-json\/wp\/v2\/pages\/696\/revisions"}],"predecessor-version":[{"id":1329,"href":"http:\/\/gyneobs.com\/site\/wp-json\/wp\/v2\/pages\/696\/revisions\/1329"}],"wp:attachment":[{"href":"http:\/\/gyneobs.com\/site\/wp-json\/wp\/v2\/media?parent=696"}],"curies":[{"name":"wp","href":"https:\/\/api.w.org\/{rel}","templated":true}]}}