{"id":558,"date":"2019-07-01T18:13:18","date_gmt":"2019-07-01T16:13:18","guid":{"rendered":"http:\/\/gyneobs.com\/site\/?page_id=558"},"modified":"2019-07-02T15:17:37","modified_gmt":"2019-07-02T13:17:37","slug":"pluridisciplinarite-et-cancer-du-sein","status":"publish","type":"page","link":"http:\/\/gyneobs.com\/site\/oncologie\/cancer-du-sein-et-mammologie\/diagnostic\/pluridisciplinarite-et-cancer-du-sein\/","title":{"rendered":"Pluridisciplinarit\u00e9 et cancer du sein"},"content":{"rendered":"\n<p class=\"has-drop-cap\">Tous les dossiers de patientes prises en charge pour un cancer du sein doivent \u00eatre discut\u00e9s en r\u00e9union de concertation pluridisciplinaire dite RCP .<\/p>\n\n\n\n<p>A priori deux RCP seront r\u00e9alis\u00e9es pour chaque patiente : une avant la premi\u00e8re \u00e9tape th\u00e9rapeutique et la seconde apr\u00e8s la premi\u00e8re \u00e9tape th\u00e9rapeutique.&nbsp;<\/p>\n\n\n\n<p>La RCP comprend au minimum un repr\u00e9sentant parmi les sp\u00e9cialistes suivants: chirurgiens (oncologues, gyn\u00e9cologues, plasticiens&#8230;), oncologues m\u00e9dicaux, oncologues radioth\u00e9rapeutes, anatomopathologistes et sp\u00e9cialistes de l\u2019imagerie m\u00e9dicale (radiologues et\/ou m\u00e9decins nucl\u00e9aires). L\u2019avis d\u2019un expert d\u2019une autre sp\u00e9cialit\u00e9 pourra \u00eatre sollicit\u00e9 \u00e0 chaque fois que cela sera n\u00e9cessaire.&nbsp;<\/p>\n\n\n\n<p>Dans la majorit\u00e9 des cas, le m\u00e9decin r\u00e9f\u00e9rent de la patiente pourra proposer un traitement adapt\u00e9 aux caract\u00e9ristiques de sa patiente qu\u2019il est souvent le seul \u00e0 avoir vu en consultation lors de la prise en charge initiale. La RCP pourra alors soit valider la proposition th\u00e9rapeutique, soit discuter de l\u2019opportunit\u00e9 d\u2019une autre s\u00e9quence th\u00e9rapeutique. C\u2019est au m\u00e9decin r\u00e9f\u00e9rent d\u2019annoncer \u00e0 la patiente la d\u00e9cision de la RCP et de conduire ce traitement en fonction du d\u00e9sir de la patiente. Dans les cas complexes sur le plan clinique, une discussion plus approfondie sera n\u00e9cessaire lors de la pr\u00e9sentation du dossier en RCP.&nbsp;<\/p>\n\n\n\n<p>La RCP fixe les \u00e9tapes et les d\u00e9lais des traitements sous la forme d\u2019un plan personnalis\u00e9 de soins (PPS) qui seront consign\u00e9s par \u00e9crit dans un rapport de r\u00e9union et remis au patient.&nbsp;<\/p>\n\n\n\n<p>En cas de nouvelle question importante, voire de 3\u00e8me \u00e9tape th\u00e9rapeutique, la prise en charge th\u00e9rapeutique pourra \u00eatre rediscut\u00e9e lors d\u2019une nouvelle RCP.&nbsp;<\/p>\n\n\n\n<p>La RCP doit \u00e9galement fixer (lors de la cl\u00f4ture de la strat\u00e9gie th\u00e9rapeutique) les modalit\u00e9s de la surveillance en distinguant faible risque, risque standard et risque \u00e9lev\u00e9.&nbsp;<br><\/p>\n","protected":false},"excerpt":{"rendered":"<p>Tous les dossiers de patientes prises en charge pour un cancer du sein doivent \u00eatre discut\u00e9s en r\u00e9union de concertation pluridisciplinaire dite RCP . A priori deux RCP seront r\u00e9alis\u00e9es pour chaque patiente : une avant la premi\u00e8re \u00e9tape th\u00e9rapeutique et la seconde apr\u00e8s la premi\u00e8re \u00e9tape th\u00e9rapeutique.&nbsp; La RCP comprend au minimum un repr\u00e9sentant [&hellip;]<\/p>\n","protected":false},"author":1,"featured_media":0,"parent":1335,"menu_order":13,"comment_status":"closed","ping_status":"closed","template":"","meta":{"_exactmetrics_skip_tracking":false,"_exactmetrics_sitenote_active":false,"_exactmetrics_sitenote_note":"","_exactmetrics_sitenote_category":0,"footnotes":""},"class_list":["post-558","page","type-page","status-publish","hentry","post"],"_links":{"self":[{"href":"http:\/\/gyneobs.com\/site\/wp-json\/wp\/v2\/pages\/558","targetHints":{"allow":["GET"]}}],"collection":[{"href":"http:\/\/gyneobs.com\/site\/wp-json\/wp\/v2\/pages"}],"about":[{"href":"http:\/\/gyneobs.com\/site\/wp-json\/wp\/v2\/types\/page"}],"author":[{"embeddable":true,"href":"http:\/\/gyneobs.com\/site\/wp-json\/wp\/v2\/users\/1"}],"replies":[{"embeddable":true,"href":"http:\/\/gyneobs.com\/site\/wp-json\/wp\/v2\/comments?post=558"}],"version-history":[{"count":1,"href":"http:\/\/gyneobs.com\/site\/wp-json\/wp\/v2\/pages\/558\/revisions"}],"predecessor-version":[{"id":559,"href":"http:\/\/gyneobs.com\/site\/wp-json\/wp\/v2\/pages\/558\/revisions\/559"}],"up":[{"embeddable":true,"href":"http:\/\/gyneobs.com\/site\/wp-json\/wp\/v2\/pages\/1335"}],"wp:attachment":[{"href":"http:\/\/gyneobs.com\/site\/wp-json\/wp\/v2\/media?parent=558"}],"curies":[{"name":"wp","href":"https:\/\/api.w.org\/{rel}","templated":true}]}}