{"id":50,"date":"2019-06-30T14:07:06","date_gmt":"2019-06-30T12:07:06","guid":{"rendered":"http:\/\/gyneobs.com\/site\/?page_id=50"},"modified":"2019-07-04T09:36:08","modified_gmt":"2019-07-04T07:36:08","slug":"gynecologie-medicale","status":"publish","type":"page","link":"http:\/\/gyneobs.com\/site\/articles\/gynecologie-medicale\/","title":{"rendered":"CONTRACEPTION"},"content":{"rendered":"<p><div id=\"ccchildpages-1\" class=\"ccchildpages  simple ccclearfix\"><ul class=\"ccchildpages_list ccclearfix\"><li class=\"page_item page-item-453\"><a href=\"http:\/\/gyneobs.com\/site\/articles\/gynecologie-medicale\/les-methodes-de-contraception\/\">Les m\u00e9thodes de contraception<\/a><\/li>\n<li class=\"page_item page-item-73\"><a href=\"http:\/\/gyneobs.com\/site\/articles\/gynecologie-medicale\/la-pilule-contraceptive\/\">La pilule contraceptive<\/a><\/li>\n<li class=\"page_item page-item-61\"><a href=\"http:\/\/gyneobs.com\/site\/articles\/gynecologie-medicale\/classification-des-pilules\/\">Classification des pilules<\/a><\/li>\n<li class=\"page_item page-item-262\"><a href=\"http:\/\/gyneobs.com\/site\/articles\/gynecologie-medicale\/la-contraception-dite-du-lendemain\/\">La contraception dite \u00abdu lendemain\u00bb<\/a><\/li>\n<li class=\"page_item page-item-481\"><a href=\"http:\/\/gyneobs.com\/site\/articles\/gynecologie-medicale\/les-sterilets\/\">Les st\u00e9rilets<\/a><\/li>\n<li class=\"page_item page-item-227\"><a href=\"http:\/\/gyneobs.com\/site\/articles\/gynecologie-medicale\/linterruption-volontaire-de-grossesse-ou-ivg\/\">L\u2019interruption volontaire de grossesse ou IVG<\/a><\/li><\/ul><\/div><br \/>\n<div id=\"ccchildpages-2\" class=\"ccchildpages threecol simple ccclearfix\"><div class=\"ccchildpage  ccfirst ccodd ccpage-count-1 ccpage-id-453 ccpage-les-methodes-de-contraception ccpage-has-parent ccpage-pid-50 ccpage-parent-gynecologie-medicale\"><h3>Les m\u00e9thodes de contraception<\/h3><div class=\"ccpages_excerpt\">La contraception repr\u00e9sente l\u2019ensemble des m\u00e9thodes destin\u00e9es \u00e0 \u00e9viter les grossesses non d\u00e9sir\u00e9es et par voie de cons\u00e9quence les avortements volontaires. Une m\u00e9thode contraceptive se doit de remplir le mieux possible les conditions suivantes&nbsp;: &nbsp;&nbsp;&nbsp; -efficacit\u00e9&nbsp;: l\u2019efficacit\u00e9 s\u2019exprime par l\u2019indice de Pearl, c\u2019est-\u00e0-dire le pourcentage de grossesses&nbsp; (d\u2019\u00e9chec) par \u00ab&nbsp;ann\u00e9e-femme&nbsp;\u00bb. Une \u00ab&nbsp;ann\u00e9e-femme correspond \u00e0 12...<\/div><p class=\"ccpages_more\"><a href=\"http:\/\/gyneobs.com\/site\/articles\/gynecologie-medicale\/les-methodes-de-contraception\/\"  title=\"Plus ...\">Plus ...<\/a><\/p><\/div><div class=\"ccchildpage  cceven ccpage-count-2 ccpage-id-73 ccpage-la-pilule-contraceptive ccpage-has-parent ccpage-pid-50 ccpage-parent-gynecologie-medicale\"><h3>La pilule contraceptive<\/h3><div class=\"ccpages_excerpt\">La pilule contraceptive est un produit contenant deux hormones de synth\u00e8se&nbsp;: un estrog\u00e8ne et un progestatif.&nbsp; Elle agit principalement en bloquant l\u2019ovulation. On peut consid\u00e9rer qu\u2019elle bloque les secr\u00e9tions hormonales ovariennes et s\u2019y substitue en apportant&nbsp; \u00e0 la place les hormones n\u00e9cessaires (estrog\u00e8nes et progesterone) en quantit\u00e9 d\u00e9termin\u00e9e. Elle \u00e9vite en cela certaines variations hormonales...<\/div><p class=\"ccpages_more\"><a href=\"http:\/\/gyneobs.com\/site\/articles\/gynecologie-medicale\/la-pilule-contraceptive\/\"  title=\"Plus ...\">Plus ...<\/a><\/p><\/div><div class=\"ccchildpage  cclast ccodd ccpage-count-3 ccpage-id-61 ccpage-classification-des-pilules ccpage-has-parent ccpage-pid-50 ccpage-parent-gynecologie-medicale\"><h3>Classification des pilules<\/h3><div class=\"ccpages_excerpt\">La prescription d\u2019une contraception \u00e9tant un acte fr\u00e9quent, la question du choix d\u2019une contraception hormonale, si ce type de contraception est choisi, se pose quotidiennement. Or, devant la multiplicit\u00e9 des produits mis sur le march\u00e9, devant des publicit\u00e9 parfois d\u00e9nu\u00e9es de fondement scientifique, devant des int\u00e9r\u00eats commerciaux, et maintenant devant la pol\u00e9mique actuelle sur les...<\/div><p class=\"ccpages_more\"><a href=\"http:\/\/gyneobs.com\/site\/articles\/gynecologie-medicale\/classification-des-pilules\/\"  title=\"Plus ...\">Plus ...<\/a><\/p><\/div><div class=\"ccchildpage  ccfirst cceven ccpage-count-4 ccpage-id-262 ccpage-la-contraception-dite-du-lendemain ccpage-has-parent ccpage-pid-50 ccpage-parent-gynecologie-medicale\"><h3>La contraception dite \u00abdu lendemain\u00bb<\/h3><div class=\"ccpages_excerpt\">La contraception d'urgence, dite aussi contraception post-co\u00eftale ou contraception du lendemain, se d\u00e9finit comme une m\u00e9thode, utilis\u00e9e apr\u00e8s un rapport sexuel, dans le but de pr\u00e9venir une grossesse. M\u00e9canismes d'action La contraception post-co\u00eftale peut agir soit: &nbsp; &nbsp; -en inhibant ou en interrompant l'ovulation; &nbsp; &nbsp; -en interf\u00e9rant avec la f\u00e9condation ou le transport de...<\/div><p class=\"ccpages_more\"><a href=\"http:\/\/gyneobs.com\/site\/articles\/gynecologie-medicale\/la-contraception-dite-du-lendemain\/\"  title=\"Plus ...\">Plus ...<\/a><\/p><\/div><div class=\"ccchildpage  ccodd ccpage-count-5 ccpage-id-481 ccpage-les-sterilets ccpage-has-parent ccpage-pid-50 ccpage-parent-gynecologie-medicale\"><h3>Les st\u00e9rilets<\/h3><div class=\"ccpages_excerpt\">Les st\u00e9rilets appel\u00e9s aussi Dispositifs intra-ut\u00e9rin (DIU) sont de petits objets, le plus souvent en forme de T, plac\u00e9s par un m\u00e9decin dans la cavit\u00e9 ut\u00e9rine. Autrefois compos\u00e9s uniquement de plastique, ils ont \u00e9t\u00e9 am\u00e9lior\u00e9 par l'adjonction de cuivre ou de Progest\u00e9rone. On distingue donc actuellement deux grands types de st\u00e9rilets: les st\u00e9rilets au cuivre...<\/div><p class=\"ccpages_more\"><a href=\"http:\/\/gyneobs.com\/site\/articles\/gynecologie-medicale\/les-sterilets\/\"  title=\"Plus ...\">Plus ...<\/a><\/p><\/div><div class=\"ccchildpage  cclast cceven ccpage-count-6 ccpage-id-227 ccpage-linterruption-volontaire-de-grossesse-ou-ivg ccpage-has-parent ccpage-pid-50 ccpage-parent-gynecologie-medicale\"><h3>L\u2019interruption volontaire de grossesse ou IVG<\/h3><div class=\"ccpages_excerpt\">La loi autorisant l\u2019interruption volontaire de grossesse en France dite \u00abloi Veil\u00bb est adopt\u00e9e le 17 janvier 1975 pour une p\u00e9riode de cinq ans, puis a \u00e9t\u00e9 rendue d\u00e9finitive le 31 d\u00e9cembre 1979. Il y a donc en mati\u00e8re d\u2019IVG un avant et un apr\u00e8s 1975. Il me para\u00eet donc int\u00e9ressant, avant d\u2019aborder l\u2019aspect pratique...<\/div><p class=\"ccpages_more\"><a href=\"http:\/\/gyneobs.com\/site\/articles\/gynecologie-medicale\/linterruption-volontaire-de-grossesse-ou-ivg\/\"  title=\"Plus ...\">Plus ...<\/a><\/p><\/div><\/div><\/p>\n\n\n\n<p><\/p>\n","protected":false},"excerpt":{"rendered":"","protected":false},"author":1,"featured_media":0,"parent":854,"menu_order":1,"comment_status":"closed","ping_status":"closed","template":"","meta":{"_exactmetrics_skip_tracking":false,"_exactmetrics_sitenote_active":false,"_exactmetrics_sitenote_note":"","_exactmetrics_sitenote_category":0,"footnotes":""},"class_list":["post-50","page","type-page","status-publish","hentry","post"],"_links":{"self":[{"href":"http:\/\/gyneobs.com\/site\/wp-json\/wp\/v2\/pages\/50","targetHints":{"allow":["GET"]}}],"collection":[{"href":"http:\/\/gyneobs.com\/site\/wp-json\/wp\/v2\/pages"}],"about":[{"href":"http:\/\/gyneobs.com\/site\/wp-json\/wp\/v2\/types\/page"}],"author":[{"embeddable":true,"href":"http:\/\/gyneobs.com\/site\/wp-json\/wp\/v2\/users\/1"}],"replies":[{"embeddable":true,"href":"http:\/\/gyneobs.com\/site\/wp-json\/wp\/v2\/comments?post=50"}],"version-history":[{"count":6,"href":"http:\/\/gyneobs.com\/site\/wp-json\/wp\/v2\/pages\/50\/revisions"}],"predecessor-version":[{"id":1295,"href":"http:\/\/gyneobs.com\/site\/wp-json\/wp\/v2\/pages\/50\/revisions\/1295"}],"up":[{"embeddable":true,"href":"http:\/\/gyneobs.com\/site\/wp-json\/wp\/v2\/pages\/854"}],"wp:attachment":[{"href":"http:\/\/gyneobs.com\/site\/wp-json\/wp\/v2\/media?parent=50"}],"curies":[{"name":"wp","href":"https:\/\/api.w.org\/{rel}","templated":true}]}}