{"id":453,"date":"2019-06-30T22:38:56","date_gmt":"2019-06-30T20:38:56","guid":{"rendered":"http:\/\/gyneobs.com\/site\/?page_id=453"},"modified":"2019-07-08T10:24:10","modified_gmt":"2019-07-08T08:24:10","slug":"les-methodes-de-contraception","status":"publish","type":"page","link":"http:\/\/gyneobs.com\/site\/articles\/gynecologie-medicale\/les-methodes-de-contraception\/","title":{"rendered":"Les m\u00e9thodes de contraception"},"content":{"rendered":"\n<p class=\"has-drop-cap\">La contraception repr\u00e9sente l\u2019ensemble des m\u00e9thodes destin\u00e9es \u00e0 \u00e9viter les grossesses non d\u00e9sir\u00e9es et par voie de cons\u00e9quence les avortements volontaires.<\/p>\n\n\n\n<p>Une m\u00e9thode contraceptive se doit de remplir le mieux possible les conditions suivantes&nbsp;:<\/p>\n\n\n\n<p>&nbsp;&nbsp;&nbsp; -efficacit\u00e9&nbsp;: l\u2019efficacit\u00e9 s\u2019exprime par l\u2019indice de Pearl, c\u2019est-\u00e0-dire le pourcentage de grossesses&nbsp; (d\u2019\u00e9chec) par \u00ab&nbsp;ann\u00e9e-femme&nbsp;\u00bb. Une \u00ab&nbsp;ann\u00e9e-femme correspond \u00e0 12 cycles d\u2019exposition \u00e0 la grossesse (ce qui ne fait pas tout-\u00e0-fait un an). Un indice de Pearl de l\u2019ordre de 1 \u00e0 2% correspond \u00e0 une m\u00e9thode consid\u00e9r\u00e9e comme efficace (= une grossesse pour 100 ann\u00e9es-femmes d\u2019exposition \u00e0 le grossesse)&nbsp;;<\/p>\n\n\n\n<p>&nbsp;&nbsp;&nbsp; -acceptabilit\u00e9&nbsp;;<\/p>\n\n\n\n<p>&nbsp;&nbsp;&nbsp; -innocuit\u00e9 = sans danger pour la sant\u00e9&nbsp;;<\/p>\n\n\n\n<p>&nbsp;&nbsp;&nbsp; -et r\u00e9versibilit\u00e9, c\u2019est-\u00e0-dire la possibilit\u00e9 d\u2019avoir une grossesse si on le souhaite apr\u00e8s l\u2019arr\u00eat de la m\u00e9thode. En cela, la contraception s\u2019oppose \u00e0 la st\u00e9rilisation qui est d\u00e9finitive.<\/p>\n\n\n\n<figure class=\"wp-block-image\"><img loading=\"lazy\" decoding=\"async\" width=\"531\" height=\"269\" src=\"http:\/\/gyneobs.com\/site\/wp-content\/uploads\/2019\/06\/image-148.png\" alt=\"\" class=\"wp-image-454\" srcset=\"http:\/\/gyneobs.com\/site\/wp-content\/uploads\/2019\/06\/image-148.png 531w, http:\/\/gyneobs.com\/site\/wp-content\/uploads\/2019\/06\/image-148-300x152.png 300w\" sizes=\"auto, (max-width: 531px) 100vw, 531px\" \/><\/figure>\n\n\n\n<p>Les m\u00e9thodes contraceptives sont nombreuses et on les classe par grandes familles selon leur mode d\u2019action&nbsp;:<\/p>\n\n\n\n<h2 class=\"wp-block-heading\"><strong>Les m\u00e9thodes naturelles<\/strong><\/h2>\n\n\n\n<p>Leur efficacit\u00e9 est variable mais bien souvent tr\u00e8s insuffisante.<\/p>\n\n\n\n<p>&nbsp;&nbsp;&nbsp;&nbsp;&nbsp;&nbsp;&nbsp;&nbsp;&nbsp;&nbsp;&nbsp; -co\u00eft interropu ou retrait&nbsp;;<\/p>\n\n\n\n<p>&nbsp;&nbsp;&nbsp;&nbsp;&nbsp;&nbsp;&nbsp;&nbsp;&nbsp;&nbsp;&nbsp; -m\u00e9thodes bas\u00e9es sur l\u2019observation du cyle&nbsp;:<\/p>\n\n\n\n<p>&nbsp;&nbsp;&nbsp;&nbsp;&nbsp;&nbsp;&nbsp;&nbsp;&nbsp;&nbsp;&nbsp;&nbsp;&nbsp;&nbsp;&nbsp;&nbsp;&nbsp;&nbsp;&nbsp; -m\u00e9thode des temp\u00e9ratures&nbsp;;<\/p>\n\n\n\n<p>&nbsp;&nbsp;&nbsp;&nbsp;&nbsp;&nbsp;&nbsp;&nbsp;&nbsp;&nbsp;&nbsp;&nbsp;&nbsp;&nbsp;&nbsp;&nbsp;&nbsp;&nbsp;&nbsp; -utilisation de tests d\u2019ovulation&nbsp;;<\/p>\n\n\n\n<p>&nbsp;&nbsp;&nbsp;&nbsp;&nbsp;&nbsp;&nbsp;&nbsp;&nbsp;&nbsp;&nbsp;&nbsp;&nbsp;&nbsp;&nbsp;&nbsp;&nbsp;&nbsp;&nbsp; -observation de la glaire (m\u00e9thode Billings);<\/p>\n\n\n\n<p>&nbsp;&nbsp;&nbsp;&nbsp;&nbsp;&nbsp;&nbsp;&nbsp;&nbsp;&nbsp;&nbsp; -l&rsquo;allaitement maternel;<\/p>\n\n\n\n<p>&nbsp;&nbsp;&nbsp;&nbsp;&nbsp;&nbsp;&nbsp;&nbsp;&nbsp;&nbsp;&nbsp; -la m\u00e9thode Ogino pour des cycles r\u00e9guliers (absence de rapports entre 8 et 17 jours apr\u00e8s le&nbsp;&nbsp;&nbsp;&nbsp;&nbsp;&nbsp;&nbsp;&nbsp;&nbsp;&nbsp;&nbsp;&nbsp;&nbsp;&nbsp; d\u00e9but de r\u00e8gles.<\/p>\n\n\n\n<h2 class=\"wp-block-heading\"><strong>Les m\u00e9thodes \u00ab&nbsp;barri\u00e8res&nbsp;\u00bb<\/strong><\/h2>\n\n\n\n<p>&nbsp;&nbsp;&nbsp;&nbsp;&nbsp;&nbsp;&nbsp;&nbsp;&nbsp;&nbsp;&nbsp;<strong> A-Les pr\u00e9servatifs<\/strong><\/p>\n\n\n\n<p>Le pr\u00e9servatif ou condom ou capote (anglaise) est un \u00e9tui mince et souple, imperm\u00e9able au sang, fabriqu\u00e9 en latex ou en polyur\u00e9thane. Il prot\u00e8ge \u00e9galement des infections sexuellement transmissibles.<\/p>\n\n\n\n<figure class=\"wp-block-image\"><img loading=\"lazy\" decoding=\"async\" width=\"402\" height=\"245\" src=\"http:\/\/gyneobs.com\/site\/wp-content\/uploads\/2019\/06\/image-149.png\" alt=\"\" class=\"wp-image-455\" srcset=\"http:\/\/gyneobs.com\/site\/wp-content\/uploads\/2019\/06\/image-149.png 402w, http:\/\/gyneobs.com\/site\/wp-content\/uploads\/2019\/06\/image-149-300x183.png 300w\" sizes=\"auto, (max-width: 402px) 100vw, 402px\" \/><\/figure>\n\n\n\n<p>&nbsp;&nbsp;&nbsp;&nbsp;&nbsp;&nbsp;&nbsp;&nbsp;&nbsp;&nbsp;<strong>&nbsp; B-Les spermicides<\/strong><\/p>\n\n\n\n<p>Ils agissent en d\u00e9truisant les spermatozo\u00efdes. Certains spermicides comme le Chlorure de Benzalkonium classiquement utilis\u00e9 dans cette indication peuvent aussi avoir une action antiseptique sans toutefois avoir une action d\u00e9montr\u00e9e contre les maladies sexuellement transmissibles.<\/p>\n\n\n\n<div class=\"wp-block-image\"><figure class=\"alignright is-resized\"><img loading=\"lazy\" decoding=\"async\" src=\"http:\/\/gyneobs.com\/site\/wp-content\/uploads\/2019\/06\/image-151.png\" alt=\"\" class=\"wp-image-457\" width=\"223\" height=\"219\"\/><\/figure><\/div>\n\n\n\n<p>Le spermicide peut se pr\u00e9senter sous plusieurs formes&nbsp;: cr\u00e8mes, ovules, \u00e9ponges\/tampons. Il doit \u00eatre introduit dans le vagin avant tout rapport sexuel.<\/p>\n\n\n\n<p>Le d\u00e9lai d&rsquo;action des spermicides diff\u00e8re selon le spermicide choisi. Il peut \u00eatre imm\u00e9diat sous les formes d&rsquo;\u00e9ponge ou de cr\u00e8me, et diff\u00e9r\u00e9 pour les formes pr\u00e9sent\u00e9es en ovules le temps que le produit se disperse (5 \u00e0 10 minutes).<\/p>\n\n\n\n<figure class=\"wp-block-image\"><img loading=\"lazy\" decoding=\"async\" width=\"674\" height=\"644\" src=\"http:\/\/gyneobs.com\/site\/wp-content\/uploads\/2019\/06\/image-150.png\" alt=\"\" class=\"wp-image-456\" srcset=\"http:\/\/gyneobs.com\/site\/wp-content\/uploads\/2019\/06\/image-150.png 674w, http:\/\/gyneobs.com\/site\/wp-content\/uploads\/2019\/06\/image-150-300x287.png 300w, http:\/\/gyneobs.com\/site\/wp-content\/uploads\/2019\/06\/image-150-283x270.png 283w\" sizes=\"auto, (max-width: 674px) 100vw, 674px\" \/><\/figure>\n\n\n\n<p>&nbsp;&nbsp;&nbsp;&nbsp;&nbsp;&nbsp;&nbsp;&nbsp;&nbsp;&nbsp;&nbsp; <strong>C-Les diaphragmes&nbsp; &nbsp; &nbsp;<\/strong><\/p>\n\n\n\n<div class=\"wp-block-image\"><figure class=\"alignright is-resized\"><img loading=\"lazy\" decoding=\"async\" src=\"http:\/\/gyneobs.com\/site\/wp-content\/uploads\/2019\/06\/image-154.png\" alt=\"\" class=\"wp-image-460\" width=\"273\" height=\"229\"\/><figcaption>Diaphragme<\/figcaption><\/figure><\/div>\n\n\n\n<p>Le diaphragme (en latex ou en silicone) est une protection qui se glisse dans le vagin, au contact du col de l&rsquo;ut\u00e9rus, pour emp\u00eacher le passage des spermatozo\u00efdes vers l&rsquo;int\u00e9rieur de l&rsquo;ut\u00e9rus. Son emploi est tr\u00e8s discret et il est sous le contr\u00f4le de la femme, puisqu&rsquo;il peut \u00eatre ins\u00e9r\u00e9 avant les rapports sexuels (jusqu&rsquo;\u00e0 2 heures avant).En pratique, l&rsquo;efficacit\u00e9 du diaphragme est \u00e9quivalente \u00e0 celle d&rsquo;un pr\u00e9servatif. Pour bien l&rsquo;utiliser&nbsp;: porter le diaphragme lors de chaque rapport, toujours l&rsquo;utiliser avec du gel contraceptif ou spermicide, v\u00e9rifier que le col de l&rsquo;ut\u00e9rus est bien recouvert par la coupelle lors de l&rsquo;insertion, et le retirer 6 heures apr\u00e8s le dernier rapport sexuel (il peut \u00eatre gard\u00e9 jusqu&rsquo;\u00e0 24 h).<\/p>\n\n\n\n<p>&nbsp; &nbsp; &nbsp; &nbsp; &nbsp; <strong>D-Le pr\u00e9servatif f\u00e9minin<\/strong><\/p>\n\n\n\n<div class=\"wp-block-image\"><figure class=\"alignright is-resized\"><img loading=\"lazy\" decoding=\"async\" src=\"http:\/\/gyneobs.com\/site\/wp-content\/uploads\/2019\/06\/image-155.png\" alt=\"\" class=\"wp-image-461\" width=\"250\" height=\"280\"\/><\/figure><\/div>\n\n\n\n<p>C\u2019est une sorte de gaine, en nitrile ou en polyur\u00e9thane, munie d\u2019un anneau souple \u00e0 chacune de ses extr\u00e9mit\u00e9s. Il se place \u00e0 l\u2019int\u00e9rieur du vagin.&nbsp;Le pr\u00e9servatif f\u00e9minin, qui existe d\u00e9j\u00e0 depuis 1998, offre de nombreux avantages. Facile \u00e0 poser, agr\u00e9able \u00e0 l\u2019usage, ce contraceptif est une vraie alternative au pr\u00e9servatif masculin et prot\u00e8ge des infections sexuellement transmissibles (IST). On peut l\u2019ins\u00e9rer dans le vagin plusieurs heures avant le rapport sexuel. Il permet \u00e0 la femme de ma\u00eetriser sa sexualit\u00e9 et de ne pas d\u00e9pendre de son partenaire pour se prot\u00e9ger.<\/p>\n\n\n\n<figure class=\"wp-block-image\"><img loading=\"lazy\" decoding=\"async\" width=\"583\" height=\"130\" src=\"http:\/\/gyneobs.com\/site\/wp-content\/uploads\/2019\/06\/image-156.png\" alt=\"\" class=\"wp-image-462\" srcset=\"http:\/\/gyneobs.com\/site\/wp-content\/uploads\/2019\/06\/image-156.png 583w, http:\/\/gyneobs.com\/site\/wp-content\/uploads\/2019\/06\/image-156-300x67.png 300w\" sizes=\"auto, (max-width: 583px) 100vw, 583px\" \/><figcaption><em><strong>Mise en place du pr\u00e9servatif f\u00e9minin<\/strong><\/em><\/figcaption><\/figure>\n\n\n\n<h2 class=\"wp-block-heading\"><strong>La contraception hormonale f\u00e9minine<\/strong><\/h2>\n\n\n\n<p>&nbsp;&nbsp;&nbsp;&nbsp;<strong>&nbsp;&nbsp;&nbsp;&nbsp;&nbsp;&nbsp;A-La contraception <\/strong>orale: voir le chapitre: \u00ab\u00a0la pilule\u00a0\u00bb.<\/p>\n\n\n\n<p>&nbsp;&nbsp;&nbsp;&nbsp;&nbsp;&nbsp;&nbsp;&nbsp;&nbsp;&nbsp;&nbsp; <strong>B-Les implants<\/strong><\/p>\n\n\n\n<p>On dispose aujourd\u2019hui du Nexplanon \u00ae, petit b\u00e2tonnet non biod\u00e9gradable ins\u00e9r\u00e9 sous la peau) et qui renferme un progestatif, l\u2019Etonogestrel.<\/p>\n\n\n\n<p>Il est utilis\u00e9 comme contraception d&rsquo;action prolong\u00e9e (3 ans) : le progestatif est lib\u00e9r\u00e9 progressivement dans le sang et permet de bloquer l&rsquo;ovulation et modifier la glaire cervicale tant que l&rsquo;implant est pr\u00e9sent dans l&rsquo;organisme. Les \u00e9tudes disponibles montrent une efficacit\u00e9 contraceptive de 100 % au cours des deux premi\u00e8res ann\u00e9es de pose. On le change tous les trois ans voire deux ans chez les ob\u00e8ses. La pose est ais\u00e9e apr\u00e8s une petite anesth\u00e9sie de la peau par exemple par une cr\u00e8me type Emla \u00ae. Le principal inconv\u00e9nient est le risque de saignements plus ou moins g\u00eanants qui peuvent amener \u00e0 son retrait. Lorsque tout va bien il n\u2019y a pas de r\u00e8gles (ce qui est un avantage).<\/p>\n\n\n\n<figure class=\"wp-block-image is-resized\"><img loading=\"lazy\" decoding=\"async\" src=\"http:\/\/gyneobs.com\/site\/wp-content\/uploads\/2019\/06\/image-157.png\" alt=\"\" class=\"wp-image-463\" width=\"564\" height=\"291\" srcset=\"http:\/\/gyneobs.com\/site\/wp-content\/uploads\/2019\/06\/image-157.png 382w, http:\/\/gyneobs.com\/site\/wp-content\/uploads\/2019\/06\/image-157-300x155.png 300w\" sizes=\"auto, (max-width: 564px) 100vw, 564px\" \/><\/figure>\n\n\n\n<figure class=\"wp-block-image is-resized\"><img loading=\"lazy\" decoding=\"async\" src=\"http:\/\/gyneobs.com\/site\/wp-content\/uploads\/2019\/06\/image-158.png\" alt=\"\" class=\"wp-image-464\" width=\"557\" height=\"416\"\/><\/figure>\n\n\n\n<figure class=\"wp-block-image is-resized\"><img loading=\"lazy\" decoding=\"async\" src=\"http:\/\/gyneobs.com\/site\/wp-content\/uploads\/2019\/06\/image-159.png\" alt=\"\" class=\"wp-image-465\" width=\"568\" height=\"305\" srcset=\"http:\/\/gyneobs.com\/site\/wp-content\/uploads\/2019\/06\/image-159.png 445w, http:\/\/gyneobs.com\/site\/wp-content\/uploads\/2019\/06\/image-159-300x161.png 300w\" sizes=\"auto, (max-width: 568px) 100vw, 568px\" \/><figcaption>Mise en place du nexplanon<em>\u00ae<\/em><\/figcaption><\/figure>\n\n\n\n<p><strong>&nbsp;&nbsp;&nbsp;&nbsp;&nbsp;&nbsp;&nbsp;&nbsp;&nbsp;&nbsp;&nbsp; C-Les progestatifs injectables<\/strong><\/p>\n\n\n\n<p>&nbsp;Il s\u2019agit d\u2019injections de Medroxyprogest\u00e9rone \u00e0 faire tous les trois mois. C\u2019est une m\u00e9thode peu utilis\u00e9e, donnant fr\u00e9quemment des saignements.<\/p>\n\n\n\n<figure class=\"wp-block-image is-resized\"><img loading=\"lazy\" decoding=\"async\" src=\"http:\/\/gyneobs.com\/site\/wp-content\/uploads\/2019\/06\/image-160.png\" alt=\"\" class=\"wp-image-466\" width=\"569\" height=\"269\" srcset=\"http:\/\/gyneobs.com\/site\/wp-content\/uploads\/2019\/06\/image-160.png 385w, http:\/\/gyneobs.com\/site\/wp-content\/uploads\/2019\/06\/image-160-300x142.png 300w\" sizes=\"auto, (max-width: 569px) 100vw, 569px\" \/><\/figure>\n\n\n\n<figure class=\"wp-block-image is-resized\"><img loading=\"lazy\" decoding=\"async\" src=\"http:\/\/gyneobs.com\/site\/wp-content\/uploads\/2019\/06\/image-161.png\" alt=\"\" class=\"wp-image-467\" width=\"500\" height=\"383\"\/><\/figure>\n\n\n\n<p>&nbsp;&nbsp;&nbsp;&nbsp;&nbsp;&nbsp;&nbsp;&nbsp;&nbsp;&nbsp;&nbsp; <strong>D-Les patchs<\/strong><\/p>\n\n\n\n<p>On dispose du patc Evra \u00ae. C\u2019est un dispositif transdermique contenant de l\u2019Ethinylestradiol et de la Norelgestromine qui se change toutes les semaines avec un arr\u00eat une semaine sur quatre, un peu comme la pilule, mais il s\u2019agit l\u00e0 d\u2019une contraception de moyenne dur\u00e9e. Les contre-indications sont les m\u00eames que pour la pilule estroprogestative.<\/p>\n\n\n\n<figure class=\"wp-block-image is-resized\"><img loading=\"lazy\" decoding=\"async\" src=\"http:\/\/gyneobs.com\/site\/wp-content\/uploads\/2019\/06\/image-162.png\" alt=\"\" class=\"wp-image-468\" width=\"561\" height=\"306\" srcset=\"http:\/\/gyneobs.com\/site\/wp-content\/uploads\/2019\/06\/image-162.png 432w, http:\/\/gyneobs.com\/site\/wp-content\/uploads\/2019\/06\/image-162-300x164.png 300w\" sizes=\"auto, (max-width: 561px) 100vw, 561px\" \/><\/figure>\n\n\n\n<p>&nbsp;&nbsp;&nbsp;&nbsp;&nbsp;&nbsp;&nbsp;&nbsp;&nbsp;&nbsp;&nbsp;<strong> E-L\u2019anneau vaginal<\/strong><\/p>\n\n\n\n<p>&nbsp;C\u2019est le Nuvaring \u00ae. Il s\u2019agit d\u2019un anneau vaginal lib\u00e9rant pendant trois semaines de l\u2019Ethinylestradiol et de l\u2019Etonogestrel. La femme peut elle-m\u00eame le mettre en place dans le vagin en choisissant la position lui paraissant la plus confortable, par exemple debout avec une jambe relev\u00e9e, accroupie ou couch\u00e9e. L\u2019anneau doit \u00eatre pinc\u00e9 et ins\u00e9r\u00e9 dans le vagin jusqu&rsquo;\u00e0 ce qu&rsquo;aucune g\u00eane ne soit per\u00e7ue. L&rsquo;effet contraceptif de l&rsquo;anneau est assur\u00e9 quelle que soit sa place dans le vagin.<\/p>\n\n\n\n<p>Une fois ins\u00e9r\u00e9 dans le vagin, il est laiss\u00e9 en place sans interruption pendant 3 semaines. Il doit \u00eatre retir\u00e9 apr\u00e8s 3 semaines d&rsquo;utilisation, le m\u00eame jour de la semaine que celui o\u00f9 il a \u00e9t\u00e9 ins\u00e9r\u00e9.<\/p>\n\n\n\n<p>Apr\u00e8s une p\u00e9riode d&rsquo;une semaine sans anneau, un nouvel anneau est ins\u00e9r\u00e9. Il peut \u00eatre retir\u00e9 soit en passant l&rsquo;index sous l&rsquo;anneau, soit en le saisissant entre l&rsquo;index et le majeur.<\/p>\n\n\n\n<figure class=\"wp-block-image is-resized\"><img loading=\"lazy\" decoding=\"async\" src=\"http:\/\/gyneobs.com\/site\/wp-content\/uploads\/2019\/06\/image-163.png\" alt=\"\" class=\"wp-image-469\" width=\"576\" height=\"282\" srcset=\"http:\/\/gyneobs.com\/site\/wp-content\/uploads\/2019\/06\/image-163.png 444w, http:\/\/gyneobs.com\/site\/wp-content\/uploads\/2019\/06\/image-163-300x147.png 300w\" sizes=\"auto, (max-width: 576px) 100vw, 576px\" \/><figcaption>Nuvaring<\/figcaption><\/figure>\n\n\n\n<figure class=\"wp-block-image\"><img loading=\"lazy\" decoding=\"async\" width=\"570\" height=\"367\" src=\"http:\/\/gyneobs.com\/site\/wp-content\/uploads\/2019\/06\/image-164.png\" alt=\"\" class=\"wp-image-470\" srcset=\"http:\/\/gyneobs.com\/site\/wp-content\/uploads\/2019\/06\/image-164.png 570w, http:\/\/gyneobs.com\/site\/wp-content\/uploads\/2019\/06\/image-164-300x193.png 300w, http:\/\/gyneobs.com\/site\/wp-content\/uploads\/2019\/06\/image-164-419x270.png 419w\" sizes=\"auto, (max-width: 570px) 100vw, 570px\" \/><figcaption><strong>M<\/strong><em><strong>ise en place du Nuvaring \u00ae<\/strong><\/em><\/figcaption><\/figure>\n\n\n\n<h2 class=\"wp-block-heading\">Les dispositifs intra-ut\u00e9rins (st\u00e9rilets)<\/h2>\n\n\n\n<p>Voir le chapitre: st\u00e9rilets.<\/p>\n\n\n\n<h2 class=\"wp-block-heading\">La contraception d&rsquo;urgence: <\/h2>\n\n\n\n<p>voir ce chapitre.<\/p>\n\n\n\n<h2 class=\"wp-block-heading\"><strong>Le choix d\u2019une contraception<\/strong><\/h2>\n\n\n\n<p>La contraception ne doit pas \u00eatre impos\u00e9e. Le r\u00f4le du m\u00e9decin doit \u00eatre de la proposer, d&rsquo;informer et d&rsquo;en faire respecter les \u00e9ventuelles contre-indications. C&rsquo;est \u00e0 la femme (ou au couple) que doit revenir la d\u00e9cision et le choix d&rsquo;une m\u00e9thode.<\/p>\n\n\n\n<p>Les r\u00e9sistances \u00e0 la contraception<\/p>\n\n\n\n<p>De par ses implications sur la population, la contraception est un enjeu philosophique, religieux et politique majeur, fortement sujet \u00e0 pol\u00e9miques.<\/p>\n\n\n\n<p>La contraception a longtemps \u00e9t\u00e9 consid\u00e9r\u00e9e comme ind\u00e9sirable, et parfois interdite, chaque humain suppl\u00e9mentaire \u00e9tant consid\u00e9r\u00e9 comme une richesse et les rapports sexuels en tant que plaisir \u00e9tant consid\u00e9r\u00e9s parfois comme honteux et r\u00e9primables. Au XXe si\u00e8cle, les mouvements de lib\u00e9ration sexuelle occidentaux ont fait \u00e9voluer cette perception. La contraception est maintenant souvent per\u00e7ue comme un moyen de ma\u00eetrise individuelle de la f\u00e9condit\u00e9 et de la reproduction permettant l&rsquo;\u00e9panouissement individuel.<\/p>\n\n\n\n<p>Certaines religions refusent l&rsquo;usage de la contraception. N&rsquo;oublions pas qu&rsquo;en France par exemple, la precription m\u00e9dicale et la promotion de la contraception \u00e9tait l\u00e9galement interdite&nbsp; jusqu&rsquo;en 1967. Par la suite, le d\u00e9veloppement de la contraception a \u00e9t\u00e9 est all\u00e9 de pair avec une certaine lib\u00e9ration des femmes leur donnant une ma\u00eetrise de la f\u00e9condit\u00e9 qui \u00e9tait auparavant plus contr\u00f4l\u00e9e par les hommes. Tout ce poids historique et culturel, ajout\u00e9 \u00e0 une certaine m\u00e9connaissance (y compris parmi le corps m\u00e9dical) du fonctionnement des traitements hormonaux, m\u00e9connaissance qui a \u00e9t\u00e9 entretenue par certaines affaires comme celle de la Thalidomide ou par les effets n\u00e9gatifs \u00e9vidents de certaines classes de progestatifs de synth\u00e8se, font qu&rsquo;il existe un peu partout une certaine r\u00e9ticence aux traitement hormonaux en g\u00e9n\u00e9ral et \u00e0 la contraception orale en particulier.<\/p>\n\n\n\n<p><strong>Tableau r\u00e9capitulatif des diff\u00e9rentes m\u00e9thodes contraceptives:<\/strong><\/p>\n\n\n\n<figure class=\"wp-block-image\"><img loading=\"lazy\" decoding=\"async\" width=\"674\" height=\"389\" src=\"http:\/\/gyneobs.com\/site\/wp-content\/uploads\/2019\/06\/image-165.png\" alt=\"\" class=\"wp-image-471\" srcset=\"http:\/\/gyneobs.com\/site\/wp-content\/uploads\/2019\/06\/image-165.png 674w, http:\/\/gyneobs.com\/site\/wp-content\/uploads\/2019\/06\/image-165-300x173.png 300w, http:\/\/gyneobs.com\/site\/wp-content\/uploads\/2019\/06\/image-165-468x270.png 468w\" sizes=\"auto, (max-width: 674px) 100vw, 674px\" \/><\/figure>\n\n\n\n<figure class=\"wp-block-image\"><img loading=\"lazy\" decoding=\"async\" width=\"674\" height=\"389\" src=\"http:\/\/gyneobs.com\/site\/wp-content\/uploads\/2019\/06\/image-166.png\" alt=\"\" class=\"wp-image-472\" srcset=\"http:\/\/gyneobs.com\/site\/wp-content\/uploads\/2019\/06\/image-166.png 674w, http:\/\/gyneobs.com\/site\/wp-content\/uploads\/2019\/06\/image-166-300x173.png 300w, http:\/\/gyneobs.com\/site\/wp-content\/uploads\/2019\/06\/image-166-468x270.png 468w\" sizes=\"auto, (max-width: 674px) 100vw, 674px\" \/><\/figure>\n\n\n\n<figure class=\"wp-block-image\"><img loading=\"lazy\" decoding=\"async\" width=\"674\" height=\"272\" src=\"http:\/\/gyneobs.com\/site\/wp-content\/uploads\/2019\/06\/image-167.png\" alt=\"\" class=\"wp-image-473\" srcset=\"http:\/\/gyneobs.com\/site\/wp-content\/uploads\/2019\/06\/image-167.png 674w, http:\/\/gyneobs.com\/site\/wp-content\/uploads\/2019\/06\/image-167-300x121.png 300w, http:\/\/gyneobs.com\/site\/wp-content\/uploads\/2019\/06\/image-167-604x244.png 604w\" sizes=\"auto, (max-width: 674px) 100vw, 674px\" \/><\/figure>\n\n\n\n<figure class=\"wp-block-image\"><img loading=\"lazy\" decoding=\"async\" width=\"674\" height=\"58\" src=\"http:\/\/gyneobs.com\/site\/wp-content\/uploads\/2019\/06\/image-168.png\" alt=\"\" class=\"wp-image-474\" srcset=\"http:\/\/gyneobs.com\/site\/wp-content\/uploads\/2019\/06\/image-168.png 674w, http:\/\/gyneobs.com\/site\/wp-content\/uploads\/2019\/06\/image-168-300x26.png 300w, http:\/\/gyneobs.com\/site\/wp-content\/uploads\/2019\/06\/image-168-604x52.png 604w\" sizes=\"auto, (max-width: 674px) 100vw, 674px\" \/><\/figure>\n\n\n\n<p><strong>Classement des m\u00e9thodes en fonction du crit\u00e8re \u00abefficacit\u00e9\u00bb:<\/strong><br><\/p>\n\n\n\n<figure class=\"wp-block-image\"><img loading=\"lazy\" decoding=\"async\" width=\"614\" height=\"742\" src=\"https:\/\/gyneobs.com\/site\/wp-content\/uploads\/2019\/07\/Capture-d\u2019\u00e9cran-2019-07-08-\u00e0-10.20.19.png\" alt=\"\" class=\"wp-image-2199\" srcset=\"http:\/\/gyneobs.com\/site\/wp-content\/uploads\/2019\/07\/Capture-d\u2019\u00e9cran-2019-07-08-\u00e0-10.20.19.png 614w, http:\/\/gyneobs.com\/site\/wp-content\/uploads\/2019\/07\/Capture-d\u2019\u00e9cran-2019-07-08-\u00e0-10.20.19-248x300.png 248w\" sizes=\"auto, (max-width: 614px) 100vw, 614px\" \/><\/figure>\n","protected":false},"excerpt":{"rendered":"<p>La contraception repr\u00e9sente l\u2019ensemble des m\u00e9thodes destin\u00e9es \u00e0 \u00e9viter les grossesses non d\u00e9sir\u00e9es et par voie de cons\u00e9quence les avortements volontaires. Une m\u00e9thode contraceptive se doit de remplir le mieux possible les conditions suivantes&nbsp;: &nbsp;&nbsp;&nbsp; -efficacit\u00e9&nbsp;: l\u2019efficacit\u00e9 s\u2019exprime par l\u2019indice de Pearl, c\u2019est-\u00e0-dire le pourcentage de grossesses&nbsp; (d\u2019\u00e9chec) par \u00ab&nbsp;ann\u00e9e-femme&nbsp;\u00bb. Une \u00ab&nbsp;ann\u00e9e-femme correspond \u00e0 12 [&hellip;]<\/p>\n","protected":false},"author":1,"featured_media":0,"parent":50,"menu_order":0,"comment_status":"closed","ping_status":"closed","template":"","meta":{"_exactmetrics_skip_tracking":false,"_exactmetrics_sitenote_active":false,"_exactmetrics_sitenote_note":"","_exactmetrics_sitenote_category":0,"footnotes":""},"class_list":["post-453","page","type-page","status-publish","hentry","post"],"_links":{"self":[{"href":"http:\/\/gyneobs.com\/site\/wp-json\/wp\/v2\/pages\/453","targetHints":{"allow":["GET"]}}],"collection":[{"href":"http:\/\/gyneobs.com\/site\/wp-json\/wp\/v2\/pages"}],"about":[{"href":"http:\/\/gyneobs.com\/site\/wp-json\/wp\/v2\/types\/page"}],"author":[{"embeddable":true,"href":"http:\/\/gyneobs.com\/site\/wp-json\/wp\/v2\/users\/1"}],"replies":[{"embeddable":true,"href":"http:\/\/gyneobs.com\/site\/wp-json\/wp\/v2\/comments?post=453"}],"version-history":[{"count":2,"href":"http:\/\/gyneobs.com\/site\/wp-json\/wp\/v2\/pages\/453\/revisions"}],"predecessor-version":[{"id":2200,"href":"http:\/\/gyneobs.com\/site\/wp-json\/wp\/v2\/pages\/453\/revisions\/2200"}],"up":[{"embeddable":true,"href":"http:\/\/gyneobs.com\/site\/wp-json\/wp\/v2\/pages\/50"}],"wp:attachment":[{"href":"http:\/\/gyneobs.com\/site\/wp-json\/wp\/v2\/media?parent=453"}],"curies":[{"name":"wp","href":"https:\/\/api.w.org\/{rel}","templated":true}]}}