{"id":396,"date":"2019-06-30T21:55:04","date_gmt":"2019-06-30T19:55:04","guid":{"rendered":"http:\/\/gyneobs.com\/site\/?page_id=396"},"modified":"2019-07-01T18:57:45","modified_gmt":"2019-07-01T16:57:45","slug":"amenorrhee-primaire","status":"publish","type":"page","link":"http:\/\/gyneobs.com\/site\/articles\/puberte-menopause\/amenorrhee-primaire\/","title":{"rendered":"Am\u00e9norrh\u00e9e primaire"},"content":{"rendered":"\n<p class=\"has-drop-cap\">Le retard pubertaire chez la fille se d\u00e9finit par l\u2019absence de d\u00e9veloppement des seins apr\u00e8s l\u2019\u00e2ge de 13 ans et\/ou l\u2019absence de survenue des menstruations apr\u00e8s l\u2019\u00e2ge de 16 ans ou 4 ans apr\u00e8s le d\u00e9but du d\u00e9veloppement mammaire.<\/p>\n\n\n\n<p>Il existe donc deux situations : l\u2019impub\u00e9risme (absence de d\u00e9veloppement des seins) et l\u2019am\u00e9norrh\u00e9e primaire (d\u00e9veloppement des seins pr\u00e9sents, mais pas de r\u00e8gles).<\/p>\n\n\n\n<p>Nous traitons dans ce chapitre des am\u00e9norrh\u00e9es primaires.<\/p>\n\n\n\n<h2 class=\"wp-block-heading\"><strong>D\u00e9finition<\/strong><\/h2>\n\n\n\n<p>L&rsquo;am\u00e9norrh\u00e9e primaire est d\u00e9finie par l&rsquo;absence de r\u00e8gles \u00e0 l\u2019\u00e2ge de 16 ans. Elle est \u00e0 diff\u00e9rencier de l\u2019am\u00e9norrh\u00e9e secondairearr\u00eat qui est un des r\u00e8gles pendant plus de 3 mois chez une femme ant\u00e9rieurement bien r\u00e9gl\u00e9e.<\/p>\n\n\n\n<h2 class=\"wp-block-heading\"><strong>Conduite \u00e0 tenir et causes<\/strong><\/h2>\n\n\n\n<p>Devant toute am\u00e9norrh\u00e9e primaire, il faut en premier lieu rechercher une malformation des organes g\u00e9nitaux par un examen de la vulve et des signes d\u2019hyperandrog\u00e9nie. L\u2019\u00e9chographie pelvienne est toujours n\u00e9cessaire. Le bilan hormonal est orient\u00e9 par la clinique. Il comprend g\u00e9n\u00e9ralement: SFH,LH,estradiol, prolactine et les androg\u00e8nes: testost\u00e9rone, \u03944-androst\u00e8nedione, 17\u03b1-hydroxyprogest\u00e9rone, sulfate de d\u00e9hydro\u00e9piandrost\u00e9rone.&nbsp; La radiographie de la main est prescrite en cas d\u2019impub\u00e9risme associ\u00e9 \u00e0 l\u2019am\u00e9norrh\u00e9e primaire. Elle permet de d\u00e9finir l\u2019\u00e2ge osseux. Le s\u00e9samo\u00efde du pouce appara\u00eet pour un \u00e2ge osseux de 13 ans. Si le s\u00e9samo\u00efde du pouce est absent, il s\u2019agit d\u2019un retard pubertaire.<\/p>\n\n\n\n<figure class=\"wp-block-image\"><img loading=\"lazy\" decoding=\"async\" width=\"655\" height=\"350\" src=\"http:\/\/gyneobs.com\/site\/wp-content\/uploads\/2019\/06\/image-130.png\" alt=\"\" class=\"wp-image-397\" srcset=\"http:\/\/gyneobs.com\/site\/wp-content\/uploads\/2019\/06\/image-130.png 655w, http:\/\/gyneobs.com\/site\/wp-content\/uploads\/2019\/06\/image-130-300x160.png 300w, http:\/\/gyneobs.com\/site\/wp-content\/uploads\/2019\/06\/image-130-505x270.png 505w\" sizes=\"auto, (max-width: 655px) 100vw, 655px\" \/><figcaption><em>\u00a0\u00a0 <strong>Conduite \u00e0 tenir devant une am\u00e9norrh\u00e9e primaire<\/strong><\/em><\/figcaption><\/figure>\n\n\n\n<p>&nbsp;On peut distinguer trois cas de figures:<\/p>\n\n\n\n<p>&nbsp;&nbsp; &nbsp; &nbsp; <strong>1-l n\u2019y a pas de signes d\u2019hyperandrog\u00e9nie, le d\u00e9veloppement des caract\u00e8res sexuels secondaires est normal et complet<\/strong> (stade tanner S5 P5), il faut rechercher une anomalie des organes g\u00e9nitaux :<\/p>\n\n\n\n<p>&nbsp; &nbsp; &nbsp; &nbsp; -L\u2019imperforation hym\u00e9nale est r\u00e9v\u00e9l\u00e9e le plus souvent par des douleurs abdominales cycliques et la constitution d\u2019un h\u00e9matocolpos provoquant un bombement bleut\u00e9 de l\u2019hymen et une masse pelvi-abdominale palpable parfois par voie abdominale et toujours par le toucher rectal.<\/p>\n\n\n\n<p>&nbsp; &nbsp; &nbsp; &nbsp; -Le syndrome de Rokitanski est une aplasie ut\u00e9ro-vaginal. La vulve est normale, mais le vagin est court. L\u2019aplasie ut\u00e9rine est compl\u00e8te, mais peut \u00eatre partielle. Le diagnostic est clinique et \u00e9chographique.<\/p>\n\n\n\n<p>&nbsp;&nbsp; &nbsp; <strong>2-Il n\u2019y a pas de signes d\u2019hyperandrog\u00e9nie, le d\u00e9veloppement des caract\u00e8res sexuels secondaires est incomplet avec une pilosit\u00e9 pubienne absente ou faible contrastant avec un d\u00e9veloppement normal des seins<\/strong> (stade tanner S5 P1-2). On suspecte alors une r\u00e9sistance compl\u00e8te aux androg\u00e8nes : il faut rechercher des gonades en position inguinale, un ant\u00e9c\u00e9dent de hernie inguinale en p\u00e9riode n\u00e9onatale. L\u2019\u00e9chographie ne retrouve pas d\u2019ut\u00e9rus et montre des gonades (testicules) en position inguinale. Le caryotype est 46 XY. Le bilan montre un taux de testost\u00e9rone tr\u00e8s \u00e9lev\u00e9, un taux de LH \u00e9lev\u00e9. Il existe une mutation du g\u00e8ne du r\u00e9cepteur aux androg\u00e8nes, localis\u00e9e sur le chromosome X. Il s\u2019agit d\u2019un<strong> syndrome d\u2019insensibilit\u00e9 aux estrog\u00e8nes ou syndrome du testicule f\u00e9minisant.<\/strong><\/p>\n\n\n\n<p>&nbsp; &nbsp; <strong>3-La pr\u00e9sence d\u2019une hyperandrog\u00e9nie clinique&nbsp;<\/strong>(hirsutisme, acn\u00e9) doit faire rechercher :<\/p>\n\n\n\n<p>&nbsp; &nbsp; &nbsp; &nbsp; a-Un trouble de l\u2019hormonosynth\u00e8se surr\u00e9nalienne \u00e0 r\u00e9v\u00e9lation tardive par :<\/p>\n\n\n\n<p>&nbsp; &nbsp; &nbsp; &nbsp; &nbsp; &nbsp; -bloc en 21-hydroxylase&nbsp;(hirsutisme dans 85 % des cas, am\u00e9norrh\u00e9e dans 15 % des cas). Biologiquement, le taux de 17-OHP est \u00e9lev\u00e9 surtout apr\u00e8s stimulation par le synacth\u00e8ne (ACTH) ;<\/p>\n\n\n\n<p>&nbsp; &nbsp; &nbsp; &nbsp; &nbsp; &nbsp; -bloc en 11b-hydroxylase, plus rare et tr\u00e8s souvent associ\u00e9 \u00e0 une hypertension art\u00e9rielle. Le diagnostic est fait sur l\u2019\u00e9l\u00e9vation du compos\u00e9 S de base et apr\u00e8s stimulation par le synacth\u00e8ne.<\/p>\n\n\n\n<p>&nbsp; &nbsp; &nbsp; &nbsp; b-Un syndrome des ovaires polykystiques associant un hirsutisme, souvent une ob\u00e9sit\u00e9, et parfois un acanthosis nigricans. Les androg\u00e8nes (testost\u00e9rone, delta 4-androst\u00e8nedione) sont \u00e9lev\u00e9s. La SHBG (sex hormone binding globulin) est souvent abaiss\u00e9e. Dans un grand nombre de cas, il existe une insulinor\u00e9sistance avec hyperinsulin\u00e9mie et parfois intol\u00e9rance au glucose. \u00c0 l\u2019\u00e9chographie pelvienne, les ovaires sont augment\u00e9s de volume, globuleux avec un stroma hypertrophi\u00e9 et une \u00e9chostructure multifolliculaire, mais ces diff\u00e9rents crit\u00e8res ne sont pas toujours r\u00e9unis.<\/p>\n\n\n\n<p>&nbsp;&nbsp;Toutes les causes d\u2019hypogonadisme \u00e0 l\u2019origine d\u2019un retard pubertaire&nbsp;peuvent \u00eatre responsables d\u2019une am\u00e9norrh\u00e9e primaire lorsque l\u2019hypogonadisme est incomplet ou survient en cours de pubert\u00e9.&nbsp;&nbsp;<\/p>\n","protected":false},"excerpt":{"rendered":"<p>Le retard pubertaire chez la fille se d\u00e9finit par l\u2019absence de d\u00e9veloppement des seins apr\u00e8s l\u2019\u00e2ge de 13 ans et\/ou l\u2019absence de survenue des menstruations apr\u00e8s l\u2019\u00e2ge de 16 ans ou 4 ans apr\u00e8s le d\u00e9but du d\u00e9veloppement mammaire. Il existe donc deux situations : l\u2019impub\u00e9risme (absence de d\u00e9veloppement des seins) et l\u2019am\u00e9norrh\u00e9e primaire (d\u00e9veloppement [&hellip;]<\/p>\n","protected":false},"author":1,"featured_media":0,"parent":1311,"menu_order":2,"comment_status":"closed","ping_status":"closed","template":"","meta":{"_exactmetrics_skip_tracking":false,"_exactmetrics_sitenote_active":false,"_exactmetrics_sitenote_note":"","_exactmetrics_sitenote_category":0,"footnotes":""},"class_list":["post-396","page","type-page","status-publish","hentry","post"],"_links":{"self":[{"href":"http:\/\/gyneobs.com\/site\/wp-json\/wp\/v2\/pages\/396","targetHints":{"allow":["GET"]}}],"collection":[{"href":"http:\/\/gyneobs.com\/site\/wp-json\/wp\/v2\/pages"}],"about":[{"href":"http:\/\/gyneobs.com\/site\/wp-json\/wp\/v2\/types\/page"}],"author":[{"embeddable":true,"href":"http:\/\/gyneobs.com\/site\/wp-json\/wp\/v2\/users\/1"}],"replies":[{"embeddable":true,"href":"http:\/\/gyneobs.com\/site\/wp-json\/wp\/v2\/comments?post=396"}],"version-history":[{"count":1,"href":"http:\/\/gyneobs.com\/site\/wp-json\/wp\/v2\/pages\/396\/revisions"}],"predecessor-version":[{"id":398,"href":"http:\/\/gyneobs.com\/site\/wp-json\/wp\/v2\/pages\/396\/revisions\/398"}],"up":[{"embeddable":true,"href":"http:\/\/gyneobs.com\/site\/wp-json\/wp\/v2\/pages\/1311"}],"wp:attachment":[{"href":"http:\/\/gyneobs.com\/site\/wp-json\/wp\/v2\/media?parent=396"}],"curies":[{"name":"wp","href":"https:\/\/api.w.org\/{rel}","templated":true}]}}