{"id":2571,"date":"2020-01-09T19:19:57","date_gmt":"2020-01-09T18:19:57","guid":{"rendered":"http:\/\/gyneobs.com\/site\/?page_id=2571"},"modified":"2020-01-10T16:19:03","modified_gmt":"2020-01-10T15:19:03","slug":"bilan-urodynamique","status":"publish","type":"page","link":"http:\/\/gyneobs.com\/site\/articles\/vulve-vagin-perinee\/bilan-urodynamique\/","title":{"rendered":"Le bilan urodynamique"},"content":{"rendered":"\n<p>Le bilan urodynamique&nbsp;est un examen compos\u00e9 de plusieurs tests permettant de mesurer les volumes, les pressions et les d\u00e9bits urinaires dans le but de d\u00e9terminer l\u2019origine d\u2019une incontinence urinaire lorsque les divers examens (cliniques, imageries, biologiques) n\u2019ont pas permis de la comprendre. Parfois, il comprend \u00e9galement la mesure de l\u2019activit\u00e9 \u00e9lectrique du p\u00e9rin\u00e9e. Il n&rsquo;est donc pas syst\u00e9matique.<\/p>\n\n\n\n<div class=\"wp-block-image\"><figure class=\"alignleft size-large is-resized\"><img loading=\"lazy\" decoding=\"async\" src=\"https:\/\/gyneobs.com\/site\/wp-content\/uploads\/2020\/01\/Capture-d\u2019\u00e9cran-2020-01-10-\u00e0-15.25.05.png\" alt=\"\" class=\"wp-image-2589\" width=\"225\" height=\"334\" srcset=\"http:\/\/gyneobs.com\/site\/wp-content\/uploads\/2020\/01\/Capture-d\u2019\u00e9cran-2020-01-10-\u00e0-15.25.05.png 229w, http:\/\/gyneobs.com\/site\/wp-content\/uploads\/2020\/01\/Capture-d\u2019\u00e9cran-2020-01-10-\u00e0-15.25.05-202x300.png 202w\" sizes=\"auto, (max-width: 225px) 100vw, 225px\" \/><figcaption><strong><em>Exemple de colonne d&rsquo;urodynamique<\/em><\/strong><\/figcaption><\/figure><\/div>\n\n\n\n<p>Il comprend diff\u00e9rents temps: la d\u00e9bim\u00e9trie, la cystomanom\u00e9trie, la prifilom\u00e9trie statique et dynamique et \u00e9ventuellement un \u00e9lectromyogramme.<\/p>\n\n\n\n<h2 class=\"wp-block-heading\">I-La D\u00e9bim\u00e9trie<\/h2>\n\n\n\n<div class=\"wp-block-image\"><figure class=\"aligncenter size-large\"><img loading=\"lazy\" decoding=\"async\" width=\"629\" height=\"251\" src=\"https:\/\/gyneobs.com\/site\/wp-content\/uploads\/2020\/01\/Capture-d\u2019\u00e9cran-2020-01-09-\u00e0-17.50.23.png\" alt=\"\" class=\"wp-image-2572\" srcset=\"http:\/\/gyneobs.com\/site\/wp-content\/uploads\/2020\/01\/Capture-d\u2019\u00e9cran-2020-01-09-\u00e0-17.50.23.png 629w, http:\/\/gyneobs.com\/site\/wp-content\/uploads\/2020\/01\/Capture-d\u2019\u00e9cran-2020-01-09-\u00e0-17.50.23-300x120.png 300w\" sizes=\"auto, (max-width: 629px) 100vw, 629px\" \/><figcaption><strong><em>D\u00e9bim\u00e9trie: mat\u00e9riel et installation<\/em><\/strong><\/figcaption><\/figure><\/div>\n\n\n\n<p>C\u2019est l\u2019enregistrement du d\u00e9bit urinaire au cours d\u2019une miction. Il est r\u00e9alis\u00e9 sur des toilettes sp\u00e9ciales qui enregistrent la puissance du jet, la r\u00e9gularit\u00e9 de la miction et le volume urin\u00e9. Le r\u00e9cepteur de l\u2019urine peut \u00eatre \u00e0 disque rotatif ou \u00e0 syst\u00e8me de pes\u00e9e en fonction du temps. Les donn\u00e9es sont retransmises sur un \u00e9cran. On demande une miction en un seul jet.<\/p>\n\n\n\n<p>On obtient normalement une courbe \u00ab&nbsp;en cloche&nbsp;\u00bb de d\u00e9bit en ml\/seconde et le volume urin\u00e9. On mesure ensuite le r\u00e9sidu post-mictionnel (soit lors du sondage, soit par \u00e9chographie) qui doit \u00eatre inf\u00e9rieur \u00e0 50cc. Le d\u00e9bit maximum (Qmax) est &gt;15ml\/s, normalement de l&rsquo;ordre de 25ml\/s.  et le volume sup\u00e9rieur \u00e0 120ml.<\/p>\n\n\n\n<figure class=\"wp-block-image size-large\"><img loading=\"lazy\" decoding=\"async\" width=\"662\" height=\"780\" src=\"https:\/\/gyneobs.com\/site\/wp-content\/uploads\/2020\/01\/Capture-d\u2019\u00e9cran-2020-01-09-\u00e0-17.39.59.png\" alt=\"\" class=\"wp-image-2573\" srcset=\"http:\/\/gyneobs.com\/site\/wp-content\/uploads\/2020\/01\/Capture-d\u2019\u00e9cran-2020-01-09-\u00e0-17.39.59.png 662w, http:\/\/gyneobs.com\/site\/wp-content\/uploads\/2020\/01\/Capture-d\u2019\u00e9cran-2020-01-09-\u00e0-17.39.59-255x300.png 255w\" sizes=\"auto, (max-width: 662px) 100vw, 662px\" \/><figcaption>D\u00e9bim\u00e9trie normale<\/figcaption><\/figure>\n\n\n\n<p>La d\u00e9bim\u00e9trie sert \u00e0 mettre en \u00e9vidence une dysurie (difficult\u00e9 \u00e0 vidanger la vessie)&nbsp;: attente pour uriner, n\u00e9cessit\u00e9 de pousser, aspect polyphasique, baisse du d\u00e9bit, pr\u00e9sence d\u2019un r\u00e9sidu.<\/p>\n\n\n\n<figure class=\"wp-block-image size-large\"><img loading=\"lazy\" decoding=\"async\" width=\"1024\" height=\"564\" src=\"https:\/\/gyneobs.com\/site\/wp-content\/uploads\/2020\/01\/Capture-d\u2019\u00e9cran-2020-01-09-\u00e0-17.46.37-1024x564.png\" alt=\"\" class=\"wp-image-2574\" srcset=\"http:\/\/gyneobs.com\/site\/wp-content\/uploads\/2020\/01\/Capture-d\u2019\u00e9cran-2020-01-09-\u00e0-17.46.37-1024x564.png 1024w, http:\/\/gyneobs.com\/site\/wp-content\/uploads\/2020\/01\/Capture-d\u2019\u00e9cran-2020-01-09-\u00e0-17.46.37-300x165.png 300w, http:\/\/gyneobs.com\/site\/wp-content\/uploads\/2020\/01\/Capture-d\u2019\u00e9cran-2020-01-09-\u00e0-17.46.37-768x423.png 768w, http:\/\/gyneobs.com\/site\/wp-content\/uploads\/2020\/01\/Capture-d\u2019\u00e9cran-2020-01-09-\u00e0-17.46.37.png 1065w\" sizes=\"auto, (max-width: 1024px) 100vw, 1024px\" \/><figcaption><strong><em>Diff\u00e9rents types de dysurie<\/em><\/strong><\/figcaption><\/figure>\n\n\n\n<p>La d\u00e9bim\u00e9trie peut \u00eatre associ\u00e9e \u00e0 une mesure de la pression rectale gr\u00e0ace \u00e0 un cath\u00e9ter intra rectal car une pouss\u00e9e per-mictionnelle peut g\u00e9n\u00e9rer une courbe d\u00e9cim\u00e9trique faussement normale.<\/p>\n\n\n\n<h2 class=\"wp-block-heading\">II-La Cystomanom\u00e9trie<\/h2>\n\n\n\n<figure class=\"wp-block-image size-large\"><img loading=\"lazy\" decoding=\"async\" width=\"661\" height=\"595\" src=\"https:\/\/gyneobs.com\/site\/wp-content\/uploads\/2020\/01\/Capture-d\u2019\u00e9cran-2020-01-09-\u00e0-17.29.59.png\" alt=\"\" class=\"wp-image-2575\" srcset=\"http:\/\/gyneobs.com\/site\/wp-content\/uploads\/2020\/01\/Capture-d\u2019\u00e9cran-2020-01-09-\u00e0-17.29.59.png 661w, http:\/\/gyneobs.com\/site\/wp-content\/uploads\/2020\/01\/Capture-d\u2019\u00e9cran-2020-01-09-\u00e0-17.29.59-300x270.png 300w\" sizes=\"auto, (max-width: 661px) 100vw, 661px\" \/><figcaption><strong><em>Cystomanom\u00e9trie: installation<\/em><\/strong><\/figcaption><\/figure>\n\n\n\n<p>La cystomanom\u00e9trie mesure l&rsquo;augmentation de la pression intra v\u00e9sicale lors du remplissage tr\u00e8s progressif de la vessie (30 \u00e050 ml\/min)  (par la sonde urinaire) en m\u00eame temps que la pression intra abdominale (par un deuxi\u00e8me capteur de pression introduit dans le rectum). On va noter les  sensations de besoin (b1: premier besoin, b2: besoin plus important, b3: besoin urgent) apparaissant au cours du remplissage de la vessie. Normalement, b1 apparait \u00e0 250ml, b2 \u00e0 350ml et b3 \u00e0 450ml. On mesure \u00e9galement la compliance v\u00e9sicale c&rsquo;est-\u00e0 dire la capacit\u00e9 de distension de la vessie (on pourrait parler de complaisance de la vessie \u00e0 se laisser distendre) et elle peut mettre en \u00e9vidence des contractions non inhib\u00e9es. La pression intra-v\u00e9sicale augmente tr\u00e8s progressivment et l\u2019examen est arr\u00eat\u00e9 lorsque la sensation de besoin urgent est atteinte. Environ 500ml correspondent \u00e0 une capacit\u00e9 physiologique normale). La compliance normale est le rapport Volume \/ Pression = 30 \u00e0 50. La puissance de la contracte du d\u00e9trusor  doit \u00eatre de 30\u00e0 60cm d&rsquo;eau.<\/p>\n\n\n\n<figure class=\"wp-block-image size-large\"><img loading=\"lazy\" decoding=\"async\" width=\"782\" height=\"644\" src=\"https:\/\/gyneobs.com\/site\/wp-content\/uploads\/2020\/01\/Capture-d\u2019\u00e9cran-2020-01-09-\u00e0-18.06.55.png\" alt=\"\" class=\"wp-image-2576\" srcset=\"http:\/\/gyneobs.com\/site\/wp-content\/uploads\/2020\/01\/Capture-d\u2019\u00e9cran-2020-01-09-\u00e0-18.06.55.png 782w, http:\/\/gyneobs.com\/site\/wp-content\/uploads\/2020\/01\/Capture-d\u2019\u00e9cran-2020-01-09-\u00e0-18.06.55-300x247.png 300w, http:\/\/gyneobs.com\/site\/wp-content\/uploads\/2020\/01\/Capture-d\u2019\u00e9cran-2020-01-09-\u00e0-18.06.55-768x632.png 768w\" sizes=\"auto, (max-width: 782px) 100vw, 782px\" \/><figcaption><strong><em>Cystomanom\u00e9trie normale. La pression intra-v\u00e9sicale augmente tr\u00e8s progressivment et l\u2019examen est arr\u00eat\u00e9 lorsque la sensation de besoin urgent est atteinte (ici B3= 486 ml, ce qui correspond \u00e0 une capacit\u00e9 physiologique normale. Au d\u00e9but de l\u2019examen et \u00e0 plusieurs reprise pendant l\u2019examen, on demande au patient de tousser. Ceci d\u00e9clenche un pic de pression intra- abdominale (fl\u00e8che rouge) qui se r\u00e9percute enti\u00e8rement sur la pression intra-v\u00e9sicale (fl\u00e8che verte).<\/em><\/strong><\/figcaption><\/figure>\n\n\n\n<h4 class=\"wp-block-heading\">La vessie hyperactive (instabilit\u00e9 v\u00e9sicale)<\/h4>\n\n\n\n<p>On observe l&rsquo;apparition spontan\u00e9e, lors du remplissage, de pics de pression (&gt;15cm d&rsquo;eau), sans qu&rsquo;il y ait de pouss\u00e9e abdominale.<\/p>\n\n\n\n<figure class=\"wp-block-image size-large\"><img loading=\"lazy\" decoding=\"async\" width=\"750\" height=\"597\" src=\"https:\/\/gyneobs.com\/site\/wp-content\/uploads\/2020\/01\/Capture-d\u2019\u00e9cran-2020-01-09-\u00e0-18.12.53.png\" alt=\"\" class=\"wp-image-2577\" srcset=\"http:\/\/gyneobs.com\/site\/wp-content\/uploads\/2020\/01\/Capture-d\u2019\u00e9cran-2020-01-09-\u00e0-18.12.53.png 750w, http:\/\/gyneobs.com\/site\/wp-content\/uploads\/2020\/01\/Capture-d\u2019\u00e9cran-2020-01-09-\u00e0-18.12.53-300x239.png 300w\" sizes=\"auto, (max-width: 750px) 100vw, 750px\" \/><figcaption><strong><em>Instabilit\u00e9 v\u00e9sicale. La pression intra v\u00e9sicale augmente brutalement lorsque le remplissage v\u00e9sical atteint 131 ml (fl\u00e8che verte). Ce pic de pression n\u2019est pas concomitant d\u2019un pic de pression intra abdominal et correspond donc \u00e0 une v\u00e9ritable contraction isol\u00e9e du d\u00e9trusor (muscle lisse v\u00e9sical). A 428 ml de remplissage on note un deuxi\u00e8me pic de pression intra v\u00e9sicale qui s\u2019accompagne cette fois ci de fuites urinaires.<\/em><\/strong><\/figcaption><\/figure>\n\n\n\n<h4 class=\"wp-block-heading\">La perte de la complainte v\u00e9sicale<\/h4>\n\n\n\n<p>Lors du remplissage, la pression augmente rapidement provoquant vite des contractions v\u00e9sicales rapproch\u00e9es qui finissent par provoquer une fuite d&rsquo;urine. cela traduit l&rsquo;impossibilit\u00e9  de la vessie \u00e0 se distendre sufisament.<\/p>\n\n\n\n<figure class=\"wp-block-image size-large\"><img loading=\"lazy\" decoding=\"async\" width=\"742\" height=\"550\" src=\"https:\/\/gyneobs.com\/site\/wp-content\/uploads\/2020\/01\/Capture-d\u2019\u00e9cran-2020-01-09-\u00e0-18.17.50.png\" alt=\"\" class=\"wp-image-2578\" srcset=\"http:\/\/gyneobs.com\/site\/wp-content\/uploads\/2020\/01\/Capture-d\u2019\u00e9cran-2020-01-09-\u00e0-18.17.50.png 742w, http:\/\/gyneobs.com\/site\/wp-content\/uploads\/2020\/01\/Capture-d\u2019\u00e9cran-2020-01-09-\u00e0-18.17.50-300x222.png 300w\" sizes=\"auto, (max-width: 742px) 100vw, 742px\" \/><figcaption><strong><em>Baisse de la complainte v\u00e9sicale. la pente de pression intra v\u00e9sicale augmente trop rapidement en d\u00e9but d\u2019examen (lignes rouges) et se poursuit par de violentes contractions d\u00e9trusoriennes incontr\u00f4l\u00e9es et continues qui finissent par forcer la r\u00e9sistance sphinct\u00e9rienne ur\u00e9trale et d\u00e9clencher des fuites urinaires en jet.<\/em><\/strong><\/figcaption><\/figure>\n\n\n\n<h2 class=\"wp-block-heading\">III-La profilom\u00e9trique statique (chez la femme)<\/h2>\n\n\n\n<p>Elle consiste \u00e0 mesurer les variations de pression sur toute la longueur de l\u2019ur\u00e8tre jusqu&rsquo;au m\u00e9at ur\u00e9tral. Ce test \u00e9value les m\u00e9canismes sphinct\u00e9riens. Il s\u2019effectue en retirant progressivement la sonde \u00e0 1mm\/s (\u00e0 l&rsquo;aide d&rsquo;un syst\u00e8me motoris\u00e9) et permet de mesurer la pression ur\u00e9trale maximale, \u00e0 mi-distance au niveau de la zone d&rsquo;enchev\u00eatrement des sphincters lisses et stri\u00e9s. L&rsquo;ur\u00e8tre chez la femme est dot\u00e9 d&rsquo;un&nbsp;<strong>sys<\/strong>t\u00e8me sphinct\u00e9rien complexe&nbsp;compos\u00e9 d&rsquo;une part du Sphincter musculaire lisse (lisso-sphincter) du col de la vessie (le sphincter cervical de la vessie)&nbsp;qui repr\u00e9sente le syst\u00e8me sphinct\u00e9rien proximal \u00e0 commande involontaire et est compos\u00e9e des musculaires lisses, entourant en avant et en arri\u00e8re l&rsquo;ostium ur\u00e9tral interne et assure l&rsquo;occlusion cervicale v\u00e9sicale. Cette composante sphinct\u00e9rienne lisse est sous influence hormonale d&rsquo;o\u00f9 les modifications des pression de cl\u00f4ture ur\u00e9trale \u00e0 ce niveau en fonction de l&rsquo;\u00e2ge et au cours du cycle menstruel, et d&rsquo;autre part de trois sphincters musculaires stri\u00e9s: ur\u00e9tral sup\u00e9rieur, moyen et inf\u00e9rieur. Ce syst\u00e8me sphinct\u00e9rien \u00e0 pour r\u00f4le de maintenir la continence urinaire et ne se rel\u00e2che pas qu&rsquo;au moment de la miction afin de laisser l&rsquo;urine d\u00e9tenue dans la vessie sortir vers l&rsquo;ext\u00e9rieur du corps \u00e0 travers le canal ur\u00e9tral et le m\u00e9at urinaire. En dehors de la phase de miction. En cas d&rsquo;insuffisance de ce syst\u00e8me sphinct\u00e9rien ur\u00e9tral, c&rsquo;est-\u00e0-dire la faiblesse de la tonicit\u00e9 des fibres musculaires qui le compose, on peut voir appara\u00eetre des incontinences urinaires \u00e0 l&rsquo;effort (toux, rire, port de charge lourdes, sauts&#8230;), et parfois les fuites urinaires sont continues dans les insuffisances sphinct\u00e9riennes graves. &nbsp;<\/p>\n\n\n\n<p><\/p>\n\n\n\n<p>Lors du retrait du capteur la pression augmente \u00e0 mi-distance de l\u2019ur\u00e8tre car c\u2019est \u00e0 ce niveau que ce trouve le sphincter stri\u00e9 ur\u00e9tral, ce qui donne une courbe \u00ab\u00a0en cloche\u00a0\u00bb. Pendant cet examen, la pression est aussi mesur\u00e9e dans la vessie. Celle-ci reste stablecar il n\u2019y a pas de remplissage v\u00e9sical pendant cet examen. L\u2019ordinateur calcul en permanence la distance entre la pression intra v\u00e9sicale (qui ne se modifie pas) et la pression intra ur\u00e9trale qui varie en fonction de la position de la sonde de pression.<\/p>\n\n\n\n<p>On va ainsi mesurer:<\/p>\n\n\n\n<p><strong>-La pression de cl\u00f4ture (PC,<\/strong> mesur\u00e9e sur la courbe diff\u00e9rentielle correspond \u00e0 la pression \u00ab de r\u00e9serve \u00bb qui r\u00e8gne dans l\u2019ur\u00e8tre pour faire face \u00e0 une augmentation brusque de la pression intra-abdominale. Pression de cl\u00f4ture ur\u00e9thrale = pression ur\u00e9thrale maximale \u2013 pression v\u00e9sicale. Plus la pression de cl\u00f4ture est basse, plus le risque de fuite \u00e0 l\u2019effort (augmentation de la pression abdominale) est important. (Normalement chez la femme = 110 \u2013 \u00e2ge ). C\u2019est pathologique si &lt; 30 cm H2O.  Ce param\u00e8tre ne doit pas \u00eatre utilis\u00e9 comme crit\u00e8re diagnostique de l\u2019in- continence urinaire mais comme crit\u00e8re pronostique. L\u2019allure de la courbe est un crit\u00e8re qualitatif important permettant, le cas \u00e9ch\u00e9ant, de mettre en doute la r\u00e9a- lit\u00e9 de la mesure. Un pic \u00e9troit peut faire penser \u00e0 une st\u00e9nose, un artefact, alors qu\u2019un aspect en cloche permet de penser que la mesure est faite correctement.<\/p>\n\n\n\n<p><strong>-La longueur fonctionnelle ur\u00e9trale<\/strong> est la longueur d\u2019ur\u00e8tre o\u00f9 il r\u00e8gne une pression sup\u00e9rieure \u00e0 la vessie. Elle est de 3 +\/- 0,5cm; elle diminue un peu apr\u00e8s la m\u00e9nopause.<\/p>\n\n\n\n<figure class=\"wp-block-image size-large is-resized\"><img loading=\"lazy\" decoding=\"async\" src=\"https:\/\/gyneobs.com\/site\/wp-content\/uploads\/2020\/01\/Capture-d\u2019\u00e9cran-2020-01-09-\u00e0-18.53.09-1.png\" alt=\"\" class=\"wp-image-2581\" width=\"505\" height=\"404\"\/><figcaption><strong><em>Sch\u00e9ma de la profilom\u00e9trie statique ur\u00e9trale chez la femme (elle est diff\u00e9rente chez l&rsquo;homme). PV=pression v\u00e9sicale; PUM=pression ur\u00e9trale maximale; PCMU=pression de cl\u00f4ture maximale de l&rsquo;ur\u00e8tre; LF= longueur fonctionnelle de l&rsquo;ur\u00e8tre.<\/em><\/strong><\/figcaption><\/figure>\n\n\n\n<figure class=\"wp-block-image size-large\"><img loading=\"lazy\" decoding=\"async\" width=\"593\" height=\"611\" src=\"https:\/\/gyneobs.com\/site\/wp-content\/uploads\/2020\/01\/Capture-d\u2019\u00e9cran-2020-01-09-\u00e0-19.08.34.png\" alt=\"\" class=\"wp-image-2583\" srcset=\"http:\/\/gyneobs.com\/site\/wp-content\/uploads\/2020\/01\/Capture-d\u2019\u00e9cran-2020-01-09-\u00e0-19.08.34.png 593w, http:\/\/gyneobs.com\/site\/wp-content\/uploads\/2020\/01\/Capture-d\u2019\u00e9cran-2020-01-09-\u00e0-19.08.34-291x300.png 291w\" sizes=\"auto, (max-width: 593px) 100vw, 593px\" \/><figcaption><strong><em>Exemple de courbe de profil statique de l&rsquo;ur\u00e8tre.<\/em><\/strong><\/figcaption><\/figure>\n\n\n\n<h2 class=\"wp-block-heading\">IV-La profilom\u00e9trie dynamique<\/h2>\n\n\n\n<h4 class=\"wp-block-heading\">1-Recherche d&rsquo;un d\u00e9faut de transmission<\/h4>\n\n\n\n<p>On refait une profilom\u00e9trie comme pr\u00e9c\u00e9demment mais en demandant \u00e0 la patiente de faire des efforts de toux. la toux provoque des augmentations de pression abdominale qui se transmettent sur la vessie et l&rsquo;ur\u00e8tre. L&rsquo;analyse du pourcentage de transmission est \u00e9tudi\u00e9. Lorsque l&rsquo;augmentation des pressions ur\u00e9trales est sup\u00e9rieure ou \u00e9gale \u00e0 70% de l&rsquo;augmentation des pressions v\u00e9sicales, il n&rsquo;y a pas de trouble de transmission. Si ce pourcentage est inf\u00e9rieur \u00e0 70% on dit qu&rsquo;il existe un d\u00e9faut de transmission. Ce d\u00e9faut de transmission est la traduction urodynamique de l&rsquo;incontinence urinaire d&rsquo;effort (qui pourra \u00eatre trait\u00e9e chirurgicalement).<\/p>\n\n\n\n<div class=\"wp-block-image\"><figure class=\"aligncenter size-large is-resized\"><img loading=\"lazy\" decoding=\"async\" src=\"https:\/\/gyneobs.com\/site\/wp-content\/uploads\/2020\/01\/Capture-d\u2019\u00e9cran-2020-01-10-\u00e0-16.05.47.png\" alt=\"\" class=\"wp-image-2588\" width=\"467\" height=\"943\" srcset=\"http:\/\/gyneobs.com\/site\/wp-content\/uploads\/2020\/01\/Capture-d\u2019\u00e9cran-2020-01-10-\u00e0-16.05.47.png 328w, http:\/\/gyneobs.com\/site\/wp-content\/uploads\/2020\/01\/Capture-d\u2019\u00e9cran-2020-01-10-\u00e0-16.05.47-149x300.png 149w\" sizes=\"auto, (max-width: 467px) 100vw, 467px\" \/><figcaption><strong><em>Profilom\u00e9trie dynamique. La pression est enregistr\u00e9e pendant des efforts r\u00e9p\u00e9t\u00e9s de toux, dans la vessie (PV) et dans l&rsquo;ur\u00e8tre (PU). La pression diff\u00e9rentielle est calcul\u00e9e automatiquement (PU-PV). Sur cette derni\u00e8re courbe on peut mesurer, sous les pics de pression, les valeurs \u00ab\u00a0r\u00e9siduelles\u00a0\u00bb de la pression de cl\u00f4ture et de la longueur fonctionnelle de l&rsquo;ur\u00e8tre. Le coefficient de transmission est le rapport d&rsquo;amplitude  des pics de pression dans l&rsquo;ur\u00e8tre et dans la vessie.<\/em><\/strong><\/figcaption><\/figure><\/div>\n\n\n\n<h4 class=\"wp-block-heading\">2-Possibilit\u00e9s de contractions volontaires du sphincter ur\u00e9tral<\/h4>\n\n\n\n<p>Le capteur \u00e9tant bloqu\u00e9 dans l&rsquo;ur\u00e8tre au maximum des pressions, on demande un effort de retenue. Ondoit alors voir une augmentation des pressions ur\u00e9trales, isol\u00e9e, c&rsquo;est-\u00e0-dire sans augmentation des pressions v\u00e9sicales et qui doit durer au mois 30 secondes et d&rsquo;\u00eatre d&rsquo;au moins 15cm d&rsquo;eau.<\/p>\n\n\n\n<h4 class=\"wp-block-heading\">3-Recherche d&rsquo;une instabilit\u00e9 ur\u00e9trale<\/h4>\n\n\n\n<p>Normalement, lors du remplissage v\u00e9sical, les pressions ur\u00e9trales restent jusqu&rsquo;\u00e0 la miction puis on observe \u00e0 la miction une chute des pressions ur\u00e9trales avec une contraction v\u00e9sicale. S&rsquo;il existe une instabilit\u00e9 des pressions ur\u00e9trales avec variation des valeurs de cl\u00f4ture  on parle d&rsquo;instabilit\u00e9 v\u00e9sicale. Ce ph\u00e9nom\u00e8ne peut \u00eatre la cause de besoins imp\u00e9rieux d&rsquo;uriner ou de fuites d&rsquo;urines.<\/p>\n\n\n\n<div class=\"wp-block-image\"><figure class=\"aligncenter size-large\"><img loading=\"lazy\" decoding=\"async\" width=\"512\" height=\"376\" src=\"https:\/\/gyneobs.com\/site\/wp-content\/uploads\/2020\/01\/Capture-d\u2019\u00e9cran-2020-01-10-\u00e0-15.57.59.png\" alt=\"\" class=\"wp-image-2586\" srcset=\"http:\/\/gyneobs.com\/site\/wp-content\/uploads\/2020\/01\/Capture-d\u2019\u00e9cran-2020-01-10-\u00e0-15.57.59.png 512w, http:\/\/gyneobs.com\/site\/wp-content\/uploads\/2020\/01\/Capture-d\u2019\u00e9cran-2020-01-10-\u00e0-15.57.59-300x220.png 300w\" sizes=\"auto, (max-width: 512px) 100vw, 512px\" \/><figcaption><strong><em>Instabilit\u00e9 ur\u00e9trale<\/em><\/strong><\/figcaption><\/figure><\/div>\n\n\n\n<h2 class=\"wp-block-heading\">V-L&rsquo;\u00e9lectromyogramme<\/h2>\n\n\n\n<p>Lors du remplissage de la vessie pendant la cystomanom\u00e9trie, il est parfois n\u00e9cessaire, mais ce n\u2019est pas syst\u00e9matique, d\u2019enregistrer l\u2019activit\u00e9 du sphincter stri\u00e9 de l\u2019ur\u00e8tre \u00e0 l\u2019aide d\u2019une \u00e9lectrode aiguille \u00e0 usage unique ou d\u2019\u00e9lectrodes autocollantes.&nbsp;&nbsp;cela permet d&rsquo;appr\u00e9cier l&rsquo;\u00e9tat d&rsquo;innervation des sphincters et du p\u00e9rin\u00e9e (c&rsquo;est-\u00e0-dire de l&rsquo;\u00e9tat et l&rsquo;int\u00e9grit\u00e9 des nerfs qui les commandent). <\/p>\n","protected":false},"excerpt":{"rendered":"<p>Le bilan urodynamique&nbsp;est un examen compos\u00e9 de plusieurs tests permettant de mesurer les volumes, les pressions et les d\u00e9bits urinaires dans le but de d\u00e9terminer l\u2019origine d\u2019une incontinence urinaire lorsque les divers examens (cliniques, imageries, biologiques) n\u2019ont pas permis de la comprendre. Parfois, il comprend \u00e9galement la mesure de l\u2019activit\u00e9 \u00e9lectrique du p\u00e9rin\u00e9e. Il n&rsquo;est [&hellip;]<\/p>\n","protected":false},"author":1,"featured_media":0,"parent":1301,"menu_order":10,"comment_status":"closed","ping_status":"closed","template":"","meta":{"_exactmetrics_skip_tracking":false,"_exactmetrics_sitenote_active":false,"_exactmetrics_sitenote_note":"","_exactmetrics_sitenote_category":0,"footnotes":""},"class_list":["post-2571","page","type-page","status-publish","hentry","post"],"_links":{"self":[{"href":"http:\/\/gyneobs.com\/site\/wp-json\/wp\/v2\/pages\/2571","targetHints":{"allow":["GET"]}}],"collection":[{"href":"http:\/\/gyneobs.com\/site\/wp-json\/wp\/v2\/pages"}],"about":[{"href":"http:\/\/gyneobs.com\/site\/wp-json\/wp\/v2\/types\/page"}],"author":[{"embeddable":true,"href":"http:\/\/gyneobs.com\/site\/wp-json\/wp\/v2\/users\/1"}],"replies":[{"embeddable":true,"href":"http:\/\/gyneobs.com\/site\/wp-json\/wp\/v2\/comments?post=2571"}],"version-history":[{"count":3,"href":"http:\/\/gyneobs.com\/site\/wp-json\/wp\/v2\/pages\/2571\/revisions"}],"predecessor-version":[{"id":2591,"href":"http:\/\/gyneobs.com\/site\/wp-json\/wp\/v2\/pages\/2571\/revisions\/2591"}],"up":[{"embeddable":true,"href":"http:\/\/gyneobs.com\/site\/wp-json\/wp\/v2\/pages\/1301"}],"wp:attachment":[{"href":"http:\/\/gyneobs.com\/site\/wp-json\/wp\/v2\/media?parent=2571"}],"curies":[{"name":"wp","href":"https:\/\/api.w.org\/{rel}","templated":true}]}}