{"id":241,"date":"2019-06-30T18:20:53","date_gmt":"2019-06-30T16:20:53","guid":{"rendered":"http:\/\/gyneobs.com\/site\/?page_id=241"},"modified":"2019-07-01T18:56:46","modified_gmt":"2019-07-01T16:56:46","slug":"zoom-sur-les-papillomavirus-hpv","status":"publish","type":"page","link":"http:\/\/gyneobs.com\/site\/articles\/col-de-luterus\/zoom-sur-les-papillomavirus-hpv\/","title":{"rendered":"Zoom sur les papillomavirus (HPV)"},"content":{"rendered":"\n<p class=\"has-drop-cap\">Les papillomavirus humains constituent un groupe de virus appartenant \u00e0 la famille des Papillomaviridae. Ils sont responsables de prolif\u00e9rations cutan\u00e9o-muqueuses le plus souvent b\u00e9nignes mais parfois \u00e0 potentiel malin.<\/p>\n\n\n\n<p>Ils constituent une famille nombreuse puisque pr\u00e8s de 200 types viraux ont \u00e9t\u00e9 identifi\u00e9s \u00e0 ce jour dans l\u2019esp\u00e8ce humaine et que l&rsquo;on peut classer en deux grandes cat\u00e9gories&nbsp;:<\/p>\n\n\n\n<p>-Les HPV responsables de l\u00e9sions b\u00e9nignes comme les condylomes, localis\u00e9s au niveau des parties g\u00e9nitales externes et de l&rsquo;anus. On parle de virus \u00e0 bas risque oncog\u00e8ne (bas risque de cancer).<\/p>\n\n\n\n<p>-Les HPV associ\u00e9s au d\u00e9veloppement de l\u00e9sions pr\u00e9canc\u00e9reuses et canc\u00e9reuses, en particulier du col ut\u00e9rin, du vagin, de la vulve et de l&rsquo;anus. Il s&rsquo;agit des papillomavirus \u00e0 haut risque oncog\u00e8ne (haut risque de cancer).<\/p>\n\n\n\n<p>Les co-infections avec plusieurs types d\u2019HPV ne sont pas rares puisqu\u2019elles repr\u00e9sentent 20\u00e0 30% des cas et peuvent associer des types \u00e0 haut risque avec des types \u00e0 bas risque.<\/p>\n\n\n\n<p>Les HPV ont un tropisme pr\u00e9f\u00e9rentiel pour les k\u00e9ratinocytes avec une sp\u00e9cificit\u00e9 pour certains sites anatomiques. Par exemple HPV-1 est associ\u00e9 aux verrues plantaires et ne s\u2019observe que dans les \u00e9pith\u00e9liums hyperk\u00e9ratinis\u00e9s de la paume&nbsp; et de la plante des pieds. A l\u2019inverse, HPV-16 se voit sur le col ut\u00e9rin et n\u2019affecte jamais la plante des pieds. Le tableau ci-apr\u00e8s r\u00e9sume le tropisme particulier des principaux virus&nbsp;:<\/p>\n\n\n\n<figure class=\"wp-block-image is-resized\"><img loading=\"lazy\" decoding=\"async\" src=\"http:\/\/gyneobs.com\/site\/wp-content\/uploads\/2019\/06\/image-53.png\" alt=\"\" class=\"wp-image-242\" width=\"644\" height=\"80\" srcset=\"http:\/\/gyneobs.com\/site\/wp-content\/uploads\/2019\/06\/image-53.png 653w, http:\/\/gyneobs.com\/site\/wp-content\/uploads\/2019\/06\/image-53-300x38.png 300w, http:\/\/gyneobs.com\/site\/wp-content\/uploads\/2019\/06\/image-53-604x76.png 604w\" sizes=\"auto, (max-width: 644px) 100vw, 644px\" \/><\/figure>\n\n\n\n<figure class=\"wp-block-image is-resized\"><img loading=\"lazy\" decoding=\"async\" src=\"http:\/\/gyneobs.com\/site\/wp-content\/uploads\/2019\/06\/image-54.png\" alt=\"\" class=\"wp-image-243\" width=\"648\" height=\"239\" srcset=\"http:\/\/gyneobs.com\/site\/wp-content\/uploads\/2019\/06\/image-54.png 653w, http:\/\/gyneobs.com\/site\/wp-content\/uploads\/2019\/06\/image-54-300x111.png 300w, http:\/\/gyneobs.com\/site\/wp-content\/uploads\/2019\/06\/image-54-604x223.png 604w\" sizes=\"auto, (max-width: 648px) 100vw, 648px\" \/><\/figure>\n\n\n\n<p><strong>Remarques<\/strong><\/p>\n\n\n\n<p>&nbsp; &nbsp; -Les verrues plantaires sont sp\u00e9cifiquement li\u00e9es \u00e0 HPV-1.<\/p>\n\n\n\n<p>&nbsp; &nbsp; -L\u2019\u00e9pidermodysplasie verruciforme, \u00e9galement appel\u00e9e syndrome de Lutz-Lewandowsky est une affection cutan\u00e9e rare d&rsquo;origine g\u00e9n\u00e9tique qui&nbsp; se caract\u00e9rise par une sensibilit\u00e9 anormale du rev\u00eatement cutan\u00e9 aux papillomavirus. L&rsquo;affection commence habituellement entre 4 et 8 ans, le plus souvent avant l&rsquo;\u00e2ge de 20 ansmais peut exceptionnellement apparaitre plus tardivement, et dure tout le reste de la vie. Elle se traduit par l&rsquo;apparition de macules squameuses et de papules d&rsquo;\u00e9volution parfois exub\u00e9rante, pseudo-tumorale, essentiellement au niveau des mains et des pieds. Les types de virus responsables se retrouvent chez 80&nbsp;% des sujets d&rsquo;une population normale qui reste asymptomatique. Parmi les types viraux impliqu\u00e9s, les 5,8,14,17,20 et 47 peuvent \u00e9voluer vers un cancer cutan\u00e9. On d\u00e9nombre environ 200 personnes atteintes de cette affection cutan\u00e9e, \u00e9galement appel\u00e9e \u00ab\u00a0la maladie de l&rsquo;homme-arbre\u00a0\u00bb&nbsp;:&nbsp; &nbsp;<\/p>\n\n\n\n<div class=\"wp-block-image\"><figure class=\"alignright\"><img loading=\"lazy\" decoding=\"async\" width=\"386\" height=\"317\" src=\"http:\/\/gyneobs.com\/site\/wp-content\/uploads\/2019\/06\/image-55.png\" alt=\"\" class=\"wp-image-244\" srcset=\"http:\/\/gyneobs.com\/site\/wp-content\/uploads\/2019\/06\/image-55.png 386w, http:\/\/gyneobs.com\/site\/wp-content\/uploads\/2019\/06\/image-55-300x246.png 300w, http:\/\/gyneobs.com\/site\/wp-content\/uploads\/2019\/06\/image-55-329x270.png 329w\" sizes=\"auto, (max-width: 386px) 100vw, 386px\" \/><\/figure><\/div>\n\n\n\n<p>&nbsp; &nbsp; &#8211; La tumeur de Buschke Lownestein est un condylome acumin\u00e9 g\u00e9ant caract\u00e9ris\u00e9 par son potentiel d\u00e9g\u00e9n\u00e9ratif et son caract\u00e8re envahissant et r\u00e9cidivant apr\u00e8s traitement. C\u2019est une affection rare, de d\u00e9terminisme viral transmise essentiellement par voie sexuelle&nbsp;:<\/p>\n\n\n\n<p>&nbsp; &nbsp; -la maladie de Bowen, est un cancer cutan\u00e9 in situ, survenant volontiers apr\u00e8s 50 ou 60 ans. L\u2019aspect est une plaque rouge, irr\u00e9guli\u00e8re, recouverte de fines squames. La l\u00e9sion s\u2019\u00e9largit lentement. Les localisations sont multiples dans un tiers des cas. Le risque de transformation en cancer spinocellulaire infiltrant est de 3 \u00e0 5 %.<\/p>\n\n\n\n<div class=\"wp-block-image\"><figure class=\"alignright is-resized\"><img loading=\"lazy\" decoding=\"async\" src=\"http:\/\/gyneobs.com\/site\/wp-content\/uploads\/2019\/06\/image-56.png\" alt=\"\" class=\"wp-image-245\" width=\"344\" height=\"306\" srcset=\"http:\/\/gyneobs.com\/site\/wp-content\/uploads\/2019\/06\/image-56.png 386w, http:\/\/gyneobs.com\/site\/wp-content\/uploads\/2019\/06\/image-56-300x267.png 300w, http:\/\/gyneobs.com\/site\/wp-content\/uploads\/2019\/06\/image-56-304x270.png 304w\" sizes=\"auto, (max-width: 344px) 100vw, 344px\" \/><\/figure><\/div>\n\n\n\n<p>&nbsp; &nbsp; -Concernant les vaccins anti-HPV, on rappelle les cibles limit\u00e9es de ces vaccins&nbsp;:<\/p>\n\n\n\n<p>\t-Gardasil\u00ae&nbsp;: HPV-6,11,16,18<\/p>\n\n\n\n<p>\t-Cervarix\u00ae&nbsp;: HPV-16,18<\/p>\n\n\n\n<p>\t&#8211; Gardasil 9\u00ae&nbsp;: HPV-6, 11, 16, 18, 31, 33, 45, 52, 58.<\/p>\n\n\n\n<p>&nbsp; &nbsp; -Le HPV-16 est responsable de 50% des cancers du col aussi est-il d\u2019usage de distinguer les principaux virus HPV en fonction de leur pouvoir oncog\u00e8ne&nbsp;:<\/p>\n\n\n\n<figure class=\"wp-block-image is-resized\"><img loading=\"lazy\" decoding=\"async\" src=\"http:\/\/gyneobs.com\/site\/wp-content\/uploads\/2019\/06\/image-57.png\" alt=\"\" class=\"wp-image-246\" width=\"646\" height=\"147\" srcset=\"http:\/\/gyneobs.com\/site\/wp-content\/uploads\/2019\/06\/image-57.png 653w, http:\/\/gyneobs.com\/site\/wp-content\/uploads\/2019\/06\/image-57-300x68.png 300w, http:\/\/gyneobs.com\/site\/wp-content\/uploads\/2019\/06\/image-57-604x138.png 604w\" sizes=\"auto, (max-width: 646px) 100vw, 646px\" \/><\/figure>\n\n\n\n<figure class=\"wp-block-image is-resized\"><img loading=\"lazy\" decoding=\"async\" src=\"http:\/\/gyneobs.com\/site\/wp-content\/uploads\/2019\/06\/image-58.png\" alt=\"\" class=\"wp-image-247\" width=\"642\" height=\"461\" srcset=\"http:\/\/gyneobs.com\/site\/wp-content\/uploads\/2019\/06\/image-58.png 653w, http:\/\/gyneobs.com\/site\/wp-content\/uploads\/2019\/06\/image-58-300x215.png 300w, http:\/\/gyneobs.com\/site\/wp-content\/uploads\/2019\/06\/image-58-376x270.png 376w\" sizes=\"auto, (max-width: 642px) 100vw, 642px\" \/><\/figure>\n\n\n\n<p>Transmission des virus HPV<br><\/p>\n\n\n\n<p>A-Concernant tous les virus HPV<br><\/p>\n\n\n\n<p>Il existe trois modalit\u00e9s de transmission&nbsp;(mais jamais par voie sanguine):<br><\/p>\n\n\n\n<p>-par contact direct, notamment par voie sexuelle (rapports oraux et anaux)&nbsp;;<br><\/p>\n\n\n\n<p>-indirectement par l\u2019interm\u00e9diaire d\u2019objets contamin\u00e9s (linge, bain, sol des piscines,etc&nbsp;\ud83d\ude09 en raison de la forte r\u00e9sistance de la capside de ces virus au milieu ext\u00e9rieur, \u00e0 la cong\u00e9lation, \u00e0 la dessication&nbsp;;<br><\/p>\n\n\n\n<p>-de la m\u00e8re \u00e0 l\u2019enfant lors de l\u2019accouchement voire in utero, des cas de passages transplacentaires ayant \u00e9t\u00e9 d\u00e9crits.<br><\/p>\n\n\n\n<p>B-Mode de transmission des virus HPV-16 et 18<br><\/p>\n\n\n\n<p>La transmission est sexuelle et d\u00e9pend du nombre de partenaires, de la pr\u00e9cocit\u00e9 des premiers rapports, du type de rapports, etc. L\u2019utilisation de pr\u00e9servatifs permet de r\u00e9duire le risque de contamination mais ne l\u2019emp\u00eache pas totalement, les virus \u00e9tant pr\u00e9sents sur la peau autour de la r\u00e9gion g\u00e9nitale et se transmettant par contact.<br><\/p>\n\n\n\n<p>Histoire naturelle de l\u2019infection \u00e0 HPV&nbsp;: du premier contact du virus \u00e0 la canc\u00e9risation<br><\/p>\n\n\n\n<p>80% des femmes sexuellement actives rencontrent un HPV au cours de leur vie. 70% des infections virales disparaissent spontan\u00e9ment au bout d\u2019un an, et 90% au bout de 3 ans. Pour les autres, la persistance de l\u2019infection histologiques et va \u00eatre favoris\u00e9e par un \u00e2ge avanc\u00e9, un terrain immunod\u00e9prim\u00e9, une charge virale importante, le tabagisme (avec un effet temps et un effet dose), un groupe HLA particulier. C\u2019est la persistance de l\u2019infection qui va, chez certaines personnes et pour certains types de virus, provoquer des l\u00e9sions intra-\u00e9pith\u00e9liales de bas grade qui pourront soit gu\u00e9rie spontan\u00e9ment, soit conduire \u00e0 des l\u00e9sions de haut grade pr\u00e9canc\u00e9reuses qui elles-m\u00eames pourront r\u00e9gresser ou \u00e9voluer vers un cancer. On notera la lenteur de cette \u00e9volution qui s\u2019\u00e9tend en g\u00e9n\u00e9ral sur 10 \u00e0 20 ans. C\u2019est en raison de ces notions \u00e9volutives que la pratique des frottis cervicaux de d\u00e9pistage n\u2019est pas recommand\u00e9e avant 25 ans afin d\u2019\u00e9viter des interventions inutiles sur des l\u00e9sions gu\u00e9rissant le plus souvent spontan\u00e9ment.<\/p>\n\n\n\n<figure class=\"wp-block-image is-resized\"><img loading=\"lazy\" decoding=\"async\" src=\"http:\/\/gyneobs.com\/site\/wp-content\/uploads\/2019\/06\/image-59.png\" alt=\"\" class=\"wp-image-248\" width=\"659\" height=\"383\" srcset=\"http:\/\/gyneobs.com\/site\/wp-content\/uploads\/2019\/06\/image-59.png 653w, http:\/\/gyneobs.com\/site\/wp-content\/uploads\/2019\/06\/image-59-300x175.png 300w, http:\/\/gyneobs.com\/site\/wp-content\/uploads\/2019\/06\/image-59-464x270.png 464w\" sizes=\"auto, (max-width: 659px) 100vw, 659px\" \/><\/figure>\n\n\n\n<p>Si l\u2019infection par un HPV \u00e0 haut risque est une condition n\u00e9cessaire au d\u00e9veloppement d\u2019une l\u00e9sion pr\u00e9canc\u00e9reuse puis d\u2019un cancer g\u00e9nital, elle n\u2019est pas suffisante, vu qu\u2019elle gu\u00e9rit souvent spontan\u00e9ment et que le cancer n\u2019en est qu\u2019une cons\u00e9quence rare. Une \u00e9volution p\u00e9jorative d\u00e9pend de facteurs viraux (variation du potentiel oncog\u00e8ne), de facteurs environnementaux et de facteurs (incompl\u00e8tement identifi\u00e9s) li\u00e9s \u00e0 l\u2019h\u00f4te (comme le tabac et des facteurs g\u00e9n\u00e9tiques).<\/p>\n","protected":false},"excerpt":{"rendered":"<p>Les papillomavirus humains constituent un groupe de virus appartenant \u00e0 la famille des Papillomaviridae. Ils sont responsables de prolif\u00e9rations cutan\u00e9o-muqueuses le plus souvent b\u00e9nignes mais parfois \u00e0 potentiel malin. Ils constituent une famille nombreuse puisque pr\u00e8s de 200 types viraux ont \u00e9t\u00e9 identifi\u00e9s \u00e0 ce jour dans l\u2019esp\u00e8ce humaine et que l&rsquo;on peut classer en [&hellip;]<\/p>\n","protected":false},"author":1,"featured_media":0,"parent":1297,"menu_order":2,"comment_status":"closed","ping_status":"closed","template":"","meta":{"_exactmetrics_skip_tracking":false,"_exactmetrics_sitenote_active":false,"_exactmetrics_sitenote_note":"","_exactmetrics_sitenote_category":0,"footnotes":""},"class_list":["post-241","page","type-page","status-publish","hentry","post"],"_links":{"self":[{"href":"http:\/\/gyneobs.com\/site\/wp-json\/wp\/v2\/pages\/241","targetHints":{"allow":["GET"]}}],"collection":[{"href":"http:\/\/gyneobs.com\/site\/wp-json\/wp\/v2\/pages"}],"about":[{"href":"http:\/\/gyneobs.com\/site\/wp-json\/wp\/v2\/types\/page"}],"author":[{"embeddable":true,"href":"http:\/\/gyneobs.com\/site\/wp-json\/wp\/v2\/users\/1"}],"replies":[{"embeddable":true,"href":"http:\/\/gyneobs.com\/site\/wp-json\/wp\/v2\/comments?post=241"}],"version-history":[{"count":2,"href":"http:\/\/gyneobs.com\/site\/wp-json\/wp\/v2\/pages\/241\/revisions"}],"predecessor-version":[{"id":328,"href":"http:\/\/gyneobs.com\/site\/wp-json\/wp\/v2\/pages\/241\/revisions\/328"}],"up":[{"embeddable":true,"href":"http:\/\/gyneobs.com\/site\/wp-json\/wp\/v2\/pages\/1297"}],"wp:attachment":[{"href":"http:\/\/gyneobs.com\/site\/wp-json\/wp\/v2\/media?parent=241"}],"curies":[{"name":"wp","href":"https:\/\/api.w.org\/{rel}","templated":true}]}}