{"id":1739,"date":"2019-07-06T16:45:25","date_gmt":"2019-07-06T14:45:25","guid":{"rendered":"http:\/\/gyneobs.com\/site\/?page_id=1739"},"modified":"2019-07-06T16:45:25","modified_gmt":"2019-07-06T14:45:25","slug":"societes-savantes","status":"publish","type":"page","link":"http:\/\/gyneobs.com\/site\/dr-j-peter\/societes-savantes\/","title":{"rendered":"Soci\u00e9t\u00e9s savantes"},"content":{"rendered":"\n<p><br>Membre\u00a0 de\u00a0 la\u00a0 European\u00a0 Association\u00a0 of\u00a0 Gynaecologists\u00a0 and<br>Obstetricians (depuis 1990 jusqu\u2019\u00e0 et y compris 2001).<br><\/p>\n\n\n\n<p>Membre du SNUD (Syndicat&nbsp; National&nbsp; des Ultrasonologistes Diplom\u00e9s) depuis 1980&nbsp; jusqu\u2019\u00e0 et y compris 2001.<br><\/p>\n\n\n\n<p>Responsable&nbsp; r\u00e9gional&nbsp; du&nbsp; S.N.U.D.&nbsp; (Syndicat&nbsp; National&nbsp; des<br>Ultrasonologistes Diplom\u00e9s) pour la r\u00e9gion Poitou-Charentes (de 1985 \u00e0 1992).<br><\/p>\n\n\n\n<p>Membre du Club d\u2019Anesth\u00e9sie-R\u00e9animation en Obst\u00e9trique&nbsp;: 1995, 1996, 1997.<br><\/p>\n\n\n\n<p>Inscription&nbsp; dans&nbsp; la&nbsp;&nbsp; 9\u00e8me&nbsp;&nbsp; \u00e9dition&nbsp;&nbsp; du&nbsp;&nbsp; MARQUIS&nbsp;&nbsp; WHO&rsquo;S<br>WHO IN THE WORLD.<br><\/p>\n\n\n\n<p>Membre&nbsp;&nbsp;&nbsp;&nbsp;&nbsp; de&nbsp;&nbsp; la&nbsp;&nbsp; Soci\u00e9t\u00e9&nbsp;&nbsp;&nbsp; Fran\u00e7aise d&rsquo;Endoscopie<br>Gyn\u00e9cologique depuis 1992&nbsp; jusqu\u2019\u00e0 et y compris 2001 .<br><\/p>\n\n\n\n<p>Membre et membre fondateur de la Soci\u00e9t\u00e9 de M\u00e9decine de la Reproduction (S.M.R.) depuis 1998 jusqu\u2019\u00e0 et y compris 2001&nbsp; .<br><\/p>\n\n\n\n<p>Membre du Syndicat National des Gyn\u00e9cologues et Obst\u00e9triciens Fran\u00e7ais (SYNGOF) depuis 1991 jusqu\u2019\u00e0 et y compris 2001&nbsp;&nbsp; .<br><\/p>\n\n\n\n<p>Membre de la Soci\u00e9t\u00e9 fran\u00e7aise de M\u00e9decine P\u00e9rinatale en 2000, 2001.<br><\/p>\n\n\n\n<p>Membre du Coll\u00e8ge National des Gyn\u00e9cologues et Obst\u00e9triciens Fran\u00e7ais (CNGOF) depuis le 07 d\u00e9cembre 2001.<\/p>\n","protected":false},"excerpt":{"rendered":"<p>Membre\u00a0 de\u00a0 la\u00a0 European\u00a0 Association\u00a0 of\u00a0 Gynaecologists\u00a0 andObstetricians (depuis 1990 jusqu\u2019\u00e0 et y compris 2001). Membre du SNUD (Syndicat&nbsp; National&nbsp; des Ultrasonologistes Diplom\u00e9s) depuis 1980&nbsp; jusqu\u2019\u00e0 et y compris 2001. Responsable&nbsp; r\u00e9gional&nbsp; du&nbsp; S.N.U.D.&nbsp; (Syndicat&nbsp; National&nbsp; desUltrasonologistes Diplom\u00e9s) pour la r\u00e9gion Poitou-Charentes (de 1985 \u00e0 1992). Membre du Club d\u2019Anesth\u00e9sie-R\u00e9animation en Obst\u00e9trique&nbsp;: 1995, 1996, 1997. [&hellip;]<\/p>\n","protected":false},"author":1,"featured_media":0,"parent":80,"menu_order":4,"comment_status":"closed","ping_status":"closed","template":"","meta":{"_exactmetrics_skip_tracking":false,"_exactmetrics_sitenote_active":false,"_exactmetrics_sitenote_note":"","_exactmetrics_sitenote_category":0,"footnotes":""},"class_list":["post-1739","page","type-page","status-publish","hentry","post"],"_links":{"self":[{"href":"http:\/\/gyneobs.com\/site\/wp-json\/wp\/v2\/pages\/1739","targetHints":{"allow":["GET"]}}],"collection":[{"href":"http:\/\/gyneobs.com\/site\/wp-json\/wp\/v2\/pages"}],"about":[{"href":"http:\/\/gyneobs.com\/site\/wp-json\/wp\/v2\/types\/page"}],"author":[{"embeddable":true,"href":"http:\/\/gyneobs.com\/site\/wp-json\/wp\/v2\/users\/1"}],"replies":[{"embeddable":true,"href":"http:\/\/gyneobs.com\/site\/wp-json\/wp\/v2\/comments?post=1739"}],"version-history":[{"count":1,"href":"http:\/\/gyneobs.com\/site\/wp-json\/wp\/v2\/pages\/1739\/revisions"}],"predecessor-version":[{"id":1740,"href":"http:\/\/gyneobs.com\/site\/wp-json\/wp\/v2\/pages\/1739\/revisions\/1740"}],"up":[{"embeddable":true,"href":"http:\/\/gyneobs.com\/site\/wp-json\/wp\/v2\/pages\/80"}],"wp:attachment":[{"href":"http:\/\/gyneobs.com\/site\/wp-json\/wp\/v2\/media?parent=1739"}],"curies":[{"name":"wp","href":"https:\/\/api.w.org\/{rel}","templated":true}]}}