{"id":1665,"date":"2019-07-06T15:32:40","date_gmt":"2019-07-06T13:32:40","guid":{"rendered":"http:\/\/gyneobs.com\/site\/?page_id=1665"},"modified":"2019-07-08T23:22:12","modified_gmt":"2019-07-08T21:22:12","slug":"chirurgie-gynecologique","status":"publish","type":"page","link":"http:\/\/gyneobs.com\/site\/articles\/chirurgie-gynecologique\/","title":{"rendered":"CHIRURGIE GYNECOLOGIQUE"},"content":{"rendered":"<p><div id=\"ccchildpages-1\" class=\"ccchildpages  simple ccclearfix\"><ul class=\"ccchildpages_list ccclearfix\"><li class=\"page_item page-item-1667\"><a href=\"http:\/\/gyneobs.com\/site\/articles\/chirurgie-gynecologique\/la-chirurgie-ambulatoire\/\">La chirurgie ambulatoire<\/a><\/li>\n<li class=\"page_item page-item-1671\"><a href=\"http:\/\/gyneobs.com\/site\/articles\/chirurgie-gynecologique\/lhysterectomie\/\">L\u2019hyst\u00e9rectomie<\/a><\/li>\n<li class=\"page_item page-item-1679\"><a href=\"http:\/\/gyneobs.com\/site\/articles\/chirurgie-gynecologique\/generalites-sur-les-troubles-du-perinee\/\">G\u00e9n\u00e9ralit\u00e9s sur les troubles du p\u00e9rin\u00e9e<\/a><\/li>\n<li class=\"page_item page-item-1687\"><a href=\"http:\/\/gyneobs.com\/site\/articles\/chirurgie-gynecologique\/les-prolapsus-genitaux\/\">Les prolapsus g\u00e9nitaux<\/a><\/li>\n<li class=\"page_item page-item-1694\"><a href=\"http:\/\/gyneobs.com\/site\/articles\/chirurgie-gynecologique\/lincontinence-urinaire-deffort\/\">L\u2019incontinence urinaire d\u2019effort<\/a><\/li>\n<li class=\"page_item page-item-1700\"><a href=\"http:\/\/gyneobs.com\/site\/articles\/chirurgie-gynecologique\/la-coeliochirurgie\/\">La coeliochirurgie<\/a><\/li>\n<li class=\"page_item page-item-1714\"><a href=\"http:\/\/gyneobs.com\/site\/articles\/chirurgie-gynecologique\/la-chirurgie-hysteroscopique\/\">La chirurgie hyst\u00e9roscopique<\/a><\/li>\n<li class=\"page_item page-item-1720\"><a href=\"http:\/\/gyneobs.com\/site\/articles\/chirurgie-gynecologique\/la-sterilisation-feminine-et-masculine\/\">La st\u00e9rilisation f\u00e9minine et masculine<\/a><\/li>\n<li class=\"page_item page-item-1728\"><a href=\"http:\/\/gyneobs.com\/site\/articles\/chirurgie-gynecologique\/kystes-et-abces-de-la-glande-de-bartholin-bartholinites\/\">kystes et abc\u00e8s de la glande de Bartholin (Bartholinites)<\/a><\/li><\/ul><\/div><br \/>\n<div id=\"ccchildpages-2\" class=\"ccchildpages threecol simple ccclearfix\"><div class=\"ccchildpage  ccfirst ccodd ccpage-count-1 ccpage-id-1667 ccpage-la-chirurgie-ambulatoire ccpage-has-parent ccpage-pid-1665 ccpage-parent-chirurgie-gynecologique\"><h3>La chirurgie ambulatoire<\/h3><div class=\"ccpages_excerpt\">La chirurgie ambulatoire concerne des op\u00e9rations, en principe sous anesth\u00e9sie g\u00e9n\u00e9rale, pour lesquelles le patient ne reste hospitalis\u00e9 que quelques heures sans passer la nuit dans l\u2019\u00e9tablissement de soins. RECOMMANDATIONS AU PATIENT Avant l\u2019intervention&nbsp;: Pr\u00e9venir le m\u00e9decin de toute modification de l\u2019\u00e9tat de sant\u00e9, notamment d\u2019une grossesse \u00e9ventuelle. Le jour de l\u2019intervention&nbsp;: Etre \u00e0 jeun...<\/div><p class=\"ccpages_more\"><a href=\"http:\/\/gyneobs.com\/site\/articles\/chirurgie-gynecologique\/la-chirurgie-ambulatoire\/\"  title=\"Plus ...\">Plus ...<\/a><\/p><\/div><div class=\"ccchildpage  cceven ccpage-count-2 ccpage-id-1671 ccpage-lhysterectomie ccpage-has-parent ccpage-pid-1665 ccpage-parent-chirurgie-gynecologique\"><h3>L\u2019hyst\u00e9rectomie<\/h3><div class=\"ccpages_excerpt\">I-Aspects techniques L\u2019hyst\u00e9rectomie consiste en l\u2019ablation chirurgicale de l\u2019ut\u00e9rus. Nous parlons ici d\u2019hyst\u00e9rectomies pour l\u00e9sions b\u00e9nignes, hors cancer. Elle comporte \u00e9galement en g\u00e9n\u00e9ral l'ablation du col de l'ut\u00e9rus. Il s'agit alors d'une hyst\u00e9rectomie totale.&nbsp;Elle est dite subtotale si l\u2019on conserve le col. Selon les cas, il peut \u00eatre n\u00e9cessaire de r\u00e9aliser l'ablation des ovaires et...<\/div><p class=\"ccpages_more\"><a href=\"http:\/\/gyneobs.com\/site\/articles\/chirurgie-gynecologique\/lhysterectomie\/\"  title=\"Plus ...\">Plus ...<\/a><\/p><\/div><div class=\"ccchildpage  cclast ccodd ccpage-count-3 ccpage-id-1679 ccpage-generalites-sur-les-troubles-du-perinee ccpage-has-parent ccpage-pid-1665 ccpage-parent-chirurgie-gynecologique\"><h3>G\u00e9n\u00e9ralit\u00e9s sur les troubles du p\u00e9rin\u00e9e<\/h3><div class=\"ccpages_excerpt\">Les troubles du p\u00e9rin\u00e9e sont extr\u00eamement fr\u00e9quents,&nbsp; particuli\u00e8rement apr\u00e8s un ou plusieurs accouchements et&nbsp; concernent l\u2019ensemble des organes pelviens: incontinences d\u2019urine, descentes des organes g\u00e9nitaux (=prolapsus), prolapsus du rectum et troubles sexologiques. L\u2019incontinence d\u2019urine Si vous avez des fuites d\u2019urine \u00e0 l\u2019effort, lorsque vous toussez&nbsp; ou courez ou riez, vous avec une incontinence urinaire d\u2019effort....<\/div><p class=\"ccpages_more\"><a href=\"http:\/\/gyneobs.com\/site\/articles\/chirurgie-gynecologique\/generalites-sur-les-troubles-du-perinee\/\"  title=\"Plus ...\">Plus ...<\/a><\/p><\/div><div class=\"ccchildpage  ccfirst cceven ccpage-count-4 ccpage-id-1687 ccpage-les-prolapsus-genitaux ccpage-has-parent ccpage-pid-1665 ccpage-parent-chirurgie-gynecologique\"><h3>Les prolapsus g\u00e9nitaux<\/h3><div class=\"ccpages_excerpt\">Qu'est-ce qu'un prolapsus? Un prolapsus est la descende d\u2019un ou de plusieurs des organes pelviens pouvant aller jusqu\u2019\u00e0 l\u2019ext\u00e9riorisation hors du p\u00e9rin\u00e9e. Selon l\u2019organe int\u00e9ress\u00e9 on distingue&nbsp;: -Hyst\u00e9roptose = descente de l\u2019ut\u00e9rus -Cystoc\u00e8le = descente de la vessie -Rectoc\u00e8le = descente du rectum au niveau de la paroi vaginale post\u00e9rieure (\u00e0 distinguer du prolapsus rectal...<\/div><p class=\"ccpages_more\"><a href=\"http:\/\/gyneobs.com\/site\/articles\/chirurgie-gynecologique\/les-prolapsus-genitaux\/\"  title=\"Plus ...\">Plus ...<\/a><\/p><\/div><div class=\"ccchildpage  ccodd ccpage-count-5 ccpage-id-1694 ccpage-lincontinence-urinaire-deffort ccpage-has-parent ccpage-pid-1665 ccpage-parent-chirurgie-gynecologique\"><h3>L\u2019incontinence urinaire d\u2019effort<\/h3><div class=\"ccpages_excerpt\">L'incontinence urinaire d'effort concerne des millions de femmes qui souvent n'osent pas en parler \u00e0 leur m\u00e9decin et qui ne connaissent comme solution que le port de protections, plus ou moins confortables,&nbsp;largement vant\u00e9es par les publicit\u00e9s t\u00e9l\u00e9vis\u00e9es et&nbsp; la presse \u00e9crite. Or elles devraient savoir qu'une solution chirurgicale existe. Certes, la chirurgie a eu pendant...<\/div><p class=\"ccpages_more\"><a href=\"http:\/\/gyneobs.com\/site\/articles\/chirurgie-gynecologique\/lincontinence-urinaire-deffort\/\"  title=\"Plus ...\">Plus ...<\/a><\/p><\/div><div class=\"ccchildpage  cclast cceven ccpage-count-6 ccpage-id-1700 ccpage-la-coeliochirurgie ccpage-has-parent ccpage-pid-1665 ccpage-parent-chirurgie-gynecologique\"><h3>La coeliochirurgie<\/h3><div class=\"ccpages_excerpt\">I-Principe de la coeliochirurgie La coeliochirurgie ou chirurgie sous coelioscopie consiste \u00e0 acc\u00e9der \u00e0 la cavit\u00e9 abdominale sans ouvrir la paroi abdominale. Elle est possible gr\u00e2ce \u00e0 plusieurs artifices&nbsp;: \u25a0Une \u00ab&nbsp;optique&nbsp;\u00bb (reli\u00e9e \u00e0 une cam\u00e9ra) est introduite dans la cavit\u00e9 abdominale \u00e0 travers une cicatrice que le chirurgien pratique dans l\u2019ombilic. Cette \u00ab&nbsp;optique&nbsp;\u00bb est reli\u00e9e...<\/div><p class=\"ccpages_more\"><a href=\"http:\/\/gyneobs.com\/site\/articles\/chirurgie-gynecologique\/la-coeliochirurgie\/\"  title=\"Plus ...\">Plus ...<\/a><\/p><\/div><div class=\"ccchildpage  ccfirst ccodd ccpage-count-7 ccpage-id-1714 ccpage-la-chirurgie-hysteroscopique ccpage-has-parent ccpage-pid-1665 ccpage-parent-chirurgie-gynecologique\"><h3>La chirurgie hyst\u00e9roscopique<\/h3><div class=\"ccpages_excerpt\">Il s'agit d'une v\u00e9ritable intervention chirurgicale qui se d\u00e9roule \u00e0 l'int\u00e9rieur de l'ut\u00e9rus. Un instrument appel\u00e9 r\u00e9secteur est introduit \u00e0 l'int\u00e9rieur de l'ut\u00e9rus par le vagin puis par le col et va \u00e0 l'aide de diff\u00e9rents instruments proc\u00e9der \u00e0 des gestes op\u00e9ratoires. Cette intervention est d\u00e9licate, car le volume de la cavit\u00e9 ut\u00e9rine au sein...<\/div><p class=\"ccpages_more\"><a href=\"http:\/\/gyneobs.com\/site\/articles\/chirurgie-gynecologique\/la-chirurgie-hysteroscopique\/\"  title=\"Plus ...\">Plus ...<\/a><\/p><\/div><div class=\"ccchildpage  cceven ccpage-count-8 ccpage-id-1720 ccpage-la-sterilisation-feminine-et-masculine ccpage-has-parent ccpage-pid-1665 ccpage-parent-chirurgie-gynecologique\"><h3>La st\u00e9rilisation f\u00e9minine et masculine<\/h3><div class=\"ccpages_excerpt\">La st\u00e9rilisation&nbsp; consiste, chez la femme \u00e0 emp\u00eacher la rencontre entre ovule et spermatozo\u00efde, donc la f\u00e9condation, au niveau des trompes. Il existe deux m\u00e9thodes principales, soit par coelioscopie, soit par hyst\u00e9roscopie. Chez l\u2019homme c\u2019est la vasectomie. I-Aspects l\u00e9gaux de la st\u00e9rilisation Il faut savoir que la st\u00e9rilisation volontaire f\u00e9minine n\u2019est l\u00e9galement autoris\u00e9e en France...<\/div><p class=\"ccpages_more\"><a href=\"http:\/\/gyneobs.com\/site\/articles\/chirurgie-gynecologique\/la-sterilisation-feminine-et-masculine\/\"  title=\"Plus ...\">Plus ...<\/a><\/p><\/div><div class=\"ccchildpage  cclast ccodd ccpage-count-9 ccpage-id-1728 ccpage-kystes-et-abces-de-la-glande-de-bartholin-bartholinites ccpage-has-parent ccpage-pid-1665 ccpage-parent-chirurgie-gynecologique\"><h3>kystes et abc\u00e8s de la glande de Bartholin (Bartholinites)<\/h3><div class=\"ccpages_excerpt\">Les kystes et les abc\u00e8s de la glande de Bartholin repr\u00e9sentent la pathologie kystique infectieuse la plus fr\u00e9quente de la r\u00e9gion vulvaire. Deux pour cent des femmes d\u00e9velopperont un kyste ou un abc\u00e8s de la glande de Bartholin au cours de leur vie. I-La glande de Bartholin Les glandes de Bartholin sont situ\u00e9es de chaque...<\/div><p class=\"ccpages_more\"><a href=\"http:\/\/gyneobs.com\/site\/articles\/chirurgie-gynecologique\/kystes-et-abces-de-la-glande-de-bartholin-bartholinites\/\"  title=\"Plus ...\">Plus ...<\/a><\/p><\/div><\/div><\/p>\n\n\n\n<p><\/p>\n","protected":false},"excerpt":{"rendered":"","protected":false},"author":1,"featured_media":0,"parent":854,"menu_order":9,"comment_status":"closed","ping_status":"closed","template":"","meta":{"_exactmetrics_skip_tracking":false,"_exactmetrics_sitenote_active":false,"_exactmetrics_sitenote_note":"","_exactmetrics_sitenote_category":0,"footnotes":""},"class_list":["post-1665","page","type-page","status-publish","hentry","post"],"_links":{"self":[{"href":"http:\/\/gyneobs.com\/site\/wp-json\/wp\/v2\/pages\/1665","targetHints":{"allow":["GET"]}}],"collection":[{"href":"http:\/\/gyneobs.com\/site\/wp-json\/wp\/v2\/pages"}],"about":[{"href":"http:\/\/gyneobs.com\/site\/wp-json\/wp\/v2\/types\/page"}],"author":[{"embeddable":true,"href":"http:\/\/gyneobs.com\/site\/wp-json\/wp\/v2\/users\/1"}],"replies":[{"embeddable":true,"href":"http:\/\/gyneobs.com\/site\/wp-json\/wp\/v2\/comments?post=1665"}],"version-history":[{"count":2,"href":"http:\/\/gyneobs.com\/site\/wp-json\/wp\/v2\/pages\/1665\/revisions"}],"predecessor-version":[{"id":2234,"href":"http:\/\/gyneobs.com\/site\/wp-json\/wp\/v2\/pages\/1665\/revisions\/2234"}],"up":[{"embeddable":true,"href":"http:\/\/gyneobs.com\/site\/wp-json\/wp\/v2\/pages\/854"}],"wp:attachment":[{"href":"http:\/\/gyneobs.com\/site\/wp-json\/wp\/v2\/media?parent=1665"}],"curies":[{"name":"wp","href":"https:\/\/api.w.org\/{rel}","templated":true}]}}