{"id":1514,"date":"2019-07-05T21:38:12","date_gmt":"2019-07-05T19:38:12","guid":{"rendered":"http:\/\/gyneobs.com\/site\/?page_id=1514"},"modified":"2020-01-12T16:12:45","modified_gmt":"2020-01-12T15:12:45","slug":"les-membres-foetaux","status":"publish","type":"page","link":"http:\/\/gyneobs.com\/site\/obstetrique\/echographies-du-foetus-normal\/les-membres-foetaux\/","title":{"rendered":"Les membres foetaux"},"content":{"rendered":"\n<p>Ils doivent \u00eatre pr\u00e9sents et vus:&nbsp;<\/p>\n\n\n\n<p>&nbsp; &nbsp; -hum\u00e9rus +&nbsp;radius +&nbsp;cubitus pour les deux membres sup\u00e9rieurs&nbsp;;<\/p>\n\n\n\n<p>&nbsp; &nbsp; -f\u00e9mur +&nbsp;tibia +&nbsp;p\u00e9ron\u00e9 pour les deux membres inf\u00e9rieurs&nbsp;;<\/p>\n\n\n\n<p>&nbsp; &nbsp; -\u00e9valuation subjective des proportions et de la sym\u00e9trie&nbsp;;<\/p>\n\n\n\n<p>&nbsp; &nbsp; -pr\u00e9sence de deux mains et deux pieds&nbsp;avec une main ouverte (cinq doigts) et\/ou pouces en dehors; mais une \u00e9tude d\u00e9taill\u00e9e n\u2019est utile que dans certains contextes;<\/p>\n\n\n\n<p>&nbsp; &nbsp; -pied orthogonal \u00e0 la jambe (absence de pied-bot).<\/p>\n\n\n\n<p>La mesure principale est celle du f\u00e9mur dont l\u2019image est recommand\u00e9e dans le compte rendu. Celle de l\u2019hum\u00e9rus n\u2019est pas syst\u00e9matique mais le devient en cas d\u2019anomalie de la biom\u00e9trie f\u00e9morale (et elle est sans doute plus int\u00e9ressante que celle du f\u00e9mur comme marqueur d\u2019anomalie chromosomique)&nbsp;: en d\u00e9but de grossesse, sa longueur est identique ou m\u00eame un peu sup\u00e9rieure \u00e0 celle du f\u00e9mur&nbsp;; apr\u00e8s trois mois et de mi \u00e0 quatre mois, elle devient inf\u00e9rieure d\u2019environ 10&nbsp;%.<br><\/p>\n\n\n\n<div class=\"wp-block-image\"><figure class=\"aligncenter\"><img loading=\"lazy\" decoding=\"async\" width=\"349\" height=\"509\" src=\"https:\/\/gyneobs.com\/site\/wp-content\/uploads\/2019\/07\/image-250.png\" alt=\"\" class=\"wp-image-1515\" srcset=\"http:\/\/gyneobs.com\/site\/wp-content\/uploads\/2019\/07\/image-250.png 349w, http:\/\/gyneobs.com\/site\/wp-content\/uploads\/2019\/07\/image-250-206x300.png 206w\" sizes=\"auto, (max-width: 349px) 100vw, 349px\" \/><\/figure><\/div>\n\n\n\n<figure class=\"wp-block-image\"><img loading=\"lazy\" decoding=\"async\" width=\"659\" height=\"357\" src=\"https:\/\/gyneobs.com\/site\/wp-content\/uploads\/2019\/07\/image-251.png\" alt=\"\" class=\"wp-image-1516\" srcset=\"http:\/\/gyneobs.com\/site\/wp-content\/uploads\/2019\/07\/image-251.png 659w, http:\/\/gyneobs.com\/site\/wp-content\/uploads\/2019\/07\/image-251-300x163.png 300w\" sizes=\"auto, (max-width: 659px) 100vw, 659px\" \/><\/figure>\n\n\n\n<div class=\"wp-block-image\"><figure class=\"aligncenter size-large is-resized\"><img loading=\"lazy\" decoding=\"async\" src=\"https:\/\/gyneobs.com\/site\/wp-content\/uploads\/2020\/01\/Capture-d\u2019\u00e9cran-2020-01-12-\u00e0-16.02.00.png\" alt=\"\" class=\"wp-image-2623\" width=\"386\" height=\"639\" srcset=\"http:\/\/gyneobs.com\/site\/wp-content\/uploads\/2020\/01\/Capture-d\u2019\u00e9cran-2020-01-12-\u00e0-16.02.00.png 321w, http:\/\/gyneobs.com\/site\/wp-content\/uploads\/2020\/01\/Capture-d\u2019\u00e9cran-2020-01-12-\u00e0-16.02.00-181x300.png 181w\" sizes=\"auto, (max-width: 386px) 100vw, 386px\" \/><figcaption><strong><em>Les 4 membres vus ensembles sur une image  3D<\/em><\/strong><\/figcaption><\/figure><\/div>\n\n\n\n<div class=\"wp-block-image\"><figure class=\"aligncenter size-large\"><img loading=\"lazy\" decoding=\"async\" width=\"383\" height=\"253\" src=\"https:\/\/gyneobs.com\/site\/wp-content\/uploads\/2020\/01\/Capture-d\u2019\u00e9cran-2020-01-12-\u00e0-16.03.56.png\" alt=\"\" class=\"wp-image-2622\" srcset=\"http:\/\/gyneobs.com\/site\/wp-content\/uploads\/2020\/01\/Capture-d\u2019\u00e9cran-2020-01-12-\u00e0-16.03.56.png 383w, http:\/\/gyneobs.com\/site\/wp-content\/uploads\/2020\/01\/Capture-d\u2019\u00e9cran-2020-01-12-\u00e0-16.03.56-300x198.png 300w\" sizes=\"auto, (max-width: 383px) 100vw, 383px\" \/><figcaption><strong><em>Les 2 membres inf\u00e9rieurs<\/em><\/strong><\/figcaption><\/figure><\/div>\n\n\n\n<div class=\"wp-block-image\"><figure class=\"aligncenter size-large is-resized\"><img loading=\"lazy\" decoding=\"async\" src=\"https:\/\/gyneobs.com\/site\/wp-content\/uploads\/2020\/01\/Capture-d\u2019\u00e9cran-2020-01-12-\u00e0-16.04.04.png\" alt=\"\" class=\"wp-image-2624\" width=\"282\" height=\"360\"\/><figcaption><strong><em>les deux mains<\/em><\/strong><\/figcaption><\/figure><\/div>\n\n\n\n<div class=\"wp-block-image\"><figure class=\"aligncenter\"><img loading=\"lazy\" decoding=\"async\" width=\"339\" height=\"502\" src=\"https:\/\/gyneobs.com\/site\/wp-content\/uploads\/2019\/07\/image-252.png\" alt=\"\" class=\"wp-image-1517\" srcset=\"http:\/\/gyneobs.com\/site\/wp-content\/uploads\/2019\/07\/image-252.png 339w, http:\/\/gyneobs.com\/site\/wp-content\/uploads\/2019\/07\/image-252-203x300.png 203w\" sizes=\"auto, (max-width: 339px) 100vw, 339px\" \/><\/figure><\/div>\n\n\n\n<div class=\"wp-block-image\"><figure class=\"aligncenter\"><img loading=\"lazy\" decoding=\"async\" width=\"364\" height=\"666\" src=\"https:\/\/gyneobs.com\/site\/wp-content\/uploads\/2019\/07\/image-253.png\" alt=\"\" class=\"wp-image-1518\" srcset=\"http:\/\/gyneobs.com\/site\/wp-content\/uploads\/2019\/07\/image-253.png 364w, http:\/\/gyneobs.com\/site\/wp-content\/uploads\/2019\/07\/image-253-164x300.png 164w\" sizes=\"auto, (max-width: 364px) 100vw, 364px\" \/><\/figure><\/div>\n","protected":false},"excerpt":{"rendered":"<p>Ils doivent \u00eatre pr\u00e9sents et vus:&nbsp; &nbsp; &nbsp; -hum\u00e9rus +&nbsp;radius +&nbsp;cubitus pour les deux membres sup\u00e9rieurs&nbsp;; &nbsp; &nbsp; -f\u00e9mur +&nbsp;tibia +&nbsp;p\u00e9ron\u00e9 pour les deux membres inf\u00e9rieurs&nbsp;; &nbsp; &nbsp; -\u00e9valuation subjective des proportions et de la sym\u00e9trie&nbsp;; &nbsp; &nbsp; -pr\u00e9sence de deux mains et deux pieds&nbsp;avec une main ouverte (cinq doigts) et\/ou pouces en dehors; mais [&hellip;]<\/p>\n","protected":false},"author":1,"featured_media":0,"parent":1227,"menu_order":6,"comment_status":"closed","ping_status":"closed","template":"","meta":{"_exactmetrics_skip_tracking":false,"_exactmetrics_sitenote_active":false,"_exactmetrics_sitenote_note":"","_exactmetrics_sitenote_category":0,"footnotes":""},"class_list":["post-1514","page","type-page","status-publish","hentry","post"],"_links":{"self":[{"href":"http:\/\/gyneobs.com\/site\/wp-json\/wp\/v2\/pages\/1514","targetHints":{"allow":["GET"]}}],"collection":[{"href":"http:\/\/gyneobs.com\/site\/wp-json\/wp\/v2\/pages"}],"about":[{"href":"http:\/\/gyneobs.com\/site\/wp-json\/wp\/v2\/types\/page"}],"author":[{"embeddable":true,"href":"http:\/\/gyneobs.com\/site\/wp-json\/wp\/v2\/users\/1"}],"replies":[{"embeddable":true,"href":"http:\/\/gyneobs.com\/site\/wp-json\/wp\/v2\/comments?post=1514"}],"version-history":[{"count":2,"href":"http:\/\/gyneobs.com\/site\/wp-json\/wp\/v2\/pages\/1514\/revisions"}],"predecessor-version":[{"id":2625,"href":"http:\/\/gyneobs.com\/site\/wp-json\/wp\/v2\/pages\/1514\/revisions\/2625"}],"up":[{"embeddable":true,"href":"http:\/\/gyneobs.com\/site\/wp-json\/wp\/v2\/pages\/1227"}],"wp:attachment":[{"href":"http:\/\/gyneobs.com\/site\/wp-json\/wp\/v2\/media?parent=1514"}],"curies":[{"name":"wp","href":"https:\/\/api.w.org\/{rel}","templated":true}]}}