{"id":1378,"date":"2019-07-05T08:53:01","date_gmt":"2019-07-05T06:53:01","guid":{"rendered":"http:\/\/gyneobs.com\/site\/?page_id=1378"},"modified":"2019-07-06T19:41:13","modified_gmt":"2019-07-06T17:41:13","slug":"les-explorations","status":"publish","type":"page","link":"http:\/\/gyneobs.com\/site\/infertilite-et-procreation-medicalement-assistee\/les-explorations\/","title":{"rendered":"LES EXPLORATIONS"},"content":{"rendered":"<p><div id=\"ccchildpages-1\" class=\"ccchildpages  simple ccclearfix\"><ul class=\"ccchildpages_list ccclearfix\"><li class=\"page_item page-item-839\"><a href=\"http:\/\/gyneobs.com\/site\/infertilite-et-procreation-medicalement-assistee\/les-explorations\/la-reproduction-naturelle\/\">La reproduction naturelle<\/a><\/li>\n<li class=\"page_item page-item-902\"><a href=\"http:\/\/gyneobs.com\/site\/infertilite-et-procreation-medicalement-assistee\/les-explorations\/linfertilite-et-ses-causes\/\">L\u2019infertilit\u00e9 et ses causes<\/a><\/li>\n<li class=\"page_item page-item-926\"><a href=\"http:\/\/gyneobs.com\/site\/infertilite-et-procreation-medicalement-assistee\/les-explorations\/les-explorations-chez-la-femme\/\">Les explorations chez la femme<\/a><\/li>\n<li class=\"page_item page-item-929\"><a href=\"http:\/\/gyneobs.com\/site\/infertilite-et-procreation-medicalement-assistee\/les-explorations\/les-explorations-chez-lhomme\/\">Les explorations chez l&rsquo;homme<\/a><\/li>\n<li class=\"page_item page-item-1048\"><a href=\"http:\/\/gyneobs.com\/site\/infertilite-et-procreation-medicalement-assistee\/les-explorations\/le-syndrome-des-ovaires-polykystiques-opk-et-linfertilite\/\">Le syndrome des ovaires polykystiques (OPK) et l\u2019infertilit\u00e9<\/a><\/li>\n<li class=\"page_item page-item-1051\"><a href=\"http:\/\/gyneobs.com\/site\/infertilite-et-procreation-medicalement-assistee\/les-explorations\/facteurs-environnementaux-et-infertilite\/\">Facteurs environnementaux et infertilit\u00e9<\/a><\/li>\n<li class=\"page_item page-item-1045\"><a href=\"http:\/\/gyneobs.com\/site\/infertilite-et-procreation-medicalement-assistee\/les-explorations\/linsuffisance-ovarienne-prematuree\/\">L\u2019insuffisance ovarienne pr\u00e9matur\u00e9e<\/a><\/li><\/ul><\/div><br \/>\n<div id=\"ccchildpages-2\" class=\"ccchildpages threecol simple ccclearfix\"><div class=\"ccchildpage  ccfirst ccodd ccpage-count-1 ccpage-id-839 ccpage-la-reproduction-naturelle ccpage-has-parent ccpage-pid-1378 ccpage-parent-les-explorations\"><h3>La reproduction naturelle<\/h3><div class=\"ccpages_excerpt\">Le premier stade du d\u00e9veloppement est la formation d\u2019un embryon. Il s\u2019agit d\u2019une structure microscopique qui se forme et se d\u00e9veloppe \u00e0 l\u2019int\u00e9rieur du corps de la femme. L\u2019embryon humain est le r\u00e9sultat de la rencontre et de la fusion de deux cellules reproductrices: l\u2019ovocyte produit par l\u2019ovaire de la femme et un spermatozo\u00efde apport\u00e9...<\/div><p class=\"ccpages_more\"><a href=\"http:\/\/gyneobs.com\/site\/infertilite-et-procreation-medicalement-assistee\/les-explorations\/la-reproduction-naturelle\/\"  title=\"Plus ...\">Plus ...<\/a><\/p><\/div><div class=\"ccchildpage  cceven ccpage-count-2 ccpage-id-902 ccpage-linfertilite-et-ses-causes ccpage-has-parent ccpage-pid-1378 ccpage-parent-les-explorations\"><h3>L\u2019infertilit\u00e9 et ses causes<\/h3><div class=\"ccpages_excerpt\">La fertilit\u00e9 naturelle Pour un couple fertile \u00e2g\u00e9 de 25 ans, la probabilit\u00e9 mensuelle d\u2019obtenir naturellement une grossesse est de 25 %. Cette probabilit\u00e9 diminue avec l\u2019\u00e2ge et la dur\u00e9e d\u2019infertilit\u00e9. Mais cela reste tr\u00e8s variable dans la population. On estime globalement qu\u2019un couple sur 7 est amen\u00e9 \u00e0 consulter un m\u00e9decin au moins une...<\/div><p class=\"ccpages_more\"><a href=\"http:\/\/gyneobs.com\/site\/infertilite-et-procreation-medicalement-assistee\/les-explorations\/linfertilite-et-ses-causes\/\"  title=\"Plus ...\">Plus ...<\/a><\/p><\/div><div class=\"ccchildpage  cclast ccodd ccpage-count-3 ccpage-id-926 ccpage-les-explorations-chez-la-femme ccpage-has-parent ccpage-pid-1378 ccpage-parent-les-explorations\"><h3>Les explorations chez la femme<\/h3><div class=\"ccpages_excerpt\">Quand faut-il commencer \u00e0 s\u2019inqui\u00e9ter lorsque la grossesse n\u2019appara\u00eet pas ? Autrement dit quand est-il judicieux de commencer \u00e0 pratiquer des examens ? Le bilan d\u2019infertilit\u00e9 s\u2019impose en l\u2019absence de grossesse apr\u00e8s 2 ans de rapports r\u00e9guliers sans contraception. Toutefois ce d\u00e9lai m\u00e9rite souvent d\u2019\u00eatre raccourci, surtout en fonction de l\u2019\u00e2ge ainsi que de l\u2019impatience...<\/div><p class=\"ccpages_more\"><a href=\"http:\/\/gyneobs.com\/site\/infertilite-et-procreation-medicalement-assistee\/les-explorations\/les-explorations-chez-la-femme\/\"  title=\"Plus ...\">Plus ...<\/a><\/p><\/div><div class=\"ccchildpage  ccfirst cceven ccpage-count-4 ccpage-id-929 ccpage-les-explorations-chez-lhomme ccpage-has-parent ccpage-pid-1378 ccpage-parent-les-explorations\"><h3>Les explorations chez l&rsquo;homme<\/h3><div class=\"ccpages_excerpt\">L\u2019examen de base : le spermogramme Le spermogramme ou spermocytogramme repr\u00e9sente l'examen de premi\u00e8re intention \u00e0 r\u00e9aliser chez l'homme en cas d'hypofertilit\u00e9 du couple. Il vise \u00e0 \u00e9tudier la composition du sperme. Le sperme est un liquide opaque, blanch\u00e2tre produit par l'\u00e9jaculation, compos\u00e9 de spermatozo\u00efdes en suspension dans le liquide s\u00e9minal qui est un m\u00e9lange...<\/div><p class=\"ccpages_more\"><a href=\"http:\/\/gyneobs.com\/site\/infertilite-et-procreation-medicalement-assistee\/les-explorations\/les-explorations-chez-lhomme\/\"  title=\"Plus ...\">Plus ...<\/a><\/p><\/div><div class=\"ccchildpage  ccodd ccpage-count-5 ccpage-id-1048 ccpage-le-syndrome-des-ovaires-polykystiques-opk-et-linfertilite ccpage-has-parent ccpage-pid-1378 ccpage-parent-les-explorations\"><h3>Le syndrome des ovaires polykystiques (OPK) et l\u2019infertilit\u00e9<\/h3><div class=\"ccpages_excerpt\">D\u00e9crit pour la premi\u00e8re fois en 1935 par Stein et Loeventhal, le syndrome dit aujourd\u2019hui des \u00ab&nbsp;ovaires polykystiques&nbsp;\u00bb ou PolyCystic Ovary Syndrome (PCOS) en anglais est une anomalie&nbsp; fr\u00e9quente,&nbsp; observable chez 5 \u00e0 10% des femmes,&nbsp; qui retentit sur bien des aspects de la sant\u00e9 f\u00e9minine en particulier dans le domaine de la reproduction, mais...<\/div><p class=\"ccpages_more\"><a href=\"http:\/\/gyneobs.com\/site\/infertilite-et-procreation-medicalement-assistee\/les-explorations\/le-syndrome-des-ovaires-polykystiques-opk-et-linfertilite\/\"  title=\"Plus ...\">Plus ...<\/a><\/p><\/div><div class=\"ccchildpage  cclast cceven ccpage-count-6 ccpage-id-1051 ccpage-facteurs-environnementaux-et-infertilite ccpage-has-parent ccpage-pid-1378 ccpage-parent-les-explorations\"><h3>Facteurs environnementaux et infertilit\u00e9<\/h3><div class=\"ccpages_excerpt\">Le tabac Le tabac est le plus dangereux des toxiques environnementaux susceptibles d\u2019alt\u00e9rer la fertilit\u00e9 et la fonction ovarienne. Il a un impact sur la st\u00e9ro\u00efdogen\u00e8se ovarienne, la folliculogen\u00e8se et la maturation ovocytaire, la qualit\u00e9 du fluide folliculaire, du complexe cumulo-ovocytaire, l\u2019ovulation, la f\u00e9condation, le transport tubaire, le d\u00e9veloppement embryonnaire et l\u2019implan- tation. L\u2019intoxication tabagique...<\/div><p class=\"ccpages_more\"><a href=\"http:\/\/gyneobs.com\/site\/infertilite-et-procreation-medicalement-assistee\/les-explorations\/facteurs-environnementaux-et-infertilite\/\"  title=\"Plus ...\">Plus ...<\/a><\/p><\/div><div class=\"ccchildpage  ccfirst ccodd ccpage-count-7 ccpage-id-1045 ccpage-linsuffisance-ovarienne-prematuree ccpage-has-parent ccpage-pid-1378 ccpage-parent-les-explorations\"><h3>L\u2019insuffisance ovarienne pr\u00e9matur\u00e9e<\/h3><div class=\"ccpages_excerpt\">L\u2019insuffisance ovarienne pr\u00e9matur\u00e9e se d\u00e9finit par une am\u00e9norrh\u00e9e de plus de quatre mois survenant avant l\u2019\u00e2ge de 40 ans, avec un taux \u00e9lev\u00e9 de FSH sup\u00e9rieure \u00e0 25 UI UI sur au moins deux pr\u00e9l\u00e8vements distincts faits \u00e0 quelques semaines d\u2019intervalle.&nbsp; Signes cliniques Cette insuffisance ovarienne induit une carence en eostrog\u00e8nes donnant des sympt\u00f4mes comparables...<\/div><p class=\"ccpages_more\"><a href=\"http:\/\/gyneobs.com\/site\/infertilite-et-procreation-medicalement-assistee\/les-explorations\/linsuffisance-ovarienne-prematuree\/\"  title=\"Plus ...\">Plus ...<\/a><\/p><\/div><\/div><\/p>\n","protected":false},"excerpt":{"rendered":"","protected":false},"author":1,"featured_media":0,"parent":833,"menu_order":0,"comment_status":"closed","ping_status":"closed","template":"","meta":{"_exactmetrics_skip_tracking":false,"_exactmetrics_sitenote_active":false,"_exactmetrics_sitenote_note":"","_exactmetrics_sitenote_category":0,"footnotes":""},"class_list":["post-1378","page","type-page","status-publish","hentry","post"],"_links":{"self":[{"href":"http:\/\/gyneobs.com\/site\/wp-json\/wp\/v2\/pages\/1378","targetHints":{"allow":["GET"]}}],"collection":[{"href":"http:\/\/gyneobs.com\/site\/wp-json\/wp\/v2\/pages"}],"about":[{"href":"http:\/\/gyneobs.com\/site\/wp-json\/wp\/v2\/types\/page"}],"author":[{"embeddable":true,"href":"http:\/\/gyneobs.com\/site\/wp-json\/wp\/v2\/users\/1"}],"replies":[{"embeddable":true,"href":"http:\/\/gyneobs.com\/site\/wp-json\/wp\/v2\/comments?post=1378"}],"version-history":[{"count":2,"href":"http:\/\/gyneobs.com\/site\/wp-json\/wp\/v2\/pages\/1378\/revisions"}],"predecessor-version":[{"id":1889,"href":"http:\/\/gyneobs.com\/site\/wp-json\/wp\/v2\/pages\/1378\/revisions\/1889"}],"up":[{"embeddable":true,"href":"http:\/\/gyneobs.com\/site\/wp-json\/wp\/v2\/pages\/833"}],"wp:attachment":[{"href":"http:\/\/gyneobs.com\/site\/wp-json\/wp\/v2\/media?parent=1378"}],"curies":[{"name":"wp","href":"https:\/\/api.w.org\/{rel}","templated":true}]}}