{"id":1340,"date":"2019-07-04T11:24:39","date_gmt":"2019-07-04T09:24:39","guid":{"rendered":"http:\/\/gyneobs.com\/site\/?page_id=1340"},"modified":"2019-07-06T20:07:31","modified_gmt":"2019-07-06T18:07:31","slug":"pathologies-benignes","status":"publish","type":"page","link":"http:\/\/gyneobs.com\/site\/oncologie\/cancer-du-sein-et-mammologie\/pathologies-benignes\/","title":{"rendered":"PATHOLOGIES B\u00c9NIGNES"},"content":{"rendered":"<p><div id=\"ccchildpages-1\" class=\"ccchildpages  simple ccclearfix\"><ul class=\"ccchildpages_list ccclearfix\"><li class=\"page_item page-item-688\"><a href=\"http:\/\/gyneobs.com\/site\/oncologie\/cancer-du-sein-et-mammologie\/pathologies-benignes\/les-seins-douloureux-mastodynies\/\">Les seins douloureux (Mastodynies)<\/a><\/li>\n<li class=\"page_item page-item-690\"><a href=\"http:\/\/gyneobs.com\/site\/oncologie\/cancer-du-sein-et-mammologie\/pathologies-benignes\/inflammations-et-abces-du-sein\/\">Inflammations et abc\u00e8s du sein<\/a><\/li>\n<li class=\"page_item page-item-692\"><a href=\"http:\/\/gyneobs.com\/site\/oncologie\/cancer-du-sein-et-mammologie\/pathologies-benignes\/les-kystes-du-sein\/\">Les kystes du sein<\/a><\/li>\n<li class=\"page_item page-item-747\"><a href=\"http:\/\/gyneobs.com\/site\/oncologie\/cancer-du-sein-et-mammologie\/pathologies-benignes\/mamelons-ombiliques\/\">Mamelons ombiliqu\u00e9s<\/a><\/li><\/ul><\/div><br \/>\n<div id=\"ccchildpages-2\" class=\"ccchildpages threecol simple ccclearfix\"><div class=\"ccchildpage  ccfirst ccodd ccpage-count-1 ccpage-id-688 ccpage-les-seins-douloureux-mastodynies ccpage-has-parent ccpage-pid-1340 ccpage-parent-pathologies-benignes\"><h3>Les seins douloureux (Mastodynies)<\/h3><div class=\"ccpages_excerpt\">Les seins douloureux ou mastodynies sont un motif de consultation fr\u00e9quents. Il s\u2019agit de douleurs mammaires bilat\u00e9rales, pr\u00e9dominant dans les quadrants externes, d\u2019une dur\u00e9e de plus de 4 jours en p\u00e9riode pr\u00e9menstruelle, rythm\u00e9es par le cycle menstruel, et se r\u00e9p\u00e9tant de cycle en cycle sur plusieurs mois.&nbsp; L\u2019examen clinique ne montre aucune anomalie. Examens compl\u00e9mentaires...<\/div><p class=\"ccpages_more\"><a href=\"http:\/\/gyneobs.com\/site\/oncologie\/cancer-du-sein-et-mammologie\/pathologies-benignes\/les-seins-douloureux-mastodynies\/\"  title=\"Plus ...\">Plus ...<\/a><\/p><\/div><div class=\"ccchildpage  cceven ccpage-count-2 ccpage-id-690 ccpage-inflammations-et-abces-du-sein ccpage-has-parent ccpage-pid-1340 ccpage-parent-pathologies-benignes\"><h3>Inflammations et abc\u00e8s du sein<\/h3><div class=\"ccpages_excerpt\">Une inflammation du sein ou mastite est d\u00e9finie par un sein rouge et chaud, tr\u00e8s souvent associ\u00e9 \u00e0 des douleurs.&nbsp; M\u00eame s\u2019il s\u2019agit souvent d\u2019une pathologie de type b\u00e9nin, il faut toujours avoir pr\u00e9sent \u00e0 l\u2019esprit d\u2019\u00e9liminer un cancer. Il existe de nombreuses \u00e9tiologies qui peuvent \u00eatre regroup\u00e9es en 3 cat\u00e9gories diagnostiques : malignes, infectieuses,...<\/div><p class=\"ccpages_more\"><a href=\"http:\/\/gyneobs.com\/site\/oncologie\/cancer-du-sein-et-mammologie\/pathologies-benignes\/inflammations-et-abces-du-sein\/\"  title=\"Plus ...\">Plus ...<\/a><\/p><\/div><div class=\"ccchildpage  cclast ccodd ccpage-count-3 ccpage-id-692 ccpage-les-kystes-du-sein ccpage-has-parent ccpage-pid-1340 ccpage-parent-pathologies-benignes\"><h3>Les kystes du sein<\/h3><div class=\"ccpages_excerpt\">Le kyste du sein d\u00e9signe une cavit\u00e9 n\u00e9oform\u00e9e \u00e0 contenu liquidien poss\u00e9dant un rev\u00eatement propre, dit \u00e9pith\u00e9lium. Il s'agit du type le plus courant de masse palpable chez les femmes \u00e0 partir de 35 ans et ce, jusqu\u2019\u00e0 la m\u00e9nopause. Les kystes du sein sont le plus souvent b\u00e9nins (mais pas toujours) et ne repr\u00e9sentent...<\/div><p class=\"ccpages_more\"><a href=\"http:\/\/gyneobs.com\/site\/oncologie\/cancer-du-sein-et-mammologie\/pathologies-benignes\/les-kystes-du-sein\/\"  title=\"Plus ...\">Plus ...<\/a><\/p><\/div><div class=\"ccchildpage  ccfirst cceven ccpage-count-4 ccpage-id-747 ccpage-mamelons-ombiliques ccpage-has-parent ccpage-pid-1340 ccpage-parent-pathologies-benignes\"><h3>Mamelons ombiliqu\u00e9s<\/h3><div class=\"ccpages_excerpt\">Mamelon ombiliqu\u00e9 L\u2019ombilication des mamelons est une malformation fr\u00e9quente source de complexes et g\u00eanant parfois fortement l\u2019allaitement. Ce dernier est parfois possible soit naturellement (au prix d\u2019une technique correcte), soit \u00e0 l\u2019aide d\u2019un tire lait. On d\u00e9crit trois stades: &nbsp; &nbsp; -Stade 1: Les mamelons sont plats : il n'existe pas d'angle net entre l'ar\u00e9ole...<\/div><p class=\"ccpages_more\"><a href=\"http:\/\/gyneobs.com\/site\/oncologie\/cancer-du-sein-et-mammologie\/pathologies-benignes\/mamelons-ombiliques\/\"  title=\"Plus ...\">Plus ...<\/a><\/p><\/div><\/div><\/p>\n","protected":false},"excerpt":{"rendered":"","protected":false},"author":1,"featured_media":0,"parent":20,"menu_order":2,"comment_status":"closed","ping_status":"closed","template":"","meta":{"_exactmetrics_skip_tracking":false,"_exactmetrics_sitenote_active":false,"_exactmetrics_sitenote_note":"","_exactmetrics_sitenote_category":0,"footnotes":""},"class_list":["post-1340","page","type-page","status-publish","hentry","post"],"_links":{"self":[{"href":"http:\/\/gyneobs.com\/site\/wp-json\/wp\/v2\/pages\/1340","targetHints":{"allow":["GET"]}}],"collection":[{"href":"http:\/\/gyneobs.com\/site\/wp-json\/wp\/v2\/pages"}],"about":[{"href":"http:\/\/gyneobs.com\/site\/wp-json\/wp\/v2\/types\/page"}],"author":[{"embeddable":true,"href":"http:\/\/gyneobs.com\/site\/wp-json\/wp\/v2\/users\/1"}],"replies":[{"embeddable":true,"href":"http:\/\/gyneobs.com\/site\/wp-json\/wp\/v2\/comments?post=1340"}],"version-history":[{"count":3,"href":"http:\/\/gyneobs.com\/site\/wp-json\/wp\/v2\/pages\/1340\/revisions"}],"predecessor-version":[{"id":1901,"href":"http:\/\/gyneobs.com\/site\/wp-json\/wp\/v2\/pages\/1340\/revisions\/1901"}],"up":[{"embeddable":true,"href":"http:\/\/gyneobs.com\/site\/wp-json\/wp\/v2\/pages\/20"}],"wp:attachment":[{"href":"http:\/\/gyneobs.com\/site\/wp-json\/wp\/v2\/media?parent=1340"}],"curies":[{"name":"wp","href":"https:\/\/api.w.org\/{rel}","templated":true}]}}