{"id":1338,"date":"2019-07-04T11:18:27","date_gmt":"2019-07-04T09:18:27","guid":{"rendered":"http:\/\/gyneobs.com\/site\/?page_id=1338"},"modified":"2019-07-06T20:07:12","modified_gmt":"2019-07-06T18:07:12","slug":"traitements","status":"publish","type":"page","link":"http:\/\/gyneobs.com\/site\/oncologie\/cancer-du-sein-et-mammologie\/traitements\/","title":{"rendered":"TRAITEMENTS"},"content":{"rendered":"<p><div id=\"ccchildpages-1\" class=\"ccchildpages  simple ccclearfix\"><ul class=\"ccchildpages_list ccclearfix\"><li class=\"page_item page-item-186\"><a href=\"http:\/\/gyneobs.com\/site\/oncologie\/cancer-du-sein-et-mammologie\/traitements\/le-ganglion-sentinelle\/\">Le ganglion sentinelle<\/a><\/li>\n<li class=\"page_item page-item-512\"><a href=\"http:\/\/gyneobs.com\/site\/oncologie\/cancer-du-sein-et-mammologie\/traitements\/la-chirurgie-oncoplastique-du-cancer-du-sein\/\">La chirurgie oncoplastique du cancer du sein<\/a><\/li>\n<li class=\"page_item page-item-530\"><a href=\"http:\/\/gyneobs.com\/site\/oncologie\/cancer-du-sein-et-mammologie\/traitements\/les-reconstructions-mammaires\/\">Les reconstructions mammaires<\/a><\/li>\n<li class=\"page_item page-item-550\"><a href=\"http:\/\/gyneobs.com\/site\/oncologie\/cancer-du-sein-et-mammologie\/traitements\/le-lipofilling-le-systeme-brava\/\">Le lipofilling &#8211; Le syst\u00e8me BRAVA<\/a><\/li>\n<li class=\"page_item page-item-561\"><a href=\"http:\/\/gyneobs.com\/site\/oncologie\/cancer-du-sein-et-mammologie\/traitements\/les-traitements-complementaires-du-cancer-du-sein\/\">Les traitements compl\u00e9mentaires du cancer du sein<\/a><\/li>\n<li class=\"page_item page-item-633\"><a href=\"http:\/\/gyneobs.com\/site\/oncologie\/cancer-du-sein-et-mammologie\/traitements\/les-cancers-in-situ\/\">Les cancers in situ<\/a><\/li>\n<li class=\"page_item page-item-547\"><a href=\"http:\/\/gyneobs.com\/site\/oncologie\/cancer-du-sein-et-mammologie\/traitements\/sequences-inversees-et-reconstrution-immediate-pour-toutes-les-mastectomies\/\">S\u00e9quences invers\u00e9es et reconstrution imm\u00e9diate pour toutes les mastectomies<\/a><\/li>\n<li class=\"page_item page-item-662\"><a href=\"http:\/\/gyneobs.com\/site\/oncologie\/cancer-du-sein-et-mammologie\/traitements\/ecoulements-mamelonnaires\/\">Ecoulements mamelonnaires<\/a><\/li>\n<li class=\"page_item page-item-675\"><a href=\"http:\/\/gyneobs.com\/site\/oncologie\/cancer-du-sein-et-mammologie\/traitements\/formes-particulieres-de-cancers-du-sein\/\">Formes particuli\u00e8res de cancers du sein<\/a><\/li>\n<li class=\"page_item page-item-679\"><a href=\"http:\/\/gyneobs.com\/site\/oncologie\/cancer-du-sein-et-mammologie\/traitements\/suivi-post-therapeutique\/\">Suivi post th\u00e9rapeutique<\/a><\/li>\n<li class=\"page_item page-item-681\"><a href=\"http:\/\/gyneobs.com\/site\/oncologie\/cancer-du-sein-et-mammologie\/traitements\/lapres-cancer-du-sein\/\">L&rsquo;apr\u00e8s cancer du sein<\/a><\/li><\/ul><\/div><br \/>\n<div id=\"ccchildpages-2\" class=\"ccchildpages threecol simple ccclearfix\"><div class=\"ccchildpage  ccfirst ccodd ccpage-count-1 ccpage-id-186 ccpage-le-ganglion-sentinelle ccpage-has-parent ccpage-pid-1338 ccpage-parent-traitements\"><h3>Le ganglion sentinelle<\/h3><div class=\"ccpages_excerpt\">Le traitement chirurgical du cancer du sein repose sur l\u2019ablation de la tumeur primitive ainsi que sur l\u2019ablation des ganglions situ\u00e9s dans l\u2019aisselle du m\u00eame c\u00f4t\u00e9. L\u2019ablation et l\u2019analyse de ces ganglions permettent d\u2019une part, le contr\u00f4le local de la maladie (sein et r\u00e9gion de l\u2019aisselle), et d\u2019autre part, de d\u00e9terminer le stade du cancer....<\/div><p class=\"ccpages_more\"><a href=\"http:\/\/gyneobs.com\/site\/oncologie\/cancer-du-sein-et-mammologie\/traitements\/le-ganglion-sentinelle\/\"  title=\"Plus ...\">Plus ...<\/a><\/p><\/div><div class=\"ccchildpage  cceven ccpage-count-2 ccpage-id-512 ccpage-la-chirurgie-oncoplastique-du-cancer-du-sein ccpage-has-parent ccpage-pid-1338 ccpage-parent-traitements\"><h3>La chirurgie oncoplastique du cancer du sein<\/h3><div class=\"ccpages_excerpt\">Les docteurs Krishna B. Clough, jacques Peter et Jean-Yves Petit Le terme \u00abd\u2019oncoplastie&nbsp;\u00bb a \u00e9t\u00e9&nbsp; imagin\u00e9 de mani\u00e8re lumineuse par l\u2019allemand Werner Audretsch de D\u00fcsseldorf. Ce dernier s\u2019est associ\u00e9 aux services des docteurs Krishna B. Clough (Institut Curie puis aujoud\u2019hui Institut du sein \u00e0 Paris) et Jean-Yves Petit \u00e0 Milan pour cr\u00e9er, dans le cadre...<\/div><p class=\"ccpages_more\"><a href=\"http:\/\/gyneobs.com\/site\/oncologie\/cancer-du-sein-et-mammologie\/traitements\/la-chirurgie-oncoplastique-du-cancer-du-sein\/\"  title=\"Plus ...\">Plus ...<\/a><\/p><\/div><div class=\"ccchildpage  cclast ccodd ccpage-count-3 ccpage-id-530 ccpage-les-reconstructions-mammaires ccpage-has-parent ccpage-pid-1338 ccpage-parent-traitements\"><h3>Les reconstructions mammaires<\/h3><div class=\"ccpages_excerpt\">La reconstruction mammaire fait partie int\u00e9grante de la prise en charge du cancer du sein, en particulier apr\u00e8s une chirurgie mammaire non conservatrice. La reconstruction mammaire est prise en charge \u00e0 100 % dans le cadre de l'ALD (affection longue dur\u00e9e) sur la base du tarif de l'Assurance maladie. Diverses techniques sont utilisables selon les...<\/div><p class=\"ccpages_more\"><a href=\"http:\/\/gyneobs.com\/site\/oncologie\/cancer-du-sein-et-mammologie\/traitements\/les-reconstructions-mammaires\/\"  title=\"Plus ...\">Plus ...<\/a><\/p><\/div><div class=\"ccchildpage  ccfirst cceven ccpage-count-4 ccpage-id-550 ccpage-le-lipofilling-le-systeme-brava ccpage-has-parent ccpage-pid-1338 ccpage-parent-traitements\"><h3>Le lipofilling &#8211; Le syst\u00e8me BRAVA<\/h3><div class=\"ccpages_excerpt\">Le lipofilling ou lipomodelage est actuellement le traitement de r\u00e9f\u00e9rence pour la correction de s\u00e9quelles mod\u00e9r\u00e9es du traitement conservateur. Cette technique d\u00e9rive de la classique liposuccion utilis\u00e9e en chirurgie esth\u00e9tique depuis les ann\u00e9es 80. Il s\u2019agit donc du transfert de graisse pr\u00e9sente en exc\u00e8s dans certaines r\u00e9gions (abdomen, cuisses, hanches, etc) vers les seins afin...<\/div><p class=\"ccpages_more\"><a href=\"http:\/\/gyneobs.com\/site\/oncologie\/cancer-du-sein-et-mammologie\/traitements\/le-lipofilling-le-systeme-brava\/\"  title=\"Plus ...\">Plus ...<\/a><\/p><\/div><div class=\"ccchildpage  ccodd ccpage-count-5 ccpage-id-561 ccpage-les-traitements-complementaires-du-cancer-du-sein ccpage-has-parent ccpage-pid-1338 ccpage-parent-traitements\"><h3>Les traitements compl\u00e9mentaires du cancer du sein<\/h3><div class=\"ccpages_excerpt\">La chimioth\u00e9rapie La chimioth\u00e9rapie est un traitement \u00e0 base de m\u00e9dicaments visant \u00e0 d\u00e9truire pr\u00e9f\u00e9rentiellement les cellules canc\u00e9reuses. En effet les cellules canc\u00e9reuses sont des cellules jeunes, en voie de multiplication rapide et sont dont en priorit\u00e9 sensible \u00e0 ces traitements plut\u00f4t que les autres cellules du corps. C\u2019est donc un traitement g\u00e9n\u00e9ral qui agit...<\/div><p class=\"ccpages_more\"><a href=\"http:\/\/gyneobs.com\/site\/oncologie\/cancer-du-sein-et-mammologie\/traitements\/les-traitements-complementaires-du-cancer-du-sein\/\"  title=\"Plus ...\">Plus ...<\/a><\/p><\/div><div class=\"ccchildpage  cclast cceven ccpage-count-6 ccpage-id-633 ccpage-les-cancers-in-situ ccpage-has-parent ccpage-pid-1338 ccpage-parent-traitements\"><h3>Les cancers in situ<\/h3><div class=\"ccpages_excerpt\">I-D\u00e9finition \u00a0 Le carcinome in situ est d\u00e9fini comme une prolif\u00e9ration de cellules canc\u00e9reuses confin\u00e9es \u00e0 l'int\u00e9rieur des canaux ou des lobules. D\u00e8s que la membrane basale limitant ces canaux ou lobules est d\u00e9pass\u00e9e, il s'agit d'un cancer infiltrant : les cellules tumorales vont se d\u00e9velopper dans le tissu mammaire voisin et pouvoir se propager...<\/div><p class=\"ccpages_more\"><a href=\"http:\/\/gyneobs.com\/site\/oncologie\/cancer-du-sein-et-mammologie\/traitements\/les-cancers-in-situ\/\"  title=\"Plus ...\">Plus ...<\/a><\/p><\/div><div class=\"ccchildpage  ccfirst ccodd ccpage-count-7 ccpage-id-547 ccpage-sequences-inversees-et-reconstrution-immediate-pour-toutes-les-mastectomies ccpage-has-parent ccpage-pid-1338 ccpage-parent-traitements\"><h3>S\u00e9quences invers\u00e9es et reconstrution imm\u00e9diate pour toutes les mastectomies<\/h3><div class=\"ccpages_excerpt\">Lorsqu\u2019une mastectomie est n\u00e9cessaire l\u2019un des axes de progr\u00e9s actuels est d\u2019\u00e9tendre la possibilit\u00e9 de reconstruction mammmaire imm\u00e9diate \u00e0 tous les cas de cancers du sein.&nbsp; Il existe deux grands types de chirurgie du cancer du sein: &nbsp; &nbsp; &nbsp; &nbsp; -soit un traitement conservateur qui n\u2019enl\u00e8ve qu\u2019une partie du sein et dont les s\u00e9quelles...<\/div><p class=\"ccpages_more\"><a href=\"http:\/\/gyneobs.com\/site\/oncologie\/cancer-du-sein-et-mammologie\/traitements\/sequences-inversees-et-reconstrution-immediate-pour-toutes-les-mastectomies\/\"  title=\"Plus ...\">Plus ...<\/a><\/p><\/div><div class=\"ccchildpage  cceven ccpage-count-8 ccpage-id-662 ccpage-ecoulements-mamelonnaires ccpage-has-parent ccpage-pid-1338 ccpage-parent-traitements\"><h3>Ecoulements mamelonnaires<\/h3><div class=\"ccpages_excerpt\">L\u2019\u00e9coulement mamelonnaire correspond \u00e0 une fuite de liquide d\u2019un ou des deux mamelons. Il se produit habituellement apr\u00e8s un accouchement puisque les seins produisent du lait. La plupart du temps, l'\u00e9coulement mamelonnaire est b\u00e9nin, mais il faut distinguer: \u2013 les galactorrh\u00e9es, ou \u00e9coulements multi-orificiels bilat\u00e9raux, lactescents, parfois abondants ; \u2013 l\u2019\u00e9coulement purulent dans un contexte...<\/div><p class=\"ccpages_more\"><a href=\"http:\/\/gyneobs.com\/site\/oncologie\/cancer-du-sein-et-mammologie\/traitements\/ecoulements-mamelonnaires\/\"  title=\"Plus ...\">Plus ...<\/a><\/p><\/div><div class=\"ccchildpage  cclast ccodd ccpage-count-9 ccpage-id-675 ccpage-formes-particulieres-de-cancers-du-sein ccpage-has-parent ccpage-pid-1338 ccpage-parent-traitements\"><h3>Formes particuli\u00e8res de cancers du sein<\/h3><div class=\"ccpages_excerpt\">D\u00e9couverte de ganglions axillaires m\u00e9tastatiques sans cancer primitif retrouv\u00e9 (y compris apr\u00e8s IRM mammaire)\u00a0 &nbsp; &nbsp; &nbsp; &nbsp; - Effectuer un bilan d\u2019extension complet et rechercher un primitif extra-mammaire (r\u00f4le fondamental de la TEP-TDM au 18FDG).&nbsp; &nbsp; &nbsp; &nbsp; &nbsp; - Curage axillaire (avec recherche des r\u00e9cepteurs et de HER2 sur les ganglions)&nbsp; &nbsp; &nbsp;...<\/div><p class=\"ccpages_more\"><a href=\"http:\/\/gyneobs.com\/site\/oncologie\/cancer-du-sein-et-mammologie\/traitements\/formes-particulieres-de-cancers-du-sein\/\"  title=\"Plus ...\">Plus ...<\/a><\/p><\/div><div class=\"ccchildpage  ccfirst cceven ccpage-count-10 ccpage-id-679 ccpage-suivi-post-therapeutique ccpage-has-parent ccpage-pid-1338 ccpage-parent-traitements\"><h3>Suivi post th\u00e9rapeutique<\/h3><div class=\"ccpages_excerpt\">La surveillance Apr\u00e8s le traitement initial du cancer du sein, la surveillance vise \u00e0: &nbsp; &nbsp; &nbsp; &nbsp; -d\u00e9tecter et traiter d\u2019\u00e9ventuels effets secondaires tardifs et s\u00e9quelles des traitements;&nbsp; &nbsp; &nbsp; &nbsp; &nbsp; &nbsp; &nbsp; &nbsp; -mettre en \u0153uvre les soins de support n\u00e9cessaires ; &nbsp; &nbsp; &nbsp; &nbsp; -d\u00e9tecter le plus t\u00f4t possible les...<\/div><p class=\"ccpages_more\"><a href=\"http:\/\/gyneobs.com\/site\/oncologie\/cancer-du-sein-et-mammologie\/traitements\/suivi-post-therapeutique\/\"  title=\"Plus ...\">Plus ...<\/a><\/p><\/div><div class=\"ccchildpage  ccodd ccpage-count-11 ccpage-id-681 ccpage-lapres-cancer-du-sein ccpage-has-parent ccpage-pid-1338 ccpage-parent-traitements\"><h3>L&rsquo;apr\u00e8s cancer du sein<\/h3><div class=\"ccpages_excerpt\">L\u2019atteinte physique et psychique La chirurgie oncologique du sein, qu\u2019il s\u2019agisse d\u2019une mastectomie totale ou partielle, m\u00eame avec les techniques oncoplastiques actuelles repr\u00e9sente toujours une atteinte \u00e0 la f\u00e9minit\u00e9. Apr\u00e8s l\u2019op\u00e9ration, il faut du courage pour regarder une premi\u00e8re fois sa cicatrice. Il faut du temps pour renouer contact avec son corps et apprendre \u00e0...<\/div><p class=\"ccpages_more\"><a href=\"http:\/\/gyneobs.com\/site\/oncologie\/cancer-du-sein-et-mammologie\/traitements\/lapres-cancer-du-sein\/\"  title=\"Plus ...\">Plus ...<\/a><\/p><\/div><\/div><\/p>\n","protected":false},"excerpt":{"rendered":"","protected":false},"author":1,"featured_media":0,"parent":20,"menu_order":1,"comment_status":"closed","ping_status":"closed","template":"","meta":{"_exactmetrics_skip_tracking":false,"_exactmetrics_sitenote_active":false,"_exactmetrics_sitenote_note":"","_exactmetrics_sitenote_category":0,"footnotes":""},"class_list":["post-1338","page","type-page","status-publish","hentry","post"],"_links":{"self":[{"href":"http:\/\/gyneobs.com\/site\/wp-json\/wp\/v2\/pages\/1338","targetHints":{"allow":["GET"]}}],"collection":[{"href":"http:\/\/gyneobs.com\/site\/wp-json\/wp\/v2\/pages"}],"about":[{"href":"http:\/\/gyneobs.com\/site\/wp-json\/wp\/v2\/types\/page"}],"author":[{"embeddable":true,"href":"http:\/\/gyneobs.com\/site\/wp-json\/wp\/v2\/users\/1"}],"replies":[{"embeddable":true,"href":"http:\/\/gyneobs.com\/site\/wp-json\/wp\/v2\/comments?post=1338"}],"version-history":[{"count":2,"href":"http:\/\/gyneobs.com\/site\/wp-json\/wp\/v2\/pages\/1338\/revisions"}],"predecessor-version":[{"id":1900,"href":"http:\/\/gyneobs.com\/site\/wp-json\/wp\/v2\/pages\/1338\/revisions\/1900"}],"up":[{"embeddable":true,"href":"http:\/\/gyneobs.com\/site\/wp-json\/wp\/v2\/pages\/20"}],"wp:attachment":[{"href":"http:\/\/gyneobs.com\/site\/wp-json\/wp\/v2\/media?parent=1338"}],"curies":[{"name":"wp","href":"https:\/\/api.w.org\/{rel}","templated":true}]}}