{"id":1335,"date":"2019-07-04T11:17:57","date_gmt":"2019-07-04T09:17:57","guid":{"rendered":"http:\/\/gyneobs.com\/site\/?page_id=1335"},"modified":"2019-07-06T20:06:46","modified_gmt":"2019-07-06T18:06:46","slug":"diagnostic","status":"publish","type":"page","link":"http:\/\/gyneobs.com\/site\/oncologie\/cancer-du-sein-et-mammologie\/diagnostic\/","title":{"rendered":"DIAGNOSTIC"},"content":{"rendered":"<p><div id=\"ccchildpages-1\" class=\"ccchildpages  simple ccclearfix\"><ul class=\"ccchildpages_list ccclearfix\"><li class=\"page_item page-item-572\"><a href=\"http:\/\/gyneobs.com\/site\/oncologie\/cancer-du-sein-et-mammologie\/diagnostic\/predisposition-genetique-aux-cancers-du-sein-et-de-lovaire\/\">Pr\u00e9disposition g\u00e9n\u00e9tique aux cancers du sein et de l\u2019ovaire<\/a><\/li>\n<li class=\"page_item page-item-25\"><a href=\"http:\/\/gyneobs.com\/site\/oncologie\/cancer-du-sein-et-mammologie\/diagnostic\/les-facteurs-de-risque-du-cancer-du-sein\/\">Les facteurs de risque du cancer du sein<\/a><\/li>\n<li class=\"page_item page-item-105\"><a href=\"http:\/\/gyneobs.com\/site\/oncologie\/cancer-du-sein-et-mammologie\/diagnostic\/le-depistage-du-cancer-du-sein\/\">Le d\u00e9pistage du cancer du sein<\/a><\/li>\n<li class=\"page_item page-item-2473\"><a href=\"http:\/\/gyneobs.com\/site\/oncologie\/cancer-du-sein-et-mammologie\/diagnostic\/mammorisk-et-amelioration-du-depistage\/\">Mammorisk et am\u00e9lioration du d\u00e9pistage<\/a><\/li>\n<li class=\"page_item page-item-113\"><a href=\"http:\/\/gyneobs.com\/site\/oncologie\/cancer-du-sein-et-mammologie\/diagnostic\/la-mammographie\/\">La mammographie<\/a><\/li>\n<li class=\"page_item page-item-141\"><a href=\"http:\/\/gyneobs.com\/site\/oncologie\/cancer-du-sein-et-mammologie\/diagnostic\/langiomammographie\/\">L\u2019angiomammographie<\/a><\/li>\n<li class=\"page_item page-item-130\"><a href=\"http:\/\/gyneobs.com\/site\/oncologie\/cancer-du-sein-et-mammologie\/diagnostic\/la-tomosynthese\/\">La tomosynth\u00e8se<\/a><\/li>\n<li class=\"page_item page-item-144\"><a href=\"http:\/\/gyneobs.com\/site\/oncologie\/cancer-du-sein-et-mammologie\/diagnostic\/echographie-elastographie-echographie-ductale\/\">Echographie, Elastographie, Echographie ducale<\/a><\/li>\n<li class=\"page_item page-item-2297\"><a href=\"http:\/\/gyneobs.com\/site\/oncologie\/cancer-du-sein-et-mammologie\/diagnostic\/lirm-mammaire\/\">L&rsquo;IRM mammaire<\/a><\/li>\n<li class=\"page_item page-item-493\"><a href=\"http:\/\/gyneobs.com\/site\/oncologie\/cancer-du-sein-et-mammologie\/diagnostic\/radiologie-interventionnelle-et-diagnostic-du-cancer-du-sein\/\">Radiologie interventionnelle et diagnostic du cancer du sein<\/a><\/li>\n<li class=\"page_item page-item-165\"><a href=\"http:\/\/gyneobs.com\/site\/oncologie\/cancer-du-sein-et-mammologie\/diagnostic\/histologie-et-facteurs-pronostics\/\">Histologie et facteurs pronostiques<\/a><\/li>\n<li class=\"page_item page-item-160\"><a href=\"http:\/\/gyneobs.com\/site\/oncologie\/cancer-du-sein-et-mammologie\/diagnostic\/classification-clinique-des-cancers-du-sein\/\">Classification clinique des cancers du sein<\/a><\/li>\n<li class=\"page_item page-item-179\"><a href=\"http:\/\/gyneobs.com\/site\/oncologie\/cancer-du-sein-et-mammologie\/diagnostic\/la-genomique-des-cancers-du-sein\/\">La g\u00e9nomique des cancers du sein<\/a><\/li>\n<li class=\"page_item page-item-558\"><a href=\"http:\/\/gyneobs.com\/site\/oncologie\/cancer-du-sein-et-mammologie\/diagnostic\/pluridisciplinarite-et-cancer-du-sein\/\">Pluridisciplinarit\u00e9 et cancer du sein<\/a><\/li>\n<li class=\"page_item page-item-196\"><a href=\"http:\/\/gyneobs.com\/site\/oncologie\/cancer-du-sein-et-mammologie\/diagnostic\/le-bilan-dextension-du-cancer-du-sein\/\">Le bilan d&rsquo;extension des cancers du sein<\/a><\/li><\/ul><\/div><br \/>\n<div id=\"ccchildpages-2\" class=\"ccchildpages threecol simple ccclearfix\"><div class=\"ccchildpage  ccfirst ccodd ccpage-count-1 ccpage-id-572 ccpage-predisposition-genetique-aux-cancers-du-sein-et-de-lovaire ccpage-has-parent ccpage-pid-1335 ccpage-parent-diagnostic\"><h3>Pr\u00e9disposition g\u00e9n\u00e9tique aux cancers du sein et de l\u2019ovaire<\/h3><div class=\"ccpages_excerpt\">Les cancers d\u2019origine g\u00e9n\u00e9tique 90% des cancers du sein sont d\u2019appartion sporadique. 10% sont d\u2019origine g\u00e9n\u00e9tique et li\u00e9s principalement \u00e0&nbsp; deux types de mutations concernant les g\u00e8nes BRCA1 et BRCA2. Certaines rares mutations concernent les g\u00e8nes TP53, LKB1, PTEN, et&nbsp; CDH1. Il existe aussi des g\u00e8nes encore inconnus qui repr\u00e9sentent 35% des mutations en cause....<\/div><p class=\"ccpages_more\"><a href=\"http:\/\/gyneobs.com\/site\/oncologie\/cancer-du-sein-et-mammologie\/diagnostic\/predisposition-genetique-aux-cancers-du-sein-et-de-lovaire\/\"  title=\"Plus ...\">Plus ...<\/a><\/p><\/div><div class=\"ccchildpage  cceven ccpage-count-2 ccpage-id-25 ccpage-les-facteurs-de-risque-du-cancer-du-sein ccpage-has-parent ccpage-pid-1335 ccpage-parent-diagnostic\"><h3>Les facteurs de risque du cancer du sein<\/h3><div class=\"ccpages_excerpt\">C\u2019est le plus fr\u00e9quent des cancers chez la femme. Il concerne 45 000 nouveaux cas par an en France et 10 000 d\u00e9c\u00e8s environ. A titre de comparaison, ces m\u00eames chiffres sont pour l\u2019ovaire, le col et l\u2019endom\u00e8tre de 4000 nouveaux cas par an pour chacun de ces trois cancers. On estime qu\u2019une femme sur...<\/div><p class=\"ccpages_more\"><a href=\"http:\/\/gyneobs.com\/site\/oncologie\/cancer-du-sein-et-mammologie\/diagnostic\/les-facteurs-de-risque-du-cancer-du-sein\/\"  title=\"Plus ...\">Plus ...<\/a><\/p><\/div><div class=\"ccchildpage  cclast ccodd ccpage-count-3 ccpage-id-105 ccpage-le-depistage-du-cancer-du-sein ccpage-has-parent ccpage-pid-1335 ccpage-parent-diagnostic\"><h3>Le d\u00e9pistage du cancer du sein<\/h3><div class=\"ccpages_excerpt\">La mammographie Le d\u00e9pistage du cancer du sein repose sur la mammographie. Certains pays proposent une politique de d\u00e9pistage syst\u00e9matique pour toute la population. En France il est propos\u00e9 de\u00a0 50-74 ans, tous les 2 ans pour les femmes \u00e0 bas risque. Pour les femmes \u00e0 haut risque (ant\u00e9c\u00e9dents familiaux ou port du g\u00e8ne BRCA...<\/div><p class=\"ccpages_more\"><a href=\"http:\/\/gyneobs.com\/site\/oncologie\/cancer-du-sein-et-mammologie\/diagnostic\/le-depistage-du-cancer-du-sein\/\"  title=\"Plus ...\">Plus ...<\/a><\/p><\/div><div class=\"ccchildpage  ccfirst cceven ccpage-count-4 ccpage-id-2473 ccpage-mammorisk-et-amelioration-du-depistage ccpage-has-parent ccpage-pid-1335 ccpage-parent-diagnostic\"><h3>Mammorisk et am\u00e9lioration du d\u00e9pistage<\/h3><div class=\"ccpages_excerpt\">Le programme fran\u00e7ais de d\u00e9pistage organis\u00e9 propose de fa\u00e7on g\u00e9n\u00e9ralis\u00e9e une mammographie tous les deux ans aux femmes de 50 \u00e0 74&nbsp;ans, hormis celles pr\u00e9sentant des pr\u00e9dispositions g\u00e9n\u00e9tiques, pour qui la fr\u00e9quence est annuelle et peut commencer plus t\u00f4t.&nbsp;Mais on estime que cet examen conduit dans 10\u2009% \u00e0 20\u2009% des cas \u00e0 d\u00e9tecter des tumeurs...<\/div><p class=\"ccpages_more\"><a href=\"http:\/\/gyneobs.com\/site\/oncologie\/cancer-du-sein-et-mammologie\/diagnostic\/mammorisk-et-amelioration-du-depistage\/\"  title=\"Plus ...\">Plus ...<\/a><\/p><\/div><div class=\"ccchildpage  ccodd ccpage-count-5 ccpage-id-113 ccpage-la-mammographie ccpage-has-parent ccpage-pid-1335 ccpage-parent-diagnostic\"><h3>La mammographie<\/h3><div class=\"ccpages_excerpt\">Le mammographie La mammographie est une radiographie des seins r\u00e9alis\u00e9e par un appareil sp\u00e9cifique appel\u00e9 mammographe. La construction de l'image se fait par absorption de rayons X. La mammographie utilise des rayons X et aucune l\u00e9sion radio-induite n'a \u00e9t\u00e9 d\u00e9montr\u00e9e depuis que cette technique existe, la dose de radiations \u00e9tant g\u00e9n\u00e9ralement tr\u00e8s faible. La mammographie...<\/div><p class=\"ccpages_more\"><a href=\"http:\/\/gyneobs.com\/site\/oncologie\/cancer-du-sein-et-mammologie\/diagnostic\/la-mammographie\/\"  title=\"Plus ...\">Plus ...<\/a><\/p><\/div><div class=\"ccchildpage  cclast cceven ccpage-count-6 ccpage-id-141 ccpage-langiomammographie ccpage-has-parent ccpage-pid-1335 ccpage-parent-diagnostic\"><h3>L\u2019angiomammographie<\/h3><div class=\"ccpages_excerpt\">L'angiomammographie consiste \u00e0 coupler mammographie num\u00e9rique et injection en intraveineuse d'un produit de contraste iod\u00e9, afin d'am\u00e9liorer la qualit\u00e9 des images et donc la d\u00e9tection d'une anomalie.&nbsp; Le concept donne des r\u00e9sultats \u00e9quivalents \u00e0 une IRM, tout en permettant \u00e0 la patiente de subir un examen moins long, moins cher, assortie d'une mise en \u0153uvre...<\/div><p class=\"ccpages_more\"><a href=\"http:\/\/gyneobs.com\/site\/oncologie\/cancer-du-sein-et-mammologie\/diagnostic\/langiomammographie\/\"  title=\"Plus ...\">Plus ...<\/a><\/p><\/div><div class=\"ccchildpage  ccfirst ccodd ccpage-count-7 ccpage-id-130 ccpage-la-tomosynthese ccpage-has-parent ccpage-pid-1335 ccpage-parent-diagnostic\"><h3>La tomosynth\u00e8se<\/h3><div class=\"ccpages_excerpt\">La tomosynth\u00e8se du sein est une nouvelle technologie d'imagerie m\u00e9dicale qui produit des images 3D d'une extr\u00eame finesse permettant aux radiologues d'\u00e9tablir un diagnostic plus pr\u00e9coce et plus pr\u00e9cis. Mammographie \"3-D\" La mammographie conventionnelle est en deux dimensions, et peut ne pas d\u00e9tecter les petites tumeurs qui sont cach\u00e9es par les tissus qui se chevauchent....<\/div><p class=\"ccpages_more\"><a href=\"http:\/\/gyneobs.com\/site\/oncologie\/cancer-du-sein-et-mammologie\/diagnostic\/la-tomosynthese\/\"  title=\"Plus ...\">Plus ...<\/a><\/p><\/div><div class=\"ccchildpage  cceven ccpage-count-8 ccpage-id-144 ccpage-echographie-elastographie-echographie-ductale ccpage-has-parent ccpage-pid-1335 ccpage-parent-diagnostic\"><h3>Echographie, Elastographie, Echographie ducale<\/h3><div class=\"ccpages_excerpt\">Echographie L\u2019\u00e9chographie mammaire&nbsp;est un examen qui utilise les ultrasons. Ce n\u2019est donc pas un examen irradiant, et il peut \u00eatre r\u00e9alis\u00e9 sans aucun risque chez la femme enceinte. Un mat\u00e9riel d\u2019\u00e9chographie sp\u00e9cifique est n\u00e9cessaire pour la r\u00e9alisation d\u2019une \u00e9chographie mammaire de qualit\u00e9. On utilise des sondes temps r\u00e9el de 10 \u00e0 15 MHz. Comme pour...<\/div><p class=\"ccpages_more\"><a href=\"http:\/\/gyneobs.com\/site\/oncologie\/cancer-du-sein-et-mammologie\/diagnostic\/echographie-elastographie-echographie-ductale\/\"  title=\"Plus ...\">Plus ...<\/a><\/p><\/div><div class=\"ccchildpage  cclast ccodd ccpage-count-9 ccpage-id-2297 ccpage-lirm-mammaire ccpage-has-parent ccpage-pid-1335 ccpage-parent-diagnostic\"><h3>L&rsquo;IRM mammaire<\/h3><div class=\"ccpages_excerpt\">IRM signifie Imagerie par R\u00e9sonance Magn\u00e9tique. Cet appareil utilise un champ magn\u00e9tique (aimant) et des ondes radio. Aucune radiation ionisante n\u2019est \u00e9mise. L\u2019IRM permet une analyse tr\u00e8s fine de la structure et de la composition des seins, en distinguant la graisse de la glande mammaire et permet de distinguer d'\u00e9ventuelles l\u00e9sions au sein de celle...<\/div><p class=\"ccpages_more\"><a href=\"http:\/\/gyneobs.com\/site\/oncologie\/cancer-du-sein-et-mammologie\/diagnostic\/lirm-mammaire\/\"  title=\"Plus ...\">Plus ...<\/a><\/p><\/div><div class=\"ccchildpage  ccfirst cceven ccpage-count-10 ccpage-id-493 ccpage-radiologie-interventionnelle-et-diagnostic-du-cancer-du-sein ccpage-has-parent ccpage-pid-1335 ccpage-parent-diagnostic\"><h3>Radiologie interventionnelle et diagnostic du cancer du sein<\/h3><div class=\"ccpages_excerpt\">Le diagnostic de cancer du sein repose sur une analyse histologique d\u2019une zone suspecte. Tous les examens d\u2019imagerie (mammographie, \u00e9chographie, \u00e9lastographie, IRM) ne donnent qu\u2019une indication de suspicion plus ou moins forte de cancer. Il en est de m\u00eame de la d\u00e9couverte d\u2019une \u00abboule\u00bb dans le sein. Dans tous les cas un diagnostic histologique est...<\/div><p class=\"ccpages_more\"><a href=\"http:\/\/gyneobs.com\/site\/oncologie\/cancer-du-sein-et-mammologie\/diagnostic\/radiologie-interventionnelle-et-diagnostic-du-cancer-du-sein\/\"  title=\"Plus ...\">Plus ...<\/a><\/p><\/div><div class=\"ccchildpage  ccodd ccpage-count-11 ccpage-id-165 ccpage-histologie-et-facteurs-pronostics ccpage-has-parent ccpage-pid-1335 ccpage-parent-diagnostic\"><h3>Histologie et facteurs pronostiques<\/h3><div class=\"ccpages_excerpt\">Certaines caract\u00e9ristiques du cancer renseignent sur les risques qu'a ce cancer de r\u00e9cidiver. On parle alors de facteurs de risque de r\u00e9cidive. Ces facteurs de risque sont d\u00e9terminants dans le choix du traitement. En fonction de leur pr\u00e9sence, les m\u00e9decins optent pour tel ou tel traitement ou telle ou telle combinaison de traitements. C'est l'examen...<\/div><p class=\"ccpages_more\"><a href=\"http:\/\/gyneobs.com\/site\/oncologie\/cancer-du-sein-et-mammologie\/diagnostic\/histologie-et-facteurs-pronostics\/\"  title=\"Plus ...\">Plus ...<\/a><\/p><\/div><div class=\"ccchildpage  cclast cceven ccpage-count-12 ccpage-id-160 ccpage-classification-clinique-des-cancers-du-sein ccpage-has-parent ccpage-pid-1335 ccpage-parent-diagnostic\"><h3>Classification clinique des cancers du sein<\/h3><div class=\"ccpages_excerpt\"><\/div><p class=\"ccpages_more\"><a href=\"http:\/\/gyneobs.com\/site\/oncologie\/cancer-du-sein-et-mammologie\/diagnostic\/classification-clinique-des-cancers-du-sein\/\"  title=\"Plus ...\">Plus ...<\/a><\/p><\/div><div class=\"ccchildpage  ccfirst ccodd ccpage-count-13 ccpage-id-179 ccpage-la-genomique-des-cancers-du-sein ccpage-has-parent ccpage-pid-1335 ccpage-parent-diagnostic\"><h3>La g\u00e9nomique des cancers du sein<\/h3><div class=\"ccpages_excerpt\">Pourquoi la g\u00e9nomique&nbsp;? Les traitements appliqu\u00e9s aux cancers du sein sont des traitements souvent lourds, en particulier les chimioth\u00e9rapies dont les effets secondaires sont bien connus. La d\u00e9cision de faire ou non une chimioth\u00e9rapie est encore aujourd\u2019hui dans la plupart des cas guid\u00e9e sur les \u00e9l\u00e9ments pronostiques suivants&nbsp;: l\u2019\u00e2ge de la patiente, la pr\u00e9sence d\u2019embols...<\/div><p class=\"ccpages_more\"><a href=\"http:\/\/gyneobs.com\/site\/oncologie\/cancer-du-sein-et-mammologie\/diagnostic\/la-genomique-des-cancers-du-sein\/\"  title=\"Plus ...\">Plus ...<\/a><\/p><\/div><div class=\"ccchildpage  cceven ccpage-count-14 ccpage-id-558 ccpage-pluridisciplinarite-et-cancer-du-sein ccpage-has-parent ccpage-pid-1335 ccpage-parent-diagnostic\"><h3>Pluridisciplinarit\u00e9 et cancer du sein<\/h3><div class=\"ccpages_excerpt\">Tous les dossiers de patientes prises en charge pour un cancer du sein doivent \u00eatre discut\u00e9s en r\u00e9union de concertation pluridisciplinaire dite RCP . A priori deux RCP seront r\u00e9alis\u00e9es pour chaque patiente : une avant la premi\u00e8re \u00e9tape th\u00e9rapeutique et la seconde apr\u00e8s la premi\u00e8re \u00e9tape th\u00e9rapeutique.&nbsp; La RCP comprend au minimum un repr\u00e9sentant...<\/div><p class=\"ccpages_more\"><a href=\"http:\/\/gyneobs.com\/site\/oncologie\/cancer-du-sein-et-mammologie\/diagnostic\/pluridisciplinarite-et-cancer-du-sein\/\"  title=\"Plus ...\">Plus ...<\/a><\/p><\/div><div class=\"ccchildpage  cclast ccodd ccpage-count-15 ccpage-id-196 ccpage-le-bilan-dextension-du-cancer-du-sein ccpage-has-parent ccpage-pid-1335 ccpage-parent-diagnostic\"><h3>Le bilan d&rsquo;extension des cancers du sein<\/h3><div class=\"ccpages_excerpt\">La recherche de m\u00e9tastase (par l\u2019imagerie ou la biologie) n\u2019est pas syst\u00e9matique et doit \u00eatre r\u00e9serv\u00e9e aux patientes pr\u00e9sentant des points d\u2019appel cliniques. Elle ne doit pas en tous cas retarder la prise en charge th\u00e9rapeutique. En l\u2019absence de sympt\u00f4me \u00e9vocateur d\u2019une m\u00e9tastase, se pose la question des patientes pour lesquelles un bilan d\u2019extension \u00e0...<\/div><p class=\"ccpages_more\"><a href=\"http:\/\/gyneobs.com\/site\/oncologie\/cancer-du-sein-et-mammologie\/diagnostic\/le-bilan-dextension-du-cancer-du-sein\/\"  title=\"Plus ...\">Plus ...<\/a><\/p><\/div><\/div><\/p>\n","protected":false},"excerpt":{"rendered":"","protected":false},"author":1,"featured_media":0,"parent":20,"menu_order":0,"comment_status":"closed","ping_status":"closed","template":"","meta":{"_exactmetrics_skip_tracking":false,"_exactmetrics_sitenote_active":false,"_exactmetrics_sitenote_note":"","_exactmetrics_sitenote_category":0,"footnotes":""},"class_list":["post-1335","page","type-page","status-publish","hentry","post"],"_links":{"self":[{"href":"http:\/\/gyneobs.com\/site\/wp-json\/wp\/v2\/pages\/1335","targetHints":{"allow":["GET"]}}],"collection":[{"href":"http:\/\/gyneobs.com\/site\/wp-json\/wp\/v2\/pages"}],"about":[{"href":"http:\/\/gyneobs.com\/site\/wp-json\/wp\/v2\/types\/page"}],"author":[{"embeddable":true,"href":"http:\/\/gyneobs.com\/site\/wp-json\/wp\/v2\/users\/1"}],"replies":[{"embeddable":true,"href":"http:\/\/gyneobs.com\/site\/wp-json\/wp\/v2\/comments?post=1335"}],"version-history":[{"count":2,"href":"http:\/\/gyneobs.com\/site\/wp-json\/wp\/v2\/pages\/1335\/revisions"}],"predecessor-version":[{"id":1899,"href":"http:\/\/gyneobs.com\/site\/wp-json\/wp\/v2\/pages\/1335\/revisions\/1899"}],"up":[{"embeddable":true,"href":"http:\/\/gyneobs.com\/site\/wp-json\/wp\/v2\/pages\/20"}],"wp:attachment":[{"href":"http:\/\/gyneobs.com\/site\/wp-json\/wp\/v2\/media?parent=1335"}],"curies":[{"name":"wp","href":"https:\/\/api.w.org\/{rel}","templated":true}]}}