{"id":1320,"date":"2019-07-04T10:12:29","date_gmt":"2019-07-04T08:12:29","guid":{"rendered":"http:\/\/gyneobs.com\/site\/?page_id=1320"},"modified":"2019-07-06T19:37:01","modified_gmt":"2019-07-06T17:37:01","slug":"divers","status":"publish","type":"page","link":"http:\/\/gyneobs.com\/site\/articles\/divers\/","title":{"rendered":"DIVERS"},"content":{"rendered":"<p><div id=\"ccchildpages-1\" class=\"ccchildpages  simple ccclearfix\"><ul class=\"ccchildpages_list ccclearfix\"><li class=\"page_item page-item-449\"><a href=\"http:\/\/gyneobs.com\/site\/articles\/divers\/les-antalgiques\/\">Les antalgiques<\/a><\/li><\/ul><\/div><br \/>\n<div id=\"ccchildpages-2\" class=\"ccchildpages threecol simple ccclearfix\"><div class=\"ccchildpage  ccfirst ccodd ccpage-count-1 ccpage-id-449 ccpage-les-antalgiques ccpage-has-parent ccpage-pid-1320 ccpage-parent-divers\"><h3>Les antalgiques<\/h3><div class=\"ccpages_excerpt\">Les antalgiques sont les m\u00e9dicaments utilis\u00e9s dans la lutte contre la douleur. Ils sont class\u00e9s par l\u2019OMS en trois paliers de puissance croissante, \u00e0 adapter \u00e0 l\u2019intensit\u00e9 de la douleur. &nbsp; Palier I : Antalgiques p\u00e9riph\u00e9riques (pour les douleurs l\u00e9g\u00e8res \u00e0 moyennes) &nbsp; Palier II : Antalgiques centraux faibles (pour les douleurs moyennes \u00e0 intenses)...<\/div><p class=\"ccpages_more\"><a href=\"http:\/\/gyneobs.com\/site\/articles\/divers\/les-antalgiques\/\"  title=\"Plus ...\">Plus ...<\/a><\/p><\/div><\/div><\/p>\n","protected":false},"excerpt":{"rendered":"","protected":false},"author":1,"featured_media":0,"parent":854,"menu_order":8,"comment_status":"closed","ping_status":"closed","template":"","meta":{"_exactmetrics_skip_tracking":false,"_exactmetrics_sitenote_active":false,"_exactmetrics_sitenote_note":"","_exactmetrics_sitenote_category":0,"footnotes":""},"class_list":["post-1320","page","type-page","status-publish","hentry","post"],"_links":{"self":[{"href":"http:\/\/gyneobs.com\/site\/wp-json\/wp\/v2\/pages\/1320","targetHints":{"allow":["GET"]}}],"collection":[{"href":"http:\/\/gyneobs.com\/site\/wp-json\/wp\/v2\/pages"}],"about":[{"href":"http:\/\/gyneobs.com\/site\/wp-json\/wp\/v2\/types\/page"}],"author":[{"embeddable":true,"href":"http:\/\/gyneobs.com\/site\/wp-json\/wp\/v2\/users\/1"}],"replies":[{"embeddable":true,"href":"http:\/\/gyneobs.com\/site\/wp-json\/wp\/v2\/comments?post=1320"}],"version-history":[{"count":2,"href":"http:\/\/gyneobs.com\/site\/wp-json\/wp\/v2\/pages\/1320\/revisions"}],"predecessor-version":[{"id":1882,"href":"http:\/\/gyneobs.com\/site\/wp-json\/wp\/v2\/pages\/1320\/revisions\/1882"}],"up":[{"embeddable":true,"href":"http:\/\/gyneobs.com\/site\/wp-json\/wp\/v2\/pages\/854"}],"wp:attachment":[{"href":"http:\/\/gyneobs.com\/site\/wp-json\/wp\/v2\/media?parent=1320"}],"curies":[{"name":"wp","href":"https:\/\/api.w.org\/{rel}","templated":true}]}}