{"id":1317,"date":"2019-07-04T10:08:23","date_gmt":"2019-07-04T08:08:23","guid":{"rendered":"http:\/\/gyneobs.com\/site\/?page_id=1317"},"modified":"2019-07-06T19:33:38","modified_gmt":"2019-07-06T17:33:38","slug":"hormones-en-gynecologie","status":"publish","type":"page","link":"http:\/\/gyneobs.com\/site\/articles\/hormones-en-gynecologie\/","title":{"rendered":"HORMONES EN GYN\u00c9COLOGIE"},"content":{"rendered":"<p><div id=\"ccchildpages-1\" class=\"ccchildpages  simple ccclearfix\"><ul class=\"ccchildpages_list ccclearfix\"><li class=\"page_item page-item-45\"><a href=\"http:\/\/gyneobs.com\/site\/articles\/hormones-en-gynecologie\/lacne-chez-la-femme\/\">L\u2019acn\u00e9 chez la femme<\/a><\/li>\n<li class=\"page_item page-item-202\"><a href=\"http:\/\/gyneobs.com\/site\/articles\/hormones-en-gynecologie\/ovaires-micropolykystiques-en-gynecologie\/\">Ovaires micropolykystiques en gyn\u00e9cologie<\/a><\/li>\n<li class=\"page_item page-item-2603\"><a href=\"http:\/\/gyneobs.com\/site\/articles\/hormones-en-gynecologie\/les-hyperprolactinemies\/\">Les hyperprolactin\u00e9mies<\/a><\/li>\n<li class=\"page_item page-item-441\"><a href=\"http:\/\/gyneobs.com\/site\/articles\/hormones-en-gynecologie\/steroides-prenatals-et-orientation-sexuelle\/\">St\u00e9ro\u00efdes pr\u00e9natals et orientation sexuelle<\/a><\/li><\/ul><\/div><br \/>\n<div id=\"ccchildpages-2\" class=\"ccchildpages threecol simple ccclearfix\"><div class=\"ccchildpage  ccfirst ccodd ccpage-count-1 ccpage-id-45 ccpage-lacne-chez-la-femme ccpage-has-parent ccpage-pid-1317 ccpage-parent-hormones-en-gynecologie\"><h3>L\u2019acn\u00e9 chez la femme<\/h3><div class=\"ccpages_excerpt\">D\u00e9finition L\u2019acn\u00e9 (du genre f\u00e9minin, sans e \u00e0 la fin) est une affection dermatologique extr\u00eamement fr\u00e9quente puisqu\u2019elle atteint plus de 80% des adolescents. Elle commence aux alentours de la pubert\u00e9, souvent elle en est m\u00eame le premier signe, car c\u2019est une affection hormono-d\u00e9pendante sous le contr\u00f4le des hormones m\u00e2les (androg\u00e8nes). Chez les sujets de sexe...<\/div><p class=\"ccpages_more\"><a href=\"http:\/\/gyneobs.com\/site\/articles\/hormones-en-gynecologie\/lacne-chez-la-femme\/\"  title=\"Plus ...\">Plus ...<\/a><\/p><\/div><div class=\"ccchildpage  cceven ccpage-count-2 ccpage-id-202 ccpage-ovaires-micropolykystiques-en-gynecologie ccpage-has-parent ccpage-pid-1317 ccpage-parent-hormones-en-gynecologie\"><h3>Ovaires micropolykystiques en gyn\u00e9cologie<\/h3><div class=\"ccpages_excerpt\">D\u00e9crit pour la premi\u00e8re fois en 1935 par Stein et Loeventhal, le syndrome dit aujourd\u2019hui des \u00ab&nbsp;ovaires&nbsp;polykystiques&nbsp;\u00bb ou PolyCystic Ovary Syndrome (PCOS) en anglais est une anomalie&nbsp; fr\u00e9quente,&nbsp; observable chez 5 \u00e0 10% des femmes,&nbsp; qui retentit sur bien des aspects de la sant\u00e9 f\u00e9minine en particulier dans le domaine de la reproduction, mais qui...<\/div><p class=\"ccpages_more\"><a href=\"http:\/\/gyneobs.com\/site\/articles\/hormones-en-gynecologie\/ovaires-micropolykystiques-en-gynecologie\/\"  title=\"Plus ...\">Plus ...<\/a><\/p><\/div><div class=\"ccchildpage  cclast ccodd ccpage-count-3 ccpage-id-2603 ccpage-les-hyperprolactinemies ccpage-has-parent ccpage-pid-1317 ccpage-parent-hormones-en-gynecologie\"><h3>Les hyperprolactin\u00e9mies<\/h3><div class=\"ccpages_excerpt\">Le r\u00f4le principal de la prolactine est d\u2019assurer la lactation chez la femme. La s\u00e9cr\u00e9tion de prolactine est sous le contr\u00f4le principal du tonus inhibiteur de la dopamine d\u2019origine hypothalamique. Toute interruption de ce tonus inhibiteur, qu\u2019elle soit fonctionnelle (m\u00e9dicaments) ou organique (l\u00e9sion de la r\u00e9gion hypothalamo-hypophysaire) peut provoquer une hyperprolactin\u00e9mie. L\u2019hyperprolatcin\u00e9mie entra\u00eene une diminution...<\/div><p class=\"ccpages_more\"><a href=\"http:\/\/gyneobs.com\/site\/articles\/hormones-en-gynecologie\/les-hyperprolactinemies\/\"  title=\"Plus ...\">Plus ...<\/a><\/p><\/div><div class=\"ccchildpage  ccfirst cceven ccpage-count-4 ccpage-id-441 ccpage-steroides-prenatals-et-orientation-sexuelle ccpage-has-parent ccpage-pid-1317 ccpage-parent-hormones-en-gynecologie\"><h3>St\u00e9ro\u00efdes pr\u00e9natals et orientation sexuelle<\/h3><div class=\"ccpages_excerpt\">Sous l'influence de th\u00e9ories psychanalytiques freudiennes et postfreudiennes, il est couramment admis que l'orientation h\u00e9t\u00e9ro- ou homosexuelle d'un individu est essentiellement, voire exclusivement, le r\u00e9sultat d'apprentissages et d'interactions sociales qui se d\u00e9roulent dans la petite enfance.&nbsp;Ces th\u00e9ories qui n\u2019ont rien de scientifique sont aujourd\u2019hui contredites par de nombreuses \u00e9tudes qui sugg\u00e8rent fortement, voire d\u00e9montrent, que...<\/div><p class=\"ccpages_more\"><a href=\"http:\/\/gyneobs.com\/site\/articles\/hormones-en-gynecologie\/steroides-prenatals-et-orientation-sexuelle\/\"  title=\"Plus ...\">Plus ...<\/a><\/p><\/div><\/div><\/p>\n","protected":false},"excerpt":{"rendered":"","protected":false},"author":1,"featured_media":0,"parent":854,"menu_order":2,"comment_status":"closed","ping_status":"closed","template":"","meta":{"_exactmetrics_skip_tracking":false,"_exactmetrics_sitenote_active":false,"_exactmetrics_sitenote_note":"","_exactmetrics_sitenote_category":0,"footnotes":""},"class_list":["post-1317","page","type-page","status-publish","hentry","post"],"_links":{"self":[{"href":"http:\/\/gyneobs.com\/site\/wp-json\/wp\/v2\/pages\/1317","targetHints":{"allow":["GET"]}}],"collection":[{"href":"http:\/\/gyneobs.com\/site\/wp-json\/wp\/v2\/pages"}],"about":[{"href":"http:\/\/gyneobs.com\/site\/wp-json\/wp\/v2\/types\/page"}],"author":[{"embeddable":true,"href":"http:\/\/gyneobs.com\/site\/wp-json\/wp\/v2\/users\/1"}],"replies":[{"embeddable":true,"href":"http:\/\/gyneobs.com\/site\/wp-json\/wp\/v2\/comments?post=1317"}],"version-history":[{"count":3,"href":"http:\/\/gyneobs.com\/site\/wp-json\/wp\/v2\/pages\/1317\/revisions"}],"predecessor-version":[{"id":1876,"href":"http:\/\/gyneobs.com\/site\/wp-json\/wp\/v2\/pages\/1317\/revisions\/1876"}],"up":[{"embeddable":true,"href":"http:\/\/gyneobs.com\/site\/wp-json\/wp\/v2\/pages\/854"}],"wp:attachment":[{"href":"http:\/\/gyneobs.com\/site\/wp-json\/wp\/v2\/media?parent=1317"}],"curies":[{"name":"wp","href":"https:\/\/api.w.org\/{rel}","templated":true}]}}