{"id":1311,"date":"2019-07-04T10:00:09","date_gmt":"2019-07-04T08:00:09","guid":{"rendered":"http:\/\/gyneobs.com\/site\/?page_id=1311"},"modified":"2019-07-06T19:36:42","modified_gmt":"2019-07-06T17:36:42","slug":"puberte-menopause","status":"publish","type":"page","link":"http:\/\/gyneobs.com\/site\/articles\/puberte-menopause\/","title":{"rendered":"PUBERT\u00c9\/M\u00c9NOPAUSE"},"content":{"rendered":"<p><div id=\"ccchildpages-1\" class=\"ccchildpages  simple ccclearfix\"><ul class=\"ccchildpages_list ccclearfix\"><li class=\"page_item page-item-378\"><a href=\"http:\/\/gyneobs.com\/site\/articles\/puberte-menopause\/la-puberte\/\">La pubert\u00e9<\/a><\/li>\n<li class=\"page_item page-item-386\"><a href=\"http:\/\/gyneobs.com\/site\/articles\/puberte-menopause\/impuberisme\/\">Impub\u00e9risme<\/a><\/li>\n<li class=\"page_item page-item-396\"><a href=\"http:\/\/gyneobs.com\/site\/articles\/puberte-menopause\/amenorrhee-primaire\/\">Am\u00e9norrh\u00e9e primaire<\/a><\/li>\n<li class=\"page_item page-item-404\"><a href=\"http:\/\/gyneobs.com\/site\/articles\/puberte-menopause\/linsuffisance-ovarienne-prematuree\/\">L\u2019insuffisance ovarienne pr\u00e9matur\u00e9e<\/a><\/li>\n<li class=\"page_item page-item-401\"><a href=\"http:\/\/gyneobs.com\/site\/articles\/puberte-menopause\/la-menopause\/\">La m\u00e9nopause<\/a><\/li><\/ul><\/div><br \/>\n<div id=\"ccchildpages-2\" class=\"ccchildpages threecol simple ccclearfix\"><div class=\"ccchildpage  ccfirst ccodd ccpage-count-1 ccpage-id-378 ccpage-la-puberte ccpage-has-parent ccpage-pid-1311 ccpage-parent-puberte-menopause\"><h3>La pubert\u00e9<\/h3><div class=\"ccpages_excerpt\">La pubert\u00e9 correspond \u00e0 l\u2019activation de la fonction hypothalamo-hypophyso- gonadique, aboutissant au d\u00e9veloppement complet des caract\u00e8res sexuels, \u00e0 l\u2019acquisition de la taille d\u00e9finitive, de la fonction de reproduction et de la fertilit\u00e9. Les diff\u00e9rents stades du d\u00e9veloppement pubertaire sont d\u00e9finis selon la classification de Tanner portant sur les caract\u00e8res sexuels secondaires: Chez la fille, la...<\/div><p class=\"ccpages_more\"><a href=\"http:\/\/gyneobs.com\/site\/articles\/puberte-menopause\/la-puberte\/\"  title=\"Plus ...\">Plus ...<\/a><\/p><\/div><div class=\"ccchildpage  cceven ccpage-count-2 ccpage-id-386 ccpage-impuberisme ccpage-has-parent ccpage-pid-1311 ccpage-parent-puberte-menopause\"><h3>Impub\u00e9risme<\/h3><div class=\"ccpages_excerpt\">Le retard pubertaire chez la fille se d\u00e9finit par l\u2019absence de d\u00e9veloppement des seins apr\u00e8s l\u2019\u00e2ge de 13 ans et\/ou l\u2019absence de survenue des menstruations apr\u00e8s l\u2019\u00e2ge de 16 ans ou 4 ans apr\u00e8s le d\u00e9but du d\u00e9veloppement mammaire. Il existe donc deux situations : l\u2019impub\u00e9risme (absence de d\u00e9veloppement des seins) et l\u2019am\u00e9norrh\u00e9e primaire (d\u00e9veloppement...<\/div><p class=\"ccpages_more\"><a href=\"http:\/\/gyneobs.com\/site\/articles\/puberte-menopause\/impuberisme\/\"  title=\"Plus ...\">Plus ...<\/a><\/p><\/div><div class=\"ccchildpage  cclast ccodd ccpage-count-3 ccpage-id-396 ccpage-amenorrhee-primaire ccpage-has-parent ccpage-pid-1311 ccpage-parent-puberte-menopause\"><h3>Am\u00e9norrh\u00e9e primaire<\/h3><div class=\"ccpages_excerpt\">Le retard pubertaire chez la fille se d\u00e9finit par l\u2019absence de d\u00e9veloppement des seins apr\u00e8s l\u2019\u00e2ge de 13 ans et\/ou l\u2019absence de survenue des menstruations apr\u00e8s l\u2019\u00e2ge de 16 ans ou 4 ans apr\u00e8s le d\u00e9but du d\u00e9veloppement mammaire. Il existe donc deux situations : l\u2019impub\u00e9risme (absence de d\u00e9veloppement des seins) et l\u2019am\u00e9norrh\u00e9e primaire (d\u00e9veloppement...<\/div><p class=\"ccpages_more\"><a href=\"http:\/\/gyneobs.com\/site\/articles\/puberte-menopause\/amenorrhee-primaire\/\"  title=\"Plus ...\">Plus ...<\/a><\/p><\/div><div class=\"ccchildpage  ccfirst cceven ccpage-count-4 ccpage-id-404 ccpage-linsuffisance-ovarienne-prematuree ccpage-has-parent ccpage-pid-1311 ccpage-parent-puberte-menopause\"><h3>L\u2019insuffisance ovarienne pr\u00e9matur\u00e9e<\/h3><div class=\"ccpages_excerpt\">L\u2019insuffisance ovarienne pr\u00e9matur\u00e9e se d\u00e9finit par une am\u00e9norrh\u00e9e de plus de quatre mois survenant avant l\u2019\u00e2ge de 40 ans, avec un taux \u00e9lev\u00e9 de FSH sup\u00e9rieure \u00e0 25 UI UI sur au moins deux pr\u00e9l\u00e8vements distincts faits \u00e0 quelques semaines d\u2019intervalle.&nbsp; Signes cliniques Cette insuffisance ovarienne induit une carence en eostrog\u00e8nes donnant des sympt\u00f4mes comparables...<\/div><p class=\"ccpages_more\"><a href=\"http:\/\/gyneobs.com\/site\/articles\/puberte-menopause\/linsuffisance-ovarienne-prematuree\/\"  title=\"Plus ...\">Plus ...<\/a><\/p><\/div><div class=\"ccchildpage  ccodd ccpage-count-5 ccpage-id-401 ccpage-la-menopause ccpage-has-parent ccpage-pid-1311 ccpage-parent-puberte-menopause\"><h3>La m\u00e9nopause<\/h3><div class=\"ccpages_excerpt\">Qu\u2019est-ce que la m\u00e9nopause? La m\u00e9nopause correspond \u00e0 l\u2019arr\u00eat du fonctionnement des ovaires. Cet arr\u00eat porte sur les deux fonctions des ovaires que sont la production d\u2019ovocytes (rendant la grossesse impossible d\u00e9finitivement), et la production des hormones: estrog\u00e8nes et progest\u00e9rone. Elle se produit entre 45 et 55 ans. Avant 40 ans on parle de m\u00e9nopause...<\/div><p class=\"ccpages_more\"><a href=\"http:\/\/gyneobs.com\/site\/articles\/puberte-menopause\/la-menopause\/\"  title=\"Plus ...\">Plus ...<\/a><\/p><\/div><\/div><\/p>\n","protected":false},"excerpt":{"rendered":"","protected":false},"author":1,"featured_media":0,"parent":854,"menu_order":7,"comment_status":"closed","ping_status":"closed","template":"","meta":{"_exactmetrics_skip_tracking":false,"_exactmetrics_sitenote_active":false,"_exactmetrics_sitenote_note":"","_exactmetrics_sitenote_category":0,"footnotes":""},"class_list":["post-1311","page","type-page","status-publish","hentry","post"],"_links":{"self":[{"href":"http:\/\/gyneobs.com\/site\/wp-json\/wp\/v2\/pages\/1311","targetHints":{"allow":["GET"]}}],"collection":[{"href":"http:\/\/gyneobs.com\/site\/wp-json\/wp\/v2\/pages"}],"about":[{"href":"http:\/\/gyneobs.com\/site\/wp-json\/wp\/v2\/types\/page"}],"author":[{"embeddable":true,"href":"http:\/\/gyneobs.com\/site\/wp-json\/wp\/v2\/users\/1"}],"replies":[{"embeddable":true,"href":"http:\/\/gyneobs.com\/site\/wp-json\/wp\/v2\/comments?post=1311"}],"version-history":[{"count":3,"href":"http:\/\/gyneobs.com\/site\/wp-json\/wp\/v2\/pages\/1311\/revisions"}],"predecessor-version":[{"id":1881,"href":"http:\/\/gyneobs.com\/site\/wp-json\/wp\/v2\/pages\/1311\/revisions\/1881"}],"up":[{"embeddable":true,"href":"http:\/\/gyneobs.com\/site\/wp-json\/wp\/v2\/pages\/854"}],"wp:attachment":[{"href":"http:\/\/gyneobs.com\/site\/wp-json\/wp\/v2\/media?parent=1311"}],"curies":[{"name":"wp","href":"https:\/\/api.w.org\/{rel}","templated":true}]}}