{"id":1305,"date":"2019-07-04T09:55:35","date_gmt":"2019-07-04T07:55:35","guid":{"rendered":"http:\/\/gyneobs.com\/site\/?page_id=1305"},"modified":"2019-07-06T19:34:55","modified_gmt":"2019-07-06T17:34:55","slug":"uterus","status":"publish","type":"page","link":"http:\/\/gyneobs.com\/site\/articles\/uterus\/","title":{"rendered":"UT\u00c9RUS"},"content":{"rendered":"<p><div id=\"ccchildpages-1\" class=\"ccchildpages  simple ccclearfix\"><ul class=\"ccchildpages_list ccclearfix\"><li class=\"page_item page-item-420\"><a href=\"http:\/\/gyneobs.com\/site\/articles\/uterus\/les-regles-douloureuses\/\">Les r\u00e8gles douloureuses<\/a><\/li>\n<li class=\"page_item page-item-341\"><a href=\"http:\/\/gyneobs.com\/site\/articles\/uterus\/lhysteroscopie-diagnostique-en-consultation\/\">l\u2019hyst\u00e9roscopie diagnostique en consultation<\/a><\/li>\n<li class=\"page_item page-item-364\"><a href=\"http:\/\/gyneobs.com\/site\/articles\/uterus\/hemorragies-genitales-non-gravidiques\/\">H\u00e9morragies g\u00e9nitales non gravidiques<\/a><\/li>\n<li class=\"page_item page-item-370\"><a href=\"http:\/\/gyneobs.com\/site\/articles\/uterus\/les-fibromes-uterins\/\">Les fibromes ut\u00e9rins<\/a><\/li>\n<li class=\"page_item page-item-1427\"><a href=\"http:\/\/gyneobs.com\/site\/articles\/uterus\/lendometriose\/\">L&rsquo;endom\u00e9triose<\/a><\/li>\n<li class=\"page_item page-item-423\"><a href=\"http:\/\/gyneobs.com\/site\/articles\/uterus\/classification-des-malformations-uterines\/\">Classification des malformations ut\u00e9rines<\/a><\/li><\/ul><\/div><br \/>\n<div id=\"ccchildpages-2\" class=\"ccchildpages threecol simple ccclearfix\"><div class=\"ccchildpage  ccfirst ccodd ccpage-count-1 ccpage-id-420 ccpage-les-regles-douloureuses ccpage-has-parent ccpage-pid-1305 ccpage-parent-uterus\"><h3>Les r\u00e8gles douloureuses<\/h3><div class=\"ccpages_excerpt\">D\u00e9finitions Les r\u00e8gles&nbsp; douloureuses sont \u00e9galement appel\u00e9es algom\u00e9norrh\u00e9es ou dysm\u00e9norrh\u00e9es, le terme d\u2019algom\u00e9norrh\u00e9es \u00e9tant pr\u00e9f\u00e9rable car plus pr\u00e9cis. Ces douleurs, \u00e0 type de crampes spasmodiques&nbsp; abdomino-pelviennes ont la particularit\u00e9 d\u2019\u00eatre cycliques c\u2019est-\u00e0-dire survenant au moment des r\u00e8gles voire juste avant leur d\u00e9but et durant le plus souvent un jour ou deux. Parfois, elles apparaissent&nbsp; jusqu\u2019apr\u00e8s...<\/div><p class=\"ccpages_more\"><a href=\"http:\/\/gyneobs.com\/site\/articles\/uterus\/les-regles-douloureuses\/\"  title=\"Plus ...\">Plus ...<\/a><\/p><\/div><div class=\"ccchildpage  cceven ccpage-count-2 ccpage-id-341 ccpage-lhysteroscopie-diagnostique-en-consultation ccpage-has-parent ccpage-pid-1305 ccpage-parent-uterus\"><h3>l\u2019hyst\u00e9roscopie diagnostique en consultation<\/h3><div class=\"ccpages_excerpt\">L\u2019hyst\u00e9roscopie diagnostique consiste \u00e0 visualiser l\u2019int\u00e9rieur de la cavit\u00e9 ut\u00e9rine \u00e0 l\u2019aide d\u2019une optique tr\u00e8s fine. Cet examen se fait normalement sans anesth\u00e9sie car il est pratiquement indolore et peut \u00eatre fait en consultation au cabinet du gyn\u00e9cologue. Dans quelles situations l\u2019hyst\u00e9roscopie diagnostique est-elle utile\u00a0? L\u2019hyst\u00e9roscopie est particuli\u00e8rement&nbsp; indiqu\u00e9e pour \u00e9lucider de nombreux probl\u00e8mes gyn\u00e9cologiques....<\/div><p class=\"ccpages_more\"><a href=\"http:\/\/gyneobs.com\/site\/articles\/uterus\/lhysteroscopie-diagnostique-en-consultation\/\"  title=\"Plus ...\">Plus ...<\/a><\/p><\/div><div class=\"ccchildpage  cclast ccodd ccpage-count-3 ccpage-id-364 ccpage-hemorragies-genitales-non-gravidiques ccpage-has-parent ccpage-pid-1305 ccpage-parent-uterus\"><h3>H\u00e9morragies g\u00e9nitales non gravidiques<\/h3><div class=\"ccpages_excerpt\">Quelques d\u00e9finitions Il faut d\u2019embl\u00e9e distinguer&nbsp;: -Les h\u00e9morragies de la grossesse, en particulier du 1er trimestre&nbsp;: voir le chapitre: \u00absaignements du premier trimestre\u00bb -Les h\u00e9morragies post m\u00e9nopausiques -Les h\u00e9morragies en dehors de la grossesse et de la m\u00e9nopause. Quelques d\u00e9finitions&nbsp;: -M\u00e9trorragies =&nbsp; \u00c9coulement sanguin des voies g\u00e9nitales f\u00e9minines, survenant en dehors des r\u00e8gles et respectant...<\/div><p class=\"ccpages_more\"><a href=\"http:\/\/gyneobs.com\/site\/articles\/uterus\/hemorragies-genitales-non-gravidiques\/\"  title=\"Plus ...\">Plus ...<\/a><\/p><\/div><div class=\"ccchildpage  ccfirst cceven ccpage-count-4 ccpage-id-370 ccpage-les-fibromes-uterins ccpage-has-parent ccpage-pid-1305 ccpage-parent-uterus\"><h3>Les fibromes ut\u00e9rins<\/h3><div class=\"ccpages_excerpt\">Les fibromes ut\u00e9rins sont des masses b\u00e9nignes se d\u00e9veloppant au niveau de la paroi de l\u2019ut\u00e9rus. Il peut survenir&nbsp; un ou plusieurs fibromes simultan\u00e9ment. La survenue de fibromes au cours de la vie est un \u00e9v\u00e9nement tr\u00e8s fr\u00e9quent qui affecte pr\u00e8s d'une femme sur deux apr\u00e8s 30 ans. Ils ne pr\u00e9sentent, dans la majorit\u00e9 des...<\/div><p class=\"ccpages_more\"><a href=\"http:\/\/gyneobs.com\/site\/articles\/uterus\/les-fibromes-uterins\/\"  title=\"Plus ...\">Plus ...<\/a><\/p><\/div><div class=\"ccchildpage  ccodd ccpage-count-5 ccpage-id-1427 ccpage-lendometriose ccpage-has-parent ccpage-pid-1305 ccpage-parent-uterus\"><h3>L&rsquo;endom\u00e9triose<\/h3><div class=\"ccpages_excerpt\">Qu\u2019est-ce que l\u2019endom\u00e9triose? L\u2019endom\u00e9triose est une maladie gyn\u00e9cologique fr\u00e9quente puisqu\u2019elle concerne 15% des femmes en \u00e2ge de procr\u00e9er et qu\u2019on la retrouve sur pr\u00e8s de 40% des pi\u00e8ces op\u00e9ratoires d\u2019hyst\u00e9rectomies. Elle se caract\u00e9rise par le d\u00e9veloppement, hors de la cavit\u00e9 ut\u00e9rine, de fragments de muqueuse ut\u00e9rine donc d\u2019endom\u00e8tre. Ces l\u00e9sions endom\u00e9triales pr\u00e9sentent les m\u00eames caraact\u00e9ristiques...<\/div><p class=\"ccpages_more\"><a href=\"http:\/\/gyneobs.com\/site\/articles\/uterus\/lendometriose\/\"  title=\"Plus ...\">Plus ...<\/a><\/p><\/div><div class=\"ccchildpage  cclast cceven ccpage-count-6 ccpage-id-423 ccpage-classification-des-malformations-uterines ccpage-has-parent ccpage-pid-1305 ccpage-parent-uterus\"><h3>Classification des malformations ut\u00e9rines<\/h3><div class=\"ccpages_excerpt\">La classification des malformations ut\u00e9rines a \u00e9t\u00e9 r\u00e9cemment simplifi\u00e9e de fa\u00e7on \u00e0 mieux correspondre aux possibilit\u00e9 th\u00e9rapeutiques. (Images: J.-M. Levaillant, H. Fernandez, P. Capmas). L'analyse de ces malformations est maintenant parfaitement possible en \u00e9chographie. Classe U0 = ut\u00e9rus normal: ClasseU1 = ut\u00e9rus dysmorphique: Classe U2 = ut\u00e9rus s\u00e9par\u00e9 o\u00f9 l\u2019\u00e9peron interne est sup\u00e9rieur \u00e0 50%...<\/div><p class=\"ccpages_more\"><a href=\"http:\/\/gyneobs.com\/site\/articles\/uterus\/classification-des-malformations-uterines\/\"  title=\"Plus ...\">Plus ...<\/a><\/p><\/div><\/div><\/p>\n","protected":false},"excerpt":{"rendered":"","protected":false},"author":1,"featured_media":0,"parent":854,"menu_order":3,"comment_status":"closed","ping_status":"closed","template":"","meta":{"_exactmetrics_skip_tracking":false,"_exactmetrics_sitenote_active":false,"_exactmetrics_sitenote_note":"","_exactmetrics_sitenote_category":0,"footnotes":""},"class_list":["post-1305","page","type-page","status-publish","hentry","post"],"_links":{"self":[{"href":"http:\/\/gyneobs.com\/site\/wp-json\/wp\/v2\/pages\/1305","targetHints":{"allow":["GET"]}}],"collection":[{"href":"http:\/\/gyneobs.com\/site\/wp-json\/wp\/v2\/pages"}],"about":[{"href":"http:\/\/gyneobs.com\/site\/wp-json\/wp\/v2\/types\/page"}],"author":[{"embeddable":true,"href":"http:\/\/gyneobs.com\/site\/wp-json\/wp\/v2\/users\/1"}],"replies":[{"embeddable":true,"href":"http:\/\/gyneobs.com\/site\/wp-json\/wp\/v2\/comments?post=1305"}],"version-history":[{"count":3,"href":"http:\/\/gyneobs.com\/site\/wp-json\/wp\/v2\/pages\/1305\/revisions"}],"predecessor-version":[{"id":1877,"href":"http:\/\/gyneobs.com\/site\/wp-json\/wp\/v2\/pages\/1305\/revisions\/1877"}],"up":[{"embeddable":true,"href":"http:\/\/gyneobs.com\/site\/wp-json\/wp\/v2\/pages\/854"}],"wp:attachment":[{"href":"http:\/\/gyneobs.com\/site\/wp-json\/wp\/v2\/media?parent=1305"}],"curies":[{"name":"wp","href":"https:\/\/api.w.org\/{rel}","templated":true}]}}