{"id":1303,"date":"2019-07-04T09:55:10","date_gmt":"2019-07-04T07:55:10","guid":{"rendered":"http:\/\/gyneobs.com\/site\/?page_id=1303"},"modified":"2019-07-06T19:35:55","modified_gmt":"2019-07-06T17:35:55","slug":"infections-gynecologiques","status":"publish","type":"page","link":"http:\/\/gyneobs.com\/site\/articles\/infections-gynecologiques\/","title":{"rendered":"INFECTIONS GYN\u00c9COLOGIQUES"},"content":{"rendered":"<p><div id=\"ccchildpages-1\" class=\"ccchildpages  simple ccclearfix\"><ul class=\"ccchildpages_list ccclearfix\"><li class=\"page_item page-item-314\"><a href=\"http:\/\/gyneobs.com\/site\/articles\/infections-gynecologiques\/les-infections-genitales-hautes\/\">Les infections g\u00e9nitales hautes<\/a><\/li>\n<li class=\"page_item page-item-2812\"><a href=\"http:\/\/gyneobs.com\/site\/articles\/infections-gynecologiques\/depistage-des-infections-sexuellement-transmissibles-mst-ou-ist\/\">D\u00e9pistage des Infections sexuellement transmissibles (MST ou IST)<\/a><\/li><\/ul><\/div><br \/>\n<div id=\"ccchildpages-2\" class=\"ccchildpages threecol simple ccclearfix\"><div class=\"ccchildpage  ccfirst ccodd ccpage-count-1 ccpage-id-314 ccpage-les-infections-genitales-hautes ccpage-has-parent ccpage-pid-1303 ccpage-parent-infections-gynecologiques\"><h3>Les infections g\u00e9nitales hautes<\/h3><div class=\"ccpages_excerpt\">Les infections g\u00e9nitales hautes sont dues&nbsp;\u00e0 la propagation de microbes&nbsp; par voie ascendante, c\u2019est-a-dire&nbsp;\u00e0 partir du vagin et du col atteignant ainsi la cavit\u00e9 ut\u00e9rine (l\u2019endom\u00e8tre= endom\u00e9trite), puis les trompes (=salpingite) et \u00e9ventuellement l\u2019ensemble de la sph\u00e8re pelvienne. Les probl\u00e8mes pos\u00e9s par ce type d\u2019infection sont&nbsp;: &nbsp; &nbsp; -la difficult\u00e9 du diagnostic&nbsp;; &nbsp; &nbsp; -le...<\/div><p class=\"ccpages_more\"><a href=\"http:\/\/gyneobs.com\/site\/articles\/infections-gynecologiques\/les-infections-genitales-hautes\/\"  title=\"Plus ...\">Plus ...<\/a><\/p><\/div><div class=\"ccchildpage  cceven ccpage-count-2 ccpage-id-2812 ccpage-depistage-des-infections-sexuellement-transmissibles-mst-ou-ist ccpage-has-parent ccpage-pid-1303 ccpage-parent-infections-gynecologiques\"><h3>D\u00e9pistage des Infections sexuellement transmissibles (MST ou IST)<\/h3><div class=\"ccpages_excerpt\"><\/div><p class=\"ccpages_more\"><a href=\"http:\/\/gyneobs.com\/site\/articles\/infections-gynecologiques\/depistage-des-infections-sexuellement-transmissibles-mst-ou-ist\/\"  title=\"Plus ...\">Plus ...<\/a><\/p><\/div><\/div><\/p>\n","protected":false},"excerpt":{"rendered":"","protected":false},"author":1,"featured_media":0,"parent":854,"menu_order":6,"comment_status":"closed","ping_status":"closed","template":"","meta":{"_exactmetrics_skip_tracking":false,"_exactmetrics_sitenote_active":false,"_exactmetrics_sitenote_note":"","_exactmetrics_sitenote_category":0,"footnotes":""},"class_list":["post-1303","page","type-page","status-publish","hentry","post"],"_links":{"self":[{"href":"http:\/\/gyneobs.com\/site\/wp-json\/wp\/v2\/pages\/1303","targetHints":{"allow":["GET"]}}],"collection":[{"href":"http:\/\/gyneobs.com\/site\/wp-json\/wp\/v2\/pages"}],"about":[{"href":"http:\/\/gyneobs.com\/site\/wp-json\/wp\/v2\/types\/page"}],"author":[{"embeddable":true,"href":"http:\/\/gyneobs.com\/site\/wp-json\/wp\/v2\/users\/1"}],"replies":[{"embeddable":true,"href":"http:\/\/gyneobs.com\/site\/wp-json\/wp\/v2\/comments?post=1303"}],"version-history":[{"count":3,"href":"http:\/\/gyneobs.com\/site\/wp-json\/wp\/v2\/pages\/1303\/revisions"}],"predecessor-version":[{"id":1880,"href":"http:\/\/gyneobs.com\/site\/wp-json\/wp\/v2\/pages\/1303\/revisions\/1880"}],"up":[{"embeddable":true,"href":"http:\/\/gyneobs.com\/site\/wp-json\/wp\/v2\/pages\/854"}],"wp:attachment":[{"href":"http:\/\/gyneobs.com\/site\/wp-json\/wp\/v2\/media?parent=1303"}],"curies":[{"name":"wp","href":"https:\/\/api.w.org\/{rel}","templated":true}]}}