{"id":1297,"date":"2019-07-04T09:53:00","date_gmt":"2019-07-04T07:53:00","guid":{"rendered":"http:\/\/gyneobs.com\/site\/?page_id=1297"},"modified":"2019-07-06T19:35:18","modified_gmt":"2019-07-06T17:35:18","slug":"col-de-luterus","status":"publish","type":"page","link":"http:\/\/gyneobs.com\/site\/articles\/col-de-luterus\/","title":{"rendered":"COL DE L&rsquo;UT\u00c9RUS"},"content":{"rendered":"<p><div id=\"ccchildpages-1\" class=\"ccchildpages  simple ccclearfix\"><ul class=\"ccchildpages_list ccclearfix\"><li class=\"page_item page-item-233\"><a href=\"http:\/\/gyneobs.com\/site\/articles\/col-de-luterus\/le-frottis-du-col-uterin\/\">Le frottis du col ut\u00e9rin<\/a><\/li>\n<li class=\"page_item page-item-273\"><a href=\"http:\/\/gyneobs.com\/site\/articles\/col-de-luterus\/la-colposcopie\/\">La Colposcopie<\/a><\/li>\n<li class=\"page_item page-item-241\"><a href=\"http:\/\/gyneobs.com\/site\/articles\/col-de-luterus\/zoom-sur-les-papillomavirus-hpv\/\">Zoom sur les papillomavirus (HPV)<\/a><\/li><\/ul><\/div><br \/>\n<div id=\"ccchildpages-2\" class=\"ccchildpages threecol simple ccclearfix\"><div class=\"ccchildpage  ccfirst ccodd ccpage-count-1 ccpage-id-233 ccpage-le-frottis-du-col-uterin ccpage-has-parent ccpage-pid-1297 ccpage-parent-col-de-luterus\"><h3>Le frottis du col ut\u00e9rin<\/h3><div class=\"ccpages_excerpt\">MadameVous tenez \u00e0 \u00eatre suivie correctement et votre gyn\u00e9cologue&nbsp; vient de vous faire, ou vous a propos\u00e9, un frottis. Le frottis du col ut\u00e9rin a pour objectif de d\u00e9pister des anomalies cellulaires qui sont susceptibles d\u2019\u00e9voluer ult\u00e9rieurement vers un cancer du col. Ces anomalies cellulaires sont dues \u00e0 des infections par des virus oncog\u00e8nes de...<\/div><p class=\"ccpages_more\"><a href=\"http:\/\/gyneobs.com\/site\/articles\/col-de-luterus\/le-frottis-du-col-uterin\/\"  title=\"Plus ...\">Plus ...<\/a><\/p><\/div><div class=\"ccchildpage  cceven ccpage-count-2 ccpage-id-273 ccpage-la-colposcopie ccpage-has-parent ccpage-pid-1297 ccpage-parent-col-de-luterus\"><h3>La Colposcopie<\/h3><div class=\"ccpages_excerpt\">NB: les photos de ce chapitre sont tir\u00e9es de l\u2019excellent ouvrage du docteur Ren\u00e9 Cartier \u00abColposcopie pratique\u00bb, S. Karger, 1977. Principe de la colposcopie La colposcopie est un examen qui consiste \u00e0 regarder le col de l\u2019ut\u00e9rus. Gr\u00e2ce \u00e0 des colorants et une observation \u00e0 l\u2019aide d\u2019un appareil grossissant appel\u00e9 colposcope.&nbsp; Il est possible de...<\/div><p class=\"ccpages_more\"><a href=\"http:\/\/gyneobs.com\/site\/articles\/col-de-luterus\/la-colposcopie\/\"  title=\"Plus ...\">Plus ...<\/a><\/p><\/div><div class=\"ccchildpage  cclast ccodd ccpage-count-3 ccpage-id-241 ccpage-zoom-sur-les-papillomavirus-hpv ccpage-has-parent ccpage-pid-1297 ccpage-parent-col-de-luterus\"><h3>Zoom sur les papillomavirus (HPV)<\/h3><div class=\"ccpages_excerpt\">Les papillomavirus humains constituent un groupe de virus appartenant \u00e0 la famille des Papillomaviridae. Ils sont responsables de prolif\u00e9rations cutan\u00e9o-muqueuses le plus souvent b\u00e9nignes mais parfois \u00e0 potentiel malin. Ils constituent une famille nombreuse puisque pr\u00e8s de 200 types viraux ont \u00e9t\u00e9 identifi\u00e9s \u00e0 ce jour dans l\u2019esp\u00e8ce humaine et que l'on peut classer en...<\/div><p class=\"ccpages_more\"><a href=\"http:\/\/gyneobs.com\/site\/articles\/col-de-luterus\/zoom-sur-les-papillomavirus-hpv\/\"  title=\"Plus ...\">Plus ...<\/a><\/p><\/div><\/div><\/p>\n","protected":false},"excerpt":{"rendered":"","protected":false},"author":1,"featured_media":0,"parent":854,"menu_order":4,"comment_status":"closed","ping_status":"closed","template":"","meta":{"_exactmetrics_skip_tracking":false,"_exactmetrics_sitenote_active":false,"_exactmetrics_sitenote_note":"","_exactmetrics_sitenote_category":0,"footnotes":""},"class_list":["post-1297","page","type-page","status-publish","hentry","post"],"_links":{"self":[{"href":"http:\/\/gyneobs.com\/site\/wp-json\/wp\/v2\/pages\/1297","targetHints":{"allow":["GET"]}}],"collection":[{"href":"http:\/\/gyneobs.com\/site\/wp-json\/wp\/v2\/pages"}],"about":[{"href":"http:\/\/gyneobs.com\/site\/wp-json\/wp\/v2\/types\/page"}],"author":[{"embeddable":true,"href":"http:\/\/gyneobs.com\/site\/wp-json\/wp\/v2\/users\/1"}],"replies":[{"embeddable":true,"href":"http:\/\/gyneobs.com\/site\/wp-json\/wp\/v2\/comments?post=1297"}],"version-history":[{"count":3,"href":"http:\/\/gyneobs.com\/site\/wp-json\/wp\/v2\/pages\/1297\/revisions"}],"predecessor-version":[{"id":1878,"href":"http:\/\/gyneobs.com\/site\/wp-json\/wp\/v2\/pages\/1297\/revisions\/1878"}],"up":[{"embeddable":true,"href":"http:\/\/gyneobs.com\/site\/wp-json\/wp\/v2\/pages\/854"}],"wp:attachment":[{"href":"http:\/\/gyneobs.com\/site\/wp-json\/wp\/v2\/media?parent=1297"}],"curies":[{"name":"wp","href":"https:\/\/api.w.org\/{rel}","templated":true}]}}