{"id":1227,"date":"2019-07-04T07:37:27","date_gmt":"2019-07-04T05:37:27","guid":{"rendered":"http:\/\/gyneobs.com\/site\/?page_id=1227"},"modified":"2019-07-06T19:39:42","modified_gmt":"2019-07-06T17:39:42","slug":"echographies-du-foetus-normal","status":"publish","type":"page","link":"http:\/\/gyneobs.com\/site\/obstetrique\/echographies-du-foetus-normal\/","title":{"rendered":"ECHOGRAPHIES DU FOETUS NORMAL"},"content":{"rendered":"<p><div id=\"ccchildpages-1\" class=\"ccchildpages  simple ccclearfix\"><ul class=\"ccchildpages_list ccclearfix\"><li class=\"page_item page-item-1393\"><a href=\"http:\/\/gyneobs.com\/site\/obstetrique\/echographies-du-foetus-normal\/echograhies-du-premier-trimestre\/\">Echograhies du premier trimestre<\/a><\/li>\n<li class=\"page_item page-item-1444\"><a href=\"http:\/\/gyneobs.com\/site\/obstetrique\/echographies-du-foetus-normal\/la-biometrie-foetale\/\">La biom\u00e9trie foetale<\/a><\/li>\n<li class=\"page_item page-item-1476\"><a href=\"http:\/\/gyneobs.com\/site\/obstetrique\/echographies-du-foetus-normal\/lextremite-cephalique-du-foetus\/\">L\u2019extr\u00eamit\u00e9 c\u00e9phalique du foetus<\/a><\/li>\n<li class=\"page_item page-item-1493\"><a href=\"http:\/\/gyneobs.com\/site\/obstetrique\/echographies-du-foetus-normal\/thorax-et-coeur-foetal\/\">Thorax et coeur foetal<\/a><\/li>\n<li class=\"page_item page-item-1503\"><a href=\"http:\/\/gyneobs.com\/site\/obstetrique\/echographies-du-foetus-normal\/abdomen\/\">Abdomen<\/a><\/li>\n<li class=\"page_item page-item-1510\"><a href=\"http:\/\/gyneobs.com\/site\/obstetrique\/echographies-du-foetus-normal\/le-rachis-foetal-normal\/\">Le rachis foetal normal<\/a><\/li>\n<li class=\"page_item page-item-1514\"><a href=\"http:\/\/gyneobs.com\/site\/obstetrique\/echographies-du-foetus-normal\/les-membres-foetaux\/\">Les membres foetaux<\/a><\/li>\n<li class=\"page_item page-item-1520\"><a href=\"http:\/\/gyneobs.com\/site\/obstetrique\/echographies-du-foetus-normal\/le-sexe-foetal\/\">Le sexe foetal<\/a><\/li>\n<li class=\"page_item page-item-1524\"><a href=\"http:\/\/gyneobs.com\/site\/obstetrique\/echographies-du-foetus-normal\/les-annexes-du-foetus-liquide-amniotique-placenta-cordon-ombilical\/\">Les annexes du foetus: liquide amniotique, placenta, cordon ombilical<\/a><\/li><\/ul><\/div><br \/>\n<div id=\"ccchildpages-2\" class=\"ccchildpages threecol simple ccclearfix\"><div class=\"ccchildpage  ccfirst ccodd ccpage-count-1 ccpage-id-1393 ccpage-echograhies-du-premier-trimestre ccpage-has-parent ccpage-pid-1227 ccpage-parent-echographies-du-foetus-normal\"><h3>Echograhies du premier trimestre<\/h3><div class=\"ccpages_excerpt\">L\u2019\u00e9chographie de datation &nbsp;&nbsp;Une premi\u00e8re \u00e9chographie est souhaitable, le plus t\u00f4t possible, id\u00e9alement vers la 8\u00e8me semaine d\u2019am\u00e9norrh\u00e9e. On peut la qualifier d\u2019\u00e9cho de datation, m\u00eame s\u2019il est encore possible de dater le d\u00e9but de grossesse lors de l\u2019\u00e9chographie de 12 semaines avec assez de pr\u00e9cision. Les int\u00e9r\u00eats de cette premi\u00e8re \u00e9chographie sont: &nbsp;&nbsp;&nbsp; 1-De...<\/div><p class=\"ccpages_more\"><a href=\"http:\/\/gyneobs.com\/site\/obstetrique\/echographies-du-foetus-normal\/echograhies-du-premier-trimestre\/\"  title=\"Plus ...\">Plus ...<\/a><\/p><\/div><div class=\"ccchildpage  cceven ccpage-count-2 ccpage-id-1444 ccpage-la-biometrie-foetale ccpage-has-parent ccpage-pid-1227 ccpage-parent-echographies-du-foetus-normal\"><h3>La biom\u00e9trie foetale<\/h3><div class=\"ccpages_excerpt\">La biom\u00e9trie foetale est la mesure des dimensions du foetus \u00e0 l\u2019aide de l\u2019\u00e9chographie. La biom\u00e9trie du premier trimestre \u00a0 Embryon \u00e0 5 semaines. L'embryon est entre les deux croix. La structure arrondie au-dessus de l'embryon est la v\u00e9sicule ombilicale ou vitelline Les mesures du foetus au premier trimestre sont tr\u00e8s importantes pour la d\u00e9termination...<\/div><p class=\"ccpages_more\"><a href=\"http:\/\/gyneobs.com\/site\/obstetrique\/echographies-du-foetus-normal\/la-biometrie-foetale\/\"  title=\"Plus ...\">Plus ...<\/a><\/p><\/div><div class=\"ccchildpage  cclast ccodd ccpage-count-3 ccpage-id-1476 ccpage-lextremite-cephalique-du-foetus ccpage-has-parent ccpage-pid-1227 ccpage-parent-echographies-du-foetus-normal\"><h3>L\u2019extr\u00eamit\u00e9 c\u00e9phalique du foetus<\/h3><div class=\"ccpages_excerpt\">Cr\u00e2ne et cerveau Le cr\u00e2ne a une forme ovo\u00efde, r\u00e9guli\u00e8re et convexe. Toute zone lin\u00e9aire ou concave est \u00e0 priori suspecte. Il ne doit pas y avoir de d\u00e9fect. l\u2019\u00e9paisseur de la peau et du tissu sous cutan\u00e9 atteint \u00e0 terme 2 \u00e0 3mm et ne doit pas d\u00e9passer 6mm.&nbsp; La forme g\u00e9n\u00e9rale&nbsp; est sujette...<\/div><p class=\"ccpages_more\"><a href=\"http:\/\/gyneobs.com\/site\/obstetrique\/echographies-du-foetus-normal\/lextremite-cephalique-du-foetus\/\"  title=\"Plus ...\">Plus ...<\/a><\/p><\/div><div class=\"ccchildpage  ccfirst cceven ccpage-count-4 ccpage-id-1493 ccpage-thorax-et-coeur-foetal ccpage-has-parent ccpage-pid-1227 ccpage-parent-echographies-du-foetus-normal\"><h3>Thorax et coeur foetal<\/h3><div class=\"ccpages_excerpt\">Etude du coeur A-But Les malformations cardiaques sont les plus fr\u00e9quentes des malformatins cong\u00e9nitales (0,8% des nouveau-n\u00e9s). L\u2019\u00e9chographie n\u2019en d\u00e9piste qu\u2019environ la moiti\u00e9. Il ne s\u2019agit donc pas de tout voir, certaines anomalies \u00e9tant non visibles ou mineures, mais: &nbsp; &nbsp; -d\u2019affirmer la \u00abnormalit\u00e9\u00bb du coeur, ce qui semble possible dans 95% des cas; &nbsp;...<\/div><p class=\"ccpages_more\"><a href=\"http:\/\/gyneobs.com\/site\/obstetrique\/echographies-du-foetus-normal\/thorax-et-coeur-foetal\/\"  title=\"Plus ...\">Plus ...<\/a><\/p><\/div><div class=\"ccchildpage  ccodd ccpage-count-5 ccpage-id-1503 ccpage-abdomen ccpage-has-parent ccpage-pid-1227 ccpage-parent-echographies-du-foetus-normal\"><h3>Abdomen<\/h3><div class=\"ccpages_excerpt\">La paroi abdominale La paroi abdominale ant\u00e9rieure est \u00e9tudi\u00e9e en coupe transversale et\/ou sagittale, l\u2019examen \u00e9tant toujours centr\u00e9 sur le rep\u00e8re de l\u2019orifice ombilical. L\u2019\u00e9paisseur de la paroi se mesure au niveau du foie, elle d\u00e9pend de l\u2019\u00e2ge et de l\u2019adiposit\u00e9, elle est de l\u2019ordre de 6-8&nbsp;mm \u00e0 terme. Pour le d\u00e9pistage des d\u00e9fauts de...<\/div><p class=\"ccpages_more\"><a href=\"http:\/\/gyneobs.com\/site\/obstetrique\/echographies-du-foetus-normal\/abdomen\/\"  title=\"Plus ...\">Plus ...<\/a><\/p><\/div><div class=\"ccchildpage  cclast cceven ccpage-count-6 ccpage-id-1510 ccpage-le-rachis-foetal-normal ccpage-has-parent ccpage-pid-1227 ccpage-parent-echographies-du-foetus-normal\"><h3>Le rachis foetal normal<\/h3><div class=\"ccpages_excerpt\">Par la gravit\u00e9 de son pronostic, et les implications m\u00e9dico-l\u00e9gales d\u2019une erreur de diagnostic, le spina-bifida est la pr\u00e9occupation majeure de tout \u00e9chographiste lors de l\u2019examen du rachis foetal. Dans de bonnes conditions, avec un dos f\u0153tal ant\u00e9rieur, un balayage sagittal permet de lever le doute en quelques secondes d\u2019examen. Dans les autres cas, il...<\/div><p class=\"ccpages_more\"><a href=\"http:\/\/gyneobs.com\/site\/obstetrique\/echographies-du-foetus-normal\/le-rachis-foetal-normal\/\"  title=\"Plus ...\">Plus ...<\/a><\/p><\/div><div class=\"ccchildpage  ccfirst ccodd ccpage-count-7 ccpage-id-1514 ccpage-les-membres-foetaux ccpage-has-parent ccpage-pid-1227 ccpage-parent-echographies-du-foetus-normal\"><h3>Les membres foetaux<\/h3><div class=\"ccpages_excerpt\">Ils doivent \u00eatre pr\u00e9sents et vus:&nbsp; &nbsp; &nbsp; -hum\u00e9rus +&nbsp;radius +&nbsp;cubitus pour les deux membres sup\u00e9rieurs&nbsp;; &nbsp; &nbsp; -f\u00e9mur +&nbsp;tibia +&nbsp;p\u00e9ron\u00e9 pour les deux membres inf\u00e9rieurs&nbsp;; &nbsp; &nbsp; -\u00e9valuation subjective des proportions et de la sym\u00e9trie&nbsp;; &nbsp; &nbsp; -pr\u00e9sence de deux mains et deux pieds&nbsp;avec une main ouverte (cinq doigts) et\/ou pouces en dehors; mais...<\/div><p class=\"ccpages_more\"><a href=\"http:\/\/gyneobs.com\/site\/obstetrique\/echographies-du-foetus-normal\/les-membres-foetaux\/\"  title=\"Plus ...\">Plus ...<\/a><\/p><\/div><div class=\"ccchildpage  cceven ccpage-count-8 ccpage-id-1520 ccpage-le-sexe-foetal ccpage-has-parent ccpage-pid-1227 ccpage-parent-echographies-du-foetus-normal\"><h3>Le sexe foetal<\/h3><div class=\"ccpages_excerpt\">La reconnaissance du sexe foetal est bien souvent la premi\u00e8re question pos\u00e9e \u00e0 l\u2019\u00e9chographiste. Il faut bien s\u00fbr y r\u00e9pondre lorsque cela est possible. Mais il faut attendre la question car toutes les femmes ne souhaitent pas conna\u00eetre le sexe \u00e0 l\u2019avance et il faut \u00e9viter les gaffes. Il est prudent d\u2019attendre le deuxi\u00e8me trimestre...<\/div><p class=\"ccpages_more\"><a href=\"http:\/\/gyneobs.com\/site\/obstetrique\/echographies-du-foetus-normal\/le-sexe-foetal\/\"  title=\"Plus ...\">Plus ...<\/a><\/p><\/div><div class=\"ccchildpage  cclast ccodd ccpage-count-9 ccpage-id-1524 ccpage-les-annexes-du-foetus-liquide-amniotique-placenta-cordon-ombilical ccpage-has-parent ccpage-pid-1227 ccpage-parent-echographies-du-foetus-normal\"><h3>Les annexes du foetus: liquide amniotique, placenta, cordon ombilical<\/h3><div class=\"ccpages_excerpt\">Le liquide amniotique Le liquide amniotique entoure le f\u0153tus pendant toute la vie intra-ut\u00e9rine. Il joue un r\u00f4le de protection essentiel en prot\u00e9geant le f\u0153tus contre les traumatismes externes par un r\u00f4le tampon et permet, en offrant un espace \u00e0 faible r\u00e9sistance et en maintenant l\u2019expansion de la cavit\u00e9 ut\u00e9rine, la mobilit\u00e9 f\u0153tale, indispensable au...<\/div><p class=\"ccpages_more\"><a href=\"http:\/\/gyneobs.com\/site\/obstetrique\/echographies-du-foetus-normal\/les-annexes-du-foetus-liquide-amniotique-placenta-cordon-ombilical\/\"  title=\"Plus ...\">Plus ...<\/a><\/p><\/div><\/div><\/p>\n","protected":false},"excerpt":{"rendered":"","protected":false},"author":1,"featured_media":0,"parent":864,"menu_order":4,"comment_status":"closed","ping_status":"closed","template":"","meta":{"_exactmetrics_skip_tracking":false,"_exactmetrics_sitenote_active":false,"_exactmetrics_sitenote_note":"","_exactmetrics_sitenote_category":0,"footnotes":""},"class_list":["post-1227","page","type-page","status-publish","hentry","post"],"_links":{"self":[{"href":"http:\/\/gyneobs.com\/site\/wp-json\/wp\/v2\/pages\/1227","targetHints":{"allow":["GET"]}}],"collection":[{"href":"http:\/\/gyneobs.com\/site\/wp-json\/wp\/v2\/pages"}],"about":[{"href":"http:\/\/gyneobs.com\/site\/wp-json\/wp\/v2\/types\/page"}],"author":[{"embeddable":true,"href":"http:\/\/gyneobs.com\/site\/wp-json\/wp\/v2\/users\/1"}],"replies":[{"embeddable":true,"href":"http:\/\/gyneobs.com\/site\/wp-json\/wp\/v2\/comments?post=1227"}],"version-history":[{"count":2,"href":"http:\/\/gyneobs.com\/site\/wp-json\/wp\/v2\/pages\/1227\/revisions"}],"predecessor-version":[{"id":1886,"href":"http:\/\/gyneobs.com\/site\/wp-json\/wp\/v2\/pages\/1227\/revisions\/1886"}],"up":[{"embeddable":true,"href":"http:\/\/gyneobs.com\/site\/wp-json\/wp\/v2\/pages\/864"}],"wp:attachment":[{"href":"http:\/\/gyneobs.com\/site\/wp-json\/wp\/v2\/media?parent=1227"}],"curies":[{"name":"wp","href":"https:\/\/api.w.org\/{rel}","templated":true}]}}